{"id":2,"date":"2024-10-07T13:45:10","date_gmt":"2024-10-07T11:45:10","guid":{"rendered":"http:\/\/agro-expert.eu\/?page_id=2"},"modified":"2025-10-20T10:28:16","modified_gmt":"2025-10-20T08:28:16","slug":"promocje","status":"publish","type":"page","link":"https:\/\/agro-expert.eu\/?page_id=2","title":{"rendered":"Promocje"},"content":{"rendered":"\n<div style=\"height:65px\" aria-hidden=\"true\" class=\"wp-block-spacer\"><\/div>\n\n\n\n<h2 class=\"wp-block-heading has-text-align-center\" style=\"font-size:26px\"><strong>Aktualna Promocja<\/strong><\/h2>\n\n\n\n<h2 class=\"wp-block-heading has-text-align-center\"><strong><strong>Promocje jesienne \u2013 ni\u017csze ceny do ko\u0144ca listopada!<\/strong><\/strong><\/h2>\n\n\n\n<p class=\"has-text-align-center\">Skorzystaj z wyj\u0105tkowej okazji i zam\u00f3w kukurydz\u0119 w <strong>promocyjnych cenach tylko do 30 listopada<\/strong>.<br>Nie przegap szansy na ta\u0144sze zakupy i najlepsze oferty w sezonie!<\/p>\n\n\n\n<p class=\"has-text-align-center\">\ud83d\udcde <strong>Po wi\u0119cej informacji <\/strong><a href=\"https:\/\/agro-expert.eu\/?page_id=82\" title=\"Kontakt\"><strong>zapraszamy do kontaktu<\/strong> <\/a>lub odwiedzenia<a href=\"https:\/\/agro-expert.eu\/?page_id=5\" title=\"Sklep  \ud83d\uded2\"> naszego sklepu.<\/a><\/p>\n\n\n<div class=\"wp-block-image is-style-default\">\n<figure class=\"aligncenter size-full\"><a href=\"https:\/\/drive.google.com\/file\/d\/1i1GUe9mV03lKwKAhQ9Uz3OA7fG1i_uqN\/view?usp=drive_link\"><img fetchpriority=\"high\" decoding=\"async\" width=\"598\" height=\"598\" src=\"https:\/\/agro-expert.eu\/wp-content\/uploads\/2025\/10\/Zrzut-ekranu-2025-10-20-o-10.13.18-edited.png\" alt=\"\" class=\"wp-image-1137\" srcset=\"https:\/\/agro-expert.eu\/wp-content\/uploads\/2025\/10\/Zrzut-ekranu-2025-10-20-o-10.13.18-edited.png 598w, https:\/\/agro-expert.eu\/wp-content\/uploads\/2025\/10\/Zrzut-ekranu-2025-10-20-o-10.13.18-edited-300x300.png 300w, https:\/\/agro-expert.eu\/wp-content\/uploads\/2025\/10\/Zrzut-ekranu-2025-10-20-o-10.13.18-edited-150x150.png 150w, https:\/\/agro-expert.eu\/wp-content\/uploads\/2025\/10\/Zrzut-ekranu-2025-10-20-o-10.13.18-edited-100x100.png 100w\" sizes=\"(max-width: 598px) 100vw, 598px\" \/><\/a><figcaption class=\"wp-element-caption\"><mark style=\"background-color:#89f840\" class=\"has-inline-color\"><a href=\"https:\/\/drive.google.com\/file\/d\/1i1GUe9mV03lKwKAhQ9Uz3OA7fG1i_uqN\/view?usp=drive_link\" title=\"\"><strong>POZNAJ NAJNOWSZY KATALOG 2026 <\/strong><\/a><\/mark><\/figcaption><\/figure>\n<\/div>\n\n\n<p><\/p>\n\n\n","protected":false},"excerpt":{"rendered":"<p>Aktualna Promocja Promocje jesienne \u2013 ni\u017csze ceny do ko\u0144ca listopada! Skorzystaj z wyj\u0105tkowej okazji i zam\u00f3w kukurydz\u0119 w promocyjnych cenach tylko do 30 listopada.Nie przegap szansy na ta\u0144sze zakupy i najlepsze oferty w sezonie! \ud83d\udcde Po wi\u0119cej informacji zapraszamy do kontaktu lub odwiedzenia naszego sklepu.<\/p>\n","protected":false},"author":1,"featured_media":0,"parent":0,"menu_order":0,"comment_status":"closed","ping_status":"closed","template":"","meta":{"om_disable_all_campaigns":false,"_monsterinsights_skip_tracking":false,"_monsterinsights_sitenote_active":false,"_monsterinsights_sitenote_note":"","_monsterinsights_sitenote_category":0,"_uf_show_specific_survey":0,"_uf_disable_surveys":false,"footnotes":""},"class_list":["post-2","page","type-page","status-publish"],"aioseo_notices":[],"jetpack_sharing_enabled":true,"_links":{"self":[{"href":"https:\/\/agro-expert.eu\/index.php?rest_route=\/wp\/v2\/pages\/2","targetHints":{"allow":["GET"]}}],"collection":[{"href":"https:\/\/agro-expert.eu\/index.php?rest_route=\/wp\/v2\/pages"}],"about":[{"href":"https:\/\/agro-expert.eu\/index.php?rest_route=\/wp\/v2\/types\/page"}],"author":[{"embeddable":true,"href":"https:\/\/agro-expert.eu\/index.php?rest_route=\/wp\/v2\/users\/1"}],"replies":[{"embeddable":true,"href":"https:\/\/agro-expert.eu\/index.php?rest_route=%2Fwp%2Fv2%2Fcomments&post=2"}],"version-history":[{"count":14,"href":"https:\/\/agro-expert.eu\/index.php?rest_route=\/wp\/v2\/pages\/2\/revisions"}],"predecessor-version":[{"id":1147,"href":"https:\/\/agro-expert.eu\/index.php?rest_route=\/wp\/v2\/pages\/2\/revisions\/1147"}],"wp:attachment":[{"href":"https:\/\/agro-expert.eu\/index.php?rest_route=%2Fwp%2Fv2%2Fmedia&parent=2"}],"curies":[{"name":"wp","href":"https:\/\/api.w.org\/{rel}","templated":true}]}}