{"id":413,"date":"2024-10-28T12:42:59","date_gmt":"2024-10-28T11:42:59","guid":{"rendered":"https:\/\/agro-expert.eu\/?page_id=413"},"modified":"2024-10-28T12:47:02","modified_gmt":"2024-10-28T11:47:02","slug":"od-rolnika-do-rolnika","status":"publish","type":"page","link":"https:\/\/agro-expert.eu\/?page_id=413","title":{"rendered":"Od rolnika do rolnika"},"content":{"rendered":"\n<p><em>Od rolnika dla rolnika \u2013 dla rolnictwa opartego na zasadach<\/em><\/p>\n\n\n\n<p class=\"has-text-align-center\">Odpowiedzialno\u015b\u0107 za jako\u015b\u0107 plon\u00f3w jest dla nas spraw\u0105 osobist\u0105. Dlatego w farmsaat przyj\u0119li\u015bmy zasad\u0119 jedno\u015bci: hodowla, doradztwo i sprzeda\u017c w jednych r\u0119kach. Nasza koncepcja #farmprinzip to nie tylko deklaracja, lecz fundament naszej codziennej pracy.<\/p>\n\n\n<div class=\"wp-block-image\">\n<figure class=\"aligncenter size-large is-resized\"><img fetchpriority=\"high\" decoding=\"async\" width=\"1024\" height=\"678\" src=\"https:\/\/agro-expert.eu\/wp-content\/uploads\/2024\/10\/Zrzut-ekranu-2024-10-24-o-18.48.29-1024x678.png\" alt=\"\" class=\"wp-image-142\" style=\"width:615px;height:auto\" srcset=\"https:\/\/agro-expert.eu\/wp-content\/uploads\/2024\/10\/Zrzut-ekranu-2024-10-24-o-18.48.29-1024x678.png 1024w, https:\/\/agro-expert.eu\/wp-content\/uploads\/2024\/10\/Zrzut-ekranu-2024-10-24-o-18.48.29-300x199.png 300w, https:\/\/agro-expert.eu\/wp-content\/uploads\/2024\/10\/Zrzut-ekranu-2024-10-24-o-18.48.29-768x509.png 768w, https:\/\/agro-expert.eu\/wp-content\/uploads\/2024\/10\/Zrzut-ekranu-2024-10-24-o-18.48.29-1536x1018.png 1536w, https:\/\/agro-expert.eu\/wp-content\/uploads\/2024\/10\/Zrzut-ekranu-2024-10-24-o-18.48.29-2048x1357.png 2048w, https:\/\/agro-expert.eu\/wp-content\/uploads\/2024\/10\/Zrzut-ekranu-2024-10-24-o-18.48.29-600x397.png 600w\" sizes=\"(max-width: 1024px) 100vw, 1024px\" \/><\/figure>\n<\/div>\n\n\n<div style=\"height:40px\" aria-hidden=\"true\" class=\"wp-block-spacer\"><\/div>\n\n\n\n<p>Wszystko, co robimy, opiera si\u0119 na naszych zasadach \u2013 od starannego wyboru odmian, przez dostosowane do indywidualnych potrzeb konsultacje przed siewem, a\u017c po bie\u017c\u0105c\u0105 wymian\u0119 do\u015bwiadcze\u0144 przez ca\u0142y okres wegetacji i po zbiorach. Z trosk\u0105 o przysz\u0142o\u015b\u0107 rolnictwa dzia\u0142amy z naszymi klientami w spos\u00f3b bezpo\u015bredni, konsekwentny i spersonalizowany.<\/p>\n\n\n\n<p>Tradycyjna hodowla na otwartym polu<\/p>\n\n\n\n<p>Jako jedni z nielicznych stosujemy wy\u0142\u0105cznie tradycyjne metody hodowli, bez wsparcia laboratori\u00f3w i bez modyfikacji genetycznych. Nasze odmiany rozwijamy w pe\u0142nej harmonii z natur\u0105, dok\u0142adnie tak, jak rolnicy robili to przez pokolenia.<\/p>\n\n\n<div class=\"wp-block-image\">\n<figure class=\"aligncenter size-large is-resized\"><img decoding=\"async\" width=\"1024\" height=\"681\" src=\"https:\/\/agro-expert.eu\/wp-content\/uploads\/2024\/10\/man-452904_1280-1024x681.jpg\" alt=\"\" class=\"wp-image-414\" style=\"width:600px;height:auto\" srcset=\"https:\/\/agro-expert.eu\/wp-content\/uploads\/2024\/10\/man-452904_1280-1024x681.jpg 1024w, https:\/\/agro-expert.eu\/wp-content\/uploads\/2024\/10\/man-452904_1280-300x199.jpg 300w, https:\/\/agro-expert.eu\/wp-content\/uploads\/2024\/10\/man-452904_1280-768x511.jpg 768w, https:\/\/agro-expert.eu\/wp-content\/uploads\/2024\/10\/man-452904_1280-600x399.jpg 600w, https:\/\/agro-expert.eu\/wp-content\/uploads\/2024\/10\/man-452904_1280.jpg 1280w\" sizes=\"(max-width: 1024px) 100vw, 1024px\" \/><\/figure>\n<\/div>\n\n\n<div style=\"height:41px\" aria-hidden=\"true\" class=\"wp-block-spacer\"><\/div>\n\n\n\n<p class=\"has-text-align-center\"><em>Dzielimy si\u0119 wiedz\u0105 \u2013 z pe\u0142nym zaufaniem<\/em><\/p>\n\n\n\n<p>Dzielimy si\u0119 nasz\u0105 wiedz\u0105 wy\u0142\u0105cznie z naszymi klientami. Bliski kontakt i otwarta wymiana informacji z rolnikami pozwalaj\u0105 nam uwzgl\u0119dnia\u0107 ich do\u015bwiadczenia oraz praktyczne wyniki w rozwoju nowych odmian, tworz\u0105c rozwi\u0105zania, kt\u00f3re sprawdzaj\u0105 si\u0119 w realiach codziennej pracy na polu.<\/p>\n","protected":false},"excerpt":{"rendered":"<p>Od rolnika dla rolnika \u2013 dla rolnictwa opartego na zasadach Odpowiedzialno\u015b\u0107 za jako\u015b\u0107 plon\u00f3w jest dla nas spraw\u0105 osobist\u0105. Dlatego w farmsaat przyj\u0119li\u015bmy zasad\u0119 jedno\u015bci: hodowla, doradztwo i sprzeda\u017c w jednych r\u0119kach. Nasza koncepcja #farmprinzip to nie tylko deklaracja, lecz fundament naszej codziennej pracy. Wszystko, co robimy, opiera si\u0119 na naszych zasadach \u2013 od starannego &#8230; <a title=\"Od rolnika do rolnika\" class=\"read-more\" href=\"https:\/\/agro-expert.eu\/?page_id=413\" aria-label=\"Read more about Od rolnika do rolnika\">Dowiedz si\u0119 wi\u0119cej<\/a><\/p>\n","protected":false},"author":1,"featured_media":0,"parent":0,"menu_order":0,"comment_status":"closed","ping_status":"closed","template":"","meta":{"om_disable_all_campaigns":false,"_monsterinsights_skip_tracking":false,"_monsterinsights_sitenote_active":false,"_monsterinsights_sitenote_note":"","_monsterinsights_sitenote_category":0,"_uf_show_specific_survey":0,"_uf_disable_surveys":false,"footnotes":""},"class_list":["post-413","page","type-page","status-publish"],"aioseo_notices":[],"jetpack_sharing_enabled":true,"_links":{"self":[{"href":"https:\/\/agro-expert.eu\/index.php?rest_route=\/wp\/v2\/pages\/413","targetHints":{"allow":["GET"]}}],"collection":[{"href":"https:\/\/agro-expert.eu\/index.php?rest_route=\/wp\/v2\/pages"}],"about":[{"href":"https:\/\/agro-expert.eu\/index.php?rest_route=\/wp\/v2\/types\/page"}],"author":[{"embeddable":true,"href":"https:\/\/agro-expert.eu\/index.php?rest_route=\/wp\/v2\/users\/1"}],"replies":[{"embeddable":true,"href":"https:\/\/agro-expert.eu\/index.php?rest_route=%2Fwp%2Fv2%2Fcomments&post=413"}],"version-history":[{"count":3,"href":"https:\/\/agro-expert.eu\/index.php?rest_route=\/wp\/v2\/pages\/413\/revisions"}],"predecessor-version":[{"id":418,"href":"https:\/\/agro-expert.eu\/index.php?rest_route=\/wp\/v2\/pages\/413\/revisions\/418"}],"wp:attachment":[{"href":"https:\/\/agro-expert.eu\/index.php?rest_route=%2Fwp%2Fv2%2Fmedia&parent=413"}],"curies":[{"name":"wp","href":"https:\/\/api.w.org\/{rel}","templated":true}]}}