{"id":77,"date":"2024-10-24T15:59:25","date_gmt":"2024-10-24T13:59:25","guid":{"rendered":"https:\/\/agro-expert.eu\/?page_id=77"},"modified":"2024-10-28T16:09:55","modified_gmt":"2024-10-28T15:09:55","slug":"o-firmie","status":"publish","type":"page","link":"https:\/\/agro-expert.eu\/?page_id=77","title":{"rendered":"O Firmie"},"content":{"rendered":"\n<div class=\"wp-block-media-text is-stacked-on-mobile\"><figure class=\"wp-block-media-text__media\"><img fetchpriority=\"high\" decoding=\"async\" width=\"819\" height=\"1024\" src=\"https:\/\/agro-expert.eu\/wp-content\/uploads\/2024\/10\/Grey-Green-Podcast-Carousel-Instagram-Post-6-819x1024.png\" alt=\"\" class=\"wp-image-308 size-full\" srcset=\"https:\/\/agro-expert.eu\/wp-content\/uploads\/2024\/10\/Grey-Green-Podcast-Carousel-Instagram-Post-6-819x1024.png 819w, https:\/\/agro-expert.eu\/wp-content\/uploads\/2024\/10\/Grey-Green-Podcast-Carousel-Instagram-Post-6-240x300.png 240w, https:\/\/agro-expert.eu\/wp-content\/uploads\/2024\/10\/Grey-Green-Podcast-Carousel-Instagram-Post-6-768x960.png 768w, https:\/\/agro-expert.eu\/wp-content\/uploads\/2024\/10\/Grey-Green-Podcast-Carousel-Instagram-Post-6-600x750.png 600w, https:\/\/agro-expert.eu\/wp-content\/uploads\/2024\/10\/Grey-Green-Podcast-Carousel-Instagram-Post-6.png 1080w\" sizes=\"(max-width: 819px) 100vw, 819px\" \/><\/figure><div class=\"wp-block-media-text__content\">\n<p class=\"has-text-align-center\" style=\"font-size:26px\"><strong>Kim Jeste\u015bmy?<\/strong><\/p>\n\n\n\n<p class=\"has-text-align-center\">Agro-Expert to firma zbudowana na solidnym fundamencie pasji <br>i wieloletniego do\u015bwiadczenia w bran\u017cy rolniczej. Nasza za\u0142o\u017cycielka, <strong>Ma\u0142gorzata Jasku\u0142a-Dzie\u0142akowska<\/strong> jest rolniczk\u0105 <br>z krwi i ko\u015bci, kt\u00f3rej drog\u0119 zawodow\u0105 wyznaczy\u0142y warto\u015bci <br>i inspiracje wyniesione z rodzinnego gospodarstwa oraz wiedza zdobyta w trakcie studi\u00f3w na kierunkach Agroturystyki i Agronomii. Dzi\u0119ki temu Agro-Expert oferuje co\u015b wi\u0119cej ni\u017c produkty \u2013 oferujemy pe\u0142ne zrozumienie potrzeb <br>i wyzwa\u0144, przed kt\u00f3rymi staj\u0105 polscy rolnicy.<\/p>\n<\/div><\/div>\n\n\n\n<div class=\"wp-block-media-text has-media-on-the-right is-stacked-on-mobile\"><div class=\"wp-block-media-text__content\">\n<p class=\"has-text-align-center\" style=\"font-size:26px\"><strong>W Agro-Expert wierzymy, \u017ce rolnictwo to nie tylko praca \u2013 to misja<\/strong><\/p>\n\n\n\n<p class=\"has-text-align-center\">Stale eksperymentujemy z nowymi odmianami nasion, biostymulatorami i nawozami, by zapewni\u0107 naszym klientom najlepsze rezultaty <br>w ich uprawach. Z przyjemno\u015bci\u0105 dzielimy si\u0119 wiedz\u0105 z zakresu agrotechniki i doradztwa, <br>a nasz zesp\u00f3\u0142 zapewnia pe\u0142ne wsparcie i kompleksowe rozwi\u0105zania dla gospodarstw rolnych, pomagaj\u0105c osi\u0105gn\u0105\u0107 jak najlepsze plony <br>i maksymalny zysk.<\/p>\n<\/div><figure class=\"wp-block-media-text__media\"><img decoding=\"async\" width=\"819\" height=\"1024\" src=\"https:\/\/agro-expert.eu\/wp-content\/uploads\/2024\/10\/Grey-Green-Podcast-Carousel-Instagram-Post-819x1024.png\" alt=\"\" class=\"wp-image-277 size-full\" srcset=\"https:\/\/agro-expert.eu\/wp-content\/uploads\/2024\/10\/Grey-Green-Podcast-Carousel-Instagram-Post-819x1024.png 819w, https:\/\/agro-expert.eu\/wp-content\/uploads\/2024\/10\/Grey-Green-Podcast-Carousel-Instagram-Post-240x300.png 240w, https:\/\/agro-expert.eu\/wp-content\/uploads\/2024\/10\/Grey-Green-Podcast-Carousel-Instagram-Post-768x960.png 768w, https:\/\/agro-expert.eu\/wp-content\/uploads\/2024\/10\/Grey-Green-Podcast-Carousel-Instagram-Post-600x750.png 600w, https:\/\/agro-expert.eu\/wp-content\/uploads\/2024\/10\/Grey-Green-Podcast-Carousel-Instagram-Post.png 1080w\" sizes=\"(max-width: 819px) 100vw, 819px\" \/><\/figure><\/div>\n\n\n\n<div class=\"wp-block-media-text is-stacked-on-mobile\"><figure class=\"wp-block-media-text__media\"><img decoding=\"async\" width=\"819\" height=\"1024\" src=\"https:\/\/agro-expert.eu\/wp-content\/uploads\/2024\/10\/Grey-Green-Podcast-Carousel-Instagram-Post-1-1-819x1024.png\" alt=\"\" class=\"wp-image-295 size-full\" srcset=\"https:\/\/agro-expert.eu\/wp-content\/uploads\/2024\/10\/Grey-Green-Podcast-Carousel-Instagram-Post-1-1-819x1024.png 819w, https:\/\/agro-expert.eu\/wp-content\/uploads\/2024\/10\/Grey-Green-Podcast-Carousel-Instagram-Post-1-1-240x300.png 240w, https:\/\/agro-expert.eu\/wp-content\/uploads\/2024\/10\/Grey-Green-Podcast-Carousel-Instagram-Post-1-1-768x960.png 768w, https:\/\/agro-expert.eu\/wp-content\/uploads\/2024\/10\/Grey-Green-Podcast-Carousel-Instagram-Post-1-1-600x750.png 600w, https:\/\/agro-expert.eu\/wp-content\/uploads\/2024\/10\/Grey-Green-Podcast-Carousel-Instagram-Post-1-1.png 1080w\" sizes=\"(max-width: 819px) 100vw, 819px\" \/><\/figure><div class=\"wp-block-media-text__content\">\n<p class=\"has-text-align-center\" style=\"font-size:26px\"><strong>Pasja, kt\u00f3ra Nap\u0119dza Rozw\u00f3j<\/strong><\/p>\n\n\n\n<p class=\"has-text-align-center\">Nasze motto to: <strong>\u201eOd rolnika dla rolnika\u201d,<\/strong> co idealnie oddaje nasze podej\u015bcie do pracy. Naszym celem jest wspieranie rolnik\u00f3w, dzielenie si\u0119 sprawdzonymi rozwi\u0105zaniami i proponowanie tylko tych produkt\u00f3w, kt\u00f3re przesz\u0142y pozytywnie testy na naszych w\u0142asnych polach.<\/p>\n<\/div><\/div>\n\n\n\n<div class=\"wp-block-media-text has-media-on-the-right is-stacked-on-mobile\"><div class=\"wp-block-media-text__content\">\n<p class=\"has-text-align-center\" style=\"font-size:26px\"><strong>Z kim wsp\u00f3\u0142pracujemy<\/strong><br><strong> i dlaczego?<\/strong><\/p>\n\n\n\n<p class=\"has-text-align-center\">Ju\u017c od 6 lat wsp\u00f3\u0142pracujemy z <a href=\"https:\/\/www.farmsaat.pl\/\">Farmsaat Polska<\/a>, renomowanym dostawc\u0105 odmian nasion, kt\u00f3re <br>na samym pocz\u0105tku sprawdzili\u015bmy w praktyce <br>na naszych polach. Dzi\u0119ki tej wsp\u00f3\u0142pracy nasi klienci zyskuj\u0105 dost\u0119p do nasion najwy\u017cszej jako\u015bci, kt\u00f3re zosta\u0142y wypr\u00f3bowane i kt\u00f3re ka\u017cdego roku potwierdzaj\u0105 swoj\u0105 efektywno\u015b\u0107.<\/p>\n\n\n\n<p class=\"has-text-align-center\">Dodatkowo, co roku organizujemy Dni Pola pod has\u0142em \u201eSpotkajmy si\u0119 na polu sukcesu\u201d, gdzie mo\u017cna zobaczy\u0107 nasze odmiany w akcji, uczestniczy\u0107 w koszeniu i wa\u017ceniu, a tak\u017ce wymienia\u0107 si\u0119 do\u015bwiadczeniami. Zak\u0142adamy poletka do\u015bwiadczalne u naszych rolnik\u00f3w, <br>by ka\u017cdy m\u00f3g\u0142 zobaczy\u0107, jak ro\u015blina rozwija si\u0119 na kolejnych etapach wegetacji.<\/p>\n\n\n\n<p class=\"has-text-align-center\">Innowacyjno\u015b\u0107: Opr\u00f3cz nasion kukurydzy, rozszerzyli\u015bmy nasz\u0105 ofert\u0119 o nasiona zb\u00f3\u017c i rzepaku, aby dostarcza\u0107 wszystko, czego potrzebuje nowoczesne gospodarstwo.<\/p>\n<\/div><figure class=\"wp-block-media-text__media\"><img loading=\"lazy\" decoding=\"async\" width=\"819\" height=\"1024\" src=\"https:\/\/agro-expert.eu\/wp-content\/uploads\/2024\/10\/Grey-Green-Podcast-Carousel-Instagram-Post-5-819x1024.png\" alt=\"\" class=\"wp-image-309 size-full\" srcset=\"https:\/\/agro-expert.eu\/wp-content\/uploads\/2024\/10\/Grey-Green-Podcast-Carousel-Instagram-Post-5-819x1024.png 819w, https:\/\/agro-expert.eu\/wp-content\/uploads\/2024\/10\/Grey-Green-Podcast-Carousel-Instagram-Post-5-240x300.png 240w, https:\/\/agro-expert.eu\/wp-content\/uploads\/2024\/10\/Grey-Green-Podcast-Carousel-Instagram-Post-5-768x960.png 768w, https:\/\/agro-expert.eu\/wp-content\/uploads\/2024\/10\/Grey-Green-Podcast-Carousel-Instagram-Post-5-600x750.png 600w, https:\/\/agro-expert.eu\/wp-content\/uploads\/2024\/10\/Grey-Green-Podcast-Carousel-Instagram-Post-5.png 1080w\" sizes=\"(max-width: 819px) 100vw, 819px\" \/><\/figure><\/div>\n\n\n\n<p class=\"has-text-align-center\"><\/p>\n\n\n\n<div class=\"wp-block-media-text is-stacked-on-mobile\"><figure class=\"wp-block-media-text__media\"><img loading=\"lazy\" decoding=\"async\" width=\"819\" height=\"1024\" src=\"https:\/\/agro-expert.eu\/wp-content\/uploads\/2024\/10\/Grey-Green-Podcast-Carousel-Instagram-Post-2-819x1024.png\" alt=\"\" class=\"wp-image-265 size-full\" srcset=\"https:\/\/agro-expert.eu\/wp-content\/uploads\/2024\/10\/Grey-Green-Podcast-Carousel-Instagram-Post-2-819x1024.png 819w, https:\/\/agro-expert.eu\/wp-content\/uploads\/2024\/10\/Grey-Green-Podcast-Carousel-Instagram-Post-2-240x300.png 240w, https:\/\/agro-expert.eu\/wp-content\/uploads\/2024\/10\/Grey-Green-Podcast-Carousel-Instagram-Post-2-768x960.png 768w, https:\/\/agro-expert.eu\/wp-content\/uploads\/2024\/10\/Grey-Green-Podcast-Carousel-Instagram-Post-2-600x750.png 600w, https:\/\/agro-expert.eu\/wp-content\/uploads\/2024\/10\/Grey-Green-Podcast-Carousel-Instagram-Post-2.png 1080w\" sizes=\"(max-width: 819px) 100vw, 819px\" \/><\/figure><div class=\"wp-block-media-text__content\">\n<p><\/p>\n\n\n\n<p class=\"has-text-align-center\" style=\"font-size:26px\"><strong>Dlaczego Agro-Expert?<\/strong><\/p>\n\n\n<div class=\"wp-block-image\">\n<figure class=\"aligncenter size-full is-resized\"><img loading=\"lazy\" decoding=\"async\" width=\"32\" height=\"32\" src=\"https:\/\/agro-expert.eu\/wp-content\/uploads\/2024\/10\/image-1.png\" alt=\"\" class=\"wp-image-255\" style=\"width:29px;height:auto\"\/><\/figure>\n<\/div>\n\n\n<div style=\"height:32px\" aria-hidden=\"true\" class=\"wp-block-spacer\"><\/div>\n\n\n\n<p class=\"has-text-align-center\">Dostarczamy sprawdzone produkty: Wszystkie nasze odmiany <br>i \u015brodki ochrony ro\u015blin przesz\u0142y nasze wewn\u0119trzne testy, aby\u015bmy mieli pewno\u015b\u0107, \u017ce sprostaj\u0105 oczekiwaniom klient\u00f3w.<\/p>\n\n\n\n<div style=\"height:32px\" aria-hidden=\"true\" class=\"wp-block-spacer\"><\/div>\n\n\n<div class=\"wp-block-image\">\n<figure class=\"aligncenter size-full\"><img loading=\"lazy\" decoding=\"async\" width=\"32\" height=\"32\" src=\"https:\/\/agro-expert.eu\/wp-content\/uploads\/2024\/10\/image-2.png\" alt=\"\" class=\"wp-image-256\"\/><\/figure>\n<\/div>\n\n\n<div style=\"height:32px\" aria-hidden=\"true\" class=\"wp-block-spacer\"><\/div>\n\n\n\n<p class=\"has-text-align-center\">Doradztwo od rolnika dla rolnika: Dzi\u0119ki praktycznej wiedzy<br> i do\u015bwiadczeniu dostarczamy rozwi\u0105zania dostosowane do indywidualnych potrzeb Twojego gospodarstwa.<\/p>\n\n\n\n<div style=\"height:32px\" aria-hidden=\"true\" class=\"wp-block-spacer\"><\/div>\n\n\n<div class=\"wp-block-image\">\n<figure class=\"aligncenter size-full\"><img loading=\"lazy\" decoding=\"async\" width=\"32\" height=\"32\" src=\"https:\/\/agro-expert.eu\/wp-content\/uploads\/2024\/10\/image-3.png\" alt=\"\" class=\"wp-image-257\"\/><\/figure>\n<\/div>\n\n\n<div style=\"height:32px\" aria-hidden=\"true\" class=\"wp-block-spacer\"><\/div>\n\n\n\n<p class=\"has-text-align-center\">Elastyczno\u015b\u0107 i wsparcie: Jeste\u015bmy gotowi na ka\u017cd\u0105 sytuacj\u0119 \u2013 nawet w nag\u0142ych przypadkach dowozimy nasiona bezpo\u015brednio na pole w obr\u0119bie wojew\u00f3dztwa mazowieckiego.<\/p>\n\n\n\n<p><\/p>\n<\/div><\/div>\n\n\n","protected":false},"excerpt":{"rendered":"<p>Kim Jeste\u015bmy? Agro-Expert to firma zbudowana na solidnym fundamencie pasji i wieloletniego do\u015bwiadczenia w bran\u017cy rolniczej. Nasza za\u0142o\u017cycielka, Ma\u0142gorzata Jasku\u0142a-Dzie\u0142akowska jest rolniczk\u0105 z krwi i ko\u015bci, kt\u00f3rej drog\u0119 zawodow\u0105 wyznaczy\u0142y warto\u015bci i inspiracje wyniesione z rodzinnego gospodarstwa oraz wiedza zdobyta w trakcie studi\u00f3w na kierunkach Agroturystyki i Agronomii. Dzi\u0119ki temu Agro-Expert oferuje co\u015b wi\u0119cej ni\u017c &#8230; <a title=\"O Firmie\" class=\"read-more\" href=\"https:\/\/agro-expert.eu\/?page_id=77\" aria-label=\"Read more about O Firmie\">Dowiedz si\u0119 wi\u0119cej<\/a><\/p>\n","protected":false},"author":1,"featured_media":0,"parent":0,"menu_order":0,"comment_status":"closed","ping_status":"closed","template":"","meta":{"om_disable_all_campaigns":false,"_monsterinsights_skip_tracking":false,"_monsterinsights_sitenote_active":false,"_monsterinsights_sitenote_note":"","_monsterinsights_sitenote_category":0,"_uf_show_specific_survey":0,"_uf_disable_surveys":false,"footnotes":""},"class_list":["post-77","page","type-page","status-publish"],"aioseo_notices":[],"jetpack_sharing_enabled":true,"_links":{"self":[{"href":"https:\/\/agro-expert.eu\/index.php?rest_route=\/wp\/v2\/pages\/77","targetHints":{"allow":["GET"]}}],"collection":[{"href":"https:\/\/agro-expert.eu\/index.php?rest_route=\/wp\/v2\/pages"}],"about":[{"href":"https:\/\/agro-expert.eu\/index.php?rest_route=\/wp\/v2\/types\/page"}],"author":[{"embeddable":true,"href":"https:\/\/agro-expert.eu\/index.php?rest_route=\/wp\/v2\/users\/1"}],"replies":[{"embeddable":true,"href":"https:\/\/agro-expert.eu\/index.php?rest_route=%2Fwp%2Fv2%2Fcomments&post=77"}],"version-history":[{"count":34,"href":"https:\/\/agro-expert.eu\/index.php?rest_route=\/wp\/v2\/pages\/77\/revisions"}],"predecessor-version":[{"id":445,"href":"https:\/\/agro-expert.eu\/index.php?rest_route=\/wp\/v2\/pages\/77\/revisions\/445"}],"wp:attachment":[{"href":"https:\/\/agro-expert.eu\/index.php?rest_route=%2Fwp%2Fv2%2Fmedia&parent=77"}],"curies":[{"name":"wp","href":"https:\/\/api.w.org\/{rel}","templated":true}]}}