{"id":82,"date":"2024-10-24T16:00:18","date_gmt":"2024-10-24T14:00:18","guid":{"rendered":"https:\/\/agro-expert.eu\/?page_id=82"},"modified":"2024-10-28T16:11:28","modified_gmt":"2024-10-28T15:11:28","slug":"kontakt","status":"publish","type":"page","link":"https:\/\/agro-expert.eu\/?page_id=82","title":{"rendered":"Kontakt"},"content":{"rendered":"\n<div class=\"wp-block-group alignfull is-content-justification-center\" style=\"margin-top:0;margin-bottom:0;padding-top:calc( 0.5 * var(--wp--style--root--padding-right, var(--wp--custom--gap--horizontal)));padding-right:var(--wp--style--root--padding-right, var(--wp--custom--gap--horizontal));padding-bottom:calc( 0.5 * var(--wp--style--root--padding-right, var(--wp--custom--gap--horizontal)));padding-left:var(--wp--style--root--padding-left, var(--wp--custom--gap--horizontal))\"><div class=\"wp-block-group__inner-container is-layout-constrained wp-container-core-group-is-layout-b073b61b wp-block-group-is-layout-constrained\">\n<div style=\"height:calc( 0.25 * var(--wp--style--root--padding-right, var(--wp--custom--gap--horizontal)))\" aria-hidden=\"true\" class=\"wp-block-spacer\"><\/div>\n\n\n\n<div class=\"wp-block-columns alignwide are-vertically-aligned-center is-layout-flex wp-container-core-columns-is-layout-6aa4370a wp-block-columns-is-layout-flex\">\n<div class=\"wp-block-column is-vertically-aligned-center is-layout-flow wp-block-column-is-layout-flow\"><div class=\"wp-block-image\">\n<figure class=\"alignright size-full is-resized\"><img fetchpriority=\"high\" decoding=\"async\" width=\"1280\" height=\"850\" src=\"https:\/\/agro-expert.eu\/wp-content\/uploads\/2024\/10\/agriculture-4472766_1280.jpg\" alt=\"\" class=\"wp-image-103\" style=\"aspect-ratio:1;object-fit:cover;width:583px;height:auto\" srcset=\"https:\/\/agro-expert.eu\/wp-content\/uploads\/2024\/10\/agriculture-4472766_1280.jpg 1280w, https:\/\/agro-expert.eu\/wp-content\/uploads\/2024\/10\/agriculture-4472766_1280-300x199.jpg 300w, https:\/\/agro-expert.eu\/wp-content\/uploads\/2024\/10\/agriculture-4472766_1280-1024x680.jpg 1024w, https:\/\/agro-expert.eu\/wp-content\/uploads\/2024\/10\/agriculture-4472766_1280-768x510.jpg 768w, https:\/\/agro-expert.eu\/wp-content\/uploads\/2024\/10\/agriculture-4472766_1280-600x398.jpg 600w\" sizes=\"(max-width: 1280px) 100vw, 1280px\" \/><\/figure>\n<\/div><\/div>\n\n\n\n<div class=\"wp-block-column is-vertically-aligned-center is-layout-flow wp-block-column-is-layout-flow\">\n<h2 class=\"wp-block-heading alignwide has-text-align-center\" style=\"font-size:26px\"><strong>Skontaktuj si\u0119 z nami<\/strong><\/h2>\n\n\n\n<p class=\"has-text-align-center\">Nasze us\u0142ugi s\u0105 dost\u0119pne g\u0142\u00f3wnie na terenie wojew\u00f3dztwa mazowieckiego<br> i wielkopolskiego, a ju\u017c wkr\u00f3tce uruchamiamy sklep internetowy, aby m\u00f3c dociera\u0107 do rolnik\u00f3w w ca\u0142ej Polsce.<\/p>\n\n\n\n<p class=\"has-text-align-center\">Z <strong>Agro-Expert<\/strong> zyskujesz partnera, kt\u00f3ry zrozumie Twoje potrzeby i pomo\u017ce Ci osi\u0105gn\u0105\u0107 sukces w rolnictwie. Skontaktuj si\u0119 z nami, by dowiedzie\u0107 si\u0119 wi\u0119cej o naszych produktach i doradztwie.<\/p>\n\n\n\n<p class=\"has-text-align-center\">Specjalista ds. sprzeda\u017cy <strong>Ma\u0142gorzata Jasku\u0142a-Dzie\u0142akowska<\/strong> <\/p>\n\n\n\n<p class=\"has-text-align-center has-medium-font-size\"><strong>722-160-857<\/strong><\/p>\n\n\n\n<div class=\"wp-block-buttons is-content-justification-center is-layout-flex wp-container-core-buttons-is-layout-16018d1d wp-block-buttons-is-layout-flex\">\n<div class=\"wp-block-button\"><a class=\"wp-block-button__link has-background wp-element-button\" style=\"background-color:#59b22b\"><strong>Napisz do nas<\/strong><\/a><\/div>\n<\/div>\n<\/div>\n<\/div>\n\n\n\n<div style=\"height:calc( 0.25 * var(--wp--style--root--padding-right, var(--wp--custom--gap--horizontal)))\" aria-hidden=\"true\" class=\"wp-block-spacer\"><\/div>\n<\/div><\/div>\n\n\n","protected":false},"excerpt":{"rendered":"<p>Skontaktuj si\u0119 z nami Nasze us\u0142ugi s\u0105 dost\u0119pne g\u0142\u00f3wnie na terenie wojew\u00f3dztwa mazowieckiego i wielkopolskiego, a ju\u017c wkr\u00f3tce uruchamiamy sklep internetowy, aby m\u00f3c dociera\u0107 do rolnik\u00f3w w ca\u0142ej Polsce. Z Agro-Expert zyskujesz partnera, kt\u00f3ry zrozumie Twoje potrzeby i pomo\u017ce Ci osi\u0105gn\u0105\u0107 sukces w rolnictwie. Skontaktuj si\u0119 z nami, by dowiedzie\u0107 si\u0119 wi\u0119cej o naszych produktach &#8230; <a title=\"Kontakt\" class=\"read-more\" href=\"https:\/\/agro-expert.eu\/?page_id=82\" aria-label=\"Read more about Kontakt\">Dowiedz si\u0119 wi\u0119cej<\/a><\/p>\n","protected":false},"author":1,"featured_media":0,"parent":0,"menu_order":0,"comment_status":"closed","ping_status":"closed","template":"","meta":{"om_disable_all_campaigns":false,"_monsterinsights_skip_tracking":false,"_monsterinsights_sitenote_active":false,"_monsterinsights_sitenote_note":"","_monsterinsights_sitenote_category":0,"_uf_show_specific_survey":0,"_uf_disable_surveys":false,"footnotes":""},"class_list":["post-82","page","type-page","status-publish"],"aioseo_notices":[],"jetpack_sharing_enabled":true,"_links":{"self":[{"href":"https:\/\/agro-expert.eu\/index.php?rest_route=\/wp\/v2\/pages\/82","targetHints":{"allow":["GET"]}}],"collection":[{"href":"https:\/\/agro-expert.eu\/index.php?rest_route=\/wp\/v2\/pages"}],"about":[{"href":"https:\/\/agro-expert.eu\/index.php?rest_route=\/wp\/v2\/types\/page"}],"author":[{"embeddable":true,"href":"https:\/\/agro-expert.eu\/index.php?rest_route=\/wp\/v2\/users\/1"}],"replies":[{"embeddable":true,"href":"https:\/\/agro-expert.eu\/index.php?rest_route=%2Fwp%2Fv2%2Fcomments&post=82"}],"version-history":[{"count":19,"href":"https:\/\/agro-expert.eu\/index.php?rest_route=\/wp\/v2\/pages\/82\/revisions"}],"predecessor-version":[{"id":448,"href":"https:\/\/agro-expert.eu\/index.php?rest_route=\/wp\/v2\/pages\/82\/revisions\/448"}],"wp:attachment":[{"href":"https:\/\/agro-expert.eu\/index.php?rest_route=%2Fwp%2Fv2%2Fmedia&parent=82"}],"curies":[{"name":"wp","href":"https:\/\/api.w.org\/{rel}","templated":true}]}}