{"id":1003,"date":"2025-06-10T18:19:27","date_gmt":"2025-06-10T16:19:27","guid":{"rendered":"https:\/\/agro-expert.eu\/?post_type=product&#038;p=1003"},"modified":"2025-07-03T15:46:53","modified_gmt":"2025-07-03T13:46:53","slug":"bi-complex-max-5kgpreparat-bakteryjny-kopia","status":"publish","type":"product","link":"https:\/\/agro-expert.eu\/?product=bi-complex-max-5kgpreparat-bakteryjny-kopia","title":{"rendered":"bi complex max- 5kg(Preparat bakteryjny) (Kopia)"},"content":{"rendered":"<div class=\"et_pb_module et_pb_image et_pb_image_0\"><\/div>\n<div class=\"et_pb_module et_pb_text et_pb_text_0 et_pb_text_align_left et_pb_bg_layout_light\">\n<div class=\"et_pb_text_inner\">\n<h1 id=\"headline-8-109\" class=\"ct-headline oxy-bakterie\">bi complex max<\/h1>\n<h2 id=\"headline-9-109\" class=\"ct-headline\">Poprawia struktur\u0119 gleby<\/h2>\n<div id=\"text_block-10-109\" class=\"ct-text-block\">Wysokiej jako\u015bci doglebowy naw\u00f3z mikrobiologiczny bi complex max to jedyny taki preparat dost\u0119pny na polskim rynku dedykowany wszystkim rodzajom upraw. Bi complex max poprawia struktur\u0119 gleby poprzez przyspieszanie rozk\u0142adu materii organicznej i skutecznie wzbogaca ziemi\u0119 w \u0142atwo dost\u0119pny dla ro\u015blin azot i fosfor.<\/div>\n<p><img fetchpriority=\"high\" decoding=\"async\" class=\"aligncenter wp-image-1000 size-full\" src=\"https:\/\/agro-expert.eu\/wp-content\/uploads\/2025\/06\/Zrzut-ekranu-2025-06-10-o-18.16.56.png\" alt=\"\" width=\"1209\" height=\"291\" srcset=\"https:\/\/agro-expert.eu\/wp-content\/uploads\/2025\/06\/Zrzut-ekranu-2025-06-10-o-18.16.56.png 1209w, https:\/\/agro-expert.eu\/wp-content\/uploads\/2025\/06\/Zrzut-ekranu-2025-06-10-o-18.16.56-300x72.png 300w, https:\/\/agro-expert.eu\/wp-content\/uploads\/2025\/06\/Zrzut-ekranu-2025-06-10-o-18.16.56-1024x246.png 1024w, https:\/\/agro-expert.eu\/wp-content\/uploads\/2025\/06\/Zrzut-ekranu-2025-06-10-o-18.16.56-768x185.png 768w, https:\/\/agro-expert.eu\/wp-content\/uploads\/2025\/06\/Zrzut-ekranu-2025-06-10-o-18.16.56-600x144.png 600w\" sizes=\"(max-width: 1209px) 100vw, 1209px\" \/><\/p>\n<p><strong>DZIA\u0141ANIE:<\/strong><\/p>\n<p>Preparat\u00a0<b>bi complex max<\/b>\u00a0zawiera skoncentrowane mikroorganizmy ryzosferowe, kt\u00f3re przyspieszaj\u0105 wzrost ro\u015blin, u\u0142atwiaj\u0105 zawi\u0105zywanie owoc\u00f3w, poprawiaj\u0105 odporno\u015b\u0107 upraw i pozytywnie wp\u0142ywaj\u0105 na wielko\u015b\u0107 plonu. Mikrobiologiczny preparat\u00a0<b>bi complex max<\/b>\u00a0polepsza stan fitosanitarny w obr\u0119bie korzeni i wzmacnia ro\u015bliny.<\/p>\n<p>\u015arodek bazuj\u0105cy na starannie wyselekcjonowanych pojedynczych bakteriach\u00a0<i>Bacillus<\/i>\u00a0u\u0142atwia rozk\u0142ad resztek organicznych i wspomaga zasilanie ro\u015blin minera\u0142ami. W produkcie wyst\u0119puj\u0105 szczepy bakterii\u00a0<i>Bacillus subtillis<\/i>,\u00a0<i>Bacillus megaterium i<\/i>\u00a0<i>Bacillus azotofixans \u2013<\/i>\u00a0korzystnych mikroorganizm\u00f3w glebowych, kt\u00f3re tworz\u0105 dla ro\u015blin dobre warunki wzrostu i rozwoju. Baterie\u00a0<i>Bacillus<\/i>\u00a0s\u0105 w naszej strefie klimatycznej bardzo popularne. Te saprofity naturalnie rozk\u0142adaj\u0105 zwi\u0105zki organiczne ro\u015blinnego pochodzenia, a szczeg\u00f3lnie pektyny i w\u0119glowodany. Bakterie\u00a0<i>Bacillus<\/i>\u00a0wytwarzaj\u0105 \u015bluzy wp\u0142ywaj\u0105ce na zwi\u0119kszenie wilgotno\u015bci gleby w obr\u0119bie system\u00f3w korzeniowych ro\u015blin oraz pokrycie korzeni specjalnym filtrem ochronnym, kt\u00f3ry zabezpiecza je przed niekorzystnym wp\u0142ywem suszy i stabilizuje koloidy glebowe.<\/p>\n<p>Bakterie\u00a0<i>Bacillus subtillis<\/i>\u00a0przyczyniaj\u0105 si\u0119 do redukcji chorobotw\u00f3rczych bakterii i grzyb\u00f3w oraz znacz\u0105cej poprawy fitosanitarno\u015bci upraw i\u00a0<b>struktury gleby<\/b>. Te bakterie szybko si\u0119 namna\u017caj\u0105 i konkuruj\u0105 o miejsce oraz pokarm z innymi mikroorganizmami, przez co naturalnie je eliminuj\u0105, a przy tym nie zaburzaj\u0105 bytno\u015bci innych korzystnych drobnoustroj\u00f3w glebowych.<\/p>\n<p>Bakterie\u00a0<i>Bacillus megaterium<\/i>\u00a0zawarte w preparacie\u00a0<b>bi complex max<\/b>\u00a0przyczyniaj\u0105 si\u0119 do poprawy\u00a0<b>struktury gleby<\/b>\u00a0poprzez wspomaganie rozk\u0142adu uwstecznionych i zwi\u0105zanych form fosforu, w tym fosfonian\u00f3w i fosforyn\u00f3w oraz przekszta\u0142caniu ich w fosfor o dobrej dost\u0119pno\u015bci dla ro\u015blin. Bakterie\u00a0<i>Bacillus megaterium<\/i>\u00a0pozwalaj\u0105 pozyska\u0107 nawet 20-40 kg fosforu w czystej formie na 1 ha uprawy i znacz\u0105co poprawi\u0107 jako\u015b\u0107 plonu.<\/p>\n<p>Bakterie\u00a0<i>Bacillus azotofixans<\/i>\u00a0usprawniaj\u0105 obiekt azotu w glebie i u\u0142atwiaj\u0105 przyswajanie go przez ro\u015bliny, dzi\u0119ki czemu uprawy kumuluj\u0105 mniej azotyn\u00f3w i azotan\u00f3w.<\/p>\n<p>Mikroorganizmy zawarte w preparacie\u00a0<b>bi complex max<\/b>\u00a0udost\u0119pniaj\u0105 ro\u015blinom odpowiednie dawki fosforu i azotu \u2013 sk\u0142adnik\u00f3w mineralnych niezb\u0119dnych w ca\u0142ym cyklu \u017cycia ro\u015blin, pocz\u0105wszy od tworzenia zielonej masy, po kwitnienie i owocowanie. Azot i fosfor bior\u0105 udzia\u0142 w procesach fotosyntezy, przemiany materii oraz tworzenia substancji zapasowych i bia\u0142ek. Prawid\u0142owa dost\u0119pno\u015b\u0107 tych minera\u0142\u00f3w jest kluczowa dla powodzenia uprawy.<\/p>\n<p><strong style=\"font-size: inherit; font-family: -apple-system, system-ui, BlinkMacSystemFont, 'Segoe UI', Helvetica, Arial, sans-serif, 'Apple Color Emoji', 'Segoe UI Emoji', 'Segoe UI Symbol';\">SK\u0141AD:\u00a0<\/strong><\/p>\n<\/div>\n<div class=\"et_pb_text_inner\">\n<section id=\"section-50-47\" class=\" ct-section oxy-margin-bottom\">\n<div class=\"ct-section-inner-wrap\">\n<div id=\"_tabs_contents-60-47\" class=\"oxy-tabs-contents-wrapper oxy-tabs-contents\">\n<div id=\"_tab_content-64-47\" class=\"oxy-tab-content tabs-contents-2212-tab\">\n<div id=\"div_block-65-47\" class=\"ct-div-block\">\n<div id=\"_rich_text-66-47\" class=\"oxy-rich-text\">\n<section id=\"section-51-85\" class=\" ct-section oxy-margin-bottom\">\n<div class=\"ct-section-inner-wrap\">\n<div id=\"_tabs_contents-61-85\" class=\"oxy-tabs-contents-wrapper oxy-tabs-contents\">\n<div id=\"_tab_content-65-85\" class=\"oxy-tab-content tabs-contents-2212-tab\">\n<div id=\"div_block-66-85\" class=\"ct-div-block\">\n<div id=\"_rich_text-67-85\" class=\"oxy-rich-text\">\n<section id=\"section-51-83\" class=\" ct-section oxy-margin-bottom\">\n<div class=\"ct-section-inner-wrap\">\n<div id=\"_tabs_contents-61-83\" class=\"oxy-tabs-contents-wrapper oxy-tabs-contents\">\n<div id=\"_tab_content-65-83\" class=\"oxy-tab-content tabs-contents-2212-tab\">\n<div id=\"div_block-66-83\" class=\"ct-div-block\">\n<div id=\"_rich_text-67-83\" class=\"oxy-rich-text\">\n<section id=\"section-49-77\" class=\" ct-section oxy-margin-bottom\">\n<div class=\"ct-section-inner-wrap\">\n<div id=\"_tabs_contents-59-77\" class=\"oxy-tabs-contents-wrapper oxy-tabs-contents\">\n<div id=\"_tab_content-63-77\" class=\"oxy-tab-content tabs-contents-2212-tab\">\n<div id=\"div_block-64-77\" class=\"ct-div-block\">\n<div id=\"_rich_text-65-77\" class=\"oxy-rich-text\">\n<section id=\"section-51-79\" class=\" ct-section oxy-margin-bottom\">\n<div class=\"ct-section-inner-wrap\">\n<div id=\"_tabs_contents-61-79\" class=\"oxy-tabs-contents-wrapper oxy-tabs-contents\">\n<div id=\"_tab_content-65-79\" class=\"oxy-tab-content tabs-contents-2212-tab\">\n<div id=\"div_block-66-79\" class=\"ct-div-block\">\n<div id=\"_rich_text-67-79\" class=\"oxy-rich-text\">\n<section id=\"section-51-81\" class=\" ct-section oxy-margin-bottom\">\n<div class=\"ct-section-inner-wrap\">\n<div id=\"_tabs_contents-61-81\" class=\"oxy-tabs-contents-wrapper oxy-tabs-contents\">\n<div id=\"_tab_content-65-81\" class=\"oxy-tab-content tabs-contents-2212-tab\">\n<div id=\"div_block-66-81\" class=\"ct-div-block\">\n<div id=\"_rich_text-67-81\" class=\"oxy-rich-text\">\n<section id=\"section-49-69\" class=\" ct-section oxy-margin-bottom\">\n<div class=\"ct-section-inner-wrap\">\n<div id=\"_tabs_contents-59-69\" class=\"oxy-tabs-contents-wrapper oxy-tabs-contents\">\n<div id=\"_tab_content-63-69\" class=\"oxy-tab-content tabs-contents-2212-tab\">\n<div id=\"div_block-64-69\" class=\"ct-div-block\">\n<div id=\"_rich_text-65-69\" class=\"oxy-rich-text\">\n<section id=\"section-49-71\" class=\" ct-section oxy-margin-bottom\">\n<div class=\"ct-section-inner-wrap\">\n<div id=\"_tabs_contents-59-71\" class=\"oxy-tabs-contents-wrapper oxy-tabs-contents\">\n<div id=\"_tab_content-63-71\" class=\"oxy-tab-content tabs-contents-2212-tab\">\n<div id=\"div_block-64-71\" class=\"ct-div-block\">\n<div id=\"_rich_text-65-71\" class=\"oxy-rich-text\">\n<section id=\"section-541-65\" class=\" ct-section oxy-margin-bottom\">\n<div class=\"ct-section-inner-wrap\">\n<div id=\"_tabs_contents-551-65\" class=\"oxy-tabs-contents-wrapper oxy-tabs-contents\">\n<div id=\"_tab_content-555-65\" class=\"oxy-tab-content tabs-contents-2212-tab\">\n<div id=\"div_block-556-65\" class=\"ct-div-block\">\n<div id=\"_rich_text-557-65\" class=\"oxy-rich-text\">\n<section id=\"section-50-67\" class=\" ct-section oxy-margin-bottom\">\n<div class=\"ct-section-inner-wrap\">\n<div id=\"_tabs_contents-60-67\" class=\"oxy-tabs-contents-wrapper oxy-tabs-contents\">\n<div id=\"_tab_content-64-67\" class=\"oxy-tab-content tabs-contents-2212-tab\">\n<div id=\"div_block-65-67\" class=\"ct-div-block\">\n<div id=\"_rich_text-66-67\" class=\"oxy-rich-text\">\n<section id=\"section-50-67\" class=\" ct-section oxy-margin-bottom\">\n<div class=\"ct-section-inner-wrap\">\n<div id=\"_tabs_contents-60-67\" class=\"oxy-tabs-contents-wrapper oxy-tabs-contents\">\n<div id=\"_tab_content-64-67\" class=\"oxy-tab-content tabs-contents-2212-tab\">\n<div id=\"div_block-65-67\" class=\"ct-div-block\">\n<div id=\"_rich_text-66-67\" class=\"oxy-rich-text\">\n<section id=\"section-50-73\" class=\" ct-section oxy-margin-bottom\">\n<div class=\"ct-section-inner-wrap\">\n<div id=\"_tabs_contents-60-73\" class=\"oxy-tabs-contents-wrapper oxy-tabs-contents\">\n<div id=\"_tab_content-64-73\" class=\"oxy-tab-content tabs-contents-2212-tab\">\n<div id=\"div_block-65-73\" class=\"ct-div-block\">\n<div id=\"_rich_text-66-73\" class=\"oxy-rich-text\">\n<section id=\"section-51-1521\" class=\" ct-section oxy-margin-bottom\">\n<div class=\"ct-section-inner-wrap\">\n<div id=\"_tabs_contents-61-1521\" class=\"oxy-tabs-contents-wrapper oxy-tabs-contents\">\n<div id=\"_tab_content-65-1521\" class=\"oxy-tab-content tabs-contents-2212-tab\">\n<div id=\"div_block-66-1521\" class=\"ct-div-block\">\n<div id=\"_rich_text-67-1521\" class=\"oxy-rich-text\">\n<section id=\"section-53-107\" class=\" ct-section oxy-margin-bottom\">\n<div class=\"ct-section-inner-wrap\">\n<div id=\"_tabs_contents-63-107\" class=\"oxy-tabs-contents-wrapper oxy-tabs-contents\">\n<div id=\"_tab_content-67-107\" class=\"oxy-tab-content tabs-contents-2212-tab\">\n<div id=\"div_block-68-107\" class=\"ct-div-block\">\n<div id=\"_rich_text-69-107\" class=\"oxy-rich-text\">\n<section id=\"section-53-105\" class=\" ct-section oxy-margin-bottom\">\n<div class=\"ct-section-inner-wrap\">\n<div id=\"_tabs_contents-63-105\" class=\"oxy-tabs-contents-wrapper oxy-tabs-contents\">\n<div id=\"_tab_content-67-105\" class=\"oxy-tab-content tabs-contents-2212-tab\">\n<div id=\"div_block-68-105\" class=\"ct-div-block\">\n<div id=\"_rich_text-69-105\" class=\"oxy-rich-text\">\n<section id=\"section-51-103\" class=\" ct-section oxy-margin-bottom\">\n<div class=\"ct-section-inner-wrap\">\n<div id=\"_tabs_contents-61-103\" class=\"oxy-tabs-contents-wrapper oxy-tabs-contents\">\n<div id=\"_tab_content-65-103\" class=\"oxy-tab-content tabs-contents-2212-tab\">\n<div id=\"div_block-66-103\" class=\"ct-div-block\">\n<div id=\"_rich_text-67-103\" class=\"oxy-rich-text\">\n<section id=\"section-53-109\" class=\" ct-section oxy-margin-bottom\">\n<div class=\"ct-section-inner-wrap\">\n<div id=\"_tabs_contents-63-109\" class=\"oxy-tabs-contents-wrapper oxy-tabs-contents\">\n<div id=\"_tab_content-67-109\" class=\"oxy-tab-content tabs-contents-2212-tab\">\n<div id=\"div_block-68-109\" class=\"ct-div-block\">\n<div id=\"_rich_text-69-109\" class=\"oxy-rich-text\"><i>Bacillus subtillis<\/i>,\u00a0<i>Bacillus megaterium<\/i>,\u00a0<i>Bacillus azotofixans<\/i>\u00a0w ilo\u015bci 1&#215;10<sup>9<\/sup>\u00a0JTK w 1 gramie produktu.<\/div>\n<\/div>\n<\/div>\n<\/div>\n<\/div>\n<\/section>\n<section id=\"section-75-109\" class=\" ct-section oxy-margin-bottom\">\n<div class=\"ct-section-inner-wrap\"><\/div>\n<\/section>\n<\/div>\n<\/div>\n<\/div>\n<\/div>\n<\/div>\n<\/section>\n<section id=\"section-73-103\" class=\" ct-section oxy-margin-bottom\">\n<div class=\"ct-section-inner-wrap\"><\/div>\n<\/section>\n<\/div>\n<\/div>\n<\/div>\n<\/div>\n<\/div>\n<\/section>\n<section id=\"section-75-105\" class=\" ct-section oxy-margin-bottom\">\n<div class=\"ct-section-inner-wrap\"><\/div>\n<\/section>\n<\/div>\n<\/div>\n<\/div>\n<\/div>\n<\/div>\n<\/section>\n<section id=\"section-75-107\" class=\" ct-section oxy-margin-bottom\">\n<div class=\"ct-section-inner-wrap\"><\/div>\n<\/section>\n<\/div>\n<\/div>\n<\/div>\n<\/div>\n<\/div>\n<\/section>\n<section id=\"section-112-1521\" class=\" ct-section oxy-margin-bottom-last\">\n<div class=\"ct-section-inner-wrap\"><\/div>\n<\/section>\n<\/div>\n<\/div>\n<\/div>\n<\/div>\n<\/div>\n<\/section>\n<section id=\"section-72-73\" class=\" ct-section oxy-margin-bottom\">\n<div class=\"ct-section-inner-wrap\"><\/div>\n<\/section>\n<\/div>\n<\/div>\n<\/div>\n<\/div>\n<\/div>\n<\/section>\n<section id=\"section-72-67\" class=\" ct-section oxy-margin-bottom\">\n<div class=\"ct-section-inner-wrap\"><\/div>\n<\/section>\n<\/div>\n<\/div>\n<\/div>\n<\/div>\n<\/div>\n<\/section>\n<section id=\"section-72-67\" class=\" ct-section oxy-margin-bottom\">\n<div class=\"ct-section-inner-wrap\"><\/div>\n<\/section>\n<\/div>\n<\/div>\n<\/div>\n<\/div>\n<\/div>\n<\/section>\n<section id=\"section-563-65\" class=\" ct-section oxy-margin-bottom\">\n<div class=\"ct-section-inner-wrap\"><\/div>\n<\/section>\n<\/div>\n<\/div>\n<\/div>\n<\/div>\n<\/div>\n<\/section>\n<section id=\"section-71-71\" class=\" ct-section oxy-margin-bottom\">\n<div class=\"ct-section-inner-wrap\"><\/div>\n<\/section>\n<\/div>\n<\/div>\n<\/div>\n<\/div>\n<\/div>\n<\/section>\n<section id=\"section-118-69\" class=\" ct-section oxy-margin-bottom\">\n<div class=\"ct-section-inner-wrap\"><\/div>\n<\/section>\n<\/div>\n<\/div>\n<\/div>\n<\/div>\n<\/div>\n<\/section>\n<section id=\"section-112-81\" class=\" ct-section oxy-margin-bottom-last\">\n<div class=\"ct-section-inner-wrap\"><\/div>\n<\/section>\n<\/div>\n<\/div>\n<\/div>\n<\/div>\n<\/div>\n<\/section>\n<\/div>\n<\/div>\n<\/div>\n<\/div>\n<\/div>\n<\/section>\n<\/div>\n<\/div>\n<\/div>\n<\/div>\n<\/div>\n<\/section>\n<\/div>\n<\/div>\n<\/div>\n<\/div>\n<\/div>\n<\/section>\n<section id=\"section-112-85\" class=\" ct-section oxy-margin-bottom-last\">\n<div class=\"ct-section-inner-wrap\"><\/div>\n<\/section>\n<\/div>\n<\/div>\n<\/div>\n<\/div>\n<\/div>\n<\/section>\n<section id=\"section-1383-47\" class=\" ct-section oxy-margin-bottom\">\n<div class=\"ct-section-inner-wrap\">\n<p><strong><strong>Dawkowanie:<\/strong><\/strong><\/p>\n<section id=\"section-49-77\" class=\" ct-section oxy-margin-bottom\">\n<div class=\"ct-section-inner-wrap\">\n<div id=\"_tabs_contents-59-77\" class=\"oxy-tabs-contents-wrapper oxy-tabs-contents\">\n<div id=\"_tab_content-66-77\" class=\"oxy-tab-content tabs-contents-2212-tab\">\n<div id=\"div_block-67-77\" class=\"ct-div-block\">\n<div id=\"_rich_text-68-77\" class=\"oxy-rich-text\">\n<section id=\"section-51-79\" class=\" ct-section oxy-margin-bottom\">\n<div class=\"ct-section-inner-wrap\">\n<div id=\"_tabs_contents-61-79\" class=\"oxy-tabs-contents-wrapper oxy-tabs-contents\">\n<div id=\"_tab_content-68-79\" class=\"oxy-tab-content tabs-contents-2212-tab\">\n<div id=\"div_block-69-79\" class=\"ct-div-block\">\n<div id=\"_rich_text-70-79\" class=\"oxy-rich-text\">\n<section id=\"section-51-81\" class=\" ct-section oxy-margin-bottom\">\n<div class=\"ct-section-inner-wrap\">\n<div id=\"_tabs_contents-61-81\" class=\"oxy-tabs-contents-wrapper oxy-tabs-contents\">\n<div id=\"_tab_content-68-81\" class=\"oxy-tab-content tabs-contents-2212-tab\">\n<div id=\"div_block-69-81\" class=\"ct-div-block\">\n<div id=\"_rich_text-70-81\" class=\"oxy-rich-text\"><img decoding=\"async\" class=\"aligncenter wp-image-1001 size-full\" src=\"https:\/\/agro-expert.eu\/wp-content\/uploads\/2025\/06\/Zrzut-ekranu-2025-06-10-o-18.17.03.png\" alt=\"\" width=\"1118\" height=\"278\" srcset=\"https:\/\/agro-expert.eu\/wp-content\/uploads\/2025\/06\/Zrzut-ekranu-2025-06-10-o-18.17.03.png 1118w, https:\/\/agro-expert.eu\/wp-content\/uploads\/2025\/06\/Zrzut-ekranu-2025-06-10-o-18.17.03-300x75.png 300w, https:\/\/agro-expert.eu\/wp-content\/uploads\/2025\/06\/Zrzut-ekranu-2025-06-10-o-18.17.03-1024x255.png 1024w, https:\/\/agro-expert.eu\/wp-content\/uploads\/2025\/06\/Zrzut-ekranu-2025-06-10-o-18.17.03-768x191.png 768w, https:\/\/agro-expert.eu\/wp-content\/uploads\/2025\/06\/Zrzut-ekranu-2025-06-10-o-18.17.03-600x149.png 600w\" sizes=\"(max-width: 1118px) 100vw, 1118px\" \/><\/div>\n<\/div>\n<\/div>\n<\/div>\n<\/div>\n<\/section>\n<section id=\"section-112-81\" class=\" ct-section oxy-margin-bottom-last\">\n<div class=\"ct-section-inner-wrap\">\n<div id=\"_rich_text-77-105\" class=\"oxy-rich-text\">\n<section id=\"section-195-103\" class=\" ct-section oxy-margin-bottom\">\n<div class=\"ct-section-inner-wrap\">\n<div id=\"_gallery-199-103\" class=\"oxy-gallery oxy-gallery-masonry\">\n<figure class=\"oxy-gallery-item-contents\">Dodatkowe Informacje:<\/p>\n<p>Preparat <b>bi complex max<\/b>\u00a0do poprawy\u00a0<b>struktury gleby<\/b>\u00a0powinien by\u0107 stosowany na wilgotn\u0105 ziemi\u0119, najlepiej razem z kwasami humusowymi, kt\u00f3re pozytywnie wp\u0142ywaj\u0105 na proces namna\u017cania si\u0119 bakterii zawartych w produkcie. Produktu mikrobiologicznego\u00a0<b>bi complex max<\/b>\u00a0nie nale\u017cy stosowa\u0107 w czasie suszy, w s\u0142oneczny dzie\u0144 ani razem z chemicznymi preparatami, szczeg\u00f3lnie z fungicydami.<\/p>\n<p>Produkt ten jest szczeg\u00f3lnie polecany do stosowania wraz z fertygacja w uprawach ogrodniczych polowych, tunelowych i szklarniowych (jako dodatek do pod\u0142o\u017cy inertnych).<\/p>\n<p>Naw\u00f3z zosta\u0142 dopuszczony do stosowania w uprawach ekologicznych przez Instytut Uprawy Nawo\u017cenia i Gleboznawstwa (NE\/719\/2023).<\/figure>\n<\/div>\n<\/div>\n<\/section>\n<\/div>\n<\/div>\n<\/section>\n<\/div>\n<\/div>\n<\/div>\n<\/div>\n<\/div>\n<\/section>\n<section id=\"section-120-79\" class=\" ct-section oxy-margin-bottom\">\n<div class=\"ct-section-inner-wrap\"><\/div>\n<\/section>\n<\/div>\n<\/div>\n<\/div>\n<\/div>\n<\/div>\n<\/section>\n<section id=\"section-71-77\" class=\" ct-section oxy-margin-bottom\">\n<div class=\"ct-section-inner-wrap\"><\/div>\n<\/section>\n<section id=\"section-352-87\" class=\" ct-section oxy-margin-bottom\">\n<div class=\"ct-section-inner-wrap\"><\/div>\n<\/section>\n<\/div>\n<\/section>\n<\/div>\n<\/div>\n","protected":false},"excerpt":{"rendered":"<p>bi complex max Poprawia struktur\u0119 gleby Wysokiej jako\u015bci doglebowy naw\u00f3z mikrobiologiczny bi complex max to jedyny taki preparat dost\u0119pny na polskim rynku dedykowany wszystkim rodzajom upraw. Bi complex max poprawia struktur\u0119 gleby poprzez przyspieszanie rozk\u0142adu materii organicznej i skutecznie wzbogaca ziemi\u0119 w \u0142atwo dost\u0119pny dla ro\u015blin azot i fosfor. DZIA\u0141ANIE: Preparat\u00a0bi complex max\u00a0zawiera skoncentrowane mikroorganizmy &#8230; <a title=\"bi complex max- 5kg(Preparat bakteryjny) (Kopia)\" class=\"read-more\" href=\"https:\/\/agro-expert.eu\/?product=bi-complex-max-5kgpreparat-bakteryjny-kopia\" aria-label=\"Read more about bi complex max- 5kg(Preparat bakteryjny) (Kopia)\">Dowiedz si\u0119 wi\u0119cej<\/a><\/p>\n","protected":false},"featured_media":1004,"comment_status":"open","ping_status":"closed","template":"","meta":{"om_disable_all_campaigns":false,"_monsterinsights_skip_tracking":false,"_monsterinsights_sitenote_active":false,"_monsterinsights_sitenote_note":"","_monsterinsights_sitenote_category":0,"_uf_show_specific_survey":0,"_uf_disable_surveys":false},"product_brand":[],"product_cat":[45,47],"product_tag":[],"class_list":{"0":"post-1003","1":"product","2":"type-product","3":"status-publish","4":"has-post-thumbnail","6":"product_cat-agrarius","7":"product_cat-preparaty-bakteryjne-agrarius","9":"first","10":"instock","11":"taxable","12":"shipping-taxable","13":"purchasable","14":"product-type-simple"},"aioseo_notices":[],"jetpack_sharing_enabled":true,"_links":{"self":[{"href":"https:\/\/agro-expert.eu\/index.php?rest_route=\/wp\/v2\/product\/1003","targetHints":{"allow":["GET"]}}],"collection":[{"href":"https:\/\/agro-expert.eu\/index.php?rest_route=\/wp\/v2\/product"}],"about":[{"href":"https:\/\/agro-expert.eu\/index.php?rest_route=\/wp\/v2\/types\/product"}],"replies":[{"embeddable":true,"href":"https:\/\/agro-expert.eu\/index.php?rest_route=%2Fwp%2Fv2%2Fcomments&post=1003"}],"wp:featuredmedia":[{"embeddable":true,"href":"https:\/\/agro-expert.eu\/index.php?rest_route=\/wp\/v2\/media\/1004"}],"wp:attachment":[{"href":"https:\/\/agro-expert.eu\/index.php?rest_route=%2Fwp%2Fv2%2Fmedia&parent=1003"}],"wp:term":[{"taxonomy":"product_brand","embeddable":true,"href":"https:\/\/agro-expert.eu\/index.php?rest_route=%2Fwp%2Fv2%2Fproduct_brand&post=1003"},{"taxonomy":"product_cat","embeddable":true,"href":"https:\/\/agro-expert.eu\/index.php?rest_route=%2Fwp%2Fv2%2Fproduct_cat&post=1003"},{"taxonomy":"product_tag","embeddable":true,"href":"https:\/\/agro-expert.eu\/index.php?rest_route=%2Fwp%2Fv2%2Fproduct_tag&post=1003"}],"curies":[{"name":"wp","href":"https:\/\/api.w.org\/{rel}","templated":true}]}}