{"id":1007,"date":"2025-06-10T18:29:25","date_gmt":"2025-06-10T16:29:25","guid":{"rendered":"https:\/\/agro-expert.eu\/?post_type=product&#038;p=1007"},"modified":"2025-07-03T15:46:53","modified_gmt":"2025-07-03T13:46:53","slug":"bi-safe-5kgpreparat-bakteryjny","status":"publish","type":"product","link":"https:\/\/agro-expert.eu\/?product=bi-safe-5kgpreparat-bakteryjny","title":{"rendered":"bi safe- 5kg(Preparat bakteryjny)"},"content":{"rendered":"<div class=\"et_pb_module et_pb_image et_pb_image_0\"><\/div>\n<div class=\"et_pb_module et_pb_text et_pb_text_0 et_pb_text_align_left et_pb_bg_layout_light\">\n<div class=\"et_pb_text_inner\">\n<h1 id=\"headline-8-111\" class=\"ct-headline oxy-bakterie\"><strong>bi safe<\/strong><\/h1>\n<h2 id=\"headline-9-111\" class=\"ct-headline\">Poprawa stanu biologicznego gleby<\/h2>\n<div id=\"text_block-10-111\" class=\"ct-text-block\">Dzia\u0142anie nawozu mikrobiologicznego bi safe, ma za zadanie popraw\u0119 stanu biologicznego gleby, ograniczenie wyst\u0119powania patogen\u00f3w glebowych oraz zwi\u0119kszenie dost\u0119pno\u015bci makro- i mikroelement\u00f3w. Bi safe wspiera rozw\u00f3j korzystnej mikroflory glebowej, poprawia jej struktur\u0119 oraz stymuluje wzrost i plonowanie ro\u015blin. Preparat zawiera skoncentrowane formy mikroorganizm\u00f3w ryzosferowych, kt\u00f3re bior\u0105 udzia\u0142 w przemianach azotu, fosforu i potasu w glebie, co zwi\u0119ksza jej zasobno\u015b\u0107 w sk\u0142adniki pokarmowe poprzez szybki rozk\u0142ad materii organicznej. Dzi\u0119ki sypkiej formie preparat do poprawy stanu biologicznego gleby posiada wysok\u0105 trwa\u0142o\u015b\u0107 i skuteczno\u015b\u0107.<\/div>\n<p><img fetchpriority=\"high\" decoding=\"async\" class=\"aligncenter wp-image-1011 size-full\" src=\"https:\/\/agro-expert.eu\/wp-content\/uploads\/2025\/06\/Zrzut-ekranu-2025-06-10-o-18.26.41.png\" alt=\"\" width=\"1161\" height=\"284\" srcset=\"https:\/\/agro-expert.eu\/wp-content\/uploads\/2025\/06\/Zrzut-ekranu-2025-06-10-o-18.26.41.png 1161w, https:\/\/agro-expert.eu\/wp-content\/uploads\/2025\/06\/Zrzut-ekranu-2025-06-10-o-18.26.41-300x73.png 300w, https:\/\/agro-expert.eu\/wp-content\/uploads\/2025\/06\/Zrzut-ekranu-2025-06-10-o-18.26.41-1024x250.png 1024w, https:\/\/agro-expert.eu\/wp-content\/uploads\/2025\/06\/Zrzut-ekranu-2025-06-10-o-18.26.41-768x188.png 768w, https:\/\/agro-expert.eu\/wp-content\/uploads\/2025\/06\/Zrzut-ekranu-2025-06-10-o-18.26.41-600x147.png 600w\" sizes=\"(max-width: 1161px) 100vw, 1161px\" \/><\/p>\n<p><strong>DZIA\u0141ANIE:<\/strong><\/p>\n<p>Poprawa \u017cycia biologicznego gleby i rozw\u00f3j korzystnej mikroflory s\u0105 efektem zwi\u0119kszonej aktywno\u015bci mikroorganizm\u00f3w glebowych, w tym bakterii, grzyb\u00f3w i pierwotniak\u00f3w. Te mikroorganizmy przyczyniaj\u0105 si\u0119 do dekompozycji materii organicznej, mineralizacji sk\u0142adnik\u00f3w od\u017cywczych, poprawy agregacji gleby oraz antagonistycznego oddzia\u0142ywania na patogeny glebowe. W efekcie tych proces\u00f3w, gleba staje si\u0119 bardziej \u017cyzna i optymalnie dostarcza sk\u0142adniki od\u017cywcze dla ro\u015blin uprawnych, co przek\u0142ada si\u0119 na ich zdrowszy wzrost i zwi\u0119kszone plonowanie. Takim dzia\u0142aniem odznacza si\u0119 naw\u00f3z mikrobiologiczny bi safe do poprawy stanu biologicznego gleby.<\/p>\n<p>Preparat bi safe dzia\u0142a g\u0142\u00f3wnie poprzez optymalizacj\u0119 biologicznej aktywno\u015bci w glebie, ze szczeg\u00f3lnym uwzgl\u0119dnieniem obszaru ryzosfery, czyli strefy bezpo\u015bredniego otoczenia korzeni ro\u015blin. Mikroorganizmy obecne w tym produkcie nie tylko poprawiaj\u0105 struktur\u0119 i \u017cyzno\u015b\u0107 gleby, ale tak\u017ce aktywnie przyczyniaj\u0105 si\u0119 do zdrowego rozwoju ro\u015blin poprzez uwalnianie sk\u0142adnik\u00f3w od\u017cywczych i korzystny wp\u0142yw na jako\u015b\u0107 gleby. Bi safe wspomaga r\u00f3wnie\u017c procesy od\u017cywiania ro\u015blin poprzez efektywn\u0105 dost\u0119pno\u015b\u0107 sk\u0142adnik\u00f3w pokarmowych w tym makro i mikroelement\u00f3w. Dodatkowo, obecno\u015b\u0107 odpowiednio dobranych szczep\u00f3w bakterii\u00a0<i>Bacillus sp.<\/i>, grzyb\u00f3w i promieniowc\u00f3w, wp\u0142ywa na ograniczenie wyst\u0119powania patogen\u00f3w poprzez wytwarzanie przez nie metabolit\u00f3w ograniczaj\u0105cych rozw\u00f3j grzyb\u00f3w patogenicznych,\u00a0 konkurowanie z nimi o zasoby pokarmowe oraz miejsce do rozwoju. Sprzyja to budowaniu naturalnej r\u00f3wnowagi biologicznej w glebie.<\/p>\n<p><strong style=\"font-size: inherit; font-family: -apple-system, system-ui, BlinkMacSystemFont, 'Segoe UI', Helvetica, Arial, sans-serif, 'Apple Color Emoji', 'Segoe UI Emoji', 'Segoe UI Symbol';\">SK\u0141AD:\u00a0<\/strong><\/p>\n<\/div>\n<div class=\"et_pb_text_inner\">\n<section id=\"section-50-47\" class=\" ct-section oxy-margin-bottom\">\n<div class=\"ct-section-inner-wrap\">\n<div id=\"_tabs_contents-60-47\" class=\"oxy-tabs-contents-wrapper oxy-tabs-contents\">\n<div id=\"_tab_content-64-47\" class=\"oxy-tab-content tabs-contents-2212-tab\">\n<div id=\"div_block-65-47\" class=\"ct-div-block\">\n<div id=\"_rich_text-66-47\" class=\"oxy-rich-text\">\n<section id=\"section-51-85\" class=\" ct-section oxy-margin-bottom\">\n<div class=\"ct-section-inner-wrap\">\n<div id=\"_tabs_contents-61-85\" class=\"oxy-tabs-contents-wrapper oxy-tabs-contents\">\n<div id=\"_tab_content-65-85\" class=\"oxy-tab-content tabs-contents-2212-tab\">\n<div id=\"div_block-66-85\" class=\"ct-div-block\">\n<div id=\"_rich_text-67-85\" class=\"oxy-rich-text\">\n<section id=\"section-51-83\" class=\" ct-section oxy-margin-bottom\">\n<div class=\"ct-section-inner-wrap\">\n<div id=\"_tabs_contents-61-83\" class=\"oxy-tabs-contents-wrapper oxy-tabs-contents\">\n<div id=\"_tab_content-65-83\" class=\"oxy-tab-content tabs-contents-2212-tab\">\n<div id=\"div_block-66-83\" class=\"ct-div-block\">\n<div id=\"_rich_text-67-83\" class=\"oxy-rich-text\">\n<section id=\"section-49-77\" class=\" ct-section oxy-margin-bottom\">\n<div class=\"ct-section-inner-wrap\">\n<div id=\"_tabs_contents-59-77\" class=\"oxy-tabs-contents-wrapper oxy-tabs-contents\">\n<div id=\"_tab_content-63-77\" class=\"oxy-tab-content tabs-contents-2212-tab\">\n<div id=\"div_block-64-77\" class=\"ct-div-block\">\n<div id=\"_rich_text-65-77\" class=\"oxy-rich-text\">\n<section id=\"section-51-79\" class=\" ct-section oxy-margin-bottom\">\n<div class=\"ct-section-inner-wrap\">\n<div id=\"_tabs_contents-61-79\" class=\"oxy-tabs-contents-wrapper oxy-tabs-contents\">\n<div id=\"_tab_content-65-79\" class=\"oxy-tab-content tabs-contents-2212-tab\">\n<div id=\"div_block-66-79\" class=\"ct-div-block\">\n<div id=\"_rich_text-67-79\" class=\"oxy-rich-text\">\n<section id=\"section-51-81\" class=\" ct-section oxy-margin-bottom\">\n<div class=\"ct-section-inner-wrap\">\n<div id=\"_tabs_contents-61-81\" class=\"oxy-tabs-contents-wrapper oxy-tabs-contents\">\n<div id=\"_tab_content-65-81\" class=\"oxy-tab-content tabs-contents-2212-tab\">\n<div id=\"div_block-66-81\" class=\"ct-div-block\">\n<div id=\"_rich_text-67-81\" class=\"oxy-rich-text\">\n<section id=\"section-49-69\" class=\" ct-section oxy-margin-bottom\">\n<div class=\"ct-section-inner-wrap\">\n<div id=\"_tabs_contents-59-69\" class=\"oxy-tabs-contents-wrapper oxy-tabs-contents\">\n<div id=\"_tab_content-63-69\" class=\"oxy-tab-content tabs-contents-2212-tab\">\n<div id=\"div_block-64-69\" class=\"ct-div-block\">\n<div id=\"_rich_text-65-69\" class=\"oxy-rich-text\">\n<section id=\"section-49-71\" class=\" ct-section oxy-margin-bottom\">\n<div class=\"ct-section-inner-wrap\">\n<div id=\"_tabs_contents-59-71\" class=\"oxy-tabs-contents-wrapper oxy-tabs-contents\">\n<div id=\"_tab_content-63-71\" class=\"oxy-tab-content tabs-contents-2212-tab\">\n<div id=\"div_block-64-71\" class=\"ct-div-block\">\n<div id=\"_rich_text-65-71\" class=\"oxy-rich-text\">\n<section id=\"section-541-65\" class=\" ct-section oxy-margin-bottom\">\n<div class=\"ct-section-inner-wrap\">\n<div id=\"_tabs_contents-551-65\" class=\"oxy-tabs-contents-wrapper oxy-tabs-contents\">\n<div id=\"_tab_content-555-65\" class=\"oxy-tab-content tabs-contents-2212-tab\">\n<div id=\"div_block-556-65\" class=\"ct-div-block\">\n<div id=\"_rich_text-557-65\" class=\"oxy-rich-text\">\n<section id=\"section-50-67\" class=\" ct-section oxy-margin-bottom\">\n<div class=\"ct-section-inner-wrap\">\n<div id=\"_tabs_contents-60-67\" class=\"oxy-tabs-contents-wrapper oxy-tabs-contents\">\n<div id=\"_tab_content-64-67\" class=\"oxy-tab-content tabs-contents-2212-tab\">\n<div id=\"div_block-65-67\" class=\"ct-div-block\">\n<div id=\"_rich_text-66-67\" class=\"oxy-rich-text\">\n<section id=\"section-50-67\" class=\" ct-section oxy-margin-bottom\">\n<div class=\"ct-section-inner-wrap\">\n<div id=\"_tabs_contents-60-67\" class=\"oxy-tabs-contents-wrapper oxy-tabs-contents\">\n<div id=\"_tab_content-64-67\" class=\"oxy-tab-content tabs-contents-2212-tab\">\n<div id=\"div_block-65-67\" class=\"ct-div-block\">\n<div id=\"_rich_text-66-67\" class=\"oxy-rich-text\">\n<section id=\"section-50-73\" class=\" ct-section oxy-margin-bottom\">\n<div class=\"ct-section-inner-wrap\">\n<div id=\"_tabs_contents-60-73\" class=\"oxy-tabs-contents-wrapper oxy-tabs-contents\">\n<div id=\"_tab_content-64-73\" class=\"oxy-tab-content tabs-contents-2212-tab\">\n<div id=\"div_block-65-73\" class=\"ct-div-block\">\n<div id=\"_rich_text-66-73\" class=\"oxy-rich-text\">\n<section id=\"section-51-1521\" class=\" ct-section oxy-margin-bottom\">\n<div class=\"ct-section-inner-wrap\">\n<div id=\"_tabs_contents-61-1521\" class=\"oxy-tabs-contents-wrapper oxy-tabs-contents\">\n<div id=\"_tab_content-65-1521\" class=\"oxy-tab-content tabs-contents-2212-tab\">\n<div id=\"div_block-66-1521\" class=\"ct-div-block\">\n<div id=\"_rich_text-67-1521\" class=\"oxy-rich-text\">\n<section id=\"section-53-107\" class=\" ct-section oxy-margin-bottom\">\n<div class=\"ct-section-inner-wrap\">\n<div id=\"_tabs_contents-63-107\" class=\"oxy-tabs-contents-wrapper oxy-tabs-contents\">\n<div id=\"_tab_content-67-107\" class=\"oxy-tab-content tabs-contents-2212-tab\">\n<div id=\"div_block-68-107\" class=\"ct-div-block\">\n<div id=\"_rich_text-69-107\" class=\"oxy-rich-text\">\n<section id=\"section-53-105\" class=\" ct-section oxy-margin-bottom\">\n<div class=\"ct-section-inner-wrap\">\n<div id=\"_tabs_contents-63-105\" class=\"oxy-tabs-contents-wrapper oxy-tabs-contents\">\n<div id=\"_tab_content-67-105\" class=\"oxy-tab-content tabs-contents-2212-tab\">\n<div id=\"div_block-68-105\" class=\"ct-div-block\">\n<div id=\"_rich_text-69-105\" class=\"oxy-rich-text\">\n<section id=\"section-51-103\" class=\" ct-section oxy-margin-bottom\">\n<div class=\"ct-section-inner-wrap\">\n<div id=\"_tabs_contents-61-103\" class=\"oxy-tabs-contents-wrapper oxy-tabs-contents\">\n<div id=\"_tab_content-65-103\" class=\"oxy-tab-content tabs-contents-2212-tab\">\n<div id=\"div_block-66-103\" class=\"ct-div-block\">\n<div id=\"_rich_text-67-103\" class=\"oxy-rich-text\">\n<p>Odpowiednio wyselekcjonowane i dobrane szczepy:<\/p>\n<ul>\n<li aria-level=\"1\">Bakterii\u00a0<i>Bacillus sp<\/i>. w ilo\u015bci nie mniejszej ni\u017c\u00a0 3&#215;10<sup>9<\/sup>\u00a0JTK na gram produktu<\/li>\n<li aria-level=\"1\">Niepatogennych grzyb\u00f3w glebowych w ilo\u015bci nie mniejszej ni\u017c ni\u017c 1&#215;10<sup>7<\/sup>\u00a0spor w 1 gramie produktu<\/li>\n<li aria-level=\"1\">Niepatogennych promieniowc\u00f3w glebowych w ilo\u015bci nie mniejszej ni\u017c 2&#215;10<sup>6<\/sup>\u00a0spor w 1 gramie produktu<\/li>\n<\/ul>\n<\/div>\n<\/div>\n<\/div>\n<\/div>\n<\/div>\n<\/section>\n<section id=\"section-73-103\" class=\" ct-section oxy-margin-bottom\">\n<div class=\"ct-section-inner-wrap\"><\/div>\n<\/section>\n<\/div>\n<\/div>\n<\/div>\n<\/div>\n<\/div>\n<\/section>\n<section id=\"section-75-105\" class=\" ct-section oxy-margin-bottom\">\n<div class=\"ct-section-inner-wrap\"><\/div>\n<\/section>\n<\/div>\n<\/div>\n<\/div>\n<\/div>\n<\/div>\n<\/section>\n<section id=\"section-75-107\" class=\" ct-section oxy-margin-bottom\">\n<div class=\"ct-section-inner-wrap\"><\/div>\n<\/section>\n<\/div>\n<\/div>\n<\/div>\n<\/div>\n<\/div>\n<\/section>\n<section id=\"section-112-1521\" class=\" ct-section oxy-margin-bottom-last\">\n<div class=\"ct-section-inner-wrap\"><\/div>\n<\/section>\n<\/div>\n<\/div>\n<\/div>\n<\/div>\n<\/div>\n<\/section>\n<section id=\"section-72-73\" class=\" ct-section oxy-margin-bottom\">\n<div class=\"ct-section-inner-wrap\"><\/div>\n<\/section>\n<\/div>\n<\/div>\n<\/div>\n<\/div>\n<\/div>\n<\/section>\n<section id=\"section-72-67\" class=\" ct-section oxy-margin-bottom\">\n<div class=\"ct-section-inner-wrap\"><\/div>\n<\/section>\n<\/div>\n<\/div>\n<\/div>\n<\/div>\n<\/div>\n<\/section>\n<section id=\"section-72-67\" class=\" ct-section oxy-margin-bottom\">\n<div class=\"ct-section-inner-wrap\"><\/div>\n<\/section>\n<\/div>\n<\/div>\n<\/div>\n<\/div>\n<\/div>\n<\/section>\n<section id=\"section-563-65\" class=\" ct-section oxy-margin-bottom\">\n<div class=\"ct-section-inner-wrap\"><\/div>\n<\/section>\n<\/div>\n<\/div>\n<\/div>\n<\/div>\n<\/div>\n<\/section>\n<section id=\"section-71-71\" class=\" ct-section oxy-margin-bottom\">\n<div class=\"ct-section-inner-wrap\"><\/div>\n<\/section>\n<\/div>\n<\/div>\n<\/div>\n<\/div>\n<\/div>\n<\/section>\n<section id=\"section-118-69\" class=\" ct-section oxy-margin-bottom\">\n<div class=\"ct-section-inner-wrap\"><\/div>\n<\/section>\n<\/div>\n<\/div>\n<\/div>\n<\/div>\n<\/div>\n<\/section>\n<section id=\"section-112-81\" class=\" ct-section oxy-margin-bottom-last\">\n<div class=\"ct-section-inner-wrap\"><\/div>\n<\/section>\n<\/div>\n<\/div>\n<\/div>\n<\/div>\n<\/div>\n<\/section>\n<\/div>\n<\/div>\n<\/div>\n<\/div>\n<\/div>\n<\/section>\n<\/div>\n<\/div>\n<\/div>\n<\/div>\n<\/div>\n<\/section>\n<\/div>\n<\/div>\n<\/div>\n<\/div>\n<\/div>\n<\/section>\n<section id=\"section-112-85\" class=\" ct-section oxy-margin-bottom-last\">\n<div class=\"ct-section-inner-wrap\"><\/div>\n<\/section>\n<\/div>\n<\/div>\n<\/div>\n<\/div>\n<\/div>\n<\/section>\n<section id=\"section-1383-47\" class=\" ct-section oxy-margin-bottom\">\n<div class=\"ct-section-inner-wrap\">\n<p><strong><strong>Dawkowanie: Stosowanie na gleb\u0119 przed siewem i sadzeniem ro\u015blin oraz na jesieni pozbiorczo, na gleb\u0119 z resztkami po\u017cniwnymi w formie oprysku w dawce: 1-2 kg\/250-350 l wody\/ha.<br \/>\nOpryski wykonywa\u0107 rano lub wieczorem przy temperaturze powy\u017cej 10\u00b0C.<\/strong><\/strong><\/p>\n<section id=\"section-49-77\" class=\" ct-section oxy-margin-bottom\">\n<div class=\"ct-section-inner-wrap\">\n<div id=\"_tabs_contents-59-77\" class=\"oxy-tabs-contents-wrapper oxy-tabs-contents\">\n<div id=\"_tab_content-66-77\" class=\"oxy-tab-content tabs-contents-2212-tab\">\n<div id=\"div_block-67-77\" class=\"ct-div-block\">\n<div id=\"_rich_text-68-77\" class=\"oxy-rich-text\">\n<section id=\"section-51-79\" class=\" ct-section oxy-margin-bottom\">\n<div class=\"ct-section-inner-wrap\">\n<div id=\"_tabs_contents-61-79\" class=\"oxy-tabs-contents-wrapper oxy-tabs-contents\">\n<div id=\"_tab_content-68-79\" class=\"oxy-tab-content tabs-contents-2212-tab\">\n<div id=\"div_block-69-79\" class=\"ct-div-block\">\n<div id=\"_rich_text-70-79\" class=\"oxy-rich-text\">\n<section id=\"section-112-81\" class=\" ct-section oxy-margin-bottom-last\">\n<div class=\"ct-section-inner-wrap\">\n<div id=\"_rich_text-77-105\" class=\"oxy-rich-text\">\n<section id=\"section-73-103\" class=\" ct-section oxy-margin-bottom\">\n<div class=\"ct-section-inner-wrap\">\n<div id=\"_rich_text-123-103\" class=\"oxy-rich-text\">\n<h3 id=\"headline-76-111\" class=\"ct-headline\">Dodatkowe informacje:<\/h3>\n<div id=\"_rich_text-77-111\" class=\"oxy-rich-text\">\n<p>Nawozu bi safe nie wolno stosowa\u0107 z fungicydami. Jest to jedyny preparat na rynku w formie proszku zawieraj\u0105cy tak ogromn\u0105 ilo\u015b\u0107 bakterii w 1 gramie produktu.<\/p>\n<\/div>\n<\/div>\n<\/div>\n<\/section>\n<section id=\"section-195-103\" class=\" ct-section oxy-margin-bottom\">\n<div class=\"ct-section-inner-wrap\">\n<div id=\"_gallery-199-103\" class=\"oxy-gallery oxy-gallery-masonry\"><\/div>\n<\/div>\n<\/section>\n<\/div>\n<\/div>\n<\/section>\n<\/div>\n<\/div>\n<\/div>\n<\/div>\n<\/div>\n<\/section>\n<section id=\"section-120-79\" class=\" ct-section oxy-margin-bottom\">\n<div class=\"ct-section-inner-wrap\"><\/div>\n<\/section>\n<\/div>\n<\/div>\n<\/div>\n<\/div>\n<\/div>\n<\/section>\n<section id=\"section-71-77\" class=\" ct-section oxy-margin-bottom\">\n<div class=\"ct-section-inner-wrap\"><\/div>\n<\/section>\n<section id=\"section-352-87\" class=\" ct-section oxy-margin-bottom\">\n<div class=\"ct-section-inner-wrap\"><\/div>\n<\/section>\n<\/div>\n<\/section>\n<\/div>\n<\/div>\n","protected":false},"excerpt":{"rendered":"<p>bi safe Poprawa stanu biologicznego gleby Dzia\u0142anie nawozu mikrobiologicznego bi safe, ma za zadanie popraw\u0119 stanu biologicznego gleby, ograniczenie wyst\u0119powania patogen\u00f3w glebowych oraz zwi\u0119kszenie dost\u0119pno\u015bci makro- i mikroelement\u00f3w. Bi safe wspiera rozw\u00f3j korzystnej mikroflory glebowej, poprawia jej struktur\u0119 oraz stymuluje wzrost i plonowanie ro\u015blin. Preparat zawiera skoncentrowane formy mikroorganizm\u00f3w ryzosferowych, kt\u00f3re bior\u0105 udzia\u0142 w przemianach &#8230; <a title=\"bi safe- 5kg(Preparat bakteryjny)\" class=\"read-more\" href=\"https:\/\/agro-expert.eu\/?product=bi-safe-5kgpreparat-bakteryjny\" aria-label=\"Read more about bi safe- 5kg(Preparat bakteryjny)\">Dowiedz si\u0119 wi\u0119cej<\/a><\/p>\n","protected":false},"featured_media":1008,"comment_status":"open","ping_status":"closed","template":"","meta":{"om_disable_all_campaigns":false,"_monsterinsights_skip_tracking":false,"_monsterinsights_sitenote_active":false,"_monsterinsights_sitenote_note":"","_monsterinsights_sitenote_category":0,"_uf_show_specific_survey":0,"_uf_disable_surveys":false},"product_brand":[],"product_cat":[45,47],"product_tag":[],"class_list":{"0":"post-1007","1":"product","2":"type-product","3":"status-publish","4":"has-post-thumbnail","6":"product_cat-agrarius","7":"product_cat-preparaty-bakteryjne-agrarius","9":"first","10":"instock","11":"taxable","12":"shipping-taxable","13":"purchasable","14":"product-type-simple"},"aioseo_notices":[],"jetpack_sharing_enabled":true,"_links":{"self":[{"href":"https:\/\/agro-expert.eu\/index.php?rest_route=\/wp\/v2\/product\/1007","targetHints":{"allow":["GET"]}}],"collection":[{"href":"https:\/\/agro-expert.eu\/index.php?rest_route=\/wp\/v2\/product"}],"about":[{"href":"https:\/\/agro-expert.eu\/index.php?rest_route=\/wp\/v2\/types\/product"}],"replies":[{"embeddable":true,"href":"https:\/\/agro-expert.eu\/index.php?rest_route=%2Fwp%2Fv2%2Fcomments&post=1007"}],"wp:featuredmedia":[{"embeddable":true,"href":"https:\/\/agro-expert.eu\/index.php?rest_route=\/wp\/v2\/media\/1008"}],"wp:attachment":[{"href":"https:\/\/agro-expert.eu\/index.php?rest_route=%2Fwp%2Fv2%2Fmedia&parent=1007"}],"wp:term":[{"taxonomy":"product_brand","embeddable":true,"href":"https:\/\/agro-expert.eu\/index.php?rest_route=%2Fwp%2Fv2%2Fproduct_brand&post=1007"},{"taxonomy":"product_cat","embeddable":true,"href":"https:\/\/agro-expert.eu\/index.php?rest_route=%2Fwp%2Fv2%2Fproduct_cat&post=1007"},{"taxonomy":"product_tag","embeddable":true,"href":"https:\/\/agro-expert.eu\/index.php?rest_route=%2Fwp%2Fv2%2Fproduct_tag&post=1007"}],"curies":[{"name":"wp","href":"https:\/\/api.w.org\/{rel}","templated":true}]}}