{"id":1016,"date":"2025-06-10T18:35:56","date_gmt":"2025-06-10T16:35:56","guid":{"rendered":"https:\/\/agro-expert.eu\/?post_type=product&#038;p=1016"},"modified":"2025-07-03T15:46:52","modified_gmt":"2025-07-03T13:46:52","slug":"bi-sloma-5kgpreparat-bakteryjny","status":"publish","type":"product","link":"https:\/\/agro-expert.eu\/?product=bi-sloma-5kgpreparat-bakteryjny","title":{"rendered":"bi s\u0142oma- 5kg(Preparat bakteryjny)"},"content":{"rendered":"<div class=\"et_pb_module et_pb_image et_pb_image_0\"><\/div>\n<div class=\"et_pb_module et_pb_text et_pb_text_0 et_pb_text_align_left et_pb_bg_layout_light\">\n<div class=\"et_pb_text_inner\">\n<h1 id=\"headline-8-111\" class=\"ct-headline oxy-bakterie\"><strong>bi s\u0142oma<\/strong><\/h1>\n<h2 id=\"headline-9-117\" class=\"ct-headline\">Resztki po\u017cniwne<\/h2>\n<div id=\"text_block-10-117\" class=\"ct-text-block\">Preparat mikrobiologiczny bi s\u0142oma to specjalistyczny naw\u00f3z oparty na starannie wyselekcjonowanych, bezpiecznych kulturach bakterii i niepatogennych grzyb\u00f3w glebowych naturalnie wyst\u0119puj\u0105cych w pod\u0142o\u017cu. Produkt zosta\u0142 opracowany dla przyspieszenia procesu rozk\u0142adu organicznych resztek po\u017cniwnych i s\u0142omy.\u00a0Dzi\u0119ki sypkiej formie, preparat zapewnia d\u0142ugotrwa\u0142\u0105 skuteczno\u015b\u0107. Bakterie i grzyby zawarte w bi s\u0142oma, maj\u0105 za zadanie aktywowa\u0107 procesy biologiczne w glebie, wspieraj\u0105c rozk\u0142ad organicznych materia\u0142\u00f3w ro\u015blinnych. Przyspieszaj\u0105c rozk\u0142ad resztek po\u017cniwnych preparat pomaga w uwalnianiu sk\u0142adnik\u00f3w od\u017cywczych oraz poprawia struktur\u0119, zasobno\u015b\u0107 i \u017cyzno\u015b\u0107 gleby.<\/div>\n<p><img fetchpriority=\"high\" decoding=\"async\" class=\"aligncenter wp-image-1013 size-full\" src=\"https:\/\/agro-expert.eu\/wp-content\/uploads\/2025\/06\/Zrzut-ekranu-2025-06-10-o-18.33.17.png\" alt=\"\" width=\"1193\" height=\"281\" srcset=\"https:\/\/agro-expert.eu\/wp-content\/uploads\/2025\/06\/Zrzut-ekranu-2025-06-10-o-18.33.17.png 1193w, https:\/\/agro-expert.eu\/wp-content\/uploads\/2025\/06\/Zrzut-ekranu-2025-06-10-o-18.33.17-300x71.png 300w, https:\/\/agro-expert.eu\/wp-content\/uploads\/2025\/06\/Zrzut-ekranu-2025-06-10-o-18.33.17-1024x241.png 1024w, https:\/\/agro-expert.eu\/wp-content\/uploads\/2025\/06\/Zrzut-ekranu-2025-06-10-o-18.33.17-768x181.png 768w, https:\/\/agro-expert.eu\/wp-content\/uploads\/2025\/06\/Zrzut-ekranu-2025-06-10-o-18.33.17-600x141.png 600w\" sizes=\"(max-width: 1193px) 100vw, 1193px\" \/><\/p>\n<p><strong>DZIA\u0141ANIE:<\/strong><\/p>\n<p>Dzia\u0142anie preparatu\u00a0<b>bi s\u0142oma\u00a0<\/b>polega na przyspieszeniu rozk\u0142adu trudno przyswajalnych substancji ro\u015blinnych, takich jak celuloza czy lignina. Mikroorganizmy zawarte w preparacie aktywnie wp\u0142ywaj\u0105 na popraw\u0119 struktury gleby, tworz\u0105c sprzyjaj\u0105ce warunki dla korzystnego rozwoju przydatnej mikroflory.<\/p>\n<p>Pozostawione resztki po\u017cniwne, takie jak s\u0142oma i inne pozosta\u0142o\u015bci ro\u015blinne, pe\u0142ni\u0105 funkcj\u0119 naturalnego materia\u0142u organicznego. Gdy dochodzi do ich rozk\u0142adu, gleba poprawia swoj\u0105 struktur\u0119 poprzez zwi\u0119kszenie zawarto\u015bci pr\u00f3chnicy i substancji organicznych. To z kolei wp\u0142ywa na lepsz\u0105 retencj\u0119 wody, przewiewno\u015b\u0107 gleby i jej zdolno\u015b\u0107 do przyswajania sk\u0142adnik\u00f3w od\u017cywczych.<\/p>\n<p>Dodatkowo bakterie i grzyby niepatogenne zawarte w\u00a0<b>bi s\u0142oma\u00a0<\/b>pomagaj\u0105 w w\u0142a\u015bciwym od\u017cywieniu ro\u015blin, poprzez dostarczanie im niezb\u0119dnych sk\u0142adnik\u00f3w od\u017cywczych \u2013 przek\u0142ada si\u0119 to na lepsze plonowanie i wy\u017csz\u0105 jako\u015b\u0107 zbior\u00f3w. Wykorzystanie resztek po\u017cniwnych i s\u0142omy stanowi zas\u00f3b dla zr\u00f3wnowa\u017conego rolnictwa, pozwala na\u00a0 prawid\u0142ow\u0105 retencje i udost\u0119pnianie wody, popraw\u0119 jako\u015bci gleby i zmniejszenie potrzeby stosowania sztucznych nawoz\u00f3w czy pestycyd\u00f3w<\/p>\n<p><strong style=\"font-size: inherit; font-family: -apple-system, system-ui, BlinkMacSystemFont, 'Segoe UI', Helvetica, Arial, sans-serif, 'Apple Color Emoji', 'Segoe UI Emoji', 'Segoe UI Symbol';\">SK\u0141AD:\u00a0<\/strong><\/p>\n<\/div>\n<div class=\"et_pb_text_inner\">\n<section id=\"section-50-47\" class=\" ct-section oxy-margin-bottom\">\n<div class=\"ct-section-inner-wrap\">\n<div id=\"_tabs_contents-60-47\" class=\"oxy-tabs-contents-wrapper oxy-tabs-contents\">\n<div id=\"_tab_content-64-47\" class=\"oxy-tab-content tabs-contents-2212-tab\">\n<div id=\"div_block-65-47\" class=\"ct-div-block\">\n<div id=\"_rich_text-66-47\" class=\"oxy-rich-text\">\n<section id=\"section-51-85\" class=\" ct-section oxy-margin-bottom\">\n<div class=\"ct-section-inner-wrap\">\n<div id=\"_tabs_contents-61-85\" class=\"oxy-tabs-contents-wrapper oxy-tabs-contents\">\n<div id=\"_tab_content-65-85\" class=\"oxy-tab-content tabs-contents-2212-tab\">\n<div id=\"div_block-66-85\" class=\"ct-div-block\">\n<div id=\"_rich_text-67-85\" class=\"oxy-rich-text\">\n<section id=\"section-51-83\" class=\" ct-section oxy-margin-bottom\">\n<div class=\"ct-section-inner-wrap\">\n<div id=\"_tabs_contents-61-83\" class=\"oxy-tabs-contents-wrapper oxy-tabs-contents\">\n<div id=\"_tab_content-65-83\" class=\"oxy-tab-content tabs-contents-2212-tab\">\n<div id=\"div_block-66-83\" class=\"ct-div-block\">\n<div id=\"_rich_text-67-83\" class=\"oxy-rich-text\">\n<section id=\"section-49-77\" class=\" ct-section oxy-margin-bottom\">\n<div class=\"ct-section-inner-wrap\">\n<div id=\"_tabs_contents-59-77\" class=\"oxy-tabs-contents-wrapper oxy-tabs-contents\">\n<div id=\"_tab_content-63-77\" class=\"oxy-tab-content tabs-contents-2212-tab\">\n<div id=\"div_block-64-77\" class=\"ct-div-block\">\n<div id=\"_rich_text-65-77\" class=\"oxy-rich-text\">\n<section id=\"section-51-79\" class=\" ct-section oxy-margin-bottom\">\n<div class=\"ct-section-inner-wrap\">\n<div id=\"_tabs_contents-61-79\" class=\"oxy-tabs-contents-wrapper oxy-tabs-contents\">\n<div id=\"_tab_content-65-79\" class=\"oxy-tab-content tabs-contents-2212-tab\">\n<div id=\"div_block-66-79\" class=\"ct-div-block\">\n<div id=\"_rich_text-67-79\" class=\"oxy-rich-text\">\n<section id=\"section-51-81\" class=\" ct-section oxy-margin-bottom\">\n<div class=\"ct-section-inner-wrap\">\n<div id=\"_tabs_contents-61-81\" class=\"oxy-tabs-contents-wrapper oxy-tabs-contents\">\n<div id=\"_tab_content-65-81\" class=\"oxy-tab-content tabs-contents-2212-tab\">\n<div id=\"div_block-66-81\" class=\"ct-div-block\">\n<div id=\"_rich_text-67-81\" class=\"oxy-rich-text\">\n<section id=\"section-49-69\" class=\" ct-section oxy-margin-bottom\">\n<div class=\"ct-section-inner-wrap\">\n<div id=\"_tabs_contents-59-69\" class=\"oxy-tabs-contents-wrapper oxy-tabs-contents\">\n<div id=\"_tab_content-63-69\" class=\"oxy-tab-content tabs-contents-2212-tab\">\n<div id=\"div_block-64-69\" class=\"ct-div-block\">\n<div id=\"_rich_text-65-69\" class=\"oxy-rich-text\">\n<section id=\"section-49-71\" class=\" ct-section oxy-margin-bottom\">\n<div class=\"ct-section-inner-wrap\">\n<div id=\"_tabs_contents-59-71\" class=\"oxy-tabs-contents-wrapper oxy-tabs-contents\">\n<div id=\"_tab_content-63-71\" class=\"oxy-tab-content tabs-contents-2212-tab\">\n<div id=\"div_block-64-71\" class=\"ct-div-block\">\n<div id=\"_rich_text-65-71\" class=\"oxy-rich-text\">\n<section id=\"section-541-65\" class=\" ct-section oxy-margin-bottom\">\n<div class=\"ct-section-inner-wrap\">\n<div id=\"_tabs_contents-551-65\" class=\"oxy-tabs-contents-wrapper oxy-tabs-contents\">\n<div id=\"_tab_content-555-65\" class=\"oxy-tab-content tabs-contents-2212-tab\">\n<div id=\"div_block-556-65\" class=\"ct-div-block\">\n<div id=\"_rich_text-557-65\" class=\"oxy-rich-text\">\n<section id=\"section-50-67\" class=\" ct-section oxy-margin-bottom\">\n<div class=\"ct-section-inner-wrap\">\n<div id=\"_tabs_contents-60-67\" class=\"oxy-tabs-contents-wrapper oxy-tabs-contents\">\n<div id=\"_tab_content-64-67\" class=\"oxy-tab-content tabs-contents-2212-tab\">\n<div id=\"div_block-65-67\" class=\"ct-div-block\">\n<div id=\"_rich_text-66-67\" class=\"oxy-rich-text\">\n<section id=\"section-50-67\" class=\" ct-section oxy-margin-bottom\">\n<div class=\"ct-section-inner-wrap\">\n<div id=\"_tabs_contents-60-67\" class=\"oxy-tabs-contents-wrapper oxy-tabs-contents\">\n<div id=\"_tab_content-64-67\" class=\"oxy-tab-content tabs-contents-2212-tab\">\n<div id=\"div_block-65-67\" class=\"ct-div-block\">\n<div id=\"_rich_text-66-67\" class=\"oxy-rich-text\">\n<section id=\"section-50-73\" class=\" ct-section oxy-margin-bottom\">\n<div class=\"ct-section-inner-wrap\">\n<div id=\"_tabs_contents-60-73\" class=\"oxy-tabs-contents-wrapper oxy-tabs-contents\">\n<div id=\"_tab_content-64-73\" class=\"oxy-tab-content tabs-contents-2212-tab\">\n<div id=\"div_block-65-73\" class=\"ct-div-block\">\n<div id=\"_rich_text-66-73\" class=\"oxy-rich-text\">\n<section id=\"section-51-1521\" class=\" ct-section oxy-margin-bottom\">\n<div class=\"ct-section-inner-wrap\">\n<div id=\"_tabs_contents-61-1521\" class=\"oxy-tabs-contents-wrapper oxy-tabs-contents\">\n<div id=\"_tab_content-65-1521\" class=\"oxy-tab-content tabs-contents-2212-tab\">\n<div id=\"div_block-66-1521\" class=\"ct-div-block\">\n<div id=\"_rich_text-67-1521\" class=\"oxy-rich-text\">\n<section id=\"section-53-107\" class=\" ct-section oxy-margin-bottom\">\n<div class=\"ct-section-inner-wrap\">\n<div id=\"_tabs_contents-63-107\" class=\"oxy-tabs-contents-wrapper oxy-tabs-contents\">\n<div id=\"_tab_content-67-107\" class=\"oxy-tab-content tabs-contents-2212-tab\">\n<div id=\"div_block-68-107\" class=\"ct-div-block\">\n<div id=\"_rich_text-69-107\" class=\"oxy-rich-text\">\n<section id=\"section-53-105\" class=\" ct-section oxy-margin-bottom\">\n<div class=\"ct-section-inner-wrap\">\n<div id=\"_tabs_contents-63-105\" class=\"oxy-tabs-contents-wrapper oxy-tabs-contents\">\n<div id=\"_tab_content-67-105\" class=\"oxy-tab-content tabs-contents-2212-tab\">\n<div id=\"div_block-68-105\" class=\"ct-div-block\">\n<div id=\"_rich_text-69-105\" class=\"oxy-rich-text\">\n<section id=\"section-51-103\" class=\" ct-section oxy-margin-bottom\">\n<div class=\"ct-section-inner-wrap\">\n<div id=\"_tabs_contents-61-103\" class=\"oxy-tabs-contents-wrapper oxy-tabs-contents\">\n<div id=\"_tab_content-65-103\" class=\"oxy-tab-content tabs-contents-2212-tab\">\n<div id=\"div_block-66-103\" class=\"ct-div-block\">\n<div id=\"_rich_text-67-103\" class=\"oxy-rich-text\">\n<p>Bakterie z rodzaju\u00a0<i>Bacillus sp., Trichoderma sp.\u00a0<\/i>w ilo\u015bci nie mniejszej ni\u017c 1&#215;10<sup>9<\/sup> JTK\/spor w 1 gramie produktu.<\/p>\n<\/div>\n<\/div>\n<\/div>\n<\/div>\n<\/div>\n<\/section>\n<\/div>\n<\/div>\n<\/div>\n<\/div>\n<\/div>\n<\/section>\n<\/div>\n<\/div>\n<\/div>\n<\/div>\n<\/div>\n<\/section>\n<\/div>\n<\/div>\n<\/div>\n<\/div>\n<\/div>\n<\/section>\n<\/div>\n<\/div>\n<\/div>\n<\/div>\n<\/div>\n<\/section>\n<\/div>\n<\/div>\n<\/div>\n<\/div>\n<\/div>\n<\/section>\n<section id=\"section-72-67\" class=\" ct-section oxy-margin-bottom\">\n<div class=\"ct-section-inner-wrap\"><\/div>\n<\/section>\n<\/div>\n<\/div>\n<\/div>\n<\/div>\n<\/div>\n<\/section>\n<section id=\"section-72-67\" class=\" ct-section oxy-margin-bottom\">\n<div class=\"ct-section-inner-wrap\"><\/div>\n<\/section>\n<\/div>\n<\/div>\n<\/div>\n<\/div>\n<\/div>\n<\/section>\n<\/div>\n<\/div>\n<\/div>\n<\/div>\n<\/div>\n<\/section>\n<\/div>\n<\/div>\n<\/div>\n<\/div>\n<\/div>\n<\/section>\n<\/div>\n<\/div>\n<\/div>\n<\/div>\n<\/div>\n<\/section>\n<\/div>\n<\/div>\n<\/div>\n<\/div>\n<\/div>\n<\/section>\n<\/div>\n<\/div>\n<\/div>\n<\/div>\n<\/div>\n<\/section>\n<\/div>\n<\/div>\n<\/div>\n<\/div>\n<\/div>\n<\/section>\n<\/div>\n<\/div>\n<\/div>\n<\/div>\n<\/div>\n<\/section>\n<\/div>\n<\/div>\n<\/div>\n<\/div>\n<\/div>\n<\/section>\n<section id=\"section-1383-47\" class=\" ct-section oxy-margin-bottom\">\n<div class=\"ct-section-inner-wrap\">\n<p><strong><strong>Dawkowanie:\u00a0<\/strong><\/strong><\/p>\n<p><img decoding=\"async\" class=\"aligncenter size-full wp-image-1014\" src=\"https:\/\/agro-expert.eu\/wp-content\/uploads\/2025\/06\/Zrzut-ekranu-2025-06-10-o-18.33.23.png\" alt=\"\" width=\"1112\" height=\"180\" srcset=\"https:\/\/agro-expert.eu\/wp-content\/uploads\/2025\/06\/Zrzut-ekranu-2025-06-10-o-18.33.23.png 1112w, https:\/\/agro-expert.eu\/wp-content\/uploads\/2025\/06\/Zrzut-ekranu-2025-06-10-o-18.33.23-300x49.png 300w, https:\/\/agro-expert.eu\/wp-content\/uploads\/2025\/06\/Zrzut-ekranu-2025-06-10-o-18.33.23-1024x166.png 1024w, https:\/\/agro-expert.eu\/wp-content\/uploads\/2025\/06\/Zrzut-ekranu-2025-06-10-o-18.33.23-768x124.png 768w, https:\/\/agro-expert.eu\/wp-content\/uploads\/2025\/06\/Zrzut-ekranu-2025-06-10-o-18.33.23-600x97.png 600w\" sizes=\"(max-width: 1112px) 100vw, 1112px\" \/><\/p>\n<section id=\"section-49-77\" class=\" ct-section oxy-margin-bottom\">\n<div class=\"ct-section-inner-wrap\">\n<div id=\"_tabs_contents-59-77\" class=\"oxy-tabs-contents-wrapper oxy-tabs-contents\">\n<div id=\"_tab_content-66-77\" class=\"oxy-tab-content tabs-contents-2212-tab\">\n<div id=\"div_block-67-77\" class=\"ct-div-block\">\n<div id=\"_rich_text-68-77\" class=\"oxy-rich-text\">\n<section id=\"section-51-79\" class=\" ct-section oxy-margin-bottom\">\n<div class=\"ct-section-inner-wrap\">\n<div id=\"_tabs_contents-61-79\" class=\"oxy-tabs-contents-wrapper oxy-tabs-contents\">\n<div id=\"_tab_content-68-79\" class=\"oxy-tab-content tabs-contents-2212-tab\">\n<div id=\"div_block-69-79\" class=\"ct-div-block\">\n<div id=\"_rich_text-70-79\" class=\"oxy-rich-text\">\n<section id=\"section-112-81\" class=\" ct-section oxy-margin-bottom-last\">\n<div class=\"ct-section-inner-wrap\">\n<div id=\"_rich_text-77-105\" class=\"oxy-rich-text\">\n<section id=\"section-73-103\" class=\" ct-section oxy-margin-bottom\">\n<div class=\"ct-section-inner-wrap\">\n<div id=\"_rich_text-123-103\" class=\"oxy-rich-text\">\n<h3 id=\"headline-76-111\" class=\"ct-headline\">Dodatkowe informacje:<\/h3>\n<div id=\"_rich_text-77-111\" class=\"oxy-rich-text\">\n<p>Preparatem nale\u017cy\u00a0 opryska\u0107 gleb\u0119 i resztki organiczne i wymiesza\u0107 z gleb\u0105 na g\u0142\u0119boko\u015b\u0107 ok. 15 cm lub docisn\u0105\u0107 do gleby wa\u0142ami. Stosowa\u0107 w przedziale temperatury od +5\u00b0C do +35\u00b0C oraz pH gleby 5,0-7,0, najlepiej przy wilgotno\u015bci wynosz\u0105cej ok. 75%. Zaleca si\u0119 miesza\u0107 z nawozami azotowymi (full terminator).<\/p>\n<p>Preparaty mikrobiologiczne AGRARIUS w formie sypkiej to jedyne na rynku, kt\u00f3re zawieraj\u0105 tak ogromn\u0105 ilo\u015b\u0107 bakterii w 1 gramie produktu.<\/p>\n<\/div>\n<\/div>\n<\/div>\n<\/section>\n<section id=\"section-195-103\" class=\" ct-section oxy-margin-bottom\">\n<div class=\"ct-section-inner-wrap\">\n<div id=\"_gallery-199-103\" class=\"oxy-gallery oxy-gallery-masonry\"><\/div>\n<\/div>\n<\/section>\n<\/div>\n<\/div>\n<\/section>\n<\/div>\n<\/div>\n<\/div>\n<\/div>\n<\/div>\n<\/section>\n<section id=\"section-120-79\" class=\" ct-section oxy-margin-bottom\">\n<div class=\"ct-section-inner-wrap\"><\/div>\n<\/section>\n<\/div>\n<\/div>\n<\/div>\n<\/div>\n<\/div>\n<\/section>\n<section id=\"section-71-77\" class=\" ct-section oxy-margin-bottom\">\n<div class=\"ct-section-inner-wrap\"><\/div>\n<\/section>\n<section id=\"section-352-87\" class=\" ct-section oxy-margin-bottom\">\n<div class=\"ct-section-inner-wrap\"><\/div>\n<\/section>\n<\/div>\n<\/section>\n<\/div>\n<\/div>\n","protected":false},"excerpt":{"rendered":"<p>bi s\u0142oma Resztki po\u017cniwne Preparat mikrobiologiczny bi s\u0142oma to specjalistyczny naw\u00f3z oparty na starannie wyselekcjonowanych, bezpiecznych kulturach bakterii i niepatogennych grzyb\u00f3w glebowych naturalnie wyst\u0119puj\u0105cych w pod\u0142o\u017cu. Produkt zosta\u0142 opracowany dla przyspieszenia procesu rozk\u0142adu organicznych resztek po\u017cniwnych i s\u0142omy.\u00a0Dzi\u0119ki sypkiej formie, preparat zapewnia d\u0142ugotrwa\u0142\u0105 skuteczno\u015b\u0107. Bakterie i grzyby zawarte w bi s\u0142oma, maj\u0105 za zadanie aktywowa\u0107 &#8230; <a title=\"bi s\u0142oma- 5kg(Preparat bakteryjny)\" class=\"read-more\" href=\"https:\/\/agro-expert.eu\/?product=bi-sloma-5kgpreparat-bakteryjny\" aria-label=\"Read more about bi s\u0142oma- 5kg(Preparat bakteryjny)\">Dowiedz si\u0119 wi\u0119cej<\/a><\/p>\n","protected":false},"featured_media":1017,"comment_status":"open","ping_status":"closed","template":"","meta":{"om_disable_all_campaigns":false,"_monsterinsights_skip_tracking":false,"_monsterinsights_sitenote_active":false,"_monsterinsights_sitenote_note":"","_monsterinsights_sitenote_category":0,"_uf_show_specific_survey":0,"_uf_disable_surveys":false},"product_brand":[],"product_cat":[45,47],"product_tag":[],"class_list":{"0":"post-1016","1":"product","2":"type-product","3":"status-publish","4":"has-post-thumbnail","6":"product_cat-agrarius","7":"product_cat-preparaty-bakteryjne-agrarius","9":"first","10":"instock","11":"taxable","12":"shipping-taxable","13":"purchasable","14":"product-type-simple"},"aioseo_notices":[],"jetpack_sharing_enabled":true,"_links":{"self":[{"href":"https:\/\/agro-expert.eu\/index.php?rest_route=\/wp\/v2\/product\/1016","targetHints":{"allow":["GET"]}}],"collection":[{"href":"https:\/\/agro-expert.eu\/index.php?rest_route=\/wp\/v2\/product"}],"about":[{"href":"https:\/\/agro-expert.eu\/index.php?rest_route=\/wp\/v2\/types\/product"}],"replies":[{"embeddable":true,"href":"https:\/\/agro-expert.eu\/index.php?rest_route=%2Fwp%2Fv2%2Fcomments&post=1016"}],"wp:featuredmedia":[{"embeddable":true,"href":"https:\/\/agro-expert.eu\/index.php?rest_route=\/wp\/v2\/media\/1017"}],"wp:attachment":[{"href":"https:\/\/agro-expert.eu\/index.php?rest_route=%2Fwp%2Fv2%2Fmedia&parent=1016"}],"wp:term":[{"taxonomy":"product_brand","embeddable":true,"href":"https:\/\/agro-expert.eu\/index.php?rest_route=%2Fwp%2Fv2%2Fproduct_brand&post=1016"},{"taxonomy":"product_cat","embeddable":true,"href":"https:\/\/agro-expert.eu\/index.php?rest_route=%2Fwp%2Fv2%2Fproduct_cat&post=1016"},{"taxonomy":"product_tag","embeddable":true,"href":"https:\/\/agro-expert.eu\/index.php?rest_route=%2Fwp%2Fv2%2Fproduct_tag&post=1016"}],"curies":[{"name":"wp","href":"https:\/\/api.w.org\/{rel}","templated":true}]}}