{"id":1024,"date":"2025-06-11T09:25:15","date_gmt":"2025-06-11T07:25:15","guid":{"rendered":"https:\/\/agro-expert.eu\/?post_type=product&#038;p=1024"},"modified":"2025-07-03T15:46:52","modified_gmt":"2025-07-03T13:46:52","slug":"bi-system-24-5kgpreparat-bakteryjny","status":"publish","type":"product","link":"https:\/\/agro-expert.eu\/?product=bi-system-24-5kgpreparat-bakteryjny","title":{"rendered":"bi system 24- 5kg(Preparat bakteryjny)"},"content":{"rendered":"<div class=\"et_pb_module et_pb_image et_pb_image_0\"><\/div>\n<div class=\"et_pb_module et_pb_text et_pb_text_0 et_pb_text_align_left et_pb_bg_layout_light\">\n<div class=\"et_pb_text_inner\">\n<h1 id=\"headline-8-111\" class=\"ct-headline oxy-bakterie\"><strong>bi system 24<\/strong><\/h1>\n<h2 id=\"headline-10-716\" class=\"ct-headline\">Preparat mikrobiologiczny z dodatkiem dro\u017cd\u017cy<\/h2>\n<div id=\"text_block-11-716\" class=\"ct-text-block\">bi system24 to innowacyjny i niepowtarzalny preparat wykazuj\u0105cy wyj\u0105tkowo szerokie dzia\u0142anie we wspieraniu wzrostu i rozwoju ro\u015blin oraz poprawy jako\u015bci gleby. \u0141\u0105czy w sobie potencja\u0142 wyspecjalizowanych szczep\u00f3w bakterii PGPB i unikalnego szczepu dro\u017cd\u017cy\u00a0<i>Yarrowia lipolytica<\/i>. Jego szerokie spektrum dzia\u0142ania aktywnie udost\u0119pnia ro\u015blinom sk\u0142adniki pokarmowe i poprawia \u017cyzno\u015b\u0107 gleby. Opr\u00f3cz tego zwi\u0119ksza zasobno\u015b\u0107 ro\u015blin w makroelementy, mikroelementy oraz zwi\u0105zki bioaktywne. Przez korzystny wp\u0142yw na mikoryz\u0119 korzeniow\u0105 ro\u015blin stymuluje ich wzrost, poprawia jako\u015b\u0107 plon\u00f3w oraz zwi\u0119ksza zdrowotno\u015b\u0107 i og\u00f3ln\u0105 odporno\u015b\u0107 na zmienne warunki \u015brodowiskowe.<\/div>\n<p><img fetchpriority=\"high\" decoding=\"async\" class=\"aligncenter wp-image-1021 size-full\" src=\"https:\/\/agro-expert.eu\/wp-content\/uploads\/2025\/06\/Zrzut-ekranu-2025-06-11-o-09.21.15-e1749626556107.png\" alt=\"\" width=\"1236\" height=\"320\" srcset=\"https:\/\/agro-expert.eu\/wp-content\/uploads\/2025\/06\/Zrzut-ekranu-2025-06-11-o-09.21.15-e1749626556107.png 1236w, https:\/\/agro-expert.eu\/wp-content\/uploads\/2025\/06\/Zrzut-ekranu-2025-06-11-o-09.21.15-e1749626556107-300x78.png 300w, https:\/\/agro-expert.eu\/wp-content\/uploads\/2025\/06\/Zrzut-ekranu-2025-06-11-o-09.21.15-e1749626556107-1024x265.png 1024w, https:\/\/agro-expert.eu\/wp-content\/uploads\/2025\/06\/Zrzut-ekranu-2025-06-11-o-09.21.15-e1749626556107-768x199.png 768w, https:\/\/agro-expert.eu\/wp-content\/uploads\/2025\/06\/Zrzut-ekranu-2025-06-11-o-09.21.15-e1749626556107-600x155.png 600w\" sizes=\"(max-width: 1236px) 100vw, 1236px\" \/><\/p>\n<p><strong>DZIA\u0141ANIE:<\/strong><\/p>\n<p>Znane na rynku preparat\u00f3w bakteryjnych szczepy\u00a0<i>Bacillus azotofixans i Bacillus megaterium,\u00a0<\/i>zdolne do wi\u0105zania azotu atmosferycznego i udost\u0119pniania fosforu, zosta\u0142y wzbogacone o trzeci komponent w postaci biomasy i metabolit\u00f3w dro\u017cd\u017cy\u00a0<i>Yarrowia lipolytica.\u00a0<\/i>Wysoka efektywno\u015b\u0107 poparta wieloletnimi do\u015bwiadczeniami dw\u00f3ch polskich firm AGRARIUS i Onesano S.A sprawia, \u017ce bi system24 znacz\u0105co wyr\u00f3\u017cnia si\u0119 na tle innych preparat\u00f3w, bazuj\u0105cych na potencjale mikroorganizm\u00f3w glebowych.<\/p>\n<p>Bakterie\u00a0<i>Bacillus azotofixans\u00a0<\/i>w produkcie bi system24\u00a0pomagaj\u0105 w usprawnianiu obiegu azotu w glebie i dostarczaj\u0105 jego przyswajalne formy dla ro\u015blin. Dodatkowo zapobiega w nich kumulacji azotan\u00f3w i azotyn\u00f3w oraz niezale\u017cnie od nawo\u017cenia mineralnego, zapewnia dostarczanie azotu w spos\u00f3b ci\u0105g\u0142y.<\/p>\n<p>Z kolei bakterie\u00a0<i>Bacillus megaterium\u00a0<\/i>uczestnicz\u0105 w rozk\u0142adzie uwstecznionych i zwi\u0105zanych form fosforu (fosforyn\u00f3w i fosfonian\u00f3w) na \u0142atwo dost\u0119pnych dla ro\u015blin fosfor. Stosowanie bakterii\u00a0<i>Bacillus megaterium\u00a0<\/i>w uprawach rolniczych pozwala pozyska\u0107 od 20 do nawet 40 kg fosforu w czystej formie na 1 hektar. Ten pierwiastek podobnie jak azot, bierze udzia\u0142 we wszystkich \u017cyciowych procesach zachodz\u0105cych w ro\u015blinie i jest on niezb\u0119dny do prawid\u0142owego przebiegu fotosyntezy. Wspomaga przemian\u0119 materii, kt\u00f3ra jest szczeg\u00f3lnie wa\u017cna przy powstawaniu bia\u0142ek i substancji zapasowych takich jak t\u0142uszcze i fityna.<\/p>\n<p>Unikalno\u015b\u0107 dro\u017cd\u017cy\u00a0<i>Yarrowia lipolytica<\/i>\u00a0wynika z ich zdolno\u015bci do wytwarzania niezwykle z\u0142o\u017conej gamy metabolit\u00f3w dro\u017cd\u017cowych, czyli wewn\u0105trz i zewn\u0105trzkom\u00f3rkowych zwi\u0105zk\u00f3w aktywnych. Te zwi\u0105zki wydzielaj\u0105 si\u0119 w wyniku przemiany materii zachodz\u0105cej w kom\u00f3rce dro\u017cd\u017cowej i mo\u017cemy do nich zaliczy\u0107:<\/p>\n<ul>\n<li><b>trehaloza<\/b>\u00a0\u2013 zwi\u0105zek nazywany \u201ecukrem prze\u017cycia\u201d, kt\u00f3ry wykazuje zdolno\u015b\u0107 do ochrony organizm\u00f3w przed stresami \u015brodowiskowymi takimi jak susza, wysoka lub niska temperatura, promieniowanie UV czy ekstremalne ci\u015bnienie osmotyczne.<\/li>\n<li><b>GABA<\/b>\u00a0\u2013\u00a0<b>kwas gamma-aminomas\u0142owy<\/b>\u00a0\u2013 aminokwas niebia\u0142kowy, kt\u00f3ry pomaga w ochronie ro\u015blin przed stresami abiotycznymi, takimi jak susza, metale ci\u0119\u017ckie i zasolenie. Kwas gamma-aminomas\u0142owy bierze szczeg\u00f3lny udzia\u0142 w wyd\u0142u\u017caniu \u0142agiewki py\u0142kowej, wzro\u015bcie korzeni, dojrzewaniu owoc\u00f3w i kie\u0142kowaniu nasion.<\/li>\n<li><b>betaglukan\u00a0<\/b>\u2013 posiada w\u0142a\u015bciwo\u015bci przeciw infekcyjne i jest wykorzystywany r\u00f3wnie\u017c w suplementacji przez ludzi.<\/li>\n<li><b>alfa<\/b>\u00a0\u2013\u00a0<b>ketoglutaran\u00a0<\/b>\u2013 wa\u017cny kwas organiczny w cyklu kwasu (TCA), kt\u00f3ry bierze udzia\u0142 w wielu reakcjach przebiegaj\u0105cych w kom\u00f3rkach ro\u015blinnych. Jest r\u00f3wnie\u017c wa\u017cnym metabolitem w przemianach w\u0119giel\/azot (C\/N), poniewa\u017c jest potrzebny do przyswajania amoniaku.<\/li>\n<li><b>Jab\u0142czan L- cytruliny\u00a0<\/b>\u2013 Po\u0142\u0105czenie aminokwasu L-cytruliny oraz kwasu jab\u0142kowego wp\u0142ywa na dwa g\u0142\u00f3wne procesy fizjologiczne w ro\u015blinach:\n<ul>\n<li>Kwas jab\u0142kowy dba o transport azotu i utrzymanie r\u00f3wnowagi kom\u00f3rkowej pod wp\u0142ywem stres\u00f3w \u015brodowiskowych.<\/li>\n<li>Cytrulina natomiast jest silnym reduktorem wolnych rodnik\u00f3w i chroni enzymy kom\u00f3rkowe przed uszkodzeniami oksydacyjnymi (stres oksydacyjny).<\/li>\n<\/ul>\n<\/li>\n<li><b>KOENZYM Q10\u00a0<\/b>\u2013 Cz\u0105steczka ta ma w\u0142a\u015bciwo\u015bci przeciwutleniaj\u0105ce i chroni ro\u015blin\u0119 przed uszkodzeniami oksydacyjnymi wytwarzanymi przez reaktywne formy tlenu. Ponadto koenzym Q10 ma pozytywny wp\u0142yw na wzrost \u015bwie\u017cej masy p\u0119d\u00f3w i korzeni, sprzyja rozwojowi ro\u015blin i wp\u0142ywa na ilo\u015b\u0107 i jako\u015b\u0107 plon\u00f3w.<\/li>\n<\/ul>\n<p>Rozw\u00f3j ro\u015blin w du\u017cym stopniu jest determinowany dost\u0119pno\u015bci\u0105 w pod\u0142o\u017cu mikro- oraz makroelement\u00f3w. Przej\u015bcie z fazy wzrostu do okresu generatywnego ro\u015blin r\u00f3wnie\u017c jest zale\u017cne od odpowiedniego poziomu niezb\u0119dnych sk\u0142adnik\u00f3w od\u017cywczych. Konieczne jest dbanie o to, aby stosowane nawozy by\u0142y w\u0142a\u015bciwie dobrane zar\u00f3wno do stanu gleby, jak i uprawianych na nim gatunk\u00f3w ro\u015blin. To kluczowe, dzia\u0142anie ma istotny wp\u0142yw na ilo\u015b\u0107 oraz jako\u015b\u0107 plonu. Dro\u017cd\u017ce z gatunku\u00a0<i>Yarrowia lipolytica\u00a0<\/i>stanowi\u0105 bogate \u017ar\u00f3d\u0142o nie tylko substancji aktywnych, ale r\u00f3wnie\u017c makro i mikroelement\u00f3w takich jak: selen (Se), cynk (Zn), \u017celazo (Fe), molibden (Mo), mied\u017a (Cu), magnez (Mg), potas (K), fosfor (P) i siarka (S).<\/p>\n<p>Po doglebowym zastosowaniu preparatu bi system24 ro\u015blina szybciej i efektywniej kie\u0142kuje oraz jest bardziej odporna na niekorzystne warunki \u015brodowiska. Ro\u015bliny wykazuj\u0105 wy\u017csz\u0105 zasobno\u015b\u0107 w kluczowe sk\u0142adniki od\u017cywcze, uzyskuj\u0105c wy\u017csze plonowanie i zawarto\u015b\u0107 substancji pokarmowych. Niekwestionowan\u0105 przewag\u0105 tego preparatu jest wp\u0142yw zawartych w nim zwi\u0105zk\u00f3w aktywnych takich jak koenzym Q10 czy kwas gamma-aminomas\u0142owy na popraw\u0119 w\u0142a\u015bciwo\u015bci prozdrowotnych ro\u015blin.<\/p>\n<p>W dobie niepe\u0142nowarto\u015bciowej \u017cywno\u015bci bardzo istotne jest skupienie uwagi na podniesieniu walor\u00f3w zdrowotnych produkowanej \u017cywno\u015bci. Uzyskane po zastosowaniu preparatu bi system24 ro\u015bliny s\u0105 bardziej zasobne m. in. w zwi\u0105zki antyoksydacyjne, witaminy z grupy B, cynk, selen, magnez i \u017celazo. Tak bogata w prozdrowotne zwi\u0105zki \u017cywno\u015b\u0107, przynosi korzy\u015bci r\u00f3wnie\u017c dla konsumenta, a to sprawia, \u017ce ro\u015bliny wykazuj\u0105ce wy\u017csze walory zdrowotne s\u0105 bardziej konkurencyjne na rynku i ch\u0119tnie wybierane przez klienta, nawet za wy\u017csz\u0105 cen\u0119.<\/p>\n<p><strong style=\"font-size: inherit; font-family: -apple-system, system-ui, BlinkMacSystemFont, 'Segoe UI', Helvetica, Arial, sans-serif, 'Apple Color Emoji', 'Segoe UI Emoji', 'Segoe UI Symbol';\">SK\u0141AD:\u00a0<\/strong><\/p>\n<\/div>\n<div class=\"et_pb_text_inner\">\n<section id=\"section-50-47\" class=\" ct-section oxy-margin-bottom\">\n<div class=\"ct-section-inner-wrap\">\n<div id=\"_tabs_contents-60-47\" class=\"oxy-tabs-contents-wrapper oxy-tabs-contents\">\n<div id=\"_tab_content-64-47\" class=\"oxy-tab-content tabs-contents-2212-tab\">\n<div id=\"div_block-65-47\" class=\"ct-div-block\">\n<div id=\"_rich_text-66-47\" class=\"oxy-rich-text\">\n<section id=\"section-51-85\" class=\" ct-section oxy-margin-bottom\">\n<div class=\"ct-section-inner-wrap\">\n<div id=\"_tabs_contents-61-85\" class=\"oxy-tabs-contents-wrapper oxy-tabs-contents\">\n<div id=\"_tab_content-65-85\" class=\"oxy-tab-content tabs-contents-2212-tab\">\n<div id=\"div_block-66-85\" class=\"ct-div-block\">\n<div id=\"_rich_text-67-85\" class=\"oxy-rich-text\">\n<section id=\"section-51-83\" class=\" ct-section oxy-margin-bottom\">\n<div class=\"ct-section-inner-wrap\">\n<div id=\"_tabs_contents-61-83\" class=\"oxy-tabs-contents-wrapper oxy-tabs-contents\">\n<div id=\"_tab_content-65-83\" class=\"oxy-tab-content tabs-contents-2212-tab\">\n<div id=\"div_block-66-83\" class=\"ct-div-block\">\n<div id=\"_rich_text-67-83\" class=\"oxy-rich-text\">\n<section id=\"section-49-77\" class=\" ct-section oxy-margin-bottom\">\n<div class=\"ct-section-inner-wrap\">\n<div id=\"_tabs_contents-59-77\" class=\"oxy-tabs-contents-wrapper oxy-tabs-contents\">\n<div id=\"_tab_content-63-77\" class=\"oxy-tab-content tabs-contents-2212-tab\">\n<div id=\"div_block-64-77\" class=\"ct-div-block\">\n<div id=\"_rich_text-65-77\" class=\"oxy-rich-text\">\n<section id=\"section-51-79\" class=\" ct-section oxy-margin-bottom\">\n<div class=\"ct-section-inner-wrap\">\n<div id=\"_tabs_contents-61-79\" class=\"oxy-tabs-contents-wrapper oxy-tabs-contents\">\n<div id=\"_tab_content-65-79\" class=\"oxy-tab-content tabs-contents-2212-tab\">\n<div id=\"div_block-66-79\" class=\"ct-div-block\">\n<div id=\"_rich_text-67-79\" class=\"oxy-rich-text\">\n<section id=\"section-51-81\" class=\" ct-section oxy-margin-bottom\">\n<div class=\"ct-section-inner-wrap\">\n<div id=\"_tabs_contents-61-81\" class=\"oxy-tabs-contents-wrapper oxy-tabs-contents\">\n<div id=\"_tab_content-65-81\" class=\"oxy-tab-content tabs-contents-2212-tab\">\n<div id=\"div_block-66-81\" class=\"ct-div-block\">\n<div id=\"_rich_text-67-81\" class=\"oxy-rich-text\">\n<section id=\"section-49-69\" class=\" ct-section oxy-margin-bottom\">\n<div class=\"ct-section-inner-wrap\">\n<div id=\"_tabs_contents-59-69\" class=\"oxy-tabs-contents-wrapper oxy-tabs-contents\">\n<div id=\"_tab_content-63-69\" class=\"oxy-tab-content tabs-contents-2212-tab\">\n<div id=\"div_block-64-69\" class=\"ct-div-block\">\n<div id=\"_rich_text-65-69\" class=\"oxy-rich-text\">\n<section id=\"section-49-71\" class=\" ct-section oxy-margin-bottom\">\n<div class=\"ct-section-inner-wrap\">\n<div id=\"_tabs_contents-59-71\" class=\"oxy-tabs-contents-wrapper oxy-tabs-contents\">\n<div id=\"_tab_content-63-71\" class=\"oxy-tab-content tabs-contents-2212-tab\">\n<div id=\"div_block-64-71\" class=\"ct-div-block\">\n<div id=\"_rich_text-65-71\" class=\"oxy-rich-text\">\n<section id=\"section-541-65\" class=\" ct-section oxy-margin-bottom\">\n<div class=\"ct-section-inner-wrap\">\n<div id=\"_tabs_contents-551-65\" class=\"oxy-tabs-contents-wrapper oxy-tabs-contents\">\n<div id=\"_tab_content-555-65\" class=\"oxy-tab-content tabs-contents-2212-tab\">\n<div id=\"div_block-556-65\" class=\"ct-div-block\">\n<div id=\"_rich_text-557-65\" class=\"oxy-rich-text\">\n<section id=\"section-50-67\" class=\" ct-section oxy-margin-bottom\">\n<div class=\"ct-section-inner-wrap\">\n<div id=\"_tabs_contents-60-67\" class=\"oxy-tabs-contents-wrapper oxy-tabs-contents\">\n<div id=\"_tab_content-64-67\" class=\"oxy-tab-content tabs-contents-2212-tab\">\n<div id=\"div_block-65-67\" class=\"ct-div-block\">\n<div id=\"_rich_text-66-67\" class=\"oxy-rich-text\">\n<section id=\"section-50-67\" class=\" ct-section oxy-margin-bottom\">\n<div class=\"ct-section-inner-wrap\">\n<div id=\"_tabs_contents-60-67\" class=\"oxy-tabs-contents-wrapper oxy-tabs-contents\">\n<div id=\"_tab_content-64-67\" class=\"oxy-tab-content tabs-contents-2212-tab\">\n<div id=\"div_block-65-67\" class=\"ct-div-block\">\n<div id=\"_rich_text-66-67\" class=\"oxy-rich-text\">\n<section id=\"section-50-73\" class=\" ct-section oxy-margin-bottom\">\n<div class=\"ct-section-inner-wrap\">\n<div id=\"_tabs_contents-60-73\" class=\"oxy-tabs-contents-wrapper oxy-tabs-contents\">\n<div id=\"_tab_content-64-73\" class=\"oxy-tab-content tabs-contents-2212-tab\">\n<div id=\"div_block-65-73\" class=\"ct-div-block\">\n<div id=\"_rich_text-66-73\" class=\"oxy-rich-text\">\n<section id=\"section-51-1521\" class=\" ct-section oxy-margin-bottom\">\n<div class=\"ct-section-inner-wrap\">\n<div id=\"_tabs_contents-61-1521\" class=\"oxy-tabs-contents-wrapper oxy-tabs-contents\">\n<div id=\"_tab_content-65-1521\" class=\"oxy-tab-content tabs-contents-2212-tab\">\n<div id=\"div_block-66-1521\" class=\"ct-div-block\">\n<div id=\"_rich_text-67-1521\" class=\"oxy-rich-text\">\n<section id=\"section-53-107\" class=\" ct-section oxy-margin-bottom\">\n<div class=\"ct-section-inner-wrap\">\n<div id=\"_tabs_contents-63-107\" class=\"oxy-tabs-contents-wrapper oxy-tabs-contents\">\n<div id=\"_tab_content-67-107\" class=\"oxy-tab-content tabs-contents-2212-tab\">\n<div id=\"div_block-68-107\" class=\"ct-div-block\">\n<div id=\"_rich_text-69-107\" class=\"oxy-rich-text\">\n<section id=\"section-53-105\" class=\" ct-section oxy-margin-bottom\">\n<div class=\"ct-section-inner-wrap\">\n<div id=\"_tabs_contents-63-105\" class=\"oxy-tabs-contents-wrapper oxy-tabs-contents\">\n<div id=\"_tab_content-67-105\" class=\"oxy-tab-content tabs-contents-2212-tab\">\n<div id=\"div_block-68-105\" class=\"ct-div-block\">\n<div id=\"_rich_text-69-105\" class=\"oxy-rich-text\">\n<section id=\"section-51-103\" class=\" ct-section oxy-margin-bottom\">\n<div class=\"ct-section-inner-wrap\">\n<div id=\"_tabs_contents-61-103\" class=\"oxy-tabs-contents-wrapper oxy-tabs-contents\">\n<div id=\"_tab_content-65-103\" class=\"oxy-tab-content tabs-contents-2212-tab\">\n<div id=\"div_block-66-103\" class=\"ct-div-block\">\n<div id=\"_rich_text-67-103\" class=\"oxy-rich-text\">\n<section id=\"section-59-716\" class=\" ct-section oxy-margin-bottom\">\n<div class=\"ct-section-inner-wrap\">\n<div id=\"_tabs_contents-69-716\" class=\"oxy-tabs-contents-wrapper oxy-tabs-contents\">\n<div id=\"_tab_content-73-716\" class=\"oxy-tab-content tabs-contents-2212-tab\">\n<div id=\"div_block-74-716\" class=\"ct-div-block\">\n<div id=\"_rich_text-115-716\" class=\"oxy-rich-text\">\n<p>\u0141\u0105czna liczebno\u015b\u0107 mikroorganizm\u00f3w min. 1&#215;10<sup>9<\/sup>\u00a0JTK w 1 gramie produktu.<\/p>\n<\/div>\n<\/div>\n<\/div>\n<\/div>\n<\/div>\n<\/section>\n<section id=\"section-173-716\" class=\" ct-section oxy-margin-bottom\">\n<div class=\"ct-section-inner-wrap\"><\/div>\n<\/section>\n<\/div>\n<\/div>\n<\/div>\n<\/div>\n<\/div>\n<\/section>\n<\/div>\n<\/div>\n<\/div>\n<\/div>\n<\/div>\n<\/section>\n<\/div>\n<\/div>\n<\/div>\n<\/div>\n<\/div>\n<\/section>\n<\/div>\n<\/div>\n<\/div>\n<\/div>\n<\/div>\n<\/section>\n<\/div>\n<\/div>\n<\/div>\n<\/div>\n<\/div>\n<\/section>\n<\/div>\n<\/div>\n<\/div>\n<\/div>\n<\/div>\n<\/section>\n<section id=\"section-72-67\" class=\" ct-section oxy-margin-bottom\">\n<div class=\"ct-section-inner-wrap\"><\/div>\n<\/section>\n<\/div>\n<\/div>\n<\/div>\n<\/div>\n<\/div>\n<\/section>\n<section id=\"section-72-67\" class=\" ct-section oxy-margin-bottom\">\n<div class=\"ct-section-inner-wrap\"><\/div>\n<\/section>\n<\/div>\n<\/div>\n<\/div>\n<\/div>\n<\/div>\n<\/section>\n<\/div>\n<\/div>\n<\/div>\n<\/div>\n<\/div>\n<\/section>\n<\/div>\n<\/div>\n<\/div>\n<\/div>\n<\/div>\n<\/section>\n<\/div>\n<\/div>\n<\/div>\n<\/div>\n<\/div>\n<\/section>\n<\/div>\n<\/div>\n<\/div>\n<\/div>\n<\/div>\n<\/section>\n<\/div>\n<\/div>\n<\/div>\n<\/div>\n<\/div>\n<\/section>\n<\/div>\n<\/div>\n<\/div>\n<\/div>\n<\/div>\n<\/section>\n<\/div>\n<\/div>\n<\/div>\n<\/div>\n<\/div>\n<\/section>\n<\/div>\n<\/div>\n<\/div>\n<\/div>\n<\/div>\n<\/section>\n<section id=\"section-1383-47\" class=\" ct-section oxy-margin-bottom\">\n<div class=\"ct-section-inner-wrap\">\n<p><strong><strong>Dawkowanie:\u00a0<\/strong><\/strong><\/p>\n<p><img decoding=\"async\" class=\"aligncenter wp-image-1022 size-full\" src=\"https:\/\/agro-expert.eu\/wp-content\/uploads\/2025\/06\/Zrzut-ekranu-2025-06-11-o-09.21.21.png\" alt=\"\" width=\"1112\" height=\"215\" srcset=\"https:\/\/agro-expert.eu\/wp-content\/uploads\/2025\/06\/Zrzut-ekranu-2025-06-11-o-09.21.21.png 1112w, https:\/\/agro-expert.eu\/wp-content\/uploads\/2025\/06\/Zrzut-ekranu-2025-06-11-o-09.21.21-300x58.png 300w, https:\/\/agro-expert.eu\/wp-content\/uploads\/2025\/06\/Zrzut-ekranu-2025-06-11-o-09.21.21-1024x198.png 1024w, https:\/\/agro-expert.eu\/wp-content\/uploads\/2025\/06\/Zrzut-ekranu-2025-06-11-o-09.21.21-768x148.png 768w, https:\/\/agro-expert.eu\/wp-content\/uploads\/2025\/06\/Zrzut-ekranu-2025-06-11-o-09.21.21-600x116.png 600w\" sizes=\"(max-width: 1112px) 100vw, 1112px\" \/><\/p>\n<section id=\"section-49-77\" class=\" ct-section oxy-margin-bottom\">\n<div class=\"ct-section-inner-wrap\">\n<div id=\"_tabs_contents-59-77\" class=\"oxy-tabs-contents-wrapper oxy-tabs-contents\">\n<div id=\"_tab_content-66-77\" class=\"oxy-tab-content tabs-contents-2212-tab\">\n<div id=\"div_block-67-77\" class=\"ct-div-block\">\n<div id=\"_rich_text-68-77\" class=\"oxy-rich-text\">\n<section id=\"section-51-79\" class=\" ct-section oxy-margin-bottom\">\n<div class=\"ct-section-inner-wrap\">\n<div id=\"_tabs_contents-61-79\" class=\"oxy-tabs-contents-wrapper oxy-tabs-contents\">\n<div id=\"_tab_content-68-79\" class=\"oxy-tab-content tabs-contents-2212-tab\">\n<div id=\"div_block-69-79\" class=\"ct-div-block\">\n<div id=\"_rich_text-70-79\" class=\"oxy-rich-text\">\n<section id=\"section-112-81\" class=\" ct-section oxy-margin-bottom-last\">\n<div class=\"ct-section-inner-wrap\">\n<div id=\"_rich_text-77-105\" class=\"oxy-rich-text\">\n<section id=\"section-73-103\" class=\" ct-section oxy-margin-bottom\">\n<div class=\"ct-section-inner-wrap\">\n<div id=\"_rich_text-123-103\" class=\"oxy-rich-text\">\n<h3 id=\"headline-76-111\" class=\"ct-headline\">Dodatkowe informacje:<\/h3>\n<div id=\"_rich_text-77-111\" class=\"oxy-rich-text\">\n<p>Preparat nale\u017cy stosowa\u0107 na wilgotn\u0105 gleb\u0119, najlepiej z dodatkiem kwas\u00f3w humusowych (sprzyjaj\u0105 namna\u017caniu si\u0119 bakterii).<br \/>\nNie nale\u017cy preparat\u00f3w mikrobiologicznych stosowa\u0107 w czasie s\u0142onecznej pogody i suszy, oraz miesza\u0107 z preparatami chemicznymi (fungicydy).<\/p>\n<p>Produkt jest dopuszczony do stosowania w rolnictwie ekologicznym na podstawie decyzji IUNG w Pu\u0142awach nr: NE\/802\/2024<\/p>\n<\/div>\n<\/div>\n<\/div>\n<\/section>\n<\/div>\n<\/div>\n<\/section>\n<\/div>\n<\/div>\n<\/div>\n<\/div>\n<\/div>\n<\/section>\n<\/div>\n<\/div>\n<\/div>\n<\/div>\n<\/div>\n<\/section>\n<section id=\"section-71-77\" class=\" ct-section oxy-margin-bottom\">\n<div class=\"ct-section-inner-wrap\"><\/div>\n<\/section>\n<section id=\"section-352-87\" class=\" ct-section oxy-margin-bottom\">\n<div class=\"ct-section-inner-wrap\"><\/div>\n<\/section>\n<\/div>\n<\/section>\n<\/div>\n<\/div>\n","protected":false},"excerpt":{"rendered":"<p>bi system 24 Preparat mikrobiologiczny z dodatkiem dro\u017cd\u017cy bi system24 to innowacyjny i niepowtarzalny preparat wykazuj\u0105cy wyj\u0105tkowo szerokie dzia\u0142anie we wspieraniu wzrostu i rozwoju ro\u015blin oraz poprawy jako\u015bci gleby. \u0141\u0105czy w sobie potencja\u0142 wyspecjalizowanych szczep\u00f3w bakterii PGPB i unikalnego szczepu dro\u017cd\u017cy\u00a0Yarrowia lipolytica. Jego szerokie spektrum dzia\u0142ania aktywnie udost\u0119pnia ro\u015blinom sk\u0142adniki pokarmowe i poprawia \u017cyzno\u015b\u0107 gleby. &#8230; <a title=\"bi system 24- 5kg(Preparat bakteryjny)\" class=\"read-more\" href=\"https:\/\/agro-expert.eu\/?product=bi-system-24-5kgpreparat-bakteryjny\" aria-label=\"Read more about bi system 24- 5kg(Preparat bakteryjny)\">Dowiedz si\u0119 wi\u0119cej<\/a><\/p>\n","protected":false},"featured_media":1025,"comment_status":"open","ping_status":"closed","template":"","meta":{"om_disable_all_campaigns":false,"_monsterinsights_skip_tracking":false,"_monsterinsights_sitenote_active":false,"_monsterinsights_sitenote_note":"","_monsterinsights_sitenote_category":0,"_uf_show_specific_survey":0,"_uf_disable_surveys":false},"product_brand":[],"product_cat":[45,47],"product_tag":[],"class_list":{"0":"post-1024","1":"product","2":"type-product","3":"status-publish","4":"has-post-thumbnail","6":"product_cat-agrarius","7":"product_cat-preparaty-bakteryjne-agrarius","9":"first","10":"instock","11":"taxable","12":"shipping-taxable","13":"purchasable","14":"product-type-simple"},"aioseo_notices":[],"jetpack_sharing_enabled":true,"_links":{"self":[{"href":"https:\/\/agro-expert.eu\/index.php?rest_route=\/wp\/v2\/product\/1024","targetHints":{"allow":["GET"]}}],"collection":[{"href":"https:\/\/agro-expert.eu\/index.php?rest_route=\/wp\/v2\/product"}],"about":[{"href":"https:\/\/agro-expert.eu\/index.php?rest_route=\/wp\/v2\/types\/product"}],"replies":[{"embeddable":true,"href":"https:\/\/agro-expert.eu\/index.php?rest_route=%2Fwp%2Fv2%2Fcomments&post=1024"}],"wp:featuredmedia":[{"embeddable":true,"href":"https:\/\/agro-expert.eu\/index.php?rest_route=\/wp\/v2\/media\/1025"}],"wp:attachment":[{"href":"https:\/\/agro-expert.eu\/index.php?rest_route=%2Fwp%2Fv2%2Fmedia&parent=1024"}],"wp:term":[{"taxonomy":"product_brand","embeddable":true,"href":"https:\/\/agro-expert.eu\/index.php?rest_route=%2Fwp%2Fv2%2Fproduct_brand&post=1024"},{"taxonomy":"product_cat","embeddable":true,"href":"https:\/\/agro-expert.eu\/index.php?rest_route=%2Fwp%2Fv2%2Fproduct_cat&post=1024"},{"taxonomy":"product_tag","embeddable":true,"href":"https:\/\/agro-expert.eu\/index.php?rest_route=%2Fwp%2Fv2%2Fproduct_tag&post=1024"}],"curies":[{"name":"wp","href":"https:\/\/api.w.org\/{rel}","templated":true}]}}