{"id":1032,"date":"2025-06-11T09:32:50","date_gmt":"2025-06-11T07:32:50","guid":{"rendered":"https:\/\/agro-expert.eu\/?post_type=product&#038;p=1032"},"modified":"2025-07-03T15:46:52","modified_gmt":"2025-07-03T13:46:52","slug":"bi-seed-1kg-preparat-bakteryjny","status":"publish","type":"product","link":"https:\/\/agro-expert.eu\/?product=bi-seed-1kg-preparat-bakteryjny","title":{"rendered":"bi seed &#8211; 1kg (Preparat bakteryjny)"},"content":{"rendered":"<div class=\"et_pb_module et_pb_image et_pb_image_0\"><\/div>\n<div class=\"et_pb_module et_pb_text et_pb_text_0 et_pb_text_align_left et_pb_bg_layout_light\">\n<div class=\"et_pb_text_inner\">\n<h1 id=\"headline-8-111\" class=\"ct-headline oxy-bakterie\"><strong>bi seed<\/strong><\/h1>\n<h2 id=\"headline-9-95\" class=\"ct-headline\">Zaprawianie nasion<\/h2>\n<div id=\"text_block-10-95\" class=\"ct-text-block\">Specjalistyczny naw\u00f3z mikrobiologiczny stosowany w celu zaprawiania nasion zb\u00f3\u017c, oraz innych ro\u015blin rolniczych i warzywnych oraz bulw, cebul i korzeni. Preparat do zaprawiania nasion zwi\u0119ksza liczebno\u015b\u0107 po\u017cytecznych mikroorganizm\u00f3w w bezpo\u015brednim otoczeniu ro\u015bliny i naturalnie zabezpiecza j\u0105 sferycznie przed atakami patogen\u00f3w grzybowych. Mikroorganizmy zawarte w bi seed tworz\u0105 barier\u0119 ochronn\u0105 na powierzchni nasion i nie pozwalaj\u0105 na namna\u017canie si\u0119 innych, potencjalnie patogenicznych drobnoustroj\u00f3w.<\/div>\n<p><img fetchpriority=\"high\" decoding=\"async\" class=\"aligncenter wp-image-1027 size-full\" src=\"https:\/\/agro-expert.eu\/wp-content\/uploads\/2025\/06\/Zrzut-ekranu-2025-06-11-o-09.27.52.png\" alt=\"\" width=\"1166\" height=\"297\" srcset=\"https:\/\/agro-expert.eu\/wp-content\/uploads\/2025\/06\/Zrzut-ekranu-2025-06-11-o-09.27.52.png 1166w, https:\/\/agro-expert.eu\/wp-content\/uploads\/2025\/06\/Zrzut-ekranu-2025-06-11-o-09.27.52-300x76.png 300w, https:\/\/agro-expert.eu\/wp-content\/uploads\/2025\/06\/Zrzut-ekranu-2025-06-11-o-09.27.52-1024x261.png 1024w, https:\/\/agro-expert.eu\/wp-content\/uploads\/2025\/06\/Zrzut-ekranu-2025-06-11-o-09.27.52-768x196.png 768w, https:\/\/agro-expert.eu\/wp-content\/uploads\/2025\/06\/Zrzut-ekranu-2025-06-11-o-09.27.52-600x153.png 600w\" sizes=\"(max-width: 1166px) 100vw, 1166px\" \/><\/p>\n<p><strong>DZIA\u0141ANIE:<\/strong><\/p>\n<p>Wielofunkcyjny naw\u00f3z mikrobiologiczny do zaprawiania nasion, materia\u0142u siewnego i nasadzeniowego bi seed zawiera w swym sk\u0142adzie specjalnie wyselekcjonowane szczepy przetrwalnikuj\u0105cych bakterii glebowo &#8211; ryzosferowych PGPR (ang. Plant growth-promoting bacteria).<\/p>\n<p>Bakterie zawarte w bi seed wspieraj\u0105 kie\u0142kowanie i wzrost m\u0142odych ro\u015blin poprzez wytwarzanie i udost\u0119pnianie im swoich metabolit\u00f3w takich jak fitohormony, witaminy i inne. Dodatkowo korzystnie wp\u0142ywaj\u0105 na ich odporno\u015b\u0107 na niekorzystne warunki uprawy i plonowanie.<\/p>\n<p>Ponadto pomagaj\u0105 w usprawnieniu obiegu azotu w glebie, a tak\u017ce systematycznemu dostarczaniu przyswajalnych form azotu dla ro\u015blin, co zapobiega kumulacji w nich azotan\u00f3w i azotyn\u00f3w. Naw\u00f3z mikrobiologiczny bi seed zapewnia dostarczanie azotu w spos\u00f3b ci\u0105g\u0142y, niezale\u017cnie od nawo\u017cenia mineralnego. Co wi\u0119cej, te mikroorganizmy solubilizuj\u0105, czyli zwi\u0119kszaj\u0105 dost\u0119pno\u015b\u0107 dla ro\u015blin fosforu, cynku i krzemu, a tak\u017ce produkuj\u0105 siderofory, przyczyniaj\u0105c si\u0119 do udost\u0119pniania \u017celaza w bezpo\u015brednim \u015brodowisku ro\u015bliny. Preparat mikrobiologiczny do zaprawiania nasion bi seed zapewnia m\u0142odym ro\u015blinom bezpieczn\u0105 dawk\u0119 startow\u0105 \u0142atwo przyswajalnego azotu i korzystnie wp\u0142ywa na zdrowotno\u015b\u0107 ro\u015blin.<\/p>\n<p>Mikroorganizmy zawarte w preparacie zosta\u0142y dobrane w taki spos\u00f3b, \u017ce nie tylko stymuluj\u0105 ro\u015bliny, lecz tak\u017ce bior\u0105 udzia\u0142 w aktywnym tworzeniu struktury gleby, poprawiaj\u0105c jej stan fitosanitarny i mo\u017cliwo\u015bci \u0142atwiejszego udost\u0119pniania sk\u0142adnik\u00f3w od\u017cywczych ro\u015blinom. Odbywa si\u0119 to w naturalny spos\u00f3b poprzez wywieranie presji i konkurencj\u0119 o pokarm oraz miejsce w pod\u0142o\u017cu. Po\u017cyteczne bakterie w bi seed redukuj\u0105 liczb\u0119 chorobotw\u00f3rczych grzyb\u00f3w i bakterii w glebie, przyczyniaj\u0105c si\u0119 do polepszenia stanu fitosanitarnego w uprawach oraz zmniejszaj\u0105c ich podatno\u015b\u0107 m. in. na choroby zgorzelowe. Bakterie te szybko si\u0119 namna\u017caj\u0105, wi\u0119c poprzez konkurencj\u0119 o pokarm i miejsce w stosunku do innych, chorobotw\u00f3rczych patogen\u00f3w eliminuj\u0105 je w naturalny spos\u00f3b ze \u015brodowiska glebowego, nie zaburzaj\u0105c, a wr\u0119cz wspomagaj\u0105c rozw\u00f3j po\u017cytecznych mikroorganizm\u00f3w glebowych.<\/p>\n<p>Dodatkowo bakterie zawarte w bi seed wytwarzaj\u0105 naturalne antybiotyki peptydowe, a tak\u017ce aminokwasy, polisacharyd &#8211; inulin\u0119 oraz enzymy m.in. amylaz\u0119 i proteaz\u0119. Bia\u0142ko tych bakterii zawiera powierzchniowo czynne substancje, kt\u00f3re zmniejszaj\u0105 napi\u0119cie powierzchniowe, co powoduje zwi\u0119kszenie zwil\u017cenia powierzchni, na kt\u00f3rej znajduj\u0105 si\u0119 bakterie. W rezultacie prowadzi to do poprawy wilgotno\u015bci w obr\u0119bie systemu korzeniowego oraz pokrycie go dodatkowym filmem ochronnym &#8211; jest to bardzo szczeg\u00f3lnie znacz\u0105ce w okresie suszy.<\/p>\n<p><strong style=\"font-size: inherit; font-family: -apple-system, system-ui, BlinkMacSystemFont, 'Segoe UI', Helvetica, Arial, sans-serif, 'Apple Color Emoji', 'Segoe UI Emoji', 'Segoe UI Symbol';\">SK\u0141AD:\u00a0<\/strong><\/p>\n<\/div>\n<div class=\"et_pb_text_inner\">\n<section id=\"section-50-47\" class=\" ct-section oxy-margin-bottom\">\n<div class=\"ct-section-inner-wrap\">\n<div id=\"_tabs_contents-60-47\" class=\"oxy-tabs-contents-wrapper oxy-tabs-contents\">\n<div id=\"_tab_content-64-47\" class=\"oxy-tab-content tabs-contents-2212-tab\">\n<div id=\"div_block-65-47\" class=\"ct-div-block\">\n<div id=\"_rich_text-66-47\" class=\"oxy-rich-text\">\n<section id=\"section-51-85\" class=\" ct-section oxy-margin-bottom\">\n<div class=\"ct-section-inner-wrap\">\n<div id=\"_tabs_contents-61-85\" class=\"oxy-tabs-contents-wrapper oxy-tabs-contents\">\n<div id=\"_tab_content-65-85\" class=\"oxy-tab-content tabs-contents-2212-tab\">\n<div id=\"div_block-66-85\" class=\"ct-div-block\">\n<div id=\"_rich_text-67-85\" class=\"oxy-rich-text\">\n<section id=\"section-51-83\" class=\" ct-section oxy-margin-bottom\">\n<div class=\"ct-section-inner-wrap\">\n<div id=\"_tabs_contents-61-83\" class=\"oxy-tabs-contents-wrapper oxy-tabs-contents\">\n<div id=\"_tab_content-65-83\" class=\"oxy-tab-content tabs-contents-2212-tab\">\n<div id=\"div_block-66-83\" class=\"ct-div-block\">\n<div id=\"_rich_text-67-83\" class=\"oxy-rich-text\">\n<section id=\"section-49-77\" class=\" ct-section oxy-margin-bottom\">\n<div class=\"ct-section-inner-wrap\">\n<div id=\"_tabs_contents-59-77\" class=\"oxy-tabs-contents-wrapper oxy-tabs-contents\">\n<div id=\"_tab_content-63-77\" class=\"oxy-tab-content tabs-contents-2212-tab\">\n<div id=\"div_block-64-77\" class=\"ct-div-block\">\n<div id=\"_rich_text-65-77\" class=\"oxy-rich-text\">\n<section id=\"section-51-79\" class=\" ct-section oxy-margin-bottom\">\n<div class=\"ct-section-inner-wrap\">\n<div id=\"_tabs_contents-61-79\" class=\"oxy-tabs-contents-wrapper oxy-tabs-contents\">\n<div id=\"_tab_content-65-79\" class=\"oxy-tab-content tabs-contents-2212-tab\">\n<div id=\"div_block-66-79\" class=\"ct-div-block\">\n<div id=\"_rich_text-67-79\" class=\"oxy-rich-text\">\n<section id=\"section-51-81\" class=\" ct-section oxy-margin-bottom\">\n<div class=\"ct-section-inner-wrap\">\n<div id=\"_tabs_contents-61-81\" class=\"oxy-tabs-contents-wrapper oxy-tabs-contents\">\n<div id=\"_tab_content-65-81\" class=\"oxy-tab-content tabs-contents-2212-tab\">\n<div id=\"div_block-66-81\" class=\"ct-div-block\">\n<div id=\"_rich_text-67-81\" class=\"oxy-rich-text\">\n<section id=\"section-49-69\" class=\" ct-section oxy-margin-bottom\">\n<div class=\"ct-section-inner-wrap\">\n<div id=\"_tabs_contents-59-69\" class=\"oxy-tabs-contents-wrapper oxy-tabs-contents\">\n<div id=\"_tab_content-63-69\" class=\"oxy-tab-content tabs-contents-2212-tab\">\n<div id=\"div_block-64-69\" class=\"ct-div-block\">\n<div id=\"_rich_text-65-69\" class=\"oxy-rich-text\">\n<section id=\"section-49-71\" class=\" ct-section oxy-margin-bottom\">\n<div class=\"ct-section-inner-wrap\">\n<div id=\"_tabs_contents-59-71\" class=\"oxy-tabs-contents-wrapper oxy-tabs-contents\">\n<div id=\"_tab_content-63-71\" class=\"oxy-tab-content tabs-contents-2212-tab\">\n<div id=\"div_block-64-71\" class=\"ct-div-block\">\n<div id=\"_rich_text-65-71\" class=\"oxy-rich-text\">\n<section id=\"section-541-65\" class=\" ct-section oxy-margin-bottom\">\n<div class=\"ct-section-inner-wrap\">\n<div id=\"_tabs_contents-551-65\" class=\"oxy-tabs-contents-wrapper oxy-tabs-contents\">\n<div id=\"_tab_content-555-65\" class=\"oxy-tab-content tabs-contents-2212-tab\">\n<div id=\"div_block-556-65\" class=\"ct-div-block\">\n<div id=\"_rich_text-557-65\" class=\"oxy-rich-text\">\n<section id=\"section-50-67\" class=\" ct-section oxy-margin-bottom\">\n<div class=\"ct-section-inner-wrap\">\n<div id=\"_tabs_contents-60-67\" class=\"oxy-tabs-contents-wrapper oxy-tabs-contents\">\n<div id=\"_tab_content-64-67\" class=\"oxy-tab-content tabs-contents-2212-tab\">\n<div id=\"div_block-65-67\" class=\"ct-div-block\">\n<div id=\"_rich_text-66-67\" class=\"oxy-rich-text\">\n<section id=\"section-50-67\" class=\" ct-section oxy-margin-bottom\">\n<div class=\"ct-section-inner-wrap\">\n<div id=\"_tabs_contents-60-67\" class=\"oxy-tabs-contents-wrapper oxy-tabs-contents\">\n<div id=\"_tab_content-64-67\" class=\"oxy-tab-content tabs-contents-2212-tab\">\n<div id=\"div_block-65-67\" class=\"ct-div-block\">\n<div id=\"_rich_text-66-67\" class=\"oxy-rich-text\">\n<section id=\"section-50-73\" class=\" ct-section oxy-margin-bottom\">\n<div class=\"ct-section-inner-wrap\">\n<div id=\"_tabs_contents-60-73\" class=\"oxy-tabs-contents-wrapper oxy-tabs-contents\">\n<div id=\"_tab_content-64-73\" class=\"oxy-tab-content tabs-contents-2212-tab\">\n<div id=\"div_block-65-73\" class=\"ct-div-block\">\n<div id=\"_rich_text-66-73\" class=\"oxy-rich-text\">\n<section id=\"section-51-1521\" class=\" ct-section oxy-margin-bottom\">\n<div class=\"ct-section-inner-wrap\">\n<div id=\"_tabs_contents-61-1521\" class=\"oxy-tabs-contents-wrapper oxy-tabs-contents\">\n<div id=\"_tab_content-65-1521\" class=\"oxy-tab-content tabs-contents-2212-tab\">\n<div id=\"div_block-66-1521\" class=\"ct-div-block\">\n<div id=\"_rich_text-67-1521\" class=\"oxy-rich-text\">\n<section id=\"section-53-107\" class=\" ct-section oxy-margin-bottom\">\n<div class=\"ct-section-inner-wrap\">\n<div id=\"_tabs_contents-63-107\" class=\"oxy-tabs-contents-wrapper oxy-tabs-contents\">\n<div id=\"_tab_content-67-107\" class=\"oxy-tab-content tabs-contents-2212-tab\">\n<div id=\"div_block-68-107\" class=\"ct-div-block\">\n<div id=\"_rich_text-69-107\" class=\"oxy-rich-text\">\n<section id=\"section-53-105\" class=\" ct-section oxy-margin-bottom\">\n<div class=\"ct-section-inner-wrap\">\n<div id=\"_tabs_contents-63-105\" class=\"oxy-tabs-contents-wrapper oxy-tabs-contents\">\n<div id=\"_tab_content-67-105\" class=\"oxy-tab-content tabs-contents-2212-tab\">\n<div id=\"div_block-68-105\" class=\"ct-div-block\">\n<div id=\"_rich_text-69-105\" class=\"oxy-rich-text\">\n<section id=\"section-51-103\" class=\" ct-section oxy-margin-bottom\">\n<div class=\"ct-section-inner-wrap\">\n<div id=\"_tabs_contents-61-103\" class=\"oxy-tabs-contents-wrapper oxy-tabs-contents\">\n<div id=\"_tab_content-65-103\" class=\"oxy-tab-content tabs-contents-2212-tab\">\n<div id=\"div_block-66-103\" class=\"ct-div-block\">\n<div id=\"_rich_text-67-103\" class=\"oxy-rich-text\">\n<section id=\"section-59-716\" class=\" ct-section oxy-margin-bottom\">\n<div class=\"ct-section-inner-wrap\">\n<div id=\"_tabs_contents-69-716\" class=\"oxy-tabs-contents-wrapper oxy-tabs-contents\">\n<div id=\"_tab_content-73-716\" class=\"oxy-tab-content tabs-contents-2212-tab\">\n<div id=\"div_block-74-716\" class=\"ct-div-block\">\n<div id=\"_rich_text-115-716\" class=\"oxy-rich-text\">\n<section id=\"section-54-95\" class=\" ct-section oxy-margin-bottom\">\n<div class=\"ct-section-inner-wrap\">\n<div id=\"_tabs_contents-64-95\" class=\"oxy-tabs-contents-wrapper oxy-tabs-contents\">\n<div id=\"_tab_content-68-95\" class=\"oxy-tab-content tabs-contents-2212-tab\">\n<div id=\"div_block-69-95\" class=\"ct-div-block\">\n<div id=\"_rich_text-70-95\" class=\"oxy-rich-text\">\n<p>Szczepy wysoce aktywnych, skutecznych i starannie wyselekcjonowanych bakterii PGPR,\u00a0 \u0142\u0105cznie w liczebno\u015bci nie mniejszej ni\u017c 1&#215;10<sup>9\u00a0<\/sup>JTK\/1g produktu<\/p>\n<\/div>\n<\/div>\n<\/div>\n<\/div>\n<\/div>\n<\/section>\n<section id=\"section-76-95\" class=\" ct-section oxy-margin-bottom\">\n<div class=\"ct-section-inner-wrap\"><\/div>\n<\/section>\n<\/div>\n<\/div>\n<\/div>\n<\/div>\n<\/div>\n<\/section>\n<section id=\"section-173-716\" class=\" ct-section oxy-margin-bottom\">\n<div class=\"ct-section-inner-wrap\"><\/div>\n<\/section>\n<\/div>\n<\/div>\n<\/div>\n<\/div>\n<\/div>\n<\/section>\n<\/div>\n<\/div>\n<\/div>\n<\/div>\n<\/div>\n<\/section>\n<\/div>\n<\/div>\n<\/div>\n<\/div>\n<\/div>\n<\/section>\n<\/div>\n<\/div>\n<\/div>\n<\/div>\n<\/div>\n<\/section>\n<\/div>\n<\/div>\n<\/div>\n<\/div>\n<\/div>\n<\/section>\n<\/div>\n<\/div>\n<\/div>\n<\/div>\n<\/div>\n<\/section>\n<section id=\"section-72-67\" class=\" ct-section oxy-margin-bottom\">\n<div class=\"ct-section-inner-wrap\"><\/div>\n<\/section>\n<\/div>\n<\/div>\n<\/div>\n<\/div>\n<\/div>\n<\/section>\n<section id=\"section-72-67\" class=\" ct-section oxy-margin-bottom\">\n<div class=\"ct-section-inner-wrap\"><\/div>\n<\/section>\n<\/div>\n<\/div>\n<\/div>\n<\/div>\n<\/div>\n<\/section>\n<\/div>\n<\/div>\n<\/div>\n<\/div>\n<\/div>\n<\/section>\n<\/div>\n<\/div>\n<\/div>\n<\/div>\n<\/div>\n<\/section>\n<\/div>\n<\/div>\n<\/div>\n<\/div>\n<\/div>\n<\/section>\n<\/div>\n<\/div>\n<\/div>\n<\/div>\n<\/div>\n<\/section>\n<\/div>\n<\/div>\n<\/div>\n<\/div>\n<\/div>\n<\/section>\n<\/div>\n<\/div>\n<\/div>\n<\/div>\n<\/div>\n<\/section>\n<\/div>\n<\/div>\n<\/div>\n<\/div>\n<\/div>\n<\/section>\n<\/div>\n<\/div>\n<\/div>\n<\/div>\n<\/div>\n<\/section>\n<section id=\"section-1383-47\" class=\" ct-section oxy-margin-bottom\">\n<div class=\"ct-section-inner-wrap\">\n<p><strong><strong>Dawkowanie:\u00a0<\/strong><\/strong><\/p>\n<p><img decoding=\"async\" class=\"aligncenter wp-image-1028 size-full\" src=\"https:\/\/agro-expert.eu\/wp-content\/uploads\/2025\/06\/Zrzut-ekranu-2025-06-11-o-09.27.59.png\" alt=\"\" width=\"1107\" height=\"178\" srcset=\"https:\/\/agro-expert.eu\/wp-content\/uploads\/2025\/06\/Zrzut-ekranu-2025-06-11-o-09.27.59.png 1107w, https:\/\/agro-expert.eu\/wp-content\/uploads\/2025\/06\/Zrzut-ekranu-2025-06-11-o-09.27.59-300x48.png 300w, https:\/\/agro-expert.eu\/wp-content\/uploads\/2025\/06\/Zrzut-ekranu-2025-06-11-o-09.27.59-1024x165.png 1024w, https:\/\/agro-expert.eu\/wp-content\/uploads\/2025\/06\/Zrzut-ekranu-2025-06-11-o-09.27.59-768x123.png 768w, https:\/\/agro-expert.eu\/wp-content\/uploads\/2025\/06\/Zrzut-ekranu-2025-06-11-o-09.27.59-600x96.png 600w\" sizes=\"(max-width: 1107px) 100vw, 1107px\" \/><\/p>\n<section id=\"section-49-77\" class=\" ct-section oxy-margin-bottom\">\n<div class=\"ct-section-inner-wrap\">\n<div id=\"_tabs_contents-59-77\" class=\"oxy-tabs-contents-wrapper oxy-tabs-contents\">\n<div id=\"_tab_content-66-77\" class=\"oxy-tab-content tabs-contents-2212-tab\">\n<div id=\"div_block-67-77\" class=\"ct-div-block\">\n<div id=\"_rich_text-68-77\" class=\"oxy-rich-text\">\n<section id=\"section-51-79\" class=\" ct-section oxy-margin-bottom\">\n<div class=\"ct-section-inner-wrap\">\n<div id=\"_tabs_contents-61-79\" class=\"oxy-tabs-contents-wrapper oxy-tabs-contents\">\n<div id=\"_tab_content-68-79\" class=\"oxy-tab-content tabs-contents-2212-tab\">\n<div id=\"div_block-69-79\" class=\"ct-div-block\">\n<div id=\"_rich_text-70-79\" class=\"oxy-rich-text\">\n<section id=\"section-112-81\" class=\" ct-section oxy-margin-bottom-last\">\n<div class=\"ct-section-inner-wrap\">\n<div id=\"_rich_text-77-105\" class=\"oxy-rich-text\">\n<section id=\"section-73-103\" class=\" ct-section oxy-margin-bottom\">\n<div class=\"ct-section-inner-wrap\">\n<div id=\"_rich_text-123-103\" class=\"oxy-rich-text\">\n<h3 id=\"headline-76-111\" class=\"ct-headline\">Dodatkowe informacje:<\/h3>\n<div id=\"_rich_text-77-111\" class=\"oxy-rich-text\">\n<p>bi seed mo\u017cna u\u017cywa\u0107 w kombinacji w kwasami humusowymi i innymi preparatami bakteryjnymi oraz nawozami donasiennymi. Nie stosowa\u0107 z fungicydami.<\/p>\n<p>Produkt jest dopuszczony do stosowania w rolnictwie ekologicznym na podstawie decyzji IUNG w Pu\u0142awach nr: NE\/803\/2024.<\/p>\n<\/div>\n<\/div>\n<\/div>\n<\/section>\n<\/div>\n<\/div>\n<\/section>\n<\/div>\n<\/div>\n<\/div>\n<\/div>\n<\/div>\n<\/section>\n<\/div>\n<\/div>\n<\/div>\n<\/div>\n<\/div>\n<\/section>\n<section id=\"section-71-77\" class=\" ct-section oxy-margin-bottom\">\n<div class=\"ct-section-inner-wrap\"><\/div>\n<\/section>\n<section id=\"section-352-87\" class=\" ct-section oxy-margin-bottom\">\n<div class=\"ct-section-inner-wrap\"><\/div>\n<\/section>\n<\/div>\n<\/section>\n<\/div>\n<\/div>\n","protected":false},"excerpt":{"rendered":"<p>bi seed Zaprawianie nasion Specjalistyczny naw\u00f3z mikrobiologiczny stosowany w celu zaprawiania nasion zb\u00f3\u017c, oraz innych ro\u015blin rolniczych i warzywnych oraz bulw, cebul i korzeni. Preparat do zaprawiania nasion zwi\u0119ksza liczebno\u015b\u0107 po\u017cytecznych mikroorganizm\u00f3w w bezpo\u015brednim otoczeniu ro\u015bliny i naturalnie zabezpiecza j\u0105 sferycznie przed atakami patogen\u00f3w grzybowych. Mikroorganizmy zawarte w bi seed tworz\u0105 barier\u0119 ochronn\u0105 na powierzchni &#8230; <a title=\"bi seed &#8211; 1kg (Preparat bakteryjny)\" class=\"read-more\" href=\"https:\/\/agro-expert.eu\/?product=bi-seed-1kg-preparat-bakteryjny\" aria-label=\"Read more about bi seed &#8211; 1kg (Preparat bakteryjny)\">Dowiedz si\u0119 wi\u0119cej<\/a><\/p>\n","protected":false},"featured_media":1033,"comment_status":"open","ping_status":"closed","template":"","meta":{"om_disable_all_campaigns":false,"_monsterinsights_skip_tracking":false,"_monsterinsights_sitenote_active":false,"_monsterinsights_sitenote_note":"","_monsterinsights_sitenote_category":0,"_uf_show_specific_survey":0,"_uf_disable_surveys":false},"product_brand":[],"product_cat":[45,47],"product_tag":[],"class_list":{"0":"post-1032","1":"product","2":"type-product","3":"status-publish","4":"has-post-thumbnail","6":"product_cat-agrarius","7":"product_cat-preparaty-bakteryjne-agrarius","9":"first","10":"instock","11":"taxable","12":"shipping-taxable","13":"purchasable","14":"product-type-simple"},"aioseo_notices":[],"jetpack_sharing_enabled":true,"_links":{"self":[{"href":"https:\/\/agro-expert.eu\/index.php?rest_route=\/wp\/v2\/product\/1032","targetHints":{"allow":["GET"]}}],"collection":[{"href":"https:\/\/agro-expert.eu\/index.php?rest_route=\/wp\/v2\/product"}],"about":[{"href":"https:\/\/agro-expert.eu\/index.php?rest_route=\/wp\/v2\/types\/product"}],"replies":[{"embeddable":true,"href":"https:\/\/agro-expert.eu\/index.php?rest_route=%2Fwp%2Fv2%2Fcomments&post=1032"}],"wp:featuredmedia":[{"embeddable":true,"href":"https:\/\/agro-expert.eu\/index.php?rest_route=\/wp\/v2\/media\/1033"}],"wp:attachment":[{"href":"https:\/\/agro-expert.eu\/index.php?rest_route=%2Fwp%2Fv2%2Fmedia&parent=1032"}],"wp:term":[{"taxonomy":"product_brand","embeddable":true,"href":"https:\/\/agro-expert.eu\/index.php?rest_route=%2Fwp%2Fv2%2Fproduct_brand&post=1032"},{"taxonomy":"product_cat","embeddable":true,"href":"https:\/\/agro-expert.eu\/index.php?rest_route=%2Fwp%2Fv2%2Fproduct_cat&post=1032"},{"taxonomy":"product_tag","embeddable":true,"href":"https:\/\/agro-expert.eu\/index.php?rest_route=%2Fwp%2Fv2%2Fproduct_tag&post=1032"}],"curies":[{"name":"wp","href":"https:\/\/api.w.org\/{rel}","templated":true}]}}