{"id":1054,"date":"2025-06-11T09:53:14","date_gmt":"2025-06-11T07:53:14","guid":{"rendered":"https:\/\/agro-expert.eu\/?post_type=product&#038;p=1054"},"modified":"2025-07-03T15:45:50","modified_gmt":"2025-07-03T13:45:50","slug":"bi-water-1kg-preparaty-bakteryjne","status":"publish","type":"product","link":"https:\/\/agro-expert.eu\/?product=bi-water-1kg-preparaty-bakteryjne","title":{"rendered":"bi water -1kg (Preparaty bakteryjne)"},"content":{"rendered":"<div class=\"et_pb_module et_pb_image et_pb_image_0\"><\/div>\n<div class=\"et_pb_module et_pb_text et_pb_text_0 et_pb_text_align_left et_pb_bg_layout_light\">\n<div class=\"et_pb_text_inner\">\n<h1 id=\"headline-8-57\" class=\"ct-headline oxy-kondycjoner\"><strong>bi water<\/strong><\/h1>\n<h2 id=\"headline-9-125\" class=\"ct-headline\">Bakterie do oczka wodnego<\/h2>\n<div id=\"text_block-10-125\" class=\"ct-text-block\">Produkt mikrobiologiczny bi water jest przeznaczony do biologicznego oczyszczania r\u00f3\u017cnego rodzaju zbiornik\u00f3w wodnych, takich jak oczka wodne, stawy, akwaria i baseny. Zawiera starannie wyselekcjonowane, niepatogenne szczepy bakterii z rodzaju\u00a0<i>Bacillus sp<\/i>. Dzi\u0119ki suchej formie preparatu, bi water zapewnia zachowanie d\u0142ugotrwa\u0142ej \u017cywotno\u015bci mikroorganizm\u00f3w, co sprzyja skutecznego i trwa\u0142emu procesowi oczyszczania wody.<\/div>\n<p><img fetchpriority=\"high\" decoding=\"async\" class=\"aligncenter wp-image-1055 size-full\" src=\"https:\/\/agro-expert.eu\/wp-content\/uploads\/2025\/06\/Zrzut-ekranu-2025-06-11-o-09.53.34.png\" alt=\"\" width=\"1167\" height=\"303\" srcset=\"https:\/\/agro-expert.eu\/wp-content\/uploads\/2025\/06\/Zrzut-ekranu-2025-06-11-o-09.53.34.png 1167w, https:\/\/agro-expert.eu\/wp-content\/uploads\/2025\/06\/Zrzut-ekranu-2025-06-11-o-09.53.34-300x78.png 300w, https:\/\/agro-expert.eu\/wp-content\/uploads\/2025\/06\/Zrzut-ekranu-2025-06-11-o-09.53.34-1024x266.png 1024w, https:\/\/agro-expert.eu\/wp-content\/uploads\/2025\/06\/Zrzut-ekranu-2025-06-11-o-09.53.34-768x199.png 768w, https:\/\/agro-expert.eu\/wp-content\/uploads\/2025\/06\/Zrzut-ekranu-2025-06-11-o-09.53.34-600x156.png 600w\" sizes=\"(max-width: 1167px) 100vw, 1167px\" \/><\/p>\n<p><strong>DZIA\u0141ANIE:<\/strong><\/p>\n<p>Szczepy mikroorganizm\u00f3w u\u017cywane do oczyszczania zbiornik\u00f3w wodnych odgrywaj\u0105 istotn\u0105 rol\u0119 w utrzymaniu czysto\u015bci wody w stawach, basenach akwariach i oczkach wodnych. Te jednokom\u00f3rkowe organizmy s\u0105 naturalnie obecne w \u015brodowisku wodnym, ale mog\u0105 by\u0107 tak\u017ce stosowane jako preparaty w celu poprawy jako\u015bci wody. Ich g\u0142\u00f3wn\u0105 funkcj\u0105 jest biologiczne oczyszczanie wody poprzez degradacj\u0119 zanieczyszcze\u0144 organicznych oraz hamowanie wzrostu glon\u00f3w.<\/p>\n<p>W \u015brodowisku wodnym, bakterie zawarte w bi water intensywnie konsumuj\u0105 rozpuszczone produkty rozk\u0142adu organicznego, takie jak amoniak, azotany, fosforany i mocznik, co skutkuje obni\u017ceniem ich st\u0119\u017cenia w zbiorniku wodnym.<\/p>\n<p>G\u0142\u00f3wnym skutkiem dzia\u0142ania bakterii bi water jest przekszta\u0142cenie amoniaku, czyli toksycznego produktu przemiany azotu w zbiornikach wodnych, w bezpieczne zwi\u0105zki azotowe. Ten proces ma istotne znaczenie, poniewa\u017c wysokie st\u0119\u017cenia amoniaku mog\u0105 by\u0107 szkodliwe dla ryb i innych organizm\u00f3w wodnych.<\/p>\n<p>W odpowiednio napowietrzonych akwariach, stawach i basenach, samooczyszczanie wody zachodzi dzi\u0119ki szybkiemu spo\u017cyciu przez bakterie zawartych w bi water rozpuszczalnych form azotu, fosforu oraz substancji mineralnych. Dzi\u0119ki temu procesowi, akumulacja osad\u00f3w dennych oraz ryzyko rozmna\u017cania si\u0119 szkodliwych patogen\u00f3w zostaj\u0105 zmniejszone.<\/p>\n<p>Regularne u\u017cywanie bi water eliminuje nadmierny wzrost ro\u015blin wodnych i glon\u00f3w oraz neutralizuje nieprzyjemne zapachy. W przypadku akwari\u00f3w i innych sztucznych zbiornik\u00f3w wodnych, regularne stosowanie bi water pomaga utrzyma\u0107 wod\u0119 w zdrowym i czystym stanie, co jest istotne zw\u0142aszcza podczas hodowli ryb. Produkt\u00a0 mo\u017ce by\u0107 stosowany nawet w obecno\u015bci zwierz\u0105t.<\/p>\n<p><strong style=\"font-size: inherit; font-family: -apple-system, system-ui, BlinkMacSystemFont, 'Segoe UI', Helvetica, Arial, sans-serif, 'Apple Color Emoji', 'Segoe UI Emoji', 'Segoe UI Symbol';\">SK\u0141AD:\u00a0<\/strong><\/p>\n<\/div>\n<div class=\"et_pb_text_inner\">\n<section id=\"section-50-47\" class=\" ct-section oxy-margin-bottom\">\n<div class=\"ct-section-inner-wrap\">\n<div id=\"_tabs_contents-60-47\" class=\"oxy-tabs-contents-wrapper oxy-tabs-contents\">\n<div id=\"_tab_content-64-47\" class=\"oxy-tab-content tabs-contents-2212-tab\">\n<div id=\"div_block-65-47\" class=\"ct-div-block\">\n<div id=\"_rich_text-66-47\" class=\"oxy-rich-text\">\n<section id=\"section-51-85\" class=\" ct-section oxy-margin-bottom\">\n<div class=\"ct-section-inner-wrap\">\n<div id=\"_tabs_contents-61-85\" class=\"oxy-tabs-contents-wrapper oxy-tabs-contents\">\n<div id=\"_tab_content-65-85\" class=\"oxy-tab-content tabs-contents-2212-tab\">\n<div id=\"div_block-66-85\" class=\"ct-div-block\">\n<div id=\"_rich_text-67-85\" class=\"oxy-rich-text\">\n<section id=\"section-51-83\" class=\" ct-section oxy-margin-bottom\">\n<div class=\"ct-section-inner-wrap\">\n<div id=\"_tabs_contents-61-83\" class=\"oxy-tabs-contents-wrapper oxy-tabs-contents\">\n<div id=\"_tab_content-65-83\" class=\"oxy-tab-content tabs-contents-2212-tab\">\n<div id=\"div_block-66-83\" class=\"ct-div-block\">\n<div id=\"_rich_text-67-83\" class=\"oxy-rich-text\">\n<section id=\"section-49-77\" class=\" ct-section oxy-margin-bottom\">\n<div class=\"ct-section-inner-wrap\">\n<div id=\"_tabs_contents-59-77\" class=\"oxy-tabs-contents-wrapper oxy-tabs-contents\">\n<div id=\"_tab_content-63-77\" class=\"oxy-tab-content tabs-contents-2212-tab\">\n<div id=\"div_block-64-77\" class=\"ct-div-block\">\n<div id=\"_rich_text-65-77\" class=\"oxy-rich-text\">\n<section id=\"section-51-79\" class=\" ct-section oxy-margin-bottom\">\n<div class=\"ct-section-inner-wrap\">\n<div id=\"_tabs_contents-61-79\" class=\"oxy-tabs-contents-wrapper oxy-tabs-contents\">\n<div id=\"_tab_content-65-79\" class=\"oxy-tab-content tabs-contents-2212-tab\">\n<div id=\"div_block-66-79\" class=\"ct-div-block\">\n<div id=\"_rich_text-67-79\" class=\"oxy-rich-text\">\n<section id=\"section-51-81\" class=\" ct-section oxy-margin-bottom\">\n<div class=\"ct-section-inner-wrap\">\n<div id=\"_tabs_contents-61-81\" class=\"oxy-tabs-contents-wrapper oxy-tabs-contents\">\n<div id=\"_tab_content-65-81\" class=\"oxy-tab-content tabs-contents-2212-tab\">\n<div id=\"div_block-66-81\" class=\"ct-div-block\">\n<div id=\"_rich_text-67-81\" class=\"oxy-rich-text\">\n<section id=\"section-49-69\" class=\" ct-section oxy-margin-bottom\">\n<div class=\"ct-section-inner-wrap\">\n<div id=\"_tabs_contents-59-69\" class=\"oxy-tabs-contents-wrapper oxy-tabs-contents\">\n<div id=\"_tab_content-63-69\" class=\"oxy-tab-content tabs-contents-2212-tab\">\n<div id=\"div_block-64-69\" class=\"ct-div-block\">\n<div id=\"_rich_text-65-69\" class=\"oxy-rich-text\">\n<section id=\"section-49-71\" class=\" ct-section oxy-margin-bottom\">\n<div class=\"ct-section-inner-wrap\">\n<div id=\"_tabs_contents-59-71\" class=\"oxy-tabs-contents-wrapper oxy-tabs-contents\">\n<div id=\"_tab_content-63-71\" class=\"oxy-tab-content tabs-contents-2212-tab\">\n<div id=\"div_block-64-71\" class=\"ct-div-block\">\n<div id=\"_rich_text-65-71\" class=\"oxy-rich-text\">\n<section id=\"section-541-65\" class=\" ct-section oxy-margin-bottom\">\n<div class=\"ct-section-inner-wrap\">\n<div id=\"_tabs_contents-551-65\" class=\"oxy-tabs-contents-wrapper oxy-tabs-contents\">\n<div id=\"_tab_content-555-65\" class=\"oxy-tab-content tabs-contents-2212-tab\">\n<div id=\"div_block-556-65\" class=\"ct-div-block\">\n<div id=\"_rich_text-557-65\" class=\"oxy-rich-text\">\n<section id=\"section-50-67\" class=\" ct-section oxy-margin-bottom\">\n<div class=\"ct-section-inner-wrap\">\n<div id=\"_tabs_contents-60-67\" class=\"oxy-tabs-contents-wrapper oxy-tabs-contents\">\n<div id=\"_tab_content-64-67\" class=\"oxy-tab-content tabs-contents-2212-tab\">\n<div id=\"div_block-65-67\" class=\"ct-div-block\">\n<div id=\"_rich_text-66-67\" class=\"oxy-rich-text\">\n<section id=\"section-50-67\" class=\" ct-section oxy-margin-bottom\">\n<div class=\"ct-section-inner-wrap\">\n<div id=\"_tabs_contents-60-67\" class=\"oxy-tabs-contents-wrapper oxy-tabs-contents\">\n<div id=\"_tab_content-64-67\" class=\"oxy-tab-content tabs-contents-2212-tab\">\n<div id=\"div_block-65-67\" class=\"ct-div-block\">\n<div id=\"_rich_text-66-67\" class=\"oxy-rich-text\">\n<section id=\"section-50-73\" class=\" ct-section oxy-margin-bottom\">\n<div class=\"ct-section-inner-wrap\">\n<div id=\"_tabs_contents-60-73\" class=\"oxy-tabs-contents-wrapper oxy-tabs-contents\">\n<div id=\"_tab_content-64-73\" class=\"oxy-tab-content tabs-contents-2212-tab\">\n<div id=\"div_block-65-73\" class=\"ct-div-block\">\n<div id=\"_rich_text-66-73\" class=\"oxy-rich-text\">\n<section id=\"section-51-1521\" class=\" ct-section oxy-margin-bottom\">\n<div class=\"ct-section-inner-wrap\">\n<div id=\"_tabs_contents-61-1521\" class=\"oxy-tabs-contents-wrapper oxy-tabs-contents\">\n<div id=\"_tab_content-65-1521\" class=\"oxy-tab-content tabs-contents-2212-tab\">\n<div id=\"div_block-66-1521\" class=\"ct-div-block\">\n<div id=\"_rich_text-67-1521\" class=\"oxy-rich-text\">\n<section id=\"section-49-75\" class=\" ct-section oxy-margin-bottom\">\n<div class=\"ct-section-inner-wrap\">\n<div id=\"_tabs_contents-59-75\" class=\"oxy-tabs-contents-wrapper oxy-tabs-contents\">\n<div id=\"_tab_content-63-75\" class=\"oxy-tab-content tabs-contents-2212-tab\">\n<div id=\"div_block-64-75\" class=\"ct-div-block\">\n<div id=\"_rich_text-65-75\" class=\"oxy-rich-text\">\n<section id=\"section-50-57\" class=\" ct-section oxy-margin-bottom\">\n<div class=\"ct-section-inner-wrap\">\n<div id=\"_tabs_contents-60-57\" class=\"oxy-tabs-contents-wrapper oxy-tabs-contents\">\n<div id=\"_tab_content-64-57\" class=\"oxy-tab-content tabs-contents-2212-tab\">\n<div id=\"div_block-65-57\" class=\"ct-div-block\">\n<div id=\"_rich_text-66-57\" class=\"oxy-rich-text\">\n<section id=\"section-55-113\" class=\" ct-section oxy-margin-bottom\">\n<div class=\"ct-section-inner-wrap\">\n<div id=\"_tabs_contents-65-113\" class=\"oxy-tabs-contents-wrapper oxy-tabs-contents\">\n<div id=\"_tab_content-69-113\" class=\"oxy-tab-content tabs-contents-2212-tab\">\n<div id=\"div_block-70-113\" class=\"ct-div-block\">\n<div id=\"_rich_text-71-113\" class=\"oxy-rich-text\">\n<section id=\"section-49-125\" class=\" ct-section oxy-margin-bottom\">\n<div class=\"ct-section-inner-wrap\">\n<div id=\"_tabs_contents-59-125\" class=\"oxy-tabs-contents-wrapper oxy-tabs-contents\">\n<div id=\"_tab_content-63-125\" class=\"oxy-tab-content tabs-contents-2212-tab\">\n<div id=\"div_block-64-125\" class=\"ct-div-block\">\n<div id=\"_rich_text-65-125\" class=\"oxy-rich-text\">Dob\u00f3r odpowiedniej kombinacji r\u00f3\u017cnych szczep\u00f3w bakterii\u00a0<i>Bacillus sp.\u00a0<\/i>w ilo\u015bci nie mniejszej ni\u017c\u00a01&#215;10<sup>9<\/sup>\u00a0JTK w 1 gramie produktu.<\/div>\n<\/div>\n<\/div>\n<\/div>\n<\/div>\n<\/section>\n<section id=\"section-111-125\" class=\" ct-section oxy-margin-bottom\">\n<div class=\"ct-section-inner-wrap\"><\/div>\n<\/section>\n<\/div>\n<\/div>\n<\/div>\n<\/div>\n<\/div>\n<\/section>\n<section id=\"section-77-113\" class=\" ct-section oxy-margin-bottom\">\n<div class=\"ct-section-inner-wrap\"><\/div>\n<\/section>\n<\/div>\n<\/div>\n<\/div>\n<\/div>\n<\/div>\n<\/section>\n<section id=\"section-72-57\" class=\" ct-section oxy-margin-bottom\">\n<div class=\"ct-section-inner-wrap\"><\/div>\n<\/section>\n<\/div>\n<\/div>\n<\/div>\n<\/div>\n<\/div>\n<\/section>\n<section id=\"section-71-75\" class=\" ct-section oxy-margin-bottom\">\n<div class=\"ct-section-inner-wrap\"><\/div>\n<\/section>\n<\/div>\n<\/div>\n<\/div>\n<\/div>\n<\/div>\n<\/section>\n<section id=\"section-112-1521\" class=\" ct-section oxy-margin-bottom-last\">\n<div class=\"ct-section-inner-wrap\"><\/div>\n<\/section>\n<\/div>\n<\/div>\n<\/div>\n<\/div>\n<\/div>\n<\/section>\n<section id=\"section-72-73\" class=\" ct-section oxy-margin-bottom\">\n<div class=\"ct-section-inner-wrap\"><\/div>\n<\/section>\n<\/div>\n<\/div>\n<\/div>\n<\/div>\n<\/div>\n<\/section>\n<section id=\"section-72-67\" class=\" ct-section oxy-margin-bottom\">\n<div class=\"ct-section-inner-wrap\"><\/div>\n<\/section>\n<\/div>\n<\/div>\n<\/div>\n<\/div>\n<\/div>\n<\/section>\n<\/div>\n<\/div>\n<\/div>\n<\/div>\n<\/div>\n<\/section>\n<\/div>\n<\/div>\n<\/div>\n<\/div>\n<\/div>\n<\/section>\n<\/div>\n<\/div>\n<\/div>\n<\/div>\n<\/div>\n<\/section>\n<\/div>\n<\/div>\n<\/div>\n<\/div>\n<\/div>\n<\/section>\n<\/div>\n<\/div>\n<\/div>\n<\/div>\n<\/div>\n<\/section>\n<\/div>\n<\/div>\n<\/div>\n<\/div>\n<\/div>\n<\/section>\n<\/div>\n<\/div>\n<\/div>\n<\/div>\n<\/div>\n<\/section>\n<\/div>\n<\/div>\n<\/div>\n<\/div>\n<\/div>\n<\/section>\n<section id=\"section-112-85\" class=\" ct-section oxy-margin-bottom-last\">\n<div class=\"ct-section-inner-wrap\"><\/div>\n<\/section>\n<\/div>\n<\/div>\n<\/div>\n<\/div>\n<\/div>\n<\/section>\n<section id=\"section-1383-47\" class=\" ct-section oxy-margin-bottom\">\n<div class=\"ct-section-inner-wrap\">\n<p><strong><strong>Dawkowanie:<\/strong><\/strong><\/p>\n<p>Najbardziej skuteczne jest dzia\u0142anie preparatu w temperaturach +20\u2070C do +30\u2070C.<\/p>\n<p><strong>Zamkni\u0119te zbiorniki wodne, stawy:<\/strong>\u00a0pierwsze u\u017cycie: 1 g preparatu na 1 m<sup>2<\/sup>\u00a0powierzchni stawu o g\u0142\u0119boko\u015bci do 3 m.<br \/>\n<strong>Zapobiegawcze stosowanie:<\/strong>\u00a01 g preparatu na 1 m<sup>2<\/sup>\u00a0powierzchni 2 razy w miesi\u0105cu.<br \/>\n<strong>Akwaria:<\/strong>\u00a0wymiesza\u0107 preparat z wod\u0105 w ilo\u015bci 1 g \/500 ml wody\/1 m<sup>3<\/sup>.<\/p>\n<section id=\"section-49-77\" class=\" ct-section oxy-margin-bottom\">\n<div class=\"ct-section-inner-wrap\">\n<div id=\"_tabs_contents-59-77\" class=\"oxy-tabs-contents-wrapper oxy-tabs-contents\">\n<div id=\"_tab_content-66-77\" class=\"oxy-tab-content tabs-contents-2212-tab\">\n<div id=\"div_block-67-77\" class=\"ct-div-block\">\n<div id=\"_rich_text-68-77\" class=\"oxy-rich-text\">\n<section id=\"section-51-79\" class=\" ct-section oxy-margin-bottom\">\n<div class=\"ct-section-inner-wrap\">\n<div id=\"_tabs_contents-61-79\" class=\"oxy-tabs-contents-wrapper oxy-tabs-contents\">\n<div id=\"_tab_content-68-79\" class=\"oxy-tab-content tabs-contents-2212-tab\">\n<div id=\"div_block-69-79\" class=\"ct-div-block\">\n<div id=\"_rich_text-70-79\" class=\"oxy-rich-text\">\n<section id=\"section-112-81\" class=\" ct-section oxy-margin-bottom-last\">\n<div class=\"ct-section-inner-wrap\">\n<p>&nbsp;<\/p>\n<h4 id=\"headline-72-75\" class=\"ct-headline\"><strong>Dodatkowe informacje:<\/strong><\/h4>\n<div id=\"text_block-73-75\" class=\"ct-text-block\">\n<section id=\"section-72-57\" class=\" ct-section oxy-margin-bottom\">\n<div class=\"ct-section-inner-wrap\">\n<div id=\"text_block-74-57\" class=\"ct-text-block\">\n<p>bi water to wyj\u0105tkowy produkt na rynku, dost\u0119pny w postaci sypkiego proszku, kt\u00f3ry zawiera niezwykle wysok\u0105 koncentracj\u0119 bakterii w jednym gramie. Nie zaleca si\u0119 stosowania tego preparatu w basenach publicznych, sztucznych zbiornikach hodowlanych ryb oraz w obszarach obj\u0119tych stref\u0105 ochronn\u0105 uj\u0119\u0107 wody.<\/p>\n<\/div>\n<\/div>\n<\/section>\n<\/div>\n<\/div>\n<div class=\"ct-section-inner-wrap\">\n<div id=\"text_block-140-69\" class=\"ct-text-block\">\n<section id=\"section-71-71\" class=\" ct-section oxy-margin-bottom\">\n<div class=\"ct-section-inner-wrap\">\n<div id=\"text_block-73-71\" class=\"ct-text-block\">\n<section id=\"section-605-65\" class=\" ct-section oxy-margin-bottom-last\">\n<div class=\"ct-section-inner-wrap\"><\/div>\n<\/section>\n<\/div>\n<\/div>\n<\/section>\n<section id=\"section-113-71\" class=\" ct-section oxy-margin-bottom-last\">\n<div class=\"ct-section-inner-wrap\"><\/div>\n<\/section>\n<\/div>\n<\/div>\n<\/section>\n<\/div>\n<\/div>\n<\/div>\n<\/div>\n<\/div>\n<\/section>\n<section id=\"section-120-79\" class=\" ct-section oxy-margin-bottom\">\n<div class=\"ct-section-inner-wrap\"><\/div>\n<\/section>\n<\/div>\n<\/div>\n<\/div>\n<\/div>\n<\/div>\n<\/section>\n<section id=\"section-71-77\" class=\" ct-section oxy-margin-bottom\">\n<div class=\"ct-section-inner-wrap\"><\/div>\n<\/section>\n<section id=\"section-352-87\" class=\" ct-section oxy-margin-bottom\">\n<div class=\"ct-section-inner-wrap\"><\/div>\n<\/section>\n<\/div>\n<\/section>\n<\/div>\n<\/div>\n","protected":false},"excerpt":{"rendered":"<p>bi water Bakterie do oczka wodnego Produkt mikrobiologiczny bi water jest przeznaczony do biologicznego oczyszczania r\u00f3\u017cnego rodzaju zbiornik\u00f3w wodnych, takich jak oczka wodne, stawy, akwaria i baseny. Zawiera starannie wyselekcjonowane, niepatogenne szczepy bakterii z rodzaju\u00a0Bacillus sp. Dzi\u0119ki suchej formie preparatu, bi water zapewnia zachowanie d\u0142ugotrwa\u0142ej \u017cywotno\u015bci mikroorganizm\u00f3w, co sprzyja skutecznego i trwa\u0142emu procesowi oczyszczania wody. &#8230; <a title=\"bi water -1kg (Preparaty bakteryjne)\" class=\"read-more\" href=\"https:\/\/agro-expert.eu\/?product=bi-water-1kg-preparaty-bakteryjne\" aria-label=\"Read more about bi water -1kg (Preparaty bakteryjne)\">Dowiedz si\u0119 wi\u0119cej<\/a><\/p>\n","protected":false},"featured_media":1056,"comment_status":"open","ping_status":"closed","template":"","meta":{"om_disable_all_campaigns":false,"_monsterinsights_skip_tracking":false,"_monsterinsights_sitenote_active":false,"_monsterinsights_sitenote_note":"","_monsterinsights_sitenote_category":0,"_uf_show_specific_survey":0,"_uf_disable_surveys":false},"product_brand":[],"product_cat":[45,47],"product_tag":[],"class_list":{"0":"post-1054","1":"product","2":"type-product","3":"status-publish","4":"has-post-thumbnail","6":"product_cat-agrarius","7":"product_cat-preparaty-bakteryjne-agrarius","9":"first","10":"instock","11":"taxable","12":"shipping-taxable","13":"purchasable","14":"product-type-simple"},"aioseo_notices":[],"jetpack_sharing_enabled":true,"_links":{"self":[{"href":"https:\/\/agro-expert.eu\/index.php?rest_route=\/wp\/v2\/product\/1054","targetHints":{"allow":["GET"]}}],"collection":[{"href":"https:\/\/agro-expert.eu\/index.php?rest_route=\/wp\/v2\/product"}],"about":[{"href":"https:\/\/agro-expert.eu\/index.php?rest_route=\/wp\/v2\/types\/product"}],"replies":[{"embeddable":true,"href":"https:\/\/agro-expert.eu\/index.php?rest_route=%2Fwp%2Fv2%2Fcomments&post=1054"}],"wp:featuredmedia":[{"embeddable":true,"href":"https:\/\/agro-expert.eu\/index.php?rest_route=\/wp\/v2\/media\/1056"}],"wp:attachment":[{"href":"https:\/\/agro-expert.eu\/index.php?rest_route=%2Fwp%2Fv2%2Fmedia&parent=1054"}],"wp:term":[{"taxonomy":"product_brand","embeddable":true,"href":"https:\/\/agro-expert.eu\/index.php?rest_route=%2Fwp%2Fv2%2Fproduct_brand&post=1054"},{"taxonomy":"product_cat","embeddable":true,"href":"https:\/\/agro-expert.eu\/index.php?rest_route=%2Fwp%2Fv2%2Fproduct_cat&post=1054"},{"taxonomy":"product_tag","embeddable":true,"href":"https:\/\/agro-expert.eu\/index.php?rest_route=%2Fwp%2Fv2%2Fproduct_tag&post=1054"}],"curies":[{"name":"wp","href":"https:\/\/api.w.org\/{rel}","templated":true}]}}