{"id":1061,"date":"2025-06-11T10:00:02","date_gmt":"2025-06-11T08:00:02","guid":{"rendered":"https:\/\/agro-expert.eu\/?post_type=product&#038;p=1061"},"modified":"2025-07-03T15:45:50","modified_gmt":"2025-07-03T13:45:50","slug":"bi-compost-1kg-preparaty-bakteryjne","status":"publish","type":"product","link":"https:\/\/agro-expert.eu\/?product=bi-compost-1kg-preparaty-bakteryjne","title":{"rendered":"bi compost-1kg (Preparaty bakteryjne)"},"content":{"rendered":"<div class=\"et_pb_module et_pb_image et_pb_image_0\"><\/div>\n<div class=\"et_pb_module et_pb_text et_pb_text_0 et_pb_text_align_left et_pb_bg_layout_light\">\n<div class=\"et_pb_text_inner\">\n<h1 id=\"headline-8-57\" class=\"ct-headline oxy-kondycjoner\"><strong>bi compost<\/strong><\/h1>\n<h2 id=\"headline-9-115\" class=\"ct-headline\">Bakterie do kompostownika<\/h2>\n<div id=\"text_block-10-115\" class=\"ct-text-block\">bi compost to preparat mikrobiologiczny zawieraj\u0105cy starannie wyselekcjonowane mikroorganizmy z rodzaju\u00a0<i>Bacillus sp.<\/i>, kt\u00f3re zosta\u0142y wyizolowane z gleby. Przeznaczony jest do przyspieszania procesu kompostowania materii organicznej w kompostownikach oraz na pryzmach. Dzia\u0142anie bakterii polega na procesie biologicznego przekszta\u0142cania odpad\u00f3w organicznych w substancje bogate w sk\u0142adniki od\u017cywcze, kt\u00f3re sprzyjaj\u0105 rozwojowi ro\u015blin oraz zwi\u0119kszaj\u0105 zasobno\u015b\u0107 gleby w makro- i mikroelementy. W wyniku tego procesu dochodzi do humifikacji, czyli przemiany organicznej materii w substancje bardziej trwa\u0142e i stabilne takie jak kwasy humusowe, aminokwasy, polisacharydy, w\u0119glowodany oraz witaminy.<\/div>\n<p><img fetchpriority=\"high\" decoding=\"async\" class=\"aligncenter wp-image-1062 size-full\" src=\"https:\/\/agro-expert.eu\/wp-content\/uploads\/2025\/06\/Zrzut-ekranu-2025-06-11-o-10.00.37.png\" alt=\"\" width=\"1142\" height=\"274\" srcset=\"https:\/\/agro-expert.eu\/wp-content\/uploads\/2025\/06\/Zrzut-ekranu-2025-06-11-o-10.00.37.png 1142w, https:\/\/agro-expert.eu\/wp-content\/uploads\/2025\/06\/Zrzut-ekranu-2025-06-11-o-10.00.37-300x72.png 300w, https:\/\/agro-expert.eu\/wp-content\/uploads\/2025\/06\/Zrzut-ekranu-2025-06-11-o-10.00.37-1024x246.png 1024w, https:\/\/agro-expert.eu\/wp-content\/uploads\/2025\/06\/Zrzut-ekranu-2025-06-11-o-10.00.37-768x184.png 768w, https:\/\/agro-expert.eu\/wp-content\/uploads\/2025\/06\/Zrzut-ekranu-2025-06-11-o-10.00.37-600x144.png 600w\" sizes=\"(max-width: 1142px) 100vw, 1142px\" \/><\/p>\n<p><strong>DZIA\u0141ANIE:<\/strong><\/p>\n<p>Zastosowanie bakterii w procesie kompostowania ma istotne znaczenie ze wzgl\u0119du na ich zdolno\u015b\u0107 do przyspieszania rozk\u0142adu materii organicznej. Bakterie te aktywnie rozk\u0142adaj\u0105 z\u0142o\u017cone zwi\u0105zki organiczne, skracaj\u0105c czas potrzebny na uzyskanie dojrza\u0142ego kompostu. Bakterie poprzez stymulacj\u0119 i biologiczne oddzia\u0142ywanie w kompostowniku prowadz\u0105 do szybszego powstawania substancji od\u017cywczych dla ro\u015blin.<\/p>\n<p>Wyselekcjonowane mikroorganizmy zawarte w preparacie bi compost przyspieszaj\u0105 proces rozk\u0142adu materii organicznej na pryzmie kompostowej, co prowadzi do szybkiego przekszta\u0142cenia jej w kompost o wysokiej warto\u015bci od\u017cywczej. W efekcie, sk\u0142adniki od\u017cywcze uwalniane podczas rozk\u0142adu organicznej materii s\u0105 dost\u0119pne dla ro\u015blin, co sprzyja ich zdrowemu wzrostowi i rozwojowi. Korzystanie z takiego kompostu umo\u017cliwia r\u00f3wnie\u017c zmniejszenie konieczno\u015bci stosowania nawoz\u00f3w mineralnych w uprawach, co wp\u0142ywa pozytywnie na redukcj\u0119 ilo\u015bci u\u017cywanych chemikali\u00f3w i korzystne oddzia\u0142ywanie na \u015brodowisko.<\/p>\n<p>Preparat do kompostownika ogranicza powstawanie nieprzyjemnych zapach\u00f3w towarzysz\u0105cych rozk\u0142adowi materii organicznej. Bakterie zawarte w preparacie, zmniejszaj\u0105 produkcj\u0119 lotnych zwi\u0105zk\u00f3w organicznych, kt\u00f3re mog\u0142yby przyczynia\u0107 si\u0119 do powstania nieprzyjemnego zapachu.<\/p>\n<p>Dodatkowo mikroorganizmy obecne w bi compost odpowiadaj\u0105 za stabilizacj\u0119 azotu, przekszta\u0142caj\u0105c go z form aktywnych w zwi\u0105zane, co czyni go \u0142atwo dost\u0119pnym dla ro\u015blin. Dodatkowo, zapobiegaj\u0105 one gniciu materii organicznej.<\/p>\n<p><strong style=\"font-size: inherit; font-family: -apple-system, system-ui, BlinkMacSystemFont, 'Segoe UI', Helvetica, Arial, sans-serif, 'Apple Color Emoji', 'Segoe UI Emoji', 'Segoe UI Symbol';\">SK\u0141AD:\u00a0<\/strong><\/p>\n<\/div>\n<div class=\"et_pb_text_inner\">\n<section id=\"section-50-47\" class=\" ct-section oxy-margin-bottom\">\n<div class=\"ct-section-inner-wrap\">\n<div id=\"_tabs_contents-60-47\" class=\"oxy-tabs-contents-wrapper oxy-tabs-contents\">\n<div id=\"_tab_content-64-47\" class=\"oxy-tab-content tabs-contents-2212-tab\">\n<div id=\"div_block-65-47\" class=\"ct-div-block\">\n<div id=\"_rich_text-66-47\" class=\"oxy-rich-text\">\n<section id=\"section-51-85\" class=\" ct-section oxy-margin-bottom\">\n<div class=\"ct-section-inner-wrap\">\n<div id=\"_tabs_contents-61-85\" class=\"oxy-tabs-contents-wrapper oxy-tabs-contents\">\n<div id=\"_tab_content-65-85\" class=\"oxy-tab-content tabs-contents-2212-tab\">\n<div id=\"div_block-66-85\" class=\"ct-div-block\">\n<div id=\"_rich_text-67-85\" class=\"oxy-rich-text\">\n<section id=\"section-51-83\" class=\" ct-section oxy-margin-bottom\">\n<div class=\"ct-section-inner-wrap\">\n<div id=\"_tabs_contents-61-83\" class=\"oxy-tabs-contents-wrapper oxy-tabs-contents\">\n<div id=\"_tab_content-65-83\" class=\"oxy-tab-content tabs-contents-2212-tab\">\n<div id=\"div_block-66-83\" class=\"ct-div-block\">\n<div id=\"_rich_text-67-83\" class=\"oxy-rich-text\">\n<section id=\"section-49-77\" class=\" ct-section oxy-margin-bottom\">\n<div class=\"ct-section-inner-wrap\">\n<div id=\"_tabs_contents-59-77\" class=\"oxy-tabs-contents-wrapper oxy-tabs-contents\">\n<div id=\"_tab_content-63-77\" class=\"oxy-tab-content tabs-contents-2212-tab\">\n<div id=\"div_block-64-77\" class=\"ct-div-block\">\n<div id=\"_rich_text-65-77\" class=\"oxy-rich-text\">\n<section id=\"section-51-79\" class=\" ct-section oxy-margin-bottom\">\n<div class=\"ct-section-inner-wrap\">\n<div id=\"_tabs_contents-61-79\" class=\"oxy-tabs-contents-wrapper oxy-tabs-contents\">\n<div id=\"_tab_content-65-79\" class=\"oxy-tab-content tabs-contents-2212-tab\">\n<div id=\"div_block-66-79\" class=\"ct-div-block\">\n<div id=\"_rich_text-67-79\" class=\"oxy-rich-text\">\n<section id=\"section-51-81\" class=\" ct-section oxy-margin-bottom\">\n<div class=\"ct-section-inner-wrap\">\n<div id=\"_tabs_contents-61-81\" class=\"oxy-tabs-contents-wrapper oxy-tabs-contents\">\n<div id=\"_tab_content-65-81\" class=\"oxy-tab-content tabs-contents-2212-tab\">\n<div id=\"div_block-66-81\" class=\"ct-div-block\">\n<div id=\"_rich_text-67-81\" class=\"oxy-rich-text\">\n<section id=\"section-49-69\" class=\" ct-section oxy-margin-bottom\">\n<div class=\"ct-section-inner-wrap\">\n<div id=\"_tabs_contents-59-69\" class=\"oxy-tabs-contents-wrapper oxy-tabs-contents\">\n<div id=\"_tab_content-63-69\" class=\"oxy-tab-content tabs-contents-2212-tab\">\n<div id=\"div_block-64-69\" class=\"ct-div-block\">\n<div id=\"_rich_text-65-69\" class=\"oxy-rich-text\">\n<section id=\"section-49-71\" class=\" ct-section oxy-margin-bottom\">\n<div class=\"ct-section-inner-wrap\">\n<div id=\"_tabs_contents-59-71\" class=\"oxy-tabs-contents-wrapper oxy-tabs-contents\">\n<div id=\"_tab_content-63-71\" class=\"oxy-tab-content tabs-contents-2212-tab\">\n<div id=\"div_block-64-71\" class=\"ct-div-block\">\n<div id=\"_rich_text-65-71\" class=\"oxy-rich-text\">\n<section id=\"section-541-65\" class=\" ct-section oxy-margin-bottom\">\n<div class=\"ct-section-inner-wrap\">\n<div id=\"_tabs_contents-551-65\" class=\"oxy-tabs-contents-wrapper oxy-tabs-contents\">\n<div id=\"_tab_content-555-65\" class=\"oxy-tab-content tabs-contents-2212-tab\">\n<div id=\"div_block-556-65\" class=\"ct-div-block\">\n<div id=\"_rich_text-557-65\" class=\"oxy-rich-text\">\n<section id=\"section-50-67\" class=\" ct-section oxy-margin-bottom\">\n<div class=\"ct-section-inner-wrap\">\n<div id=\"_tabs_contents-60-67\" class=\"oxy-tabs-contents-wrapper oxy-tabs-contents\">\n<div id=\"_tab_content-64-67\" class=\"oxy-tab-content tabs-contents-2212-tab\">\n<div id=\"div_block-65-67\" class=\"ct-div-block\">\n<div id=\"_rich_text-66-67\" class=\"oxy-rich-text\">\n<section id=\"section-50-67\" class=\" ct-section oxy-margin-bottom\">\n<div class=\"ct-section-inner-wrap\">\n<div id=\"_tabs_contents-60-67\" class=\"oxy-tabs-contents-wrapper oxy-tabs-contents\">\n<div id=\"_tab_content-64-67\" class=\"oxy-tab-content tabs-contents-2212-tab\">\n<div id=\"div_block-65-67\" class=\"ct-div-block\">\n<div id=\"_rich_text-66-67\" class=\"oxy-rich-text\">\n<section id=\"section-50-73\" class=\" ct-section oxy-margin-bottom\">\n<div class=\"ct-section-inner-wrap\">\n<div id=\"_tabs_contents-60-73\" class=\"oxy-tabs-contents-wrapper oxy-tabs-contents\">\n<div id=\"_tab_content-64-73\" class=\"oxy-tab-content tabs-contents-2212-tab\">\n<div id=\"div_block-65-73\" class=\"ct-div-block\">\n<div id=\"_rich_text-66-73\" class=\"oxy-rich-text\">\n<section id=\"section-51-1521\" class=\" ct-section oxy-margin-bottom\">\n<div class=\"ct-section-inner-wrap\">\n<div id=\"_tabs_contents-61-1521\" class=\"oxy-tabs-contents-wrapper oxy-tabs-contents\">\n<div id=\"_tab_content-65-1521\" class=\"oxy-tab-content tabs-contents-2212-tab\">\n<div id=\"div_block-66-1521\" class=\"ct-div-block\">\n<div id=\"_rich_text-67-1521\" class=\"oxy-rich-text\">\n<section id=\"section-49-75\" class=\" ct-section oxy-margin-bottom\">\n<div class=\"ct-section-inner-wrap\">\n<div id=\"_tabs_contents-59-75\" class=\"oxy-tabs-contents-wrapper oxy-tabs-contents\">\n<div id=\"_tab_content-63-75\" class=\"oxy-tab-content tabs-contents-2212-tab\">\n<div id=\"div_block-64-75\" class=\"ct-div-block\">\n<div id=\"_rich_text-65-75\" class=\"oxy-rich-text\">\n<section id=\"section-50-57\" class=\" ct-section oxy-margin-bottom\">\n<div class=\"ct-section-inner-wrap\">\n<div id=\"_tabs_contents-60-57\" class=\"oxy-tabs-contents-wrapper oxy-tabs-contents\">\n<div id=\"_tab_content-64-57\" class=\"oxy-tab-content tabs-contents-2212-tab\">\n<div id=\"div_block-65-57\" class=\"ct-div-block\">\n<div id=\"_rich_text-66-57\" class=\"oxy-rich-text\">\n<section id=\"section-55-113\" class=\" ct-section oxy-margin-bottom\">\n<div class=\"ct-section-inner-wrap\">\n<div id=\"_tabs_contents-65-113\" class=\"oxy-tabs-contents-wrapper oxy-tabs-contents\">\n<div id=\"_tab_content-69-113\" class=\"oxy-tab-content tabs-contents-2212-tab\">\n<div id=\"div_block-70-113\" class=\"ct-div-block\">\n<div id=\"_rich_text-71-113\" class=\"oxy-rich-text\">\n<section id=\"section-49-125\" class=\" ct-section oxy-margin-bottom\">\n<div class=\"ct-section-inner-wrap\">\n<div id=\"_tabs_contents-59-125\" class=\"oxy-tabs-contents-wrapper oxy-tabs-contents\">\n<div id=\"_tab_content-63-125\" class=\"oxy-tab-content tabs-contents-2212-tab\">\n<div id=\"div_block-64-125\" class=\"ct-div-block\">\n<div id=\"_rich_text-65-125\" class=\"oxy-rich-text\">\n<section id=\"section-53-115\" class=\" ct-section oxy-margin-bottom\">\n<div class=\"ct-section-inner-wrap\">\n<div id=\"_tabs_contents-63-115\" class=\"oxy-tabs-contents-wrapper oxy-tabs-contents\">\n<div id=\"_tab_content-67-115\" class=\"oxy-tab-content tabs-contents-2212-tab\">\n<div id=\"div_block-68-115\" class=\"ct-div-block\">\n<div id=\"_rich_text-69-115\" class=\"oxy-rich-text\">Mieszanka odpowiednio dobranych szczep\u00f3w bakterii\u00a0<i>Bacillus sp.\u00a0<\/i>\u00a0w ilo\u015bci nie mniejszej ni\u017c 1&#215;10<sup>9<\/sup>\u00a0JTK w 1 gramie produktu.<\/div>\n<\/div>\n<\/div>\n<\/div>\n<\/div>\n<\/section>\n<section id=\"section-75-115\" class=\" ct-section oxy-margin-bottom\">\n<div class=\"ct-section-inner-wrap\"><\/div>\n<\/section>\n<\/div>\n<\/div>\n<\/div>\n<\/div>\n<\/div>\n<\/section>\n<section id=\"section-111-125\" class=\" ct-section oxy-margin-bottom\">\n<div class=\"ct-section-inner-wrap\"><\/div>\n<\/section>\n<\/div>\n<\/div>\n<\/div>\n<\/div>\n<\/div>\n<\/section>\n<section id=\"section-77-113\" class=\" ct-section oxy-margin-bottom\">\n<div class=\"ct-section-inner-wrap\"><\/div>\n<\/section>\n<\/div>\n<\/div>\n<\/div>\n<\/div>\n<\/div>\n<\/section>\n<section id=\"section-72-57\" class=\" ct-section oxy-margin-bottom\">\n<div class=\"ct-section-inner-wrap\"><\/div>\n<\/section>\n<\/div>\n<\/div>\n<\/div>\n<\/div>\n<\/div>\n<\/section>\n<section id=\"section-71-75\" class=\" ct-section oxy-margin-bottom\">\n<div class=\"ct-section-inner-wrap\"><\/div>\n<\/section>\n<\/div>\n<\/div>\n<\/div>\n<\/div>\n<\/div>\n<\/section>\n<section id=\"section-112-1521\" class=\" ct-section oxy-margin-bottom-last\">\n<div class=\"ct-section-inner-wrap\"><\/div>\n<\/section>\n<\/div>\n<\/div>\n<\/div>\n<\/div>\n<\/div>\n<\/section>\n<section id=\"section-72-73\" class=\" ct-section oxy-margin-bottom\">\n<div class=\"ct-section-inner-wrap\"><\/div>\n<\/section>\n<\/div>\n<\/div>\n<\/div>\n<\/div>\n<\/div>\n<\/section>\n<section id=\"section-72-67\" class=\" ct-section oxy-margin-bottom\">\n<div class=\"ct-section-inner-wrap\"><\/div>\n<\/section>\n<\/div>\n<\/div>\n<\/div>\n<\/div>\n<\/div>\n<\/section>\n<\/div>\n<\/div>\n<\/div>\n<\/div>\n<\/div>\n<\/section>\n<\/div>\n<\/div>\n<\/div>\n<\/div>\n<\/div>\n<\/section>\n<\/div>\n<\/div>\n<\/div>\n<\/div>\n<\/div>\n<\/section>\n<\/div>\n<\/div>\n<\/div>\n<\/div>\n<\/div>\n<\/section>\n<\/div>\n<\/div>\n<\/div>\n<\/div>\n<\/div>\n<\/section>\n<\/div>\n<\/div>\n<\/div>\n<\/div>\n<\/div>\n<\/section>\n<\/div>\n<\/div>\n<\/div>\n<\/div>\n<\/div>\n<\/section>\n<\/div>\n<\/div>\n<\/div>\n<\/div>\n<\/div>\n<\/section>\n<section id=\"section-112-85\" class=\" ct-section oxy-margin-bottom-last\">\n<div class=\"ct-section-inner-wrap\"><\/div>\n<\/section>\n<\/div>\n<\/div>\n<\/div>\n<\/div>\n<\/div>\n<\/section>\n<section id=\"section-1383-47\" class=\" ct-section oxy-margin-bottom\">\n<div class=\"ct-section-inner-wrap\">\n<p><strong><strong>Dawkowanie:<\/strong><\/strong><\/p>\n<p>Przygotowanie roztworu roboczego: rozpu\u015bci\u0107 20 g preparatu w 10 l ciep\u0142ej niechlorowanej wody.<br \/>\nPozostawi\u0107 w temperaturze pokojowej przez 20 minut i wymiesza\u0107.<\/p>\n<ul>\n<li><strong>Pierwsza aplikacja:<\/strong>\u00a0podczas uk\u0142adania kompostownika lub pryzmy rozprowadzi\u0107 roztw\u00f3r roboczy r\u00f3wnomiernie warstwami (przy u\u017cyciu opryskiwacza lub uk\u0142adarki z opryskiwaczem) w ilo\u015bci\u00a010 litr\u00f3w roztworu na ka\u017cdy 1 m<sup>3<\/sup>\u00a0kompostu.<\/li>\n<li><strong>Kolejne aplikacje:<\/strong>\u00a0r\u00f3wnomiernie podczas mieszania masy organicznej (je\u015bli to mo\u017cliwe) nanie\u015b\u0107\u00a010 litr\u00f3w roztworu na 1 m<sup>3<\/sup>\u00a0kompostu.<\/li>\n<\/ul>\n<p><strong style=\"font-family: inherit; font-size: 24px; font-style: inherit;\">Dodatkowe informacje:<\/strong><\/p>\n<section id=\"section-49-77\" class=\" ct-section oxy-margin-bottom\">\n<div class=\"ct-section-inner-wrap\">\n<div id=\"_tabs_contents-59-77\" class=\"oxy-tabs-contents-wrapper oxy-tabs-contents\">\n<div id=\"_tab_content-66-77\" class=\"oxy-tab-content tabs-contents-2212-tab\">\n<div id=\"div_block-67-77\" class=\"ct-div-block\">\n<div id=\"_rich_text-68-77\" class=\"oxy-rich-text\">\n<section id=\"section-51-79\" class=\" ct-section oxy-margin-bottom\">\n<div class=\"ct-section-inner-wrap\">\n<div id=\"_tabs_contents-61-79\" class=\"oxy-tabs-contents-wrapper oxy-tabs-contents\">\n<div id=\"_tab_content-68-79\" class=\"oxy-tab-content tabs-contents-2212-tab\">\n<div id=\"div_block-69-79\" class=\"ct-div-block\">\n<div id=\"_rich_text-70-79\" class=\"oxy-rich-text\">\n<section id=\"section-112-81\" class=\" ct-section oxy-margin-bottom-last\">\n<div class=\"ct-section-inner-wrap\">\n<div id=\"text_block-73-75\" class=\"ct-text-block\">\n<section id=\"section-72-57\" class=\" ct-section oxy-margin-bottom\">\n<div class=\"ct-section-inner-wrap\">\n<div id=\"text_block-74-57\" class=\"ct-text-block\">\n<section id=\"section-75-115\" class=\" ct-section oxy-margin-bottom\">\n<div class=\"ct-section-inner-wrap\">\n<div id=\"_rich_text-77-115\" class=\"oxy-rich-text\">\n<p>Rozpuszczaj\u0105c 20 g preparatu w 10 l ciep\u0142ej wody bez chloru, nale\u017cy pozostawi\u0107 go w temperaturze pokojowej przez 20 minut i dok\u0142adnie wymiesza\u0107. Istotne jest monitorowanie wilgotno\u015bci przetwarzanej masy. Wilgotno\u015b\u0107 kompostowanej masy powinna by\u0107 utrzymana na poziomie co najmniej 60%. Je\u015bli wilgotno\u015b\u0107 jest ni\u017csza ni\u017c 60%, nale\u017cy dodatkowo nawil\u017cy\u0107 kompost wod\u0105. Roztw\u00f3r roboczy preparatu powinien by\u0107 zu\u017cyty w ci\u0105gu 24 godzin.<\/p>\n<\/div>\n<\/div>\n<\/section>\n<section id=\"section-117-115\" class=\" ct-section oxy-margin-bottom-last\">\n<div class=\"ct-section-inner-wrap\"><\/div>\n<\/section>\n<\/div>\n<\/div>\n<\/section>\n<\/div>\n<\/div>\n<div class=\"ct-section-inner-wrap\">\n<div id=\"text_block-140-69\" class=\"ct-text-block\">\n<section id=\"section-71-71\" class=\" ct-section oxy-margin-bottom\">\n<div class=\"ct-section-inner-wrap\">\n<div id=\"text_block-73-71\" class=\"ct-text-block\">\n<section id=\"section-605-65\" class=\" ct-section oxy-margin-bottom-last\">\n<div class=\"ct-section-inner-wrap\"><\/div>\n<\/section>\n<\/div>\n<\/div>\n<\/section>\n<section id=\"section-113-71\" class=\" ct-section oxy-margin-bottom-last\">\n<div class=\"ct-section-inner-wrap\"><\/div>\n<\/section>\n<\/div>\n<\/div>\n<\/section>\n<\/div>\n<\/div>\n<\/div>\n<\/div>\n<\/div>\n<\/section>\n<section id=\"section-120-79\" class=\" ct-section oxy-margin-bottom\">\n<div class=\"ct-section-inner-wrap\"><\/div>\n<\/section>\n<\/div>\n<\/div>\n<\/div>\n<\/div>\n<\/div>\n<\/section>\n<section id=\"section-71-77\" class=\" ct-section oxy-margin-bottom\">\n<div class=\"ct-section-inner-wrap\"><\/div>\n<\/section>\n<section id=\"section-352-87\" class=\" ct-section oxy-margin-bottom\">\n<div class=\"ct-section-inner-wrap\"><\/div>\n<\/section>\n<\/div>\n<\/section>\n<\/div>\n<\/div>\n","protected":false},"excerpt":{"rendered":"<p>bi compost Bakterie do kompostownika bi compost to preparat mikrobiologiczny zawieraj\u0105cy starannie wyselekcjonowane mikroorganizmy z rodzaju\u00a0Bacillus sp., kt\u00f3re zosta\u0142y wyizolowane z gleby. Przeznaczony jest do przyspieszania procesu kompostowania materii organicznej w kompostownikach oraz na pryzmach. Dzia\u0142anie bakterii polega na procesie biologicznego przekszta\u0142cania odpad\u00f3w organicznych w substancje bogate w sk\u0142adniki od\u017cywcze, kt\u00f3re sprzyjaj\u0105 rozwojowi ro\u015blin oraz &#8230; <a title=\"bi compost-1kg (Preparaty bakteryjne)\" class=\"read-more\" href=\"https:\/\/agro-expert.eu\/?product=bi-compost-1kg-preparaty-bakteryjne\" aria-label=\"Read more about bi compost-1kg (Preparaty bakteryjne)\">Dowiedz si\u0119 wi\u0119cej<\/a><\/p>\n","protected":false},"featured_media":1063,"comment_status":"open","ping_status":"closed","template":"","meta":{"om_disable_all_campaigns":false,"_monsterinsights_skip_tracking":false,"_monsterinsights_sitenote_active":false,"_monsterinsights_sitenote_note":"","_monsterinsights_sitenote_category":0,"_uf_show_specific_survey":0,"_uf_disable_surveys":false},"product_brand":[],"product_cat":[45,47],"product_tag":[],"class_list":{"0":"post-1061","1":"product","2":"type-product","3":"status-publish","4":"has-post-thumbnail","6":"product_cat-agrarius","7":"product_cat-preparaty-bakteryjne-agrarius","9":"first","10":"instock","11":"taxable","12":"shipping-taxable","13":"purchasable","14":"product-type-simple"},"aioseo_notices":[],"jetpack_sharing_enabled":true,"_links":{"self":[{"href":"https:\/\/agro-expert.eu\/index.php?rest_route=\/wp\/v2\/product\/1061","targetHints":{"allow":["GET"]}}],"collection":[{"href":"https:\/\/agro-expert.eu\/index.php?rest_route=\/wp\/v2\/product"}],"about":[{"href":"https:\/\/agro-expert.eu\/index.php?rest_route=\/wp\/v2\/types\/product"}],"replies":[{"embeddable":true,"href":"https:\/\/agro-expert.eu\/index.php?rest_route=%2Fwp%2Fv2%2Fcomments&post=1061"}],"wp:featuredmedia":[{"embeddable":true,"href":"https:\/\/agro-expert.eu\/index.php?rest_route=\/wp\/v2\/media\/1063"}],"wp:attachment":[{"href":"https:\/\/agro-expert.eu\/index.php?rest_route=%2Fwp%2Fv2%2Fmedia&parent=1061"}],"wp:term":[{"taxonomy":"product_brand","embeddable":true,"href":"https:\/\/agro-expert.eu\/index.php?rest_route=%2Fwp%2Fv2%2Fproduct_brand&post=1061"},{"taxonomy":"product_cat","embeddable":true,"href":"https:\/\/agro-expert.eu\/index.php?rest_route=%2Fwp%2Fv2%2Fproduct_cat&post=1061"},{"taxonomy":"product_tag","embeddable":true,"href":"https:\/\/agro-expert.eu\/index.php?rest_route=%2Fwp%2Fv2%2Fproduct_tag&post=1061"}],"curies":[{"name":"wp","href":"https:\/\/api.w.org\/{rel}","templated":true}]}}