{"id":1075,"date":"2025-06-11T10:19:46","date_gmt":"2025-06-11T08:19:46","guid":{"rendered":"https:\/\/agro-expert.eu\/?post_type=product&#038;p=1075"},"modified":"2025-07-03T15:45:50","modified_gmt":"2025-07-03T13:45:50","slug":"bi-clean-home-1kg-preparaty-bakteryjne","status":"publish","type":"product","link":"https:\/\/agro-expert.eu\/?product=bi-clean-home-1kg-preparaty-bakteryjne","title":{"rendered":"bi clean HOME -1kg (Preparaty bakteryjne)"},"content":{"rendered":"<div class=\"et_pb_module et_pb_image et_pb_image_0\"><\/div>\n<div class=\"et_pb_module et_pb_text et_pb_text_0 et_pb_text_align_left et_pb_bg_layout_light\">\n<div class=\"et_pb_text_inner\">\n<h1 id=\"headline-8-57\" class=\"ct-headline oxy-kondycjoner\"><strong>bi clean HOME<\/strong><\/h1>\n<h2 id=\"headline-9-1597\" class=\"ct-headline\">Bakterie do szamba<\/h2>\n<div id=\"text_block-10-1597\" class=\"ct-text-block\">bi clean HOME to produkt, kt\u00f3ry stosuje si\u0119 w gospodarstwach domowych \u2013 zosta\u0142 oparty na starannie dobranych mikroorganizmach, kt\u00f3re s\u0105 niepatogenne i wykazuj\u0105 odporno\u015b\u0107 na dzia\u0142anie kwasu moczowego oraz innych zwi\u0105zk\u00f3w chemicznych obecnych w odchodach. Jego zastosowanie jako dodatek do \u015bciek\u00f3w z gospodarstw domowych skutecznie redukuje intensywny zapach oraz zmniejsza produkcj\u0119 amoniaku i siarkowodoru w szambach i toaletach.<\/div>\n<p><img fetchpriority=\"high\" decoding=\"async\" class=\"aligncenter wp-image-1076 size-full\" src=\"https:\/\/agro-expert.eu\/wp-content\/uploads\/2025\/06\/Zrzut-ekranu-2025-06-11-o-10.20.11.png\" alt=\"\" width=\"1151\" height=\"250\" srcset=\"https:\/\/agro-expert.eu\/wp-content\/uploads\/2025\/06\/Zrzut-ekranu-2025-06-11-o-10.20.11.png 1151w, https:\/\/agro-expert.eu\/wp-content\/uploads\/2025\/06\/Zrzut-ekranu-2025-06-11-o-10.20.11-300x65.png 300w, https:\/\/agro-expert.eu\/wp-content\/uploads\/2025\/06\/Zrzut-ekranu-2025-06-11-o-10.20.11-1024x222.png 1024w, https:\/\/agro-expert.eu\/wp-content\/uploads\/2025\/06\/Zrzut-ekranu-2025-06-11-o-10.20.11-768x167.png 768w, https:\/\/agro-expert.eu\/wp-content\/uploads\/2025\/06\/Zrzut-ekranu-2025-06-11-o-10.20.11-600x130.png 600w\" sizes=\"(max-width: 1151px) 100vw, 1151px\" \/><\/p>\n<p><strong>DZIA\u0141ANIE:<\/strong><\/p>\n<section id=\"section-54-1597\" class=\" ct-section oxy-margin-bottom\">\n<div class=\"ct-section-inner-wrap\">\n<div id=\"_tabs_contents-64-1597\" class=\"oxy-tabs-contents-wrapper oxy-tabs-contents\">\n<div id=\"_tab_content-65-1597\" class=\"oxy-tab-content tabs-contents-2212-tab\">\n<div id=\"div_block-66-1597\" class=\"ct-div-block\">\n<div id=\"_rich_text-67-1597\" class=\"oxy-rich-text\">\n<p>Preparat mikrobiologiczny bi clean home, zastosowany do szamba, skutecznie redukuje intensywno\u015b\u0107 nieprzyjemnych zapach\u00f3w wok\u00f3\u0142 niego. Mikroorganizmy zawarte w produkcie maj\u0105 bezpo\u015bredni wp\u0142yw na procesy rozk\u0142adu odchod\u00f3w i \u015bciek\u00f3w. Regularne stosowanie bakterii do szamba eliminuje tak\u017ce osad denny, zmniejsza obj\u0119to\u015b\u0107 \u015bciek\u00f3w i wyd\u0142u\u017ca \u017cywotno\u015b\u0107 instalacji sanitarnej. Dzia\u0142anie preparatu zapobiega tworzeniu si\u0119 osad\u00f3w, co korzystnie wp\u0142ywa na cz\u0119stotliwo\u015b\u0107 opr\u00f3\u017cniania zbiornik\u00f3w na \u015bcieki oraz przyczynia si\u0119 do ochrony \u015brodowiska.<\/p>\n<p>bi clean HOME, stosowany w przydomowych oczyszczalniach pomaga w naturalny spos\u00f3b rozk\u0142ada\u0107 \u015bcieki bytowe na proste i nieszkodliwe dla \u015brodowiska naturalnego. Regularne stosowanie bakterii do szamba bi clean HOME likwiduje nieprzyjemny zapach odchod\u00f3w oraz przyspiesza rozk\u0142ad szamba w przydomowych oczyszczalniach \u015bciek\u00f3w. Jest to jedyny preparat w postaci bakterii do szamba w formie sypkiej, zawieraj\u0105cy tak ogromn\u0105 ilo\u015b\u0107 bakterii w 1 gramie produktu.<\/p>\n<\/div>\n<\/div>\n<\/div>\n<\/div>\n<\/div>\n<\/section>\n<section id=\"section-76-1597\" class=\" ct-section oxy-margin-bottom\">\n<div class=\"ct-section-inner-wrap\"><\/div>\n<\/section>\n<p><strong style=\"font-size: inherit; font-family: -apple-system, system-ui, BlinkMacSystemFont, 'Segoe UI', Helvetica, Arial, sans-serif, 'Apple Color Emoji', 'Segoe UI Emoji', 'Segoe UI Symbol';\">SK\u0141AD:\u00a0<\/strong><\/p>\n<\/div>\n<div class=\"et_pb_text_inner\">\n<section id=\"section-50-47\" class=\" ct-section oxy-margin-bottom\">\n<div class=\"ct-section-inner-wrap\">\n<div id=\"_tabs_contents-60-47\" class=\"oxy-tabs-contents-wrapper oxy-tabs-contents\">\n<div id=\"_tab_content-64-47\" class=\"oxy-tab-content tabs-contents-2212-tab\">\n<div id=\"div_block-65-47\" class=\"ct-div-block\">\n<div id=\"_rich_text-66-47\" class=\"oxy-rich-text\">\n<section id=\"section-51-85\" class=\" ct-section oxy-margin-bottom\">\n<div class=\"ct-section-inner-wrap\">\n<div id=\"_tabs_contents-61-85\" class=\"oxy-tabs-contents-wrapper oxy-tabs-contents\">\n<div id=\"_tab_content-65-85\" class=\"oxy-tab-content tabs-contents-2212-tab\">\n<div id=\"div_block-66-85\" class=\"ct-div-block\">\n<div id=\"_rich_text-67-85\" class=\"oxy-rich-text\">\n<section id=\"section-51-83\" class=\" ct-section oxy-margin-bottom\">\n<div class=\"ct-section-inner-wrap\">\n<div id=\"_tabs_contents-61-83\" class=\"oxy-tabs-contents-wrapper oxy-tabs-contents\">\n<div id=\"_tab_content-65-83\" class=\"oxy-tab-content tabs-contents-2212-tab\">\n<div id=\"div_block-66-83\" class=\"ct-div-block\">\n<div id=\"_rich_text-67-83\" class=\"oxy-rich-text\">\n<section id=\"section-49-77\" class=\" ct-section oxy-margin-bottom\">\n<div class=\"ct-section-inner-wrap\">\n<div id=\"_tabs_contents-59-77\" class=\"oxy-tabs-contents-wrapper oxy-tabs-contents\">\n<div id=\"_tab_content-63-77\" class=\"oxy-tab-content tabs-contents-2212-tab\">\n<div id=\"div_block-64-77\" class=\"ct-div-block\">\n<div id=\"_rich_text-65-77\" class=\"oxy-rich-text\">\n<section id=\"section-51-79\" class=\" ct-section oxy-margin-bottom\">\n<div class=\"ct-section-inner-wrap\">\n<div id=\"_tabs_contents-61-79\" class=\"oxy-tabs-contents-wrapper oxy-tabs-contents\">\n<div id=\"_tab_content-65-79\" class=\"oxy-tab-content tabs-contents-2212-tab\">\n<div id=\"div_block-66-79\" class=\"ct-div-block\">\n<div id=\"_rich_text-67-79\" class=\"oxy-rich-text\">\n<section id=\"section-51-81\" class=\" ct-section oxy-margin-bottom\">\n<div class=\"ct-section-inner-wrap\">\n<div id=\"_tabs_contents-61-81\" class=\"oxy-tabs-contents-wrapper oxy-tabs-contents\">\n<div id=\"_tab_content-65-81\" class=\"oxy-tab-content tabs-contents-2212-tab\">\n<div id=\"div_block-66-81\" class=\"ct-div-block\">\n<div id=\"_rich_text-67-81\" class=\"oxy-rich-text\">\n<section id=\"section-49-69\" class=\" ct-section oxy-margin-bottom\">\n<div class=\"ct-section-inner-wrap\">\n<div id=\"_tabs_contents-59-69\" class=\"oxy-tabs-contents-wrapper oxy-tabs-contents\">\n<div id=\"_tab_content-63-69\" class=\"oxy-tab-content tabs-contents-2212-tab\">\n<div id=\"div_block-64-69\" class=\"ct-div-block\">\n<div id=\"_rich_text-65-69\" class=\"oxy-rich-text\">\n<section id=\"section-49-71\" class=\" ct-section oxy-margin-bottom\">\n<div class=\"ct-section-inner-wrap\">\n<div id=\"_tabs_contents-59-71\" class=\"oxy-tabs-contents-wrapper oxy-tabs-contents\">\n<div id=\"_tab_content-63-71\" class=\"oxy-tab-content tabs-contents-2212-tab\">\n<div id=\"div_block-64-71\" class=\"ct-div-block\">\n<div id=\"_rich_text-65-71\" class=\"oxy-rich-text\">\n<section id=\"section-541-65\" class=\" ct-section oxy-margin-bottom\">\n<div class=\"ct-section-inner-wrap\">\n<div id=\"_tabs_contents-551-65\" class=\"oxy-tabs-contents-wrapper oxy-tabs-contents\">\n<div id=\"_tab_content-555-65\" class=\"oxy-tab-content tabs-contents-2212-tab\">\n<div id=\"div_block-556-65\" class=\"ct-div-block\">\n<div id=\"_rich_text-557-65\" class=\"oxy-rich-text\">\n<section id=\"section-50-67\" class=\" ct-section oxy-margin-bottom\">\n<div class=\"ct-section-inner-wrap\">\n<div id=\"_tabs_contents-60-67\" class=\"oxy-tabs-contents-wrapper oxy-tabs-contents\">\n<div id=\"_tab_content-64-67\" class=\"oxy-tab-content tabs-contents-2212-tab\">\n<div id=\"div_block-65-67\" class=\"ct-div-block\">\n<div id=\"_rich_text-66-67\" class=\"oxy-rich-text\">\n<section id=\"section-50-67\" class=\" ct-section oxy-margin-bottom\">\n<div class=\"ct-section-inner-wrap\">\n<div id=\"_tabs_contents-60-67\" class=\"oxy-tabs-contents-wrapper oxy-tabs-contents\">\n<div id=\"_tab_content-64-67\" class=\"oxy-tab-content tabs-contents-2212-tab\">\n<div id=\"div_block-65-67\" class=\"ct-div-block\">\n<div id=\"_rich_text-66-67\" class=\"oxy-rich-text\">\n<section id=\"section-50-73\" class=\" ct-section oxy-margin-bottom\">\n<div class=\"ct-section-inner-wrap\">\n<div id=\"_tabs_contents-60-73\" class=\"oxy-tabs-contents-wrapper oxy-tabs-contents\">\n<div id=\"_tab_content-64-73\" class=\"oxy-tab-content tabs-contents-2212-tab\">\n<div id=\"div_block-65-73\" class=\"ct-div-block\">\n<div id=\"_rich_text-66-73\" class=\"oxy-rich-text\">\n<section id=\"section-51-1521\" class=\" ct-section oxy-margin-bottom\">\n<div class=\"ct-section-inner-wrap\">\n<div id=\"_tabs_contents-61-1521\" class=\"oxy-tabs-contents-wrapper oxy-tabs-contents\">\n<div id=\"_tab_content-65-1521\" class=\"oxy-tab-content tabs-contents-2212-tab\">\n<div id=\"div_block-66-1521\" class=\"ct-div-block\">\n<div id=\"_rich_text-67-1521\" class=\"oxy-rich-text\">\n<section id=\"section-49-75\" class=\" ct-section oxy-margin-bottom\">\n<div class=\"ct-section-inner-wrap\">\n<div id=\"_tabs_contents-59-75\" class=\"oxy-tabs-contents-wrapper oxy-tabs-contents\">\n<div id=\"_tab_content-63-75\" class=\"oxy-tab-content tabs-contents-2212-tab\">\n<div id=\"div_block-64-75\" class=\"ct-div-block\">\n<div id=\"_rich_text-65-75\" class=\"oxy-rich-text\">\n<section id=\"section-50-57\" class=\" ct-section oxy-margin-bottom\">\n<div class=\"ct-section-inner-wrap\">\n<div id=\"_tabs_contents-60-57\" class=\"oxy-tabs-contents-wrapper oxy-tabs-contents\">\n<div id=\"_tab_content-64-57\" class=\"oxy-tab-content tabs-contents-2212-tab\">\n<div id=\"div_block-65-57\" class=\"ct-div-block\">\n<div id=\"_rich_text-66-57\" class=\"oxy-rich-text\">\n<section id=\"section-55-113\" class=\" ct-section oxy-margin-bottom\">\n<div class=\"ct-section-inner-wrap\">\n<div id=\"_tabs_contents-65-113\" class=\"oxy-tabs-contents-wrapper oxy-tabs-contents\">\n<div id=\"_tab_content-69-113\" class=\"oxy-tab-content tabs-contents-2212-tab\">\n<div id=\"div_block-70-113\" class=\"ct-div-block\">\n<div id=\"_rich_text-71-113\" class=\"oxy-rich-text\">\n<section id=\"section-49-125\" class=\" ct-section oxy-margin-bottom\">\n<div class=\"ct-section-inner-wrap\">\n<div id=\"_tabs_contents-59-125\" class=\"oxy-tabs-contents-wrapper oxy-tabs-contents\">\n<div id=\"_tab_content-63-125\" class=\"oxy-tab-content tabs-contents-2212-tab\">\n<div id=\"div_block-64-125\" class=\"ct-div-block\">\n<div id=\"_rich_text-65-125\" class=\"oxy-rich-text\">\n<section id=\"section-53-115\" class=\" ct-section oxy-margin-bottom\">\n<div class=\"ct-section-inner-wrap\">\n<div id=\"_tabs_contents-63-115\" class=\"oxy-tabs-contents-wrapper oxy-tabs-contents\">\n<div id=\"_tab_content-67-115\" class=\"oxy-tab-content tabs-contents-2212-tab\">\n<div id=\"div_block-68-115\" class=\"ct-div-block\">\n<div id=\"_rich_text-69-115\" class=\"oxy-rich-text\">\n<section id=\"section-53-123\" class=\" ct-section oxy-margin-bottom\">\n<div class=\"ct-section-inner-wrap\">\n<div id=\"_tabs_contents-63-123\" class=\"oxy-tabs-contents-wrapper oxy-tabs-contents\">\n<div id=\"_tab_content-67-123\" class=\"oxy-tab-content tabs-contents-2212-tab\">\n<div id=\"div_block-68-123\" class=\"ct-div-block\">\n<div id=\"_rich_text-69-123\" class=\"oxy-rich-text\">\n<section id=\"section-54-1597\" class=\" ct-section oxy-margin-bottom\">\n<div class=\"ct-section-inner-wrap\">\n<div id=\"_tabs_contents-64-1597\" class=\"oxy-tabs-contents-wrapper oxy-tabs-contents\">\n<div id=\"_tab_content-68-1597\" class=\"oxy-tab-content tabs-contents-2212-tab\">\n<div id=\"div_block-69-1597\" class=\"ct-div-block\">\n<div id=\"_rich_text-70-1597\" class=\"oxy-rich-text\">Specjalnie wyselekcjonowana mieszanka szczep\u00f3w bakterii\u00a0<i>Bacillus sp.\u00a0<\/i>w ilo\u015bci nie mniejszej ni\u017c 1&#215;10<sup>9<\/sup>\u00a0JTK w jednym gramie produktu.<\/div>\n<\/div>\n<\/div>\n<\/div>\n<\/div>\n<\/section>\n<section id=\"section-76-1597\" class=\" ct-section oxy-margin-bottom\">\n<div class=\"ct-section-inner-wrap\"><\/div>\n<\/section>\n<\/div>\n<\/div>\n<\/div>\n<\/div>\n<\/div>\n<\/section>\n<section id=\"section-75-123\" class=\" ct-section oxy-margin-bottom\">\n<div class=\"ct-section-inner-wrap\"><\/div>\n<\/section>\n<\/div>\n<\/div>\n<\/div>\n<\/div>\n<\/div>\n<\/section>\n<section id=\"section-75-115\" class=\" ct-section oxy-margin-bottom\">\n<div class=\"ct-section-inner-wrap\"><\/div>\n<\/section>\n<\/div>\n<\/div>\n<\/div>\n<\/div>\n<\/div>\n<\/section>\n<section id=\"section-111-125\" class=\" ct-section oxy-margin-bottom\">\n<div class=\"ct-section-inner-wrap\"><\/div>\n<\/section>\n<\/div>\n<\/div>\n<\/div>\n<\/div>\n<\/div>\n<\/section>\n<\/div>\n<\/div>\n<\/div>\n<\/div>\n<\/div>\n<\/section>\n<\/div>\n<\/div>\n<\/div>\n<\/div>\n<\/div>\n<\/section>\n<\/div>\n<\/div>\n<\/div>\n<\/div>\n<\/div>\n<\/section>\n<\/div>\n<\/div>\n<\/div>\n<\/div>\n<\/div>\n<\/section>\n<\/div>\n<\/div>\n<\/div>\n<\/div>\n<\/div>\n<\/section>\n<\/div>\n<\/div>\n<\/div>\n<\/div>\n<\/div>\n<\/section>\n<\/div>\n<\/div>\n<\/div>\n<\/div>\n<\/div>\n<\/section>\n<\/div>\n<\/div>\n<\/div>\n<\/div>\n<\/div>\n<\/section>\n<\/div>\n<\/div>\n<\/div>\n<\/div>\n<\/div>\n<\/section>\n<\/div>\n<\/div>\n<\/div>\n<\/div>\n<\/div>\n<\/section>\n<\/div>\n<\/div>\n<\/div>\n<\/div>\n<\/div>\n<\/section>\n<\/div>\n<\/div>\n<\/div>\n<\/div>\n<\/div>\n<\/section>\n<\/div>\n<\/div>\n<\/div>\n<\/div>\n<\/div>\n<\/section>\n<\/div>\n<\/div>\n<\/div>\n<\/div>\n<\/div>\n<\/section>\n<section id=\"section-112-85\" class=\" ct-section oxy-margin-bottom-last\">\n<div class=\"ct-section-inner-wrap\"><\/div>\n<\/section>\n<\/div>\n<\/div>\n<\/div>\n<\/div>\n<\/div>\n<\/section>\n<section id=\"section-1383-47\" class=\" ct-section oxy-margin-bottom\">\n<div class=\"ct-section-inner-wrap\">\n<p><strong><strong>Dawkowanie:<\/strong><\/strong><\/p>\n<p>Przygotowanie roztworu roboczego:<\/p>\n<ul>\n<li><strong>Pierwsza aplikacja:<\/strong>\u00a0rozpu\u015bci\u0107 odpowiedni\u0105 ilo\u015b\u0107 preparatu w 10 l ciep\u0142ej niechlorowanej wody.<br \/>\nDawka 20 g\/1 m<sup>3<\/sup>\u00a0\u015bciek\u00f3w. Pozostawi\u0107 w temperaturze pokojowej przez 20 minut, wla\u0107 do muszli klozetowej lub bezpo\u015brednio do szamba.<\/li>\n<li><strong>Kolejne aplikacje:<\/strong>\u00a0co 14 \u2013 21 dni 10 gram\u00f3w preparatu rozpu\u015bci\u0107 w 10 l wody na ka\u017cdy m<sup>3<\/sup>\u00a0szamba.<\/li>\n<\/ul>\n<p>Roztw\u00f3r roboczy preparatu nale\u017cy zu\u017cy\u0107 w ci\u0105gu 24 godzin.<\/p>\n<p><strong style=\"font-family: inherit; font-size: 24px; font-style: inherit;\">Dodatkowe informacje:<\/strong><\/p>\n<section id=\"section-49-77\" class=\" ct-section oxy-margin-bottom\">\n<div class=\"ct-section-inner-wrap\">\n<div id=\"_tabs_contents-59-77\" class=\"oxy-tabs-contents-wrapper oxy-tabs-contents\">\n<div id=\"_tab_content-66-77\" class=\"oxy-tab-content tabs-contents-2212-tab\">\n<div id=\"div_block-67-77\" class=\"ct-div-block\">\n<div id=\"_rich_text-68-77\" class=\"oxy-rich-text\">\n<section id=\"section-51-79\" class=\" ct-section oxy-margin-bottom\">\n<div class=\"ct-section-inner-wrap\">\n<div id=\"_tabs_contents-61-79\" class=\"oxy-tabs-contents-wrapper oxy-tabs-contents\">\n<div id=\"_tab_content-68-79\" class=\"oxy-tab-content tabs-contents-2212-tab\">\n<div id=\"div_block-69-79\" class=\"ct-div-block\">\n<div id=\"_rich_text-70-79\" class=\"oxy-rich-text\">\n<section id=\"section-112-81\" class=\" ct-section oxy-margin-bottom-last\">\n<div class=\"ct-section-inner-wrap\">\n<div id=\"text_block-73-75\" class=\"ct-text-block\">\n<section id=\"section-72-57\" class=\" ct-section oxy-margin-bottom\">\n<div class=\"ct-section-inner-wrap\">\n<div id=\"text_block-74-57\" class=\"ct-text-block\">\n<section id=\"section-75-115\" class=\" ct-section oxy-margin-bottom\">\n<div class=\"ct-section-inner-wrap\">\n<div id=\"_rich_text-77-115\" class=\"oxy-rich-text\">\n<section id=\"section-75-123\" class=\" ct-section oxy-margin-bottom\">\n<div class=\"ct-section-inner-wrap\">\n<div id=\"_rich_text-77-123\" class=\"oxy-rich-text\">\n<section id=\"section-76-1597\" class=\" ct-section oxy-margin-bottom\">\n<div class=\"ct-section-inner-wrap\">\n<div id=\"_rich_text-78-1597\" class=\"oxy-rich-text\">\n<p>20 gram preparatu na 1 m 3 \u015bciek\u00f3w rozpuszczamy w 10 litrach letniej wody. Nast\u0119pnie pozostawiamy roztw\u00f3r w temperaturze pokojowej przez 20 minut i dok\u0142adnie mieszamy.\u00a0 Wlewamy bezpo\u015brednio do szamba lub do muszli klozetowej i sp\u0142ukujemy wod\u0105.<\/p>\n<\/div>\n<\/div>\n<\/section>\n<section id=\"section-118-1597\" class=\" ct-section oxy-margin-bottom-last\">\n<div class=\"ct-section-inner-wrap\"><\/div>\n<\/section>\n<\/div>\n<\/div>\n<\/section>\n<section id=\"section-117-123\" class=\" ct-section oxy-margin-bottom-last\">\n<div class=\"ct-section-inner-wrap\"><\/div>\n<\/section>\n<\/div>\n<\/div>\n<\/section>\n<section id=\"section-117-115\" class=\" ct-section oxy-margin-bottom-last\">\n<div class=\"ct-section-inner-wrap\"><\/div>\n<\/section>\n<\/div>\n<\/div>\n<\/section>\n<\/div>\n<\/div>\n<div class=\"ct-section-inner-wrap\">\n<div id=\"text_block-140-69\" class=\"ct-text-block\">\n<section id=\"section-71-71\" class=\" ct-section oxy-margin-bottom\">\n<div class=\"ct-section-inner-wrap\">\n<div id=\"text_block-73-71\" class=\"ct-text-block\">\n<section id=\"section-605-65\" class=\" ct-section oxy-margin-bottom-last\">\n<div class=\"ct-section-inner-wrap\"><\/div>\n<\/section>\n<\/div>\n<\/div>\n<\/section>\n<section id=\"section-113-71\" class=\" ct-section oxy-margin-bottom-last\">\n<div class=\"ct-section-inner-wrap\"><\/div>\n<\/section>\n<\/div>\n<\/div>\n<\/section>\n<\/div>\n<\/div>\n<\/div>\n<\/div>\n<\/div>\n<\/section>\n<section id=\"section-120-79\" class=\" ct-section oxy-margin-bottom\">\n<div class=\"ct-section-inner-wrap\"><\/div>\n<\/section>\n<\/div>\n<\/div>\n<\/div>\n<\/div>\n<\/div>\n<\/section>\n<section id=\"section-71-77\" class=\" ct-section oxy-margin-bottom\">\n<div class=\"ct-section-inner-wrap\"><\/div>\n<\/section>\n<section id=\"section-352-87\" class=\" ct-section oxy-margin-bottom\">\n<div class=\"ct-section-inner-wrap\"><\/div>\n<\/section>\n<\/div>\n<\/section>\n<\/div>\n<\/div>\n","protected":false},"excerpt":{"rendered":"<p>bi clean HOME Bakterie do szamba bi clean HOME to produkt, kt\u00f3ry stosuje si\u0119 w gospodarstwach domowych \u2013 zosta\u0142 oparty na starannie dobranych mikroorganizmach, kt\u00f3re s\u0105 niepatogenne i wykazuj\u0105 odporno\u015b\u0107 na dzia\u0142anie kwasu moczowego oraz innych zwi\u0105zk\u00f3w chemicznych obecnych w odchodach. Jego zastosowanie jako dodatek do \u015bciek\u00f3w z gospodarstw domowych skutecznie redukuje intensywny zapach oraz &#8230; <a title=\"bi clean HOME -1kg (Preparaty bakteryjne)\" class=\"read-more\" href=\"https:\/\/agro-expert.eu\/?product=bi-clean-home-1kg-preparaty-bakteryjne\" aria-label=\"Read more about bi clean HOME -1kg (Preparaty bakteryjne)\">Dowiedz si\u0119 wi\u0119cej<\/a><\/p>\n","protected":false},"featured_media":1077,"comment_status":"open","ping_status":"closed","template":"","meta":{"om_disable_all_campaigns":false,"_monsterinsights_skip_tracking":false,"_monsterinsights_sitenote_active":false,"_monsterinsights_sitenote_note":"","_monsterinsights_sitenote_category":0,"_uf_show_specific_survey":0,"_uf_disable_surveys":false},"product_brand":[],"product_cat":[45,47],"product_tag":[],"class_list":{"0":"post-1075","1":"product","2":"type-product","3":"status-publish","4":"has-post-thumbnail","6":"product_cat-agrarius","7":"product_cat-preparaty-bakteryjne-agrarius","9":"first","10":"instock","11":"taxable","12":"shipping-taxable","13":"purchasable","14":"product-type-simple"},"aioseo_notices":[],"jetpack_sharing_enabled":true,"_links":{"self":[{"href":"https:\/\/agro-expert.eu\/index.php?rest_route=\/wp\/v2\/product\/1075","targetHints":{"allow":["GET"]}}],"collection":[{"href":"https:\/\/agro-expert.eu\/index.php?rest_route=\/wp\/v2\/product"}],"about":[{"href":"https:\/\/agro-expert.eu\/index.php?rest_route=\/wp\/v2\/types\/product"}],"replies":[{"embeddable":true,"href":"https:\/\/agro-expert.eu\/index.php?rest_route=%2Fwp%2Fv2%2Fcomments&post=1075"}],"wp:featuredmedia":[{"embeddable":true,"href":"https:\/\/agro-expert.eu\/index.php?rest_route=\/wp\/v2\/media\/1077"}],"wp:attachment":[{"href":"https:\/\/agro-expert.eu\/index.php?rest_route=%2Fwp%2Fv2%2Fmedia&parent=1075"}],"wp:term":[{"taxonomy":"product_brand","embeddable":true,"href":"https:\/\/agro-expert.eu\/index.php?rest_route=%2Fwp%2Fv2%2Fproduct_brand&post=1075"},{"taxonomy":"product_cat","embeddable":true,"href":"https:\/\/agro-expert.eu\/index.php?rest_route=%2Fwp%2Fv2%2Fproduct_cat&post=1075"},{"taxonomy":"product_tag","embeddable":true,"href":"https:\/\/agro-expert.eu\/index.php?rest_route=%2Fwp%2Fv2%2Fproduct_tag&post=1075"}],"curies":[{"name":"wp","href":"https:\/\/api.w.org\/{rel}","templated":true}]}}