{"id":1081,"date":"2025-06-11T10:25:33","date_gmt":"2025-06-11T08:25:33","guid":{"rendered":"https:\/\/agro-expert.eu\/?post_type=product&#038;p=1081"},"modified":"2025-07-03T15:45:50","modified_gmt":"2025-07-03T13:45:50","slug":"bi-wood-5kg-preparaty-bakteryjne","status":"publish","type":"product","link":"https:\/\/agro-expert.eu\/?product=bi-wood-5kg-preparaty-bakteryjne","title":{"rendered":"bi wood -5kg (Preparaty bakteryjne)"},"content":{"rendered":"<div class=\"et_pb_module et_pb_image et_pb_image_0\"><\/div>\n<div class=\"et_pb_module et_pb_text et_pb_text_0 et_pb_text_align_left et_pb_bg_layout_light\">\n<div class=\"et_pb_text_inner\">\n<h1 id=\"headline-8-57\" class=\"ct-headline oxy-kondycjoner\"><strong>bi wood<\/strong><\/h1>\n<h2 id=\"headline-9-127\" class=\"ct-headline\">Przyspiesza rozk\u0142ad martwej materii<\/h2>\n<div id=\"text_block-10-127\" class=\"ct-text-block\">Mikrobiologiczny preparat bi wood do rozk\u0142adu drewna, pni, korzeni i ga\u0142\u0119zi drzew w uprawach sadowniczych i le\u015bnych to naturalny \u015brodek przyspieszaj\u0105cy rozk\u0142ad martwej materii i zwi\u0119kszaj\u0105cy zasobno\u015b\u0107 gleby. Bi wood zawiera bakterie glebowe i grzyby saprofityczne bior\u0105ce udzia\u0142 w rozk\u0142adzie martwych cz\u0119\u015bci ro\u015blin.<\/div>\n<p><img fetchpriority=\"high\" decoding=\"async\" class=\"aligncenter wp-image-1079 size-full\" src=\"https:\/\/agro-expert.eu\/wp-content\/uploads\/2025\/06\/Zrzut-ekranu-2025-06-11-o-10.23.47.png\" alt=\"\" width=\"1162\" height=\"277\" srcset=\"https:\/\/agro-expert.eu\/wp-content\/uploads\/2025\/06\/Zrzut-ekranu-2025-06-11-o-10.23.47.png 1162w, https:\/\/agro-expert.eu\/wp-content\/uploads\/2025\/06\/Zrzut-ekranu-2025-06-11-o-10.23.47-300x72.png 300w, https:\/\/agro-expert.eu\/wp-content\/uploads\/2025\/06\/Zrzut-ekranu-2025-06-11-o-10.23.47-1024x244.png 1024w, https:\/\/agro-expert.eu\/wp-content\/uploads\/2025\/06\/Zrzut-ekranu-2025-06-11-o-10.23.47-768x183.png 768w, https:\/\/agro-expert.eu\/wp-content\/uploads\/2025\/06\/Zrzut-ekranu-2025-06-11-o-10.23.47-600x143.png 600w\" sizes=\"(max-width: 1162px) 100vw, 1162px\" \/><\/p>\n<p><strong>DZIA\u0141ANIE:<\/strong><\/p>\n<p>Preparat mikrobiologiczny\u00a0<b>bi wood<\/b>\u00a0jest wysoce skutecznym naturalnym \u015brodkiem opracowanym z my\u015bl\u0105 o\u00a0<b>rozk\u0142adzie drewna<\/b>, ga\u0142\u0119zi, korzeni oraz ka\u017cdej martwej materii organicznej w sadach i szk\u00f3\u0142kach le\u015bnych. Produkt zawiera specjalnie dobrane szczepy bakterii glebowych i grzyb\u00f3w saprofitycznych bior\u0105ce udzia\u0142 w rozk\u0142adzie martwych cz\u0119\u015bci ro\u015blin bogatych w celuloz\u0119 i lignin\u0119.<\/p>\n<p>Preparat doskonale sprawdza si\u0119 do\u00a0<b>rozk\u0142adu pni<\/b>, li\u015bci, ga\u0142\u0119zi drzew i korzeni. Mikrobiologiczny \u015brodek\u00a0<b>bi wood<\/b>\u00a0zawiera bakterie\u00a0<i>Bacillus<\/i>\u00a0i grzyby<i>Trichoderma<\/i>. Bakterie z rodzaju\u00a0<i>Bacillus<\/i>\u00a0s\u0105 bardzo popularne w naszej strefie klimatycznej. Te saprofity naturalnie wyst\u0119puj\u0105 w glebie i przyczyniaj\u0105 si\u0119 do rozk\u0142adu zwi\u0105zk\u00f3w pochodzenia ro\u015blinnego, g\u0142\u00f3wnie pektyn oraz w\u0119glowodan\u00f3w. Bakterie saprofityczne s\u0105 szeroko stosowane w rolnictwie, warzywnictwie i w uprawach sadowniczych przez wzgl\u0105d na ich wielokierunkowe pozytywne dzia\u0142anie.<\/p>\n<p>Bakterie\u00a0<i>Bacillus<\/i>\u00a0poprawiaj\u0105 \u017cyzno\u015b\u0107 i struktur\u0119 gleby, pozytywnie wp\u0142ywaj\u0105 na kondycj\u0119 upraw, chroni\u0105 ziemi\u0119 przed erozj\u0105, wp\u0142ywaj\u0105 korzystnie na retencj\u0119 wodn\u0105 gleby i uczestnicz\u0105 w obiegu r\u00f3\u017cnych pierwiastk\u00f3w.<\/p>\n<p>Mikrobiologiczny preparat z bakteriami do\u00a0<b>rozk\u0142adu drewna<\/b>\u00a0umo\u017cliwia szybki i skuteczny rozk\u0142ad martwej materii organicznej i wzbogaca gleb\u0119 w sk\u0142adniki odzyskane z roz\u0142o\u017conych ro\u015blin. Populacja bakterii saprofitycznych pozytywnie oddzia\u0142uje te\u017c na ca\u0142\u0105 gleb\u0119 \u2013 mobilizuje ro\u015bliny do pobierania sk\u0142adnik\u00f3w pokarmowych takich jak fosfor, potas i azot oraz do produkcji fitohormon\u00f3w i substancji wspomagaj\u0105cych wzrost, a tak\u017ce osmoprotektant\u00f3w i przeciwutleniaczy zwi\u0119kszaj\u0105cych odporno\u015b\u0107 ro\u015blin na stres.<\/p>\n<p>Grzyby\u00a0<i>Trichoderma<\/i>\u00a0zawarte w preparacie\u00a0<b>bi wood\u00a0<\/b>do\u00a0<b>rozk\u0142adu martwej materii<\/b>\u00a0bytuj\u0105 w strefie korzeniowej ro\u015blin, wchodz\u0105 w symbioz\u0119 z korzeniami i zwi\u0119kszaj\u0105 ich powierzchni\u0119 ch\u0142onn\u0105, a przy tym poprawiaj\u0105 przyswajalno\u015b\u0107 sk\u0142adnik\u00f3w od\u017cywczych.\u00a0<i>Trichoderma to mikroorganizmy<\/i>\u00a0naturalnie wyst\u0119puj\u0105ce niemal\u017ce w ka\u017cdym typie gleby i wypieraj\u0105ce grzyby negatywnie wp\u0142ywaj\u0105ce na kondycj\u0119 uprawy, np.\u00a0<i>Sclerotinia<\/i>\u00a0i\u00a0<i>Fusarium<\/i>. Po\u017cyteczne mikroorganizmy glebowe\u00a0<i>Trichoderma<\/i>\u00a0s\u0105 stosowane w celu prewencji chor\u00f3b grzybowych obni\u017caj\u0105cych jako\u015b\u0107 uprawy.<\/p>\n<p><strong style=\"font-size: inherit; font-family: -apple-system, system-ui, BlinkMacSystemFont, 'Segoe UI', Helvetica, Arial, sans-serif, 'Apple Color Emoji', 'Segoe UI Emoji', 'Segoe UI Symbol';\">SK\u0141AD:\u00a0<\/strong><\/p>\n<\/div>\n<div class=\"et_pb_text_inner\">\n<section id=\"section-50-47\" class=\" ct-section oxy-margin-bottom\">\n<div class=\"ct-section-inner-wrap\">\n<div id=\"_tabs_contents-60-47\" class=\"oxy-tabs-contents-wrapper oxy-tabs-contents\">\n<div id=\"_tab_content-64-47\" class=\"oxy-tab-content tabs-contents-2212-tab\">\n<div id=\"div_block-65-47\" class=\"ct-div-block\">\n<div id=\"_rich_text-66-47\" class=\"oxy-rich-text\">\n<section id=\"section-51-85\" class=\" ct-section oxy-margin-bottom\">\n<div class=\"ct-section-inner-wrap\">\n<div id=\"_tabs_contents-61-85\" class=\"oxy-tabs-contents-wrapper oxy-tabs-contents\">\n<div id=\"_tab_content-65-85\" class=\"oxy-tab-content tabs-contents-2212-tab\">\n<div id=\"div_block-66-85\" class=\"ct-div-block\">\n<div id=\"_rich_text-67-85\" class=\"oxy-rich-text\">\n<section id=\"section-51-83\" class=\" ct-section oxy-margin-bottom\">\n<div class=\"ct-section-inner-wrap\">\n<div id=\"_tabs_contents-61-83\" class=\"oxy-tabs-contents-wrapper oxy-tabs-contents\">\n<div id=\"_tab_content-65-83\" class=\"oxy-tab-content tabs-contents-2212-tab\">\n<div id=\"div_block-66-83\" class=\"ct-div-block\">\n<div id=\"_rich_text-67-83\" class=\"oxy-rich-text\">\n<section id=\"section-49-77\" class=\" ct-section oxy-margin-bottom\">\n<div class=\"ct-section-inner-wrap\">\n<div id=\"_tabs_contents-59-77\" class=\"oxy-tabs-contents-wrapper oxy-tabs-contents\">\n<div id=\"_tab_content-63-77\" class=\"oxy-tab-content tabs-contents-2212-tab\">\n<div id=\"div_block-64-77\" class=\"ct-div-block\">\n<div id=\"_rich_text-65-77\" class=\"oxy-rich-text\">\n<section id=\"section-51-79\" class=\" ct-section oxy-margin-bottom\">\n<div class=\"ct-section-inner-wrap\">\n<div id=\"_tabs_contents-61-79\" class=\"oxy-tabs-contents-wrapper oxy-tabs-contents\">\n<div id=\"_tab_content-65-79\" class=\"oxy-tab-content tabs-contents-2212-tab\">\n<div id=\"div_block-66-79\" class=\"ct-div-block\">\n<div id=\"_rich_text-67-79\" class=\"oxy-rich-text\">\n<section id=\"section-51-81\" class=\" ct-section oxy-margin-bottom\">\n<div class=\"ct-section-inner-wrap\">\n<div id=\"_tabs_contents-61-81\" class=\"oxy-tabs-contents-wrapper oxy-tabs-contents\">\n<div id=\"_tab_content-65-81\" class=\"oxy-tab-content tabs-contents-2212-tab\">\n<div id=\"div_block-66-81\" class=\"ct-div-block\">\n<div id=\"_rich_text-67-81\" class=\"oxy-rich-text\">\n<section id=\"section-49-69\" class=\" ct-section oxy-margin-bottom\">\n<div class=\"ct-section-inner-wrap\">\n<div id=\"_tabs_contents-59-69\" class=\"oxy-tabs-contents-wrapper oxy-tabs-contents\">\n<div id=\"_tab_content-63-69\" class=\"oxy-tab-content tabs-contents-2212-tab\">\n<div id=\"div_block-64-69\" class=\"ct-div-block\">\n<div id=\"_rich_text-65-69\" class=\"oxy-rich-text\">\n<section id=\"section-49-71\" class=\" ct-section oxy-margin-bottom\">\n<div class=\"ct-section-inner-wrap\">\n<div id=\"_tabs_contents-59-71\" class=\"oxy-tabs-contents-wrapper oxy-tabs-contents\">\n<div id=\"_tab_content-63-71\" class=\"oxy-tab-content tabs-contents-2212-tab\">\n<div id=\"div_block-64-71\" class=\"ct-div-block\">\n<div id=\"_rich_text-65-71\" class=\"oxy-rich-text\">\n<section id=\"section-541-65\" class=\" ct-section oxy-margin-bottom\">\n<div class=\"ct-section-inner-wrap\">\n<div id=\"_tabs_contents-551-65\" class=\"oxy-tabs-contents-wrapper oxy-tabs-contents\">\n<div id=\"_tab_content-555-65\" class=\"oxy-tab-content tabs-contents-2212-tab\">\n<div id=\"div_block-556-65\" class=\"ct-div-block\">\n<div id=\"_rich_text-557-65\" class=\"oxy-rich-text\">\n<section id=\"section-50-67\" class=\" ct-section oxy-margin-bottom\">\n<div class=\"ct-section-inner-wrap\">\n<div id=\"_tabs_contents-60-67\" class=\"oxy-tabs-contents-wrapper oxy-tabs-contents\">\n<div id=\"_tab_content-64-67\" class=\"oxy-tab-content tabs-contents-2212-tab\">\n<div id=\"div_block-65-67\" class=\"ct-div-block\">\n<div id=\"_rich_text-66-67\" class=\"oxy-rich-text\">\n<section id=\"section-50-67\" class=\" ct-section oxy-margin-bottom\">\n<div class=\"ct-section-inner-wrap\">\n<div id=\"_tabs_contents-60-67\" class=\"oxy-tabs-contents-wrapper oxy-tabs-contents\">\n<div id=\"_tab_content-64-67\" class=\"oxy-tab-content tabs-contents-2212-tab\">\n<div id=\"div_block-65-67\" class=\"ct-div-block\">\n<div id=\"_rich_text-66-67\" class=\"oxy-rich-text\">\n<section id=\"section-50-73\" class=\" ct-section oxy-margin-bottom\">\n<div class=\"ct-section-inner-wrap\">\n<div id=\"_tabs_contents-60-73\" class=\"oxy-tabs-contents-wrapper oxy-tabs-contents\">\n<div id=\"_tab_content-64-73\" class=\"oxy-tab-content tabs-contents-2212-tab\">\n<div id=\"div_block-65-73\" class=\"ct-div-block\">\n<div id=\"_rich_text-66-73\" class=\"oxy-rich-text\">\n<section id=\"section-51-1521\" class=\" ct-section oxy-margin-bottom\">\n<div class=\"ct-section-inner-wrap\">\n<div id=\"_tabs_contents-61-1521\" class=\"oxy-tabs-contents-wrapper oxy-tabs-contents\">\n<div id=\"_tab_content-65-1521\" class=\"oxy-tab-content tabs-contents-2212-tab\">\n<div id=\"div_block-66-1521\" class=\"ct-div-block\">\n<div id=\"_rich_text-67-1521\" class=\"oxy-rich-text\">\n<section id=\"section-49-75\" class=\" ct-section oxy-margin-bottom\">\n<div class=\"ct-section-inner-wrap\">\n<div id=\"_tabs_contents-59-75\" class=\"oxy-tabs-contents-wrapper oxy-tabs-contents\">\n<div id=\"_tab_content-63-75\" class=\"oxy-tab-content tabs-contents-2212-tab\">\n<div id=\"div_block-64-75\" class=\"ct-div-block\">\n<div id=\"_rich_text-65-75\" class=\"oxy-rich-text\">\n<section id=\"section-50-57\" class=\" ct-section oxy-margin-bottom\">\n<div class=\"ct-section-inner-wrap\">\n<div id=\"_tabs_contents-60-57\" class=\"oxy-tabs-contents-wrapper oxy-tabs-contents\">\n<div id=\"_tab_content-64-57\" class=\"oxy-tab-content tabs-contents-2212-tab\">\n<div id=\"div_block-65-57\" class=\"ct-div-block\">\n<div id=\"_rich_text-66-57\" class=\"oxy-rich-text\">\n<section id=\"section-55-113\" class=\" ct-section oxy-margin-bottom\">\n<div class=\"ct-section-inner-wrap\">\n<div id=\"_tabs_contents-65-113\" class=\"oxy-tabs-contents-wrapper oxy-tabs-contents\">\n<div id=\"_tab_content-69-113\" class=\"oxy-tab-content tabs-contents-2212-tab\">\n<div id=\"div_block-70-113\" class=\"ct-div-block\">\n<div id=\"_rich_text-71-113\" class=\"oxy-rich-text\">\n<section id=\"section-49-125\" class=\" ct-section oxy-margin-bottom\">\n<div class=\"ct-section-inner-wrap\">\n<div id=\"_tabs_contents-59-125\" class=\"oxy-tabs-contents-wrapper oxy-tabs-contents\">\n<div id=\"_tab_content-63-125\" class=\"oxy-tab-content tabs-contents-2212-tab\">\n<div id=\"div_block-64-125\" class=\"ct-div-block\">\n<div id=\"_rich_text-65-125\" class=\"oxy-rich-text\">\n<section id=\"section-53-115\" class=\" ct-section oxy-margin-bottom\">\n<div class=\"ct-section-inner-wrap\">\n<div id=\"_tabs_contents-63-115\" class=\"oxy-tabs-contents-wrapper oxy-tabs-contents\">\n<div id=\"_tab_content-67-115\" class=\"oxy-tab-content tabs-contents-2212-tab\">\n<div id=\"div_block-68-115\" class=\"ct-div-block\">\n<div id=\"_rich_text-69-115\" class=\"oxy-rich-text\">\n<section id=\"section-53-123\" class=\" ct-section oxy-margin-bottom\">\n<div class=\"ct-section-inner-wrap\">\n<div id=\"_tabs_contents-63-123\" class=\"oxy-tabs-contents-wrapper oxy-tabs-contents\">\n<div id=\"_tab_content-67-123\" class=\"oxy-tab-content tabs-contents-2212-tab\">\n<div id=\"div_block-68-123\" class=\"ct-div-block\">\n<div id=\"_rich_text-69-123\" class=\"oxy-rich-text\">\n<section id=\"section-47-127\" class=\" ct-section oxy-margin-bottom\">\n<div class=\"ct-section-inner-wrap\">\n<div id=\"_tabs_contents-57-127\" class=\"oxy-tabs-contents-wrapper oxy-tabs-contents\">\n<div id=\"_tab_content-61-127\" class=\"oxy-tab-content tabs-contents-2212-tab\">\n<div id=\"div_block-62-127\" class=\"ct-div-block\">\n<div id=\"_rich_text-63-127\" class=\"oxy-rich-text\">Specjalnie dobrana mieszanka r\u00f3\u017cnych szczep\u00f3w bakterii\u00a0<i>Bacillus<\/i>\u00a0i grzyb\u00f3w saprofitycznych z rodzaju\u00a0<i>Trichoderma<\/i>\u00a0w ilo\u015bci nie mniejszej ni\u017c 1&#215;10<sup>9<\/sup>\u00a0JTK\/spor w 1 gramie produktu.<\/div>\n<\/div>\n<\/div>\n<\/div>\n<\/div>\n<\/section>\n<section id=\"section-69-127\" class=\" ct-section oxy-margin-bottom\">\n<div class=\"ct-section-inner-wrap\"><\/div>\n<\/section>\n<\/div>\n<\/div>\n<\/div>\n<\/div>\n<\/div>\n<\/section>\n<section id=\"section-75-123\" class=\" ct-section oxy-margin-bottom\">\n<div class=\"ct-section-inner-wrap\"><\/div>\n<\/section>\n<\/div>\n<\/div>\n<\/div>\n<\/div>\n<\/div>\n<\/section>\n<section id=\"section-75-115\" class=\" ct-section oxy-margin-bottom\">\n<div class=\"ct-section-inner-wrap\"><\/div>\n<\/section>\n<\/div>\n<\/div>\n<\/div>\n<\/div>\n<\/div>\n<\/section>\n<section id=\"section-111-125\" class=\" ct-section oxy-margin-bottom\">\n<div class=\"ct-section-inner-wrap\"><\/div>\n<\/section>\n<\/div>\n<\/div>\n<\/div>\n<\/div>\n<\/div>\n<\/section>\n<\/div>\n<\/div>\n<\/div>\n<\/div>\n<\/div>\n<\/section>\n<\/div>\n<\/div>\n<\/div>\n<\/div>\n<\/div>\n<\/section>\n<\/div>\n<\/div>\n<\/div>\n<\/div>\n<\/div>\n<\/section>\n<\/div>\n<\/div>\n<\/div>\n<\/div>\n<\/div>\n<\/section>\n<\/div>\n<\/div>\n<\/div>\n<\/div>\n<\/div>\n<\/section>\n<\/div>\n<\/div>\n<\/div>\n<\/div>\n<\/div>\n<\/section>\n<\/div>\n<\/div>\n<\/div>\n<\/div>\n<\/div>\n<\/section>\n<\/div>\n<\/div>\n<\/div>\n<\/div>\n<\/div>\n<\/section>\n<\/div>\n<\/div>\n<\/div>\n<\/div>\n<\/div>\n<\/section>\n<\/div>\n<\/div>\n<\/div>\n<\/div>\n<\/div>\n<\/section>\n<\/div>\n<\/div>\n<\/div>\n<\/div>\n<\/div>\n<\/section>\n<\/div>\n<\/div>\n<\/div>\n<\/div>\n<\/div>\n<\/section>\n<\/div>\n<\/div>\n<\/div>\n<\/div>\n<\/div>\n<\/section>\n<\/div>\n<\/div>\n<\/div>\n<\/div>\n<\/div>\n<\/section>\n<section id=\"section-112-85\" class=\" ct-section oxy-margin-bottom-last\">\n<div class=\"ct-section-inner-wrap\"><\/div>\n<\/section>\n<\/div>\n<\/div>\n<\/div>\n<\/div>\n<\/div>\n<\/section>\n<section id=\"section-1383-47\" class=\" ct-section oxy-margin-bottom\">\n<div class=\"ct-section-inner-wrap\">\n<p><strong><strong>Dawkowanie:<\/strong><\/strong><\/p>\n<p><strong>Oprysk plantacji (gleby i pni):<\/strong>\u00a03 kg\/500-1000 l wody\/ha,<br \/>\n<strong>Podlewanie pni:<\/strong>\u00a02,5 g\/0,5-1 l wody\/pie\u0144.<\/p>\n<p><strong style=\"font-family: inherit; font-size: 24px; font-style: inherit;\">Dodatkowe informacje:<\/strong><\/p>\n<section id=\"section-49-77\" class=\" ct-section oxy-margin-bottom\">\n<div class=\"ct-section-inner-wrap\">\n<div id=\"_tabs_contents-59-77\" class=\"oxy-tabs-contents-wrapper oxy-tabs-contents\">\n<div id=\"_tab_content-66-77\" class=\"oxy-tab-content tabs-contents-2212-tab\">\n<div id=\"div_block-67-77\" class=\"ct-div-block\">\n<div id=\"_rich_text-68-77\" class=\"oxy-rich-text\">\n<section id=\"section-51-79\" class=\" ct-section oxy-margin-bottom\">\n<div class=\"ct-section-inner-wrap\">\n<div id=\"_tabs_contents-61-79\" class=\"oxy-tabs-contents-wrapper oxy-tabs-contents\">\n<div id=\"_tab_content-68-79\" class=\"oxy-tab-content tabs-contents-2212-tab\">\n<div id=\"div_block-69-79\" class=\"ct-div-block\">\n<div id=\"_rich_text-70-79\" class=\"oxy-rich-text\">\n<section id=\"section-112-81\" class=\" ct-section oxy-margin-bottom-last\">\n<div class=\"ct-section-inner-wrap\">\n<div id=\"text_block-73-75\" class=\"ct-text-block\">\n<section id=\"section-72-57\" class=\" ct-section oxy-margin-bottom\">\n<div class=\"ct-section-inner-wrap\">\n<div id=\"text_block-74-57\" class=\"ct-text-block\">\n<section id=\"section-75-115\" class=\" ct-section oxy-margin-bottom\">\n<div class=\"ct-section-inner-wrap\">\n<div id=\"_rich_text-77-115\" class=\"oxy-rich-text\">\n<section id=\"section-75-123\" class=\" ct-section oxy-margin-bottom\">\n<div class=\"ct-section-inner-wrap\">\n<div id=\"_rich_text-77-123\" class=\"oxy-rich-text\">\n<section id=\"section-69-127\" class=\" ct-section oxy-margin-bottom\">\n<div class=\"ct-section-inner-wrap\">\n<div id=\"_rich_text-71-127\" class=\"oxy-rich-text\">\n<p>Preparat do\u00a0<b>rozk\u0142adu drzew<\/b>, pni i li\u015bci\u00a0<b>bi wood\u00a0<\/b>mo\u017ce by\u0107 stosowany w postaci oprysku lub do podlewania martwej materii. Czas dzia\u0142ania \u015brodka jest zale\u017cny od wielko\u015bci pnia oraz warunk\u00f3w klimatycznych. W ciep\u0142ych miesi\u0105cach proces rozk\u0142adu post\u0119puje szybciej.<\/p>\n<\/div>\n<\/div>\n<\/section>\n<section id=\"section-121-127\" class=\" ct-section oxy-margin-bottom-last\">\n<div class=\"ct-section-inner-wrap\"><\/div>\n<\/section>\n<\/div>\n<\/div>\n<\/section>\n<section id=\"section-117-123\" class=\" ct-section oxy-margin-bottom-last\">\n<div class=\"ct-section-inner-wrap\"><\/div>\n<\/section>\n<\/div>\n<\/div>\n<\/section>\n<section id=\"section-117-115\" class=\" ct-section oxy-margin-bottom-last\">\n<div class=\"ct-section-inner-wrap\"><\/div>\n<\/section>\n<\/div>\n<\/div>\n<\/section>\n<\/div>\n<\/div>\n<div class=\"ct-section-inner-wrap\">\n<div id=\"text_block-140-69\" class=\"ct-text-block\">\n<section id=\"section-71-71\" class=\" ct-section oxy-margin-bottom\">\n<div class=\"ct-section-inner-wrap\">\n<div id=\"text_block-73-71\" class=\"ct-text-block\">\n<section id=\"section-605-65\" class=\" ct-section oxy-margin-bottom-last\">\n<div class=\"ct-section-inner-wrap\"><\/div>\n<\/section>\n<\/div>\n<\/div>\n<\/section>\n<section id=\"section-113-71\" class=\" ct-section oxy-margin-bottom-last\">\n<div class=\"ct-section-inner-wrap\"><\/div>\n<\/section>\n<\/div>\n<\/div>\n<\/section>\n<\/div>\n<\/div>\n<\/div>\n<\/div>\n<\/div>\n<\/section>\n<section id=\"section-120-79\" class=\" ct-section oxy-margin-bottom\">\n<div class=\"ct-section-inner-wrap\"><\/div>\n<\/section>\n<\/div>\n<\/div>\n<\/div>\n<\/div>\n<\/div>\n<\/section>\n<section id=\"section-71-77\" class=\" ct-section oxy-margin-bottom\">\n<div class=\"ct-section-inner-wrap\"><\/div>\n<\/section>\n<section id=\"section-352-87\" class=\" ct-section oxy-margin-bottom\">\n<div class=\"ct-section-inner-wrap\"><\/div>\n<\/section>\n<\/div>\n<\/section>\n<\/div>\n<\/div>\n","protected":false},"excerpt":{"rendered":"<p>bi wood Przyspiesza rozk\u0142ad martwej materii Mikrobiologiczny preparat bi wood do rozk\u0142adu drewna, pni, korzeni i ga\u0142\u0119zi drzew w uprawach sadowniczych i le\u015bnych to naturalny \u015brodek przyspieszaj\u0105cy rozk\u0142ad martwej materii i zwi\u0119kszaj\u0105cy zasobno\u015b\u0107 gleby. Bi wood zawiera bakterie glebowe i grzyby saprofityczne bior\u0105ce udzia\u0142 w rozk\u0142adzie martwych cz\u0119\u015bci ro\u015blin. DZIA\u0141ANIE: Preparat mikrobiologiczny\u00a0bi wood\u00a0jest wysoce skutecznym &#8230; <a title=\"bi wood -5kg (Preparaty bakteryjne)\" class=\"read-more\" href=\"https:\/\/agro-expert.eu\/?product=bi-wood-5kg-preparaty-bakteryjne\" aria-label=\"Read more about bi wood -5kg (Preparaty bakteryjne)\">Dowiedz si\u0119 wi\u0119cej<\/a><\/p>\n","protected":false},"featured_media":1082,"comment_status":"open","ping_status":"closed","template":"","meta":{"om_disable_all_campaigns":false,"_monsterinsights_skip_tracking":false,"_monsterinsights_sitenote_active":false,"_monsterinsights_sitenote_note":"","_monsterinsights_sitenote_category":0,"_uf_show_specific_survey":0,"_uf_disable_surveys":false},"product_brand":[],"product_cat":[45,47],"product_tag":[],"class_list":{"0":"post-1081","1":"product","2":"type-product","3":"status-publish","4":"has-post-thumbnail","6":"product_cat-agrarius","7":"product_cat-preparaty-bakteryjne-agrarius","9":"first","10":"instock","11":"taxable","12":"shipping-taxable","13":"purchasable","14":"product-type-simple"},"aioseo_notices":[],"jetpack_sharing_enabled":true,"_links":{"self":[{"href":"https:\/\/agro-expert.eu\/index.php?rest_route=\/wp\/v2\/product\/1081","targetHints":{"allow":["GET"]}}],"collection":[{"href":"https:\/\/agro-expert.eu\/index.php?rest_route=\/wp\/v2\/product"}],"about":[{"href":"https:\/\/agro-expert.eu\/index.php?rest_route=\/wp\/v2\/types\/product"}],"replies":[{"embeddable":true,"href":"https:\/\/agro-expert.eu\/index.php?rest_route=%2Fwp%2Fv2%2Fcomments&post=1081"}],"wp:featuredmedia":[{"embeddable":true,"href":"https:\/\/agro-expert.eu\/index.php?rest_route=\/wp\/v2\/media\/1082"}],"wp:attachment":[{"href":"https:\/\/agro-expert.eu\/index.php?rest_route=%2Fwp%2Fv2%2Fmedia&parent=1081"}],"wp:term":[{"taxonomy":"product_brand","embeddable":true,"href":"https:\/\/agro-expert.eu\/index.php?rest_route=%2Fwp%2Fv2%2Fproduct_brand&post=1081"},{"taxonomy":"product_cat","embeddable":true,"href":"https:\/\/agro-expert.eu\/index.php?rest_route=%2Fwp%2Fv2%2Fproduct_cat&post=1081"},{"taxonomy":"product_tag","embeddable":true,"href":"https:\/\/agro-expert.eu\/index.php?rest_route=%2Fwp%2Fv2%2Fproduct_tag&post=1081"}],"curies":[{"name":"wp","href":"https:\/\/api.w.org\/{rel}","templated":true}]}}