{"id":1095,"date":"2025-06-11T10:37:10","date_gmt":"2025-06-11T08:37:10","guid":{"rendered":"https:\/\/agro-expert.eu\/?post_type=product&#038;p=1095"},"modified":"2025-07-03T15:44:56","modified_gmt":"2025-07-03T13:44:56","slug":"bi-root-5-kg-preparaty-bakteryjne","status":"publish","type":"product","link":"https:\/\/agro-expert.eu\/?product=bi-root-5-kg-preparaty-bakteryjne","title":{"rendered":"bi root -5 kg (Preparaty bakteryjne)"},"content":{"rendered":"<div class=\"et_pb_module et_pb_image et_pb_image_0\"><\/div>\n<div class=\"et_pb_module et_pb_text et_pb_text_0 et_pb_text_align_left et_pb_bg_layout_light\">\n<div class=\"et_pb_text_inner\">\n<h1 id=\"headline-8-57\" class=\"ct-headline oxy-kondycjoner\"><strong>bi root<\/strong><\/h1>\n<h2 id=\"headline-9-121\" class=\"ct-headline\">Ograniczanie wyst\u0119powania szkodnik\u00f3w<\/h2>\n<div id=\"text_block-10-121\" class=\"ct-text-block\">Bakteryjny preparat bi root to doglebowy \u015brodek bazuj\u0105cy na wyselekcjonowanych mikroorganizmach naturalnie bytuj\u0105cych w glebie. Bi root wspomaga ochron\u0119 przed szkodnikami i zwi\u0119ksza zdrowotno\u015b\u0107 ro\u015blin. Ten wysoce skuteczny produkt z bakteriami z rodzaju\u00a0<i>Bacillus<\/i>\u00a0u\u0142atwia biologiczne zwalczanie szkodnik\u00f3w w r\u00f3\u017cnych typach upraw, ogranicza uszkodzenia ro\u015blin powsta\u0142e w wyniku ataku szkodnik\u00f3w i wspomaga zdrowotno\u015b\u0107 ro\u015blin<\/div>\n<p><img fetchpriority=\"high\" decoding=\"async\" class=\"aligncenter wp-image-1092 size-full\" src=\"https:\/\/agro-expert.eu\/wp-content\/uploads\/2025\/06\/Zrzut-ekranu-2025-06-11-o-10.34.53.png\" alt=\"\" width=\"1156\" height=\"322\" srcset=\"https:\/\/agro-expert.eu\/wp-content\/uploads\/2025\/06\/Zrzut-ekranu-2025-06-11-o-10.34.53.png 1156w, https:\/\/agro-expert.eu\/wp-content\/uploads\/2025\/06\/Zrzut-ekranu-2025-06-11-o-10.34.53-300x84.png 300w, https:\/\/agro-expert.eu\/wp-content\/uploads\/2025\/06\/Zrzut-ekranu-2025-06-11-o-10.34.53-1024x285.png 1024w, https:\/\/agro-expert.eu\/wp-content\/uploads\/2025\/06\/Zrzut-ekranu-2025-06-11-o-10.34.53-768x214.png 768w, https:\/\/agro-expert.eu\/wp-content\/uploads\/2025\/06\/Zrzut-ekranu-2025-06-11-o-10.34.53-600x167.png 600w\" sizes=\"(max-width: 1156px) 100vw, 1156px\" \/><\/p>\n<p><strong>DZIA\u0141ANIE:<\/strong><\/p>\n<p>Specjalistyczny doglebowy preparat bakteryjny\u00a0<b>bi root\u00a0<\/b>zawiera starannie wyselekcjonowane bakterie\u00a0<i>Bacillus<\/i>, kt\u00f3re przyczyniaj\u0105 si\u0119 do tworzenia korzystnych warunk\u00f3w do rozwoju ro\u015blin i jednocze\u015bnie niekorzystnego \u015brodowiska dla szkodnik\u00f3w niszcz\u0105cych korzenie (poprzez wytwarzanie r\u00f3\u017cnego rodzaju metabolit\u00f3w). Preparat\u00a0<b>bi root<\/b>\u00a0umo\u017cliwia skuteczne i naturalne\u00a0<b>ograniczanie szkodnik\u00f3w<\/b>\u00a0w r\u00f3\u017cnych rodzajach upraw, zar\u00f3wno rolnych, jak i sadowniczych oraz warzywniczych. Ten mikrobiologiczny \u015brodek w bezpieczny spos\u00f3b ogranicza uszkodzenia ro\u015blin uprawnych na skutek dzia\u0142ania szkodnik\u00f3w glebowych i zapobiega powi\u0119kszaniu si\u0119 ich populacji.\u00a0<b>Bi root<\/b>\u00a0zmienia \u015brodowisko, w kt\u00f3rym naturalnie bytuj\u0105 i zimuj\u0105 szkodniki oraz przyspiesza rozk\u0142ad i mineralizacj\u0119 materii organicznej, co przek\u0142ada si\u0119 zar\u00f3wno na\u00a0<b>zapobieganie szkodnikom w glebie<\/b>, jak i lepszy rozw\u00f3j ro\u015blin.<\/p>\n<p>Doglebowy preparat\u00a0<b>bi root<\/b>\u00a0zawiera mikroorganizmy kolonizuj\u0105ce gleb\u0119 w pobli\u017cu korzeni, szyjek korzeniowych i \u0142odyga, jednocze\u015bnie u\u0142atwiaj\u0105ce ro\u015blinom czerpanie sk\u0142adnik\u00f3w pokarmowych zawartych w ziemi. Po u\u017cyciu preparatu system korzeniowy mo\u017ce rozwija\u0107 si\u0119 w prawid\u0142owy spos\u00f3b, a to dodatnio wp\u0142ywa na zdrowotno\u015b\u0107 ro\u015blin oraz ich odporno\u015b\u0107, szczeg\u00f3lnie na stresowe warunki takie jak niedob\u00f3r wody czy wahania temperatury w kluczowych etapach wzrostu.<\/p>\n<p>Szczepy bakterii\u00a0<i>Bacillus sp<\/i>. wydzielaj\u0105 naturalne substancje, w tym witaminy oraz kwasy organiczne niezb\u0119dne do wzrostu i plonowania uprawy. Sk\u0142adniki wydzielane przez te bakterie zniech\u0119caj\u0105 szkodniki glebowe do atakowania ro\u015blin, a tym samym zwi\u0119kszaj\u0105 zdolno\u015b\u0107 ro\u015blin do prawid\u0142owego wzrostu i rozwoju. Bakterie\u00a0<i>Bacillus sp<\/i>. wspomagaj\u0105 proces ukorzeniania si\u0119 ro\u015blin i warunkuj\u0105 poprawny wzrost bry\u0142 korzeniowych. Zastosowanie preparatu\u00a0<b>bi root<\/b>\u00a0pozwala w naturalny spos\u00f3b\u00a0<b>ogranicza\u0107 wyst\u0119powanie szkodnik\u00f3w<\/b>\u00a0glebowych, kt\u00f3re \u017ceruj\u0105 na korzeniach, \u0142odygach oraz szyjkach korzeniowych. \u015arodek skutecznie ogranicza populacje larw wgryzek, owoc\u00f3wek, \u015bmietek, zw\u00f3jek, stonki, pche\u0142ek, s\u0142odyszk\u00f3w, g\u0105sienic omacnicy, bielinka, mszyc, wciornastk\u00f3w, a tak\u017ce innych szkodnik\u00f3w.<\/p>\n<p>Sypki preparat\u00a0<b>bi root<\/b>\u00a0to jedyny dost\u0119pny na polskim rynku \u015brodek zawieraj\u0105cy tak du\u017c\u0105 ilo\u015b\u0107 bakterii w 1 gramie.\u00a0<b>Bi root<\/b>\u00a0umo\u017cliwia bezpieczne ograniczanie ilo\u015bci\u00a0<b>szkodnik\u00f3w\u00a0<\/b>bez konieczno\u015bci zachowania okresu karencji, co jest szczeg\u00f3lnie wa\u017cne w uprawach ogrodniczych. Zbi\u00f3r ro\u015blin wspomaganych\u00a0<b>bi root<\/b>\u00a0mo\u017cna przeprowadzi\u0107 nawet tego samego lub nast\u0119pnego dnia, gdy\u017c \u015brodek nie zawiera \u017cadnych substancji o negatywnym wp\u0142ywie na organizm ludzki czy \u015brodowisko.<\/p>\n<p><strong style=\"font-size: inherit; font-family: -apple-system, system-ui, BlinkMacSystemFont, 'Segoe UI', Helvetica, Arial, sans-serif, 'Apple Color Emoji', 'Segoe UI Emoji', 'Segoe UI Symbol';\">SK\u0141AD:\u00a0<\/strong><\/p>\n<\/div>\n<div class=\"et_pb_text_inner\">\n<section id=\"section-50-47\" class=\" ct-section oxy-margin-bottom\">\n<div class=\"ct-section-inner-wrap\">\n<div id=\"_tabs_contents-60-47\" class=\"oxy-tabs-contents-wrapper oxy-tabs-contents\">\n<div id=\"_tab_content-64-47\" class=\"oxy-tab-content tabs-contents-2212-tab\">\n<div id=\"div_block-65-47\" class=\"ct-div-block\">\n<div id=\"_rich_text-66-47\" class=\"oxy-rich-text\">\n<section id=\"section-51-85\" class=\" ct-section oxy-margin-bottom\">\n<div class=\"ct-section-inner-wrap\">\n<div id=\"_tabs_contents-61-85\" class=\"oxy-tabs-contents-wrapper oxy-tabs-contents\">\n<div id=\"_tab_content-65-85\" class=\"oxy-tab-content tabs-contents-2212-tab\">\n<div id=\"div_block-66-85\" class=\"ct-div-block\">\n<div id=\"_rich_text-67-85\" class=\"oxy-rich-text\">\n<section id=\"section-51-83\" class=\" ct-section oxy-margin-bottom\">\n<div class=\"ct-section-inner-wrap\">\n<div id=\"_tabs_contents-61-83\" class=\"oxy-tabs-contents-wrapper oxy-tabs-contents\">\n<div id=\"_tab_content-65-83\" class=\"oxy-tab-content tabs-contents-2212-tab\">\n<div id=\"div_block-66-83\" class=\"ct-div-block\">\n<div id=\"_rich_text-67-83\" class=\"oxy-rich-text\">\n<section id=\"section-49-77\" class=\" ct-section oxy-margin-bottom\">\n<div class=\"ct-section-inner-wrap\">\n<div id=\"_tabs_contents-59-77\" class=\"oxy-tabs-contents-wrapper oxy-tabs-contents\">\n<div id=\"_tab_content-63-77\" class=\"oxy-tab-content tabs-contents-2212-tab\">\n<div id=\"div_block-64-77\" class=\"ct-div-block\">\n<div id=\"_rich_text-65-77\" class=\"oxy-rich-text\">\n<section id=\"section-51-79\" class=\" ct-section oxy-margin-bottom\">\n<div class=\"ct-section-inner-wrap\">\n<div id=\"_tabs_contents-61-79\" class=\"oxy-tabs-contents-wrapper oxy-tabs-contents\">\n<div id=\"_tab_content-65-79\" class=\"oxy-tab-content tabs-contents-2212-tab\">\n<div id=\"div_block-66-79\" class=\"ct-div-block\">\n<div id=\"_rich_text-67-79\" class=\"oxy-rich-text\">\n<section id=\"section-51-81\" class=\" ct-section oxy-margin-bottom\">\n<div class=\"ct-section-inner-wrap\">\n<div id=\"_tabs_contents-61-81\" class=\"oxy-tabs-contents-wrapper oxy-tabs-contents\">\n<div id=\"_tab_content-65-81\" class=\"oxy-tab-content tabs-contents-2212-tab\">\n<div id=\"div_block-66-81\" class=\"ct-div-block\">\n<div id=\"_rich_text-67-81\" class=\"oxy-rich-text\">\n<section id=\"section-49-69\" class=\" ct-section oxy-margin-bottom\">\n<div class=\"ct-section-inner-wrap\">\n<div id=\"_tabs_contents-59-69\" class=\"oxy-tabs-contents-wrapper oxy-tabs-contents\">\n<div id=\"_tab_content-63-69\" class=\"oxy-tab-content tabs-contents-2212-tab\">\n<div id=\"div_block-64-69\" class=\"ct-div-block\">\n<div id=\"_rich_text-65-69\" class=\"oxy-rich-text\">\n<section id=\"section-49-71\" class=\" ct-section oxy-margin-bottom\">\n<div class=\"ct-section-inner-wrap\">\n<div id=\"_tabs_contents-59-71\" class=\"oxy-tabs-contents-wrapper oxy-tabs-contents\">\n<div id=\"_tab_content-63-71\" class=\"oxy-tab-content tabs-contents-2212-tab\">\n<div id=\"div_block-64-71\" class=\"ct-div-block\">\n<div id=\"_rich_text-65-71\" class=\"oxy-rich-text\">\n<section id=\"section-541-65\" class=\" ct-section oxy-margin-bottom\">\n<div class=\"ct-section-inner-wrap\">\n<div id=\"_tabs_contents-551-65\" class=\"oxy-tabs-contents-wrapper oxy-tabs-contents\">\n<div id=\"_tab_content-555-65\" class=\"oxy-tab-content tabs-contents-2212-tab\">\n<div id=\"div_block-556-65\" class=\"ct-div-block\">\n<div id=\"_rich_text-557-65\" class=\"oxy-rich-text\">\n<section id=\"section-50-67\" class=\" ct-section oxy-margin-bottom\">\n<div class=\"ct-section-inner-wrap\">\n<div id=\"_tabs_contents-60-67\" class=\"oxy-tabs-contents-wrapper oxy-tabs-contents\">\n<div id=\"_tab_content-64-67\" class=\"oxy-tab-content tabs-contents-2212-tab\">\n<div id=\"div_block-65-67\" class=\"ct-div-block\">\n<div id=\"_rich_text-66-67\" class=\"oxy-rich-text\">\n<section id=\"section-50-67\" class=\" ct-section oxy-margin-bottom\">\n<div class=\"ct-section-inner-wrap\">\n<div id=\"_tabs_contents-60-67\" class=\"oxy-tabs-contents-wrapper oxy-tabs-contents\">\n<div id=\"_tab_content-64-67\" class=\"oxy-tab-content tabs-contents-2212-tab\">\n<div id=\"div_block-65-67\" class=\"ct-div-block\">\n<div id=\"_rich_text-66-67\" class=\"oxy-rich-text\">\n<section id=\"section-50-73\" class=\" ct-section oxy-margin-bottom\">\n<div class=\"ct-section-inner-wrap\">\n<div id=\"_tabs_contents-60-73\" class=\"oxy-tabs-contents-wrapper oxy-tabs-contents\">\n<div id=\"_tab_content-64-73\" class=\"oxy-tab-content tabs-contents-2212-tab\">\n<div id=\"div_block-65-73\" class=\"ct-div-block\">\n<div id=\"_rich_text-66-73\" class=\"oxy-rich-text\">\n<section id=\"section-51-1521\" class=\" ct-section oxy-margin-bottom\">\n<div class=\"ct-section-inner-wrap\">\n<div id=\"_tabs_contents-61-1521\" class=\"oxy-tabs-contents-wrapper oxy-tabs-contents\">\n<div id=\"_tab_content-65-1521\" class=\"oxy-tab-content tabs-contents-2212-tab\">\n<div id=\"div_block-66-1521\" class=\"ct-div-block\">\n<div id=\"_rich_text-67-1521\" class=\"oxy-rich-text\">\n<section id=\"section-49-75\" class=\" ct-section oxy-margin-bottom\">\n<div class=\"ct-section-inner-wrap\">\n<div id=\"_tabs_contents-59-75\" class=\"oxy-tabs-contents-wrapper oxy-tabs-contents\">\n<div id=\"_tab_content-63-75\" class=\"oxy-tab-content tabs-contents-2212-tab\">\n<div id=\"div_block-64-75\" class=\"ct-div-block\">\n<div id=\"_rich_text-65-75\" class=\"oxy-rich-text\">\n<section id=\"section-50-57\" class=\" ct-section oxy-margin-bottom\">\n<div class=\"ct-section-inner-wrap\">\n<div id=\"_tabs_contents-60-57\" class=\"oxy-tabs-contents-wrapper oxy-tabs-contents\">\n<div id=\"_tab_content-64-57\" class=\"oxy-tab-content tabs-contents-2212-tab\">\n<div id=\"div_block-65-57\" class=\"ct-div-block\">\n<div id=\"_rich_text-66-57\" class=\"oxy-rich-text\">\n<section id=\"section-55-113\" class=\" ct-section oxy-margin-bottom\">\n<div class=\"ct-section-inner-wrap\">\n<div id=\"_tabs_contents-65-113\" class=\"oxy-tabs-contents-wrapper oxy-tabs-contents\">\n<div id=\"_tab_content-69-113\" class=\"oxy-tab-content tabs-contents-2212-tab\">\n<div id=\"div_block-70-113\" class=\"ct-div-block\">\n<div id=\"_rich_text-71-113\" class=\"oxy-rich-text\">\n<section id=\"section-49-125\" class=\" ct-section oxy-margin-bottom\">\n<div class=\"ct-section-inner-wrap\">\n<div id=\"_tabs_contents-59-125\" class=\"oxy-tabs-contents-wrapper oxy-tabs-contents\">\n<div id=\"_tab_content-63-125\" class=\"oxy-tab-content tabs-contents-2212-tab\">\n<div id=\"div_block-64-125\" class=\"ct-div-block\">\n<div id=\"_rich_text-65-125\" class=\"oxy-rich-text\">\n<section id=\"section-53-115\" class=\" ct-section oxy-margin-bottom\">\n<div class=\"ct-section-inner-wrap\">\n<div id=\"_tabs_contents-63-115\" class=\"oxy-tabs-contents-wrapper oxy-tabs-contents\">\n<div id=\"_tab_content-67-115\" class=\"oxy-tab-content tabs-contents-2212-tab\">\n<div id=\"div_block-68-115\" class=\"ct-div-block\">\n<div id=\"_rich_text-69-115\" class=\"oxy-rich-text\">\n<section id=\"section-53-123\" class=\" ct-section oxy-margin-bottom\">\n<div class=\"ct-section-inner-wrap\">\n<div id=\"_tabs_contents-63-123\" class=\"oxy-tabs-contents-wrapper oxy-tabs-contents\">\n<div id=\"_tab_content-67-123\" class=\"oxy-tab-content tabs-contents-2212-tab\">\n<div id=\"div_block-68-123\" class=\"ct-div-block\">\n<div id=\"_rich_text-69-123\" class=\"oxy-rich-text\">\n<section id=\"section-53-119\" class=\" ct-section oxy-margin-bottom\">\n<div class=\"ct-section-inner-wrap\">\n<div id=\"_tabs_contents-63-119\" class=\"oxy-tabs-contents-wrapper oxy-tabs-contents\">\n<div id=\"_tab_content-67-119\" class=\"oxy-tab-content tabs-contents-2212-tab\">\n<div id=\"div_block-68-119\" class=\"ct-div-block\">\n<div id=\"_rich_text-69-119\" class=\"oxy-rich-text\">Specjalnie wyselekcjonowane i dobrane szczepy bakterii\u00a0<i>Bacillus sp<\/i>. w ilo\u015bci nie mniejszej ni\u017c 1&#215;10<sup>9<\/sup>\u00a0JTK w 1 gramie produktu.<\/div>\n<\/div>\n<\/div>\n<\/div>\n<\/div>\n<\/section>\n<section id=\"section-75-119\" class=\" ct-section oxy-margin-bottom\">\n<div class=\"ct-section-inner-wrap\"><\/div>\n<\/section>\n<\/div>\n<\/div>\n<\/div>\n<\/div>\n<\/div>\n<\/section>\n<section id=\"section-75-123\" class=\" ct-section oxy-margin-bottom\">\n<div class=\"ct-section-inner-wrap\"><\/div>\n<\/section>\n<\/div>\n<\/div>\n<\/div>\n<\/div>\n<\/div>\n<\/section>\n<section id=\"section-75-115\" class=\" ct-section oxy-margin-bottom\">\n<div class=\"ct-section-inner-wrap\"><\/div>\n<\/section>\n<\/div>\n<\/div>\n<\/div>\n<\/div>\n<\/div>\n<\/section>\n<section id=\"section-111-125\" class=\" ct-section oxy-margin-bottom\">\n<div class=\"ct-section-inner-wrap\"><\/div>\n<\/section>\n<\/div>\n<\/div>\n<\/div>\n<\/div>\n<\/div>\n<\/section>\n<\/div>\n<\/div>\n<\/div>\n<\/div>\n<\/div>\n<\/section>\n<\/div>\n<\/div>\n<\/div>\n<\/div>\n<\/div>\n<\/section>\n<\/div>\n<\/div>\n<\/div>\n<\/div>\n<\/div>\n<\/section>\n<\/div>\n<\/div>\n<\/div>\n<\/div>\n<\/div>\n<\/section>\n<\/div>\n<\/div>\n<\/div>\n<\/div>\n<\/div>\n<\/section>\n<\/div>\n<\/div>\n<\/div>\n<\/div>\n<\/div>\n<\/section>\n<\/div>\n<\/div>\n<\/div>\n<\/div>\n<\/div>\n<\/section>\n<\/div>\n<\/div>\n<\/div>\n<\/div>\n<\/div>\n<\/section>\n<\/div>\n<\/div>\n<\/div>\n<\/div>\n<\/div>\n<\/section>\n<\/div>\n<\/div>\n<\/div>\n<\/div>\n<\/div>\n<\/section>\n<\/div>\n<\/div>\n<\/div>\n<\/div>\n<\/div>\n<\/section>\n<\/div>\n<\/div>\n<\/div>\n<\/div>\n<\/div>\n<\/section>\n<\/div>\n<\/div>\n<\/div>\n<\/div>\n<\/div>\n<\/section>\n<\/div>\n<\/div>\n<\/div>\n<\/div>\n<\/div>\n<\/section>\n<section id=\"section-112-85\" class=\" ct-section oxy-margin-bottom-last\">\n<div class=\"ct-section-inner-wrap\"><\/div>\n<\/section>\n<\/div>\n<\/div>\n<\/div>\n<\/div>\n<\/div>\n<\/section>\n<section id=\"section-1383-47\" class=\" ct-section oxy-margin-bottom\">\n<div class=\"ct-section-inner-wrap\">\n<p><strong><strong>Dawkowanie:<\/strong><\/strong><\/p>\n<p><img decoding=\"async\" class=\"aligncenter wp-image-1094 size-full\" src=\"https:\/\/agro-expert.eu\/wp-content\/uploads\/2025\/06\/Zrzut-ekranu-2025-06-11-o-10.36.11.png\" alt=\"\" width=\"1107\" height=\"183\" srcset=\"https:\/\/agro-expert.eu\/wp-content\/uploads\/2025\/06\/Zrzut-ekranu-2025-06-11-o-10.36.11.png 1107w, https:\/\/agro-expert.eu\/wp-content\/uploads\/2025\/06\/Zrzut-ekranu-2025-06-11-o-10.36.11-300x50.png 300w, https:\/\/agro-expert.eu\/wp-content\/uploads\/2025\/06\/Zrzut-ekranu-2025-06-11-o-10.36.11-1024x169.png 1024w, https:\/\/agro-expert.eu\/wp-content\/uploads\/2025\/06\/Zrzut-ekranu-2025-06-11-o-10.36.11-768x127.png 768w, https:\/\/agro-expert.eu\/wp-content\/uploads\/2025\/06\/Zrzut-ekranu-2025-06-11-o-10.36.11-600x99.png 600w\" sizes=\"(max-width: 1107px) 100vw, 1107px\" \/><\/p>\n<p><strong style=\"font-family: inherit; font-size: 24px; font-style: inherit;\">Dodatkowe informacje:<\/strong><\/p>\n<section id=\"section-49-77\" class=\" ct-section oxy-margin-bottom\">\n<div class=\"ct-section-inner-wrap\">\n<div id=\"_tabs_contents-59-77\" class=\"oxy-tabs-contents-wrapper oxy-tabs-contents\">\n<div id=\"_tab_content-66-77\" class=\"oxy-tab-content tabs-contents-2212-tab\">\n<div id=\"div_block-67-77\" class=\"ct-div-block\">\n<div id=\"_rich_text-68-77\" class=\"oxy-rich-text\">\n<section id=\"section-51-79\" class=\" ct-section oxy-margin-bottom\">\n<div class=\"ct-section-inner-wrap\">\n<div id=\"_tabs_contents-61-79\" class=\"oxy-tabs-contents-wrapper oxy-tabs-contents\">\n<div id=\"_tab_content-68-79\" class=\"oxy-tab-content tabs-contents-2212-tab\">\n<div id=\"div_block-69-79\" class=\"ct-div-block\">\n<div id=\"_rich_text-70-79\" class=\"oxy-rich-text\">\n<section id=\"section-112-81\" class=\" ct-section oxy-margin-bottom-last\">\n<div class=\"ct-section-inner-wrap\">\n<div id=\"text_block-73-75\" class=\"ct-text-block\">\n<section id=\"section-72-57\" class=\" ct-section oxy-margin-bottom\">\n<div class=\"ct-section-inner-wrap\">\n<div id=\"text_block-74-57\" class=\"ct-text-block\">\n<section id=\"section-75-115\" class=\" ct-section oxy-margin-bottom\">\n<div class=\"ct-section-inner-wrap\">\n<div id=\"_rich_text-77-115\" class=\"oxy-rich-text\">\n<section id=\"section-75-123\" class=\" ct-section oxy-margin-bottom\">\n<div class=\"ct-section-inner-wrap\">\n<div id=\"_rich_text-77-123\" class=\"oxy-rich-text\">\n<section id=\"section-75-121\" class=\" ct-section oxy-margin-bottom\">\n<div class=\"ct-section-inner-wrap\">\n<div id=\"_rich_text-77-121\" class=\"oxy-rich-text\">\n<p>Preparat\u00a0<b>bi root<\/b>\u00a0jest przeznaczony do rozpuszczania w wodzie. \u015arodek najlepiej stosowa\u0107 z kwasami humusowymi, kt\u00f3re pot\u0119guj\u0105 jego dzia\u0142anie. Produktu nie nale\u017cy u\u017cywa\u0107 z fungicydami.<\/p>\n<\/div>\n<\/div>\n<\/section>\n<section id=\"section-117-121\" class=\" ct-section oxy-margin-bottom-last\">\n<div class=\"ct-section-inner-wrap\"><\/div>\n<\/section>\n<\/div>\n<\/div>\n<\/section>\n<section id=\"section-117-123\" class=\" ct-section oxy-margin-bottom-last\">\n<div class=\"ct-section-inner-wrap\"><\/div>\n<\/section>\n<\/div>\n<\/div>\n<\/section>\n<section id=\"section-117-115\" class=\" ct-section oxy-margin-bottom-last\">\n<div class=\"ct-section-inner-wrap\"><\/div>\n<\/section>\n<\/div>\n<\/div>\n<\/section>\n<\/div>\n<\/div>\n<div class=\"ct-section-inner-wrap\">\n<div id=\"text_block-140-69\" class=\"ct-text-block\">\n<section id=\"section-71-71\" class=\" ct-section oxy-margin-bottom\">\n<div class=\"ct-section-inner-wrap\">\n<div id=\"text_block-73-71\" class=\"ct-text-block\">\n<section id=\"section-605-65\" class=\" ct-section oxy-margin-bottom-last\">\n<div class=\"ct-section-inner-wrap\"><\/div>\n<\/section>\n<\/div>\n<\/div>\n<\/section>\n<section id=\"section-113-71\" class=\" ct-section oxy-margin-bottom-last\">\n<div class=\"ct-section-inner-wrap\"><\/div>\n<\/section>\n<\/div>\n<\/div>\n<\/section>\n<\/div>\n<\/div>\n<\/div>\n<\/div>\n<\/div>\n<\/section>\n<section id=\"section-120-79\" class=\" ct-section oxy-margin-bottom\">\n<div class=\"ct-section-inner-wrap\"><\/div>\n<\/section>\n<\/div>\n<\/div>\n<\/div>\n<\/div>\n<\/div>\n<\/section>\n<section id=\"section-71-77\" class=\" ct-section oxy-margin-bottom\">\n<div class=\"ct-section-inner-wrap\"><\/div>\n<\/section>\n<section id=\"section-352-87\" class=\" ct-section oxy-margin-bottom\">\n<div class=\"ct-section-inner-wrap\"><\/div>\n<\/section>\n<\/div>\n<\/section>\n<\/div>\n<\/div>\n","protected":false},"excerpt":{"rendered":"<p>bi root Ograniczanie wyst\u0119powania szkodnik\u00f3w Bakteryjny preparat bi root to doglebowy \u015brodek bazuj\u0105cy na wyselekcjonowanych mikroorganizmach naturalnie bytuj\u0105cych w glebie. Bi root wspomaga ochron\u0119 przed szkodnikami i zwi\u0119ksza zdrowotno\u015b\u0107 ro\u015blin. Ten wysoce skuteczny produkt z bakteriami z rodzaju\u00a0Bacillus\u00a0u\u0142atwia biologiczne zwalczanie szkodnik\u00f3w w r\u00f3\u017cnych typach upraw, ogranicza uszkodzenia ro\u015blin powsta\u0142e w wyniku ataku szkodnik\u00f3w i wspomaga &#8230; <a title=\"bi root -5 kg (Preparaty bakteryjne)\" class=\"read-more\" href=\"https:\/\/agro-expert.eu\/?product=bi-root-5-kg-preparaty-bakteryjne\" aria-label=\"Read more about bi root -5 kg (Preparaty bakteryjne)\">Dowiedz si\u0119 wi\u0119cej<\/a><\/p>\n","protected":false},"featured_media":1096,"comment_status":"open","ping_status":"closed","template":"","meta":{"om_disable_all_campaigns":false,"_monsterinsights_skip_tracking":false,"_monsterinsights_sitenote_active":false,"_monsterinsights_sitenote_note":"","_monsterinsights_sitenote_category":0,"_uf_show_specific_survey":0,"_uf_disable_surveys":false},"product_brand":[44],"product_cat":[45,47],"product_tag":[],"class_list":{"0":"post-1095","1":"product","2":"type-product","3":"status-publish","4":"has-post-thumbnail","6":"product_brand-agrarius","7":"product_cat-agrarius","8":"product_cat-preparaty-bakteryjne-agrarius","10":"first","11":"instock","12":"taxable","13":"shipping-taxable","14":"purchasable","15":"product-type-simple"},"aioseo_notices":[],"jetpack_sharing_enabled":true,"_links":{"self":[{"href":"https:\/\/agro-expert.eu\/index.php?rest_route=\/wp\/v2\/product\/1095","targetHints":{"allow":["GET"]}}],"collection":[{"href":"https:\/\/agro-expert.eu\/index.php?rest_route=\/wp\/v2\/product"}],"about":[{"href":"https:\/\/agro-expert.eu\/index.php?rest_route=\/wp\/v2\/types\/product"}],"replies":[{"embeddable":true,"href":"https:\/\/agro-expert.eu\/index.php?rest_route=%2Fwp%2Fv2%2Fcomments&post=1095"}],"wp:featuredmedia":[{"embeddable":true,"href":"https:\/\/agro-expert.eu\/index.php?rest_route=\/wp\/v2\/media\/1096"}],"wp:attachment":[{"href":"https:\/\/agro-expert.eu\/index.php?rest_route=%2Fwp%2Fv2%2Fmedia&parent=1095"}],"wp:term":[{"taxonomy":"product_brand","embeddable":true,"href":"https:\/\/agro-expert.eu\/index.php?rest_route=%2Fwp%2Fv2%2Fproduct_brand&post=1095"},{"taxonomy":"product_cat","embeddable":true,"href":"https:\/\/agro-expert.eu\/index.php?rest_route=%2Fwp%2Fv2%2Fproduct_cat&post=1095"},{"taxonomy":"product_tag","embeddable":true,"href":"https:\/\/agro-expert.eu\/index.php?rest_route=%2Fwp%2Fv2%2Fproduct_tag&post=1095"}],"curies":[{"name":"wp","href":"https:\/\/api.w.org\/{rel}","templated":true}]}}