{"id":1109,"date":"2025-10-20T09:37:39","date_gmt":"2025-10-20T07:37:39","guid":{"rendered":"https:\/\/agro-expert.eu\/?post_type=product&#038;p=1109"},"modified":"2026-01-30T17:59:49","modified_gmt":"2026-01-30T16:59:49","slug":"kukurydza-farmquick","status":"publish","type":"product","link":"https:\/\/agro-expert.eu\/?product=kukurydza-farmquick","title":{"rendered":"Kukurydza FARMQUICK"},"content":{"rendered":"<p><strong>FARMQUICK K170 \/ Z170<\/strong> to ultra-wczesna odmiana kukurydzy kiszonkowej, kt\u00f3ra sprawdzi si\u0119 r\u00f3wnie\u017c w uprawie na ziarno lub CCM. Idealna do uprawy w ch\u0142odniejszych regionach p\u00f3\u0142nocnych lub na terenach podg\u00f3rskich. Kr\u00f3tkie FAO umo\u017cliwia upraw\u0119 w plonie g\u0142\u00f3wnym lub jako ro\u015blin\u0119 nast\u0119pcz\u0105.<\/p>\n<p><img fetchpriority=\"high\" decoding=\"async\" class=\"aligncenter wp-image-1110 size-full\" src=\"https:\/\/agro-expert.eu\/wp-content\/uploads\/2025\/10\/Zrzut-ekranu-2025-10-20-o-09.35.51.png\" alt=\"\" width=\"688\" height=\"530\" srcset=\"https:\/\/agro-expert.eu\/wp-content\/uploads\/2025\/10\/Zrzut-ekranu-2025-10-20-o-09.35.51.png 688w, https:\/\/agro-expert.eu\/wp-content\/uploads\/2025\/10\/Zrzut-ekranu-2025-10-20-o-09.35.51-300x231.png 300w, https:\/\/agro-expert.eu\/wp-content\/uploads\/2025\/10\/Zrzut-ekranu-2025-10-20-o-09.35.51-600x462.png 600w\" sizes=\"(max-width: 688px) 100vw, 688px\" \/><\/p>\n<h4><strong>Kluczowe cechy:<\/strong><\/h4>\n<ul>\n<li>ultra-kr\u00f3tkie FAO<\/li>\n<li>wysokie plony w po\u0142\u0105czeniu z wczesnym dojrzewaniem<\/li>\n<li>wczesne \u017ar\u00f3d\u0142o paszy<\/li>\n<li>na trudne stanowiska<br \/>\n<img decoding=\"async\" class=\"aligncenter wp-image-1111\" src=\"https:\/\/agro-expert.eu\/wp-content\/uploads\/2025\/10\/Zrzut-ekranu-2025-10-20-o-09.35.58.png\" alt=\"\" width=\"875\" height=\"646\" srcset=\"https:\/\/agro-expert.eu\/wp-content\/uploads\/2025\/10\/Zrzut-ekranu-2025-10-20-o-09.35.58.png 668w, https:\/\/agro-expert.eu\/wp-content\/uploads\/2025\/10\/Zrzut-ekranu-2025-10-20-o-09.35.58-300x221.png 300w, https:\/\/agro-expert.eu\/wp-content\/uploads\/2025\/10\/Zrzut-ekranu-2025-10-20-o-09.35.58-600x443.png 600w\" sizes=\"(max-width: 875px) 100vw, 875px\" \/><\/li>\n<\/ul>\n<h4><strong>Dost\u0119pno\u015b\u0107 poszczeg\u00f3lnych wariant\u00f3w zapraw:<\/strong><\/h4>\n<ul>\n<li>Cornguard Classic<\/li>\n<\/ul>\n<p>&nbsp;<\/p>\n<p>&nbsp;<\/p>\n","protected":false},"excerpt":{"rendered":"<p>FARMQUICK K170 \/ Z170 to ultra-wczesna odmiana kukurydzy kiszonkowej, kt\u00f3ra sprawdzi si\u0119 r\u00f3wnie\u017c w uprawie na ziarno lub CCM. Idealna do uprawy w ch\u0142odniejszych regionach p\u00f3\u0142nocnych lub na terenach podg\u00f3rskich. Kr\u00f3tkie FAO umo\u017cliwia upraw\u0119 w plonie g\u0142\u00f3wnym lub jako ro\u015blin\u0119 nast\u0119pcz\u0105. Kluczowe cechy: ultra-kr\u00f3tkie FAO wysokie plony w po\u0142\u0105czeniu z wczesnym dojrzewaniem wczesne \u017ar\u00f3d\u0142o paszy &#8230; <a title=\"Kukurydza FARMQUICK\" class=\"read-more\" href=\"https:\/\/agro-expert.eu\/?product=kukurydza-farmquick\" aria-label=\"Read more about Kukurydza FARMQUICK\">Dowiedz si\u0119 wi\u0119cej<\/a><\/p>\n","protected":false},"featured_media":1110,"comment_status":"open","ping_status":"closed","template":"","meta":{"om_disable_all_campaigns":false,"_monsterinsights_skip_tracking":false,"_monsterinsights_sitenote_active":false,"_monsterinsights_sitenote_note":"","_monsterinsights_sitenote_category":0,"_uf_show_specific_survey":0,"_uf_disable_surveys":false},"product_brand":[],"product_cat":[23],"product_tag":[],"class_list":{"0":"post-1109","1":"product","2":"type-product","3":"status-publish","4":"has-post-thumbnail","6":"product_cat-kukurydza","8":"first","9":"instock","10":"taxable","11":"shipping-taxable","12":"purchasable","13":"product-type-simple"},"aioseo_notices":[],"jetpack_sharing_enabled":true,"_links":{"self":[{"href":"https:\/\/agro-expert.eu\/index.php?rest_route=\/wp\/v2\/product\/1109","targetHints":{"allow":["GET"]}}],"collection":[{"href":"https:\/\/agro-expert.eu\/index.php?rest_route=\/wp\/v2\/product"}],"about":[{"href":"https:\/\/agro-expert.eu\/index.php?rest_route=\/wp\/v2\/types\/product"}],"replies":[{"embeddable":true,"href":"https:\/\/agro-expert.eu\/index.php?rest_route=%2Fwp%2Fv2%2Fcomments&post=1109"}],"wp:featuredmedia":[{"embeddable":true,"href":"https:\/\/agro-expert.eu\/index.php?rest_route=\/wp\/v2\/media\/1110"}],"wp:attachment":[{"href":"https:\/\/agro-expert.eu\/index.php?rest_route=%2Fwp%2Fv2%2Fmedia&parent=1109"}],"wp:term":[{"taxonomy":"product_brand","embeddable":true,"href":"https:\/\/agro-expert.eu\/index.php?rest_route=%2Fwp%2Fv2%2Fproduct_brand&post=1109"},{"taxonomy":"product_cat","embeddable":true,"href":"https:\/\/agro-expert.eu\/index.php?rest_route=%2Fwp%2Fv2%2Fproduct_cat&post=1109"},{"taxonomy":"product_tag","embeddable":true,"href":"https:\/\/agro-expert.eu\/index.php?rest_route=%2Fwp%2Fv2%2Fproduct_tag&post=1109"}],"curies":[{"name":"wp","href":"https:\/\/api.w.org\/{rel}","templated":true}]}}