{"id":1112,"date":"2025-10-20T09:43:26","date_gmt":"2025-10-20T07:43:26","guid":{"rendered":"https:\/\/agro-expert.eu\/?post_type=product&#038;p=1112"},"modified":"2026-01-30T18:01:52","modified_gmt":"2026-01-30T17:01:52","slug":"kukurydza-farmistik","status":"publish","type":"product","link":"https:\/\/agro-expert.eu\/?product=kukurydza-farmistik","title":{"rendered":"Kukurydza FARMISTIK"},"content":{"rendered":"<p><strong>FARMISTIK (K220 \/ Z220)<\/strong>\u00a0to nowy mieszaniec w segmencie wczesnym o wysokim potencjale plonowania przy wszystkich kierunkach u\u017cytkowania. Niskie osadzenie kolb ogranicza straty przy zbiorze. Idealna na wysokoskrobiow\u0105 kiszonk\u0119 lub na ziarno z uwagi na szybkie dosychanie i \u0142atwo\u015b\u0107 om\u0142otu<\/p>\n<p><img fetchpriority=\"high\" decoding=\"async\" class=\"aligncenter wp-image-1113 size-full\" src=\"https:\/\/agro-expert.eu\/wp-content\/uploads\/2025\/10\/Zrzut-ekranu-2025-10-20-o-09.43.45.png\" alt=\"\" width=\"716\" height=\"514\" srcset=\"https:\/\/agro-expert.eu\/wp-content\/uploads\/2025\/10\/Zrzut-ekranu-2025-10-20-o-09.43.45.png 716w, https:\/\/agro-expert.eu\/wp-content\/uploads\/2025\/10\/Zrzut-ekranu-2025-10-20-o-09.43.45-300x215.png 300w, https:\/\/agro-expert.eu\/wp-content\/uploads\/2025\/10\/Zrzut-ekranu-2025-10-20-o-09.43.45-600x431.png 600w\" sizes=\"(max-width: 716px) 100vw, 716px\" \/><\/p>\n<h4><strong>Kluczowe cechy:<\/strong><\/h4>\n<ul>\n<li>wysokie plonowania<\/li>\n<li>bardzo wysoka zawarto\u015b\u0107 skrobi<\/li>\n<li>doskona\u0142a strawno\u015b\u0107<\/li>\n<li>dobry stay-green<br \/>\n<img decoding=\"async\" class=\"aligncenter wp-image-1114 \" src=\"https:\/\/agro-expert.eu\/wp-content\/uploads\/2025\/10\/Zrzut-ekranu-2025-10-20-o-09.43.51.png\" alt=\"\" width=\"776\" height=\"603\" srcset=\"https:\/\/agro-expert.eu\/wp-content\/uploads\/2025\/10\/Zrzut-ekranu-2025-10-20-o-09.43.51.png 645w, https:\/\/agro-expert.eu\/wp-content\/uploads\/2025\/10\/Zrzut-ekranu-2025-10-20-o-09.43.51-300x233.png 300w, https:\/\/agro-expert.eu\/wp-content\/uploads\/2025\/10\/Zrzut-ekranu-2025-10-20-o-09.43.51-600x466.png 600w\" sizes=\"(max-width: 776px) 100vw, 776px\" \/><\/li>\n<\/ul>\n<h4><strong>Dost\u0119pno\u015b\u0107 poszczeg\u00f3lnych wariant\u00f3w zapraw:<\/strong><\/h4>\n<ul>\n<li>Cornguard Classic<\/li>\n<li>Cornguard + Korit<\/li>\n<\/ul>\n<p>&nbsp;<\/p>\n<p>&nbsp;<\/p>\n","protected":false},"excerpt":{"rendered":"<p>FARMISTIK (K220 \/ Z220)\u00a0to nowy mieszaniec w segmencie wczesnym o wysokim potencjale plonowania przy wszystkich kierunkach u\u017cytkowania. Niskie osadzenie kolb ogranicza straty przy zbiorze. Idealna na wysokoskrobiow\u0105 kiszonk\u0119 lub na ziarno z uwagi na szybkie dosychanie i \u0142atwo\u015b\u0107 om\u0142otu Kluczowe cechy: wysokie plonowania bardzo wysoka zawarto\u015b\u0107 skrobi doskona\u0142a strawno\u015b\u0107 dobry stay-green Dost\u0119pno\u015b\u0107 poszczeg\u00f3lnych wariant\u00f3w zapraw: &#8230; <a title=\"Kukurydza FARMISTIK\" class=\"read-more\" href=\"https:\/\/agro-expert.eu\/?product=kukurydza-farmistik\" aria-label=\"Read more about Kukurydza FARMISTIK\">Dowiedz si\u0119 wi\u0119cej<\/a><\/p>\n","protected":false},"featured_media":1113,"comment_status":"open","ping_status":"closed","template":"","meta":{"om_disable_all_campaigns":false,"_monsterinsights_skip_tracking":false,"_monsterinsights_sitenote_active":false,"_monsterinsights_sitenote_note":"","_monsterinsights_sitenote_category":0,"_uf_show_specific_survey":0,"_uf_disable_surveys":false},"product_brand":[],"product_cat":[23],"product_tag":[],"class_list":{"0":"post-1112","1":"product","2":"type-product","3":"status-publish","4":"has-post-thumbnail","6":"product_cat-kukurydza","8":"first","9":"instock","10":"taxable","11":"shipping-taxable","12":"purchasable","13":"product-type-simple"},"aioseo_notices":[],"jetpack_sharing_enabled":true,"_links":{"self":[{"href":"https:\/\/agro-expert.eu\/index.php?rest_route=\/wp\/v2\/product\/1112","targetHints":{"allow":["GET"]}}],"collection":[{"href":"https:\/\/agro-expert.eu\/index.php?rest_route=\/wp\/v2\/product"}],"about":[{"href":"https:\/\/agro-expert.eu\/index.php?rest_route=\/wp\/v2\/types\/product"}],"replies":[{"embeddable":true,"href":"https:\/\/agro-expert.eu\/index.php?rest_route=%2Fwp%2Fv2%2Fcomments&post=1112"}],"wp:featuredmedia":[{"embeddable":true,"href":"https:\/\/agro-expert.eu\/index.php?rest_route=\/wp\/v2\/media\/1113"}],"wp:attachment":[{"href":"https:\/\/agro-expert.eu\/index.php?rest_route=%2Fwp%2Fv2%2Fmedia&parent=1112"}],"wp:term":[{"taxonomy":"product_brand","embeddable":true,"href":"https:\/\/agro-expert.eu\/index.php?rest_route=%2Fwp%2Fv2%2Fproduct_brand&post=1112"},{"taxonomy":"product_cat","embeddable":true,"href":"https:\/\/agro-expert.eu\/index.php?rest_route=%2Fwp%2Fv2%2Fproduct_cat&post=1112"},{"taxonomy":"product_tag","embeddable":true,"href":"https:\/\/agro-expert.eu\/index.php?rest_route=%2Fwp%2Fv2%2Fproduct_tag&post=1112"}],"curies":[{"name":"wp","href":"https:\/\/api.w.org\/{rel}","templated":true}]}}