{"id":1115,"date":"2025-10-20T09:47:36","date_gmt":"2025-10-20T07:47:36","guid":{"rendered":"https:\/\/agro-expert.eu\/?post_type=product&#038;p=1115"},"modified":"2026-01-30T18:04:09","modified_gmt":"2026-01-30T17:04:09","slug":"kukurydza-farmilk","status":"publish","type":"product","link":"https:\/\/agro-expert.eu\/?product=kukurydza-farmilk","title":{"rendered":"Kukurydza FARMILK"},"content":{"rendered":"<p><strong>FARMILK (K230 \/ Z230)<\/strong> to droga do mlecznej wydajno\u015bci. \u015awietny surowiec na kiszonk\u0119 o wysokiej energii dzi\u0119ki niskiej zawarto\u015bci ligniny i du\u017cej ilo\u015bci skrobi szklistej, poprawiaj\u0105c\u0105 zdrowie kr\u00f3w i ograniczaj\u0105c\u0105 kwasic\u0119 i ketoz\u0119. Sprawdzona w Polsce i Europie, tak\u017ce na s\u0142abszych glebach.<\/p>\n<p><img fetchpriority=\"high\" decoding=\"async\" class=\"aligncenter wp-image-1116 size-full\" src=\"https:\/\/agro-expert.eu\/wp-content\/uploads\/2025\/10\/Zrzut-ekranu-2025-10-20-o-09.47.22.png\" alt=\"\" width=\"701\" height=\"514\" srcset=\"https:\/\/agro-expert.eu\/wp-content\/uploads\/2025\/10\/Zrzut-ekranu-2025-10-20-o-09.47.22.png 701w, https:\/\/agro-expert.eu\/wp-content\/uploads\/2025\/10\/Zrzut-ekranu-2025-10-20-o-09.47.22-300x220.png 300w, https:\/\/agro-expert.eu\/wp-content\/uploads\/2025\/10\/Zrzut-ekranu-2025-10-20-o-09.47.22-600x440.png 600w\" sizes=\"(max-width: 701px) 100vw, 701px\" \/><\/p>\n<h4><strong>Kluczowe cechy:<\/strong><\/h4>\n<ul>\n<li>doskona\u0142a jako\u015b\u0107 kiszonki<\/li>\n<li>znakomita wydajno\u015b\u0107 mleka<\/li>\n<li>wysoka odporno\u015b\u0107 na warunki stresowe<\/li>\n<li>dobra tolerancja s\u0142abszych stanowisk<br \/>\n<img decoding=\"async\" class=\"aligncenter wp-image-1117 size-full\" src=\"https:\/\/agro-expert.eu\/wp-content\/uploads\/2025\/10\/Zrzut-ekranu-2025-10-20-o-09.47.28.png\" alt=\"\" width=\"633\" height=\"508\" srcset=\"https:\/\/agro-expert.eu\/wp-content\/uploads\/2025\/10\/Zrzut-ekranu-2025-10-20-o-09.47.28.png 633w, https:\/\/agro-expert.eu\/wp-content\/uploads\/2025\/10\/Zrzut-ekranu-2025-10-20-o-09.47.28-300x241.png 300w, https:\/\/agro-expert.eu\/wp-content\/uploads\/2025\/10\/Zrzut-ekranu-2025-10-20-o-09.47.28-600x482.png 600w\" sizes=\"(max-width: 633px) 100vw, 633px\" \/><\/li>\n<\/ul>\n<h4><strong>Dost\u0119pno\u015b\u0107 poszczeg\u00f3lnych wariant\u00f3w zapraw:<\/strong><\/h4>\n<ul>\n<li>Cornguard Classic<\/li>\n<\/ul>\n<p>&nbsp;<\/p>\n<p>&nbsp;<\/p>\n","protected":false},"excerpt":{"rendered":"<p>FARMILK (K230 \/ Z230) to droga do mlecznej wydajno\u015bci. \u015awietny surowiec na kiszonk\u0119 o wysokiej energii dzi\u0119ki niskiej zawarto\u015bci ligniny i du\u017cej ilo\u015bci skrobi szklistej, poprawiaj\u0105c\u0105 zdrowie kr\u00f3w i ograniczaj\u0105c\u0105 kwasic\u0119 i ketoz\u0119. Sprawdzona w Polsce i Europie, tak\u017ce na s\u0142abszych glebach. Kluczowe cechy: doskona\u0142a jako\u015b\u0107 kiszonki znakomita wydajno\u015b\u0107 mleka wysoka odporno\u015b\u0107 na warunki stresowe &#8230; <a title=\"Kukurydza FARMILK\" class=\"read-more\" href=\"https:\/\/agro-expert.eu\/?product=kukurydza-farmilk\" aria-label=\"Read more about Kukurydza FARMILK\">Dowiedz si\u0119 wi\u0119cej<\/a><\/p>\n","protected":false},"featured_media":1116,"comment_status":"open","ping_status":"closed","template":"","meta":{"om_disable_all_campaigns":false,"_monsterinsights_skip_tracking":false,"_monsterinsights_sitenote_active":false,"_monsterinsights_sitenote_note":"","_monsterinsights_sitenote_category":0,"_uf_show_specific_survey":0,"_uf_disable_surveys":false},"product_brand":[],"product_cat":[23],"product_tag":[],"class_list":{"0":"post-1115","1":"product","2":"type-product","3":"status-publish","4":"has-post-thumbnail","6":"product_cat-kukurydza","8":"first","9":"instock","10":"taxable","11":"shipping-taxable","12":"purchasable","13":"product-type-simple"},"aioseo_notices":[],"jetpack_sharing_enabled":true,"_links":{"self":[{"href":"https:\/\/agro-expert.eu\/index.php?rest_route=\/wp\/v2\/product\/1115","targetHints":{"allow":["GET"]}}],"collection":[{"href":"https:\/\/agro-expert.eu\/index.php?rest_route=\/wp\/v2\/product"}],"about":[{"href":"https:\/\/agro-expert.eu\/index.php?rest_route=\/wp\/v2\/types\/product"}],"replies":[{"embeddable":true,"href":"https:\/\/agro-expert.eu\/index.php?rest_route=%2Fwp%2Fv2%2Fcomments&post=1115"}],"wp:featuredmedia":[{"embeddable":true,"href":"https:\/\/agro-expert.eu\/index.php?rest_route=\/wp\/v2\/media\/1116"}],"wp:attachment":[{"href":"https:\/\/agro-expert.eu\/index.php?rest_route=%2Fwp%2Fv2%2Fmedia&parent=1115"}],"wp:term":[{"taxonomy":"product_brand","embeddable":true,"href":"https:\/\/agro-expert.eu\/index.php?rest_route=%2Fwp%2Fv2%2Fproduct_brand&post=1115"},{"taxonomy":"product_cat","embeddable":true,"href":"https:\/\/agro-expert.eu\/index.php?rest_route=%2Fwp%2Fv2%2Fproduct_cat&post=1115"},{"taxonomy":"product_tag","embeddable":true,"href":"https:\/\/agro-expert.eu\/index.php?rest_route=%2Fwp%2Fv2%2Fproduct_tag&post=1115"}],"curies":[{"name":"wp","href":"https:\/\/api.w.org\/{rel}","templated":true}]}}