{"id":1121,"date":"2025-10-20T09:56:11","date_gmt":"2025-10-20T07:56:11","guid":{"rendered":"https:\/\/agro-expert.eu\/?post_type=product&#038;p=1121"},"modified":"2026-01-30T18:05:09","modified_gmt":"2026-01-30T17:05:09","slug":"kukurydza-farmyoda","status":"publish","type":"product","link":"https:\/\/agro-expert.eu\/?product=kukurydza-farmyoda","title":{"rendered":"Kukurydza FARMYODA"},"content":{"rendered":"<p><strong>FARMYODA<\/strong>\u00a0 (K230\/ Z230) to uniwersalna kukurydza na kiszonk\u0119 i ziarno! Sprawdzi si\u0119 \u015bwietnie na ka\u017cdym stanowisku. Teraz mo\u017cna j\u0105 kupi\u0107 w specjalnej cenie<\/p>\n<p><img fetchpriority=\"high\" decoding=\"async\" class=\"aligncenter wp-image-1122 size-full\" src=\"https:\/\/agro-expert.eu\/wp-content\/uploads\/2025\/10\/Zrzut-ekranu-2025-10-20-o-09.59.11.png\" alt=\"\" width=\"251\" height=\"324\" srcset=\"https:\/\/agro-expert.eu\/wp-content\/uploads\/2025\/10\/Zrzut-ekranu-2025-10-20-o-09.59.11.png 251w, https:\/\/agro-expert.eu\/wp-content\/uploads\/2025\/10\/Zrzut-ekranu-2025-10-20-o-09.59.11-232x300.png 232w\" sizes=\"(max-width: 251px) 100vw, 251px\" \/><\/p>\n<p>&nbsp;<\/p>\n<h4><strong>Dost\u0119pno\u015b\u0107 poszczeg\u00f3lnych wariant\u00f3w zapraw:<\/strong><\/h4>\n<ul>\n<li>Cornguard + Korit<\/li>\n<\/ul>\n<p>&nbsp;<\/p>\n<p>&nbsp;<\/p>\n","protected":false},"excerpt":{"rendered":"<p>FARMYODA\u00a0 (K230\/ Z230) to uniwersalna kukurydza na kiszonk\u0119 i ziarno! Sprawdzi si\u0119 \u015bwietnie na ka\u017cdym stanowisku. Teraz mo\u017cna j\u0105 kupi\u0107 w specjalnej cenie &nbsp; Dost\u0119pno\u015b\u0107 poszczeg\u00f3lnych wariant\u00f3w zapraw: Cornguard + Korit &nbsp; &nbsp;<\/p>\n","protected":false},"featured_media":1122,"comment_status":"open","ping_status":"closed","template":"","meta":{"om_disable_all_campaigns":false,"_monsterinsights_skip_tracking":false,"_monsterinsights_sitenote_active":false,"_monsterinsights_sitenote_note":"","_monsterinsights_sitenote_category":0,"_uf_show_specific_survey":0,"_uf_disable_surveys":false},"product_brand":[],"product_cat":[23],"product_tag":[],"class_list":{"0":"post-1121","1":"product","2":"type-product","3":"status-publish","4":"has-post-thumbnail","6":"product_cat-kukurydza","8":"first","9":"instock","10":"taxable","11":"shipping-taxable","12":"purchasable","13":"product-type-simple"},"aioseo_notices":[],"jetpack_sharing_enabled":true,"_links":{"self":[{"href":"https:\/\/agro-expert.eu\/index.php?rest_route=\/wp\/v2\/product\/1121","targetHints":{"allow":["GET"]}}],"collection":[{"href":"https:\/\/agro-expert.eu\/index.php?rest_route=\/wp\/v2\/product"}],"about":[{"href":"https:\/\/agro-expert.eu\/index.php?rest_route=\/wp\/v2\/types\/product"}],"replies":[{"embeddable":true,"href":"https:\/\/agro-expert.eu\/index.php?rest_route=%2Fwp%2Fv2%2Fcomments&post=1121"}],"wp:featuredmedia":[{"embeddable":true,"href":"https:\/\/agro-expert.eu\/index.php?rest_route=\/wp\/v2\/media\/1122"}],"wp:attachment":[{"href":"https:\/\/agro-expert.eu\/index.php?rest_route=%2Fwp%2Fv2%2Fmedia&parent=1121"}],"wp:term":[{"taxonomy":"product_brand","embeddable":true,"href":"https:\/\/agro-expert.eu\/index.php?rest_route=%2Fwp%2Fv2%2Fproduct_brand&post=1121"},{"taxonomy":"product_cat","embeddable":true,"href":"https:\/\/agro-expert.eu\/index.php?rest_route=%2Fwp%2Fv2%2Fproduct_cat&post=1121"},{"taxonomy":"product_tag","embeddable":true,"href":"https:\/\/agro-expert.eu\/index.php?rest_route=%2Fwp%2Fv2%2Fproduct_tag&post=1121"}],"curies":[{"name":"wp","href":"https:\/\/api.w.org\/{rel}","templated":true}]}}