{"id":1123,"date":"2025-10-20T10:02:24","date_gmt":"2025-10-20T08:02:24","guid":{"rendered":"https:\/\/agro-expert.eu\/?post_type=product&#038;p=1123"},"modified":"2026-01-30T18:06:38","modified_gmt":"2026-01-30T17:06:38","slug":"kukurydza-farmoctan","status":"publish","type":"product","link":"https:\/\/agro-expert.eu\/?product=kukurydza-farmoctan","title":{"rendered":"Kukurydza FARMOCTAN"},"content":{"rendered":"<p>&nbsp;<\/p>\n<p><img fetchpriority=\"high\" decoding=\"async\" class=\"aligncenter wp-image-1124 size-full\" src=\"https:\/\/agro-expert.eu\/wp-content\/uploads\/2025\/10\/Zrzut-ekranu-2025-10-20-o-10.03.29.png\" alt=\"\" width=\"365\" height=\"206\" srcset=\"https:\/\/agro-expert.eu\/wp-content\/uploads\/2025\/10\/Zrzut-ekranu-2025-10-20-o-10.03.29.png 365w, https:\/\/agro-expert.eu\/wp-content\/uploads\/2025\/10\/Zrzut-ekranu-2025-10-20-o-10.03.29-300x169.png 300w\" sizes=\"(max-width: 365px) 100vw, 365px\" \/><\/p>\n<p>&nbsp;<\/p>\n<h4><strong>Dost\u0119pno\u015b\u0107 poszczeg\u00f3lnych wariant\u00f3w zapraw:<\/strong><\/h4>\n<ul>\n<li>Cornguard + Korit<\/li>\n<\/ul>\n<p>&nbsp;<\/p>\n<p>&nbsp;<\/p>\n","protected":false},"excerpt":{"rendered":"<p>&nbsp; &nbsp; Dost\u0119pno\u015b\u0107 poszczeg\u00f3lnych wariant\u00f3w zapraw: Cornguard + Korit &nbsp; &nbsp;<\/p>\n","protected":false},"featured_media":1124,"comment_status":"open","ping_status":"closed","template":"","meta":{"om_disable_all_campaigns":false,"_monsterinsights_skip_tracking":false,"_monsterinsights_sitenote_active":false,"_monsterinsights_sitenote_note":"","_monsterinsights_sitenote_category":0,"_uf_show_specific_survey":0,"_uf_disable_surveys":false},"product_brand":[],"product_cat":[23],"product_tag":[],"class_list":{"0":"post-1123","1":"product","2":"type-product","3":"status-publish","4":"has-post-thumbnail","6":"product_cat-kukurydza","8":"first","9":"instock","10":"taxable","11":"shipping-taxable","12":"purchasable","13":"product-type-simple"},"aioseo_notices":[],"jetpack_sharing_enabled":true,"_links":{"self":[{"href":"https:\/\/agro-expert.eu\/index.php?rest_route=\/wp\/v2\/product\/1123","targetHints":{"allow":["GET"]}}],"collection":[{"href":"https:\/\/agro-expert.eu\/index.php?rest_route=\/wp\/v2\/product"}],"about":[{"href":"https:\/\/agro-expert.eu\/index.php?rest_route=\/wp\/v2\/types\/product"}],"replies":[{"embeddable":true,"href":"https:\/\/agro-expert.eu\/index.php?rest_route=%2Fwp%2Fv2%2Fcomments&post=1123"}],"wp:featuredmedia":[{"embeddable":true,"href":"https:\/\/agro-expert.eu\/index.php?rest_route=\/wp\/v2\/media\/1124"}],"wp:attachment":[{"href":"https:\/\/agro-expert.eu\/index.php?rest_route=%2Fwp%2Fv2%2Fmedia&parent=1123"}],"wp:term":[{"taxonomy":"product_brand","embeddable":true,"href":"https:\/\/agro-expert.eu\/index.php?rest_route=%2Fwp%2Fv2%2Fproduct_brand&post=1123"},{"taxonomy":"product_cat","embeddable":true,"href":"https:\/\/agro-expert.eu\/index.php?rest_route=%2Fwp%2Fv2%2Fproduct_cat&post=1123"},{"taxonomy":"product_tag","embeddable":true,"href":"https:\/\/agro-expert.eu\/index.php?rest_route=%2Fwp%2Fv2%2Fproduct_tag&post=1123"}],"curies":[{"name":"wp","href":"https:\/\/api.w.org\/{rel}","templated":true}]}}