{"id":1125,"date":"2025-10-20T10:05:47","date_gmt":"2025-10-20T08:05:47","guid":{"rendered":"https:\/\/agro-expert.eu\/?post_type=product&#038;p=1125"},"modified":"2026-01-30T18:12:53","modified_gmt":"2026-01-30T17:12:53","slug":"kukurydza-farmalba","status":"publish","type":"product","link":"https:\/\/agro-expert.eu\/?product=kukurydza-farmalba","title":{"rendered":"Kukurydza FARMALBA"},"content":{"rendered":"<p><strong>FARMALBA(K260\/Z240)<\/strong>\u00a0to odmiana odpowiednia na wszystkie stanowiska, o bardzo wysokim plonowaniu w kierunku ziarnowym i kiszonkowym. Cechuje si\u0119 wysokim efektem stay green, dobr\u0105 zdrowotno\u015bci\u0105 ca\u0142ych ro\u015blin i ziarna.<\/p>\n<p><img fetchpriority=\"high\" decoding=\"async\" class=\"aligncenter wp-image-1126 size-full\" src=\"https:\/\/agro-expert.eu\/wp-content\/uploads\/2025\/10\/Zrzut-ekranu-2025-10-20-o-10.05.30.png\" alt=\"\" width=\"664\" height=\"560\" srcset=\"https:\/\/agro-expert.eu\/wp-content\/uploads\/2025\/10\/Zrzut-ekranu-2025-10-20-o-10.05.30.png 664w, https:\/\/agro-expert.eu\/wp-content\/uploads\/2025\/10\/Zrzut-ekranu-2025-10-20-o-10.05.30-300x253.png 300w, https:\/\/agro-expert.eu\/wp-content\/uploads\/2025\/10\/Zrzut-ekranu-2025-10-20-o-10.05.30-600x506.png 600w\" sizes=\"(max-width: 664px) 100vw, 664px\" \/><\/p>\n<h4><strong>Kluczowe cechy:<\/strong><\/h4>\n<ul>\n<li><span style=\"font-family: -apple-system, system-ui, BlinkMacSystemFont, 'Segoe UI', Helvetica, Arial, sans-serif, 'Apple Color Emoji', 'Segoe UI Emoji', 'Segoe UI Symbol';\">uniwersalna pod wzgl\u0119dem kierunku u\u017cytkowania<\/span><\/li>\n<li><span style=\"font-family: -apple-system, system-ui, BlinkMacSystemFont, 'Segoe UI', Helvetica, Arial, sans-serif, 'Apple Color Emoji', 'Segoe UI Emoji', 'Segoe UI Symbol';\">szerokie okno zbioru<\/span><\/li>\n<li>bujne ro\u015bliny o regularnym pokroju<\/li>\n<li>wysoka tolerancja doboru stanowiska<img decoding=\"async\" class=\"aligncenter wp-image-1127 size-full\" src=\"https:\/\/agro-expert.eu\/wp-content\/uploads\/2025\/10\/Zrzut-ekranu-2025-10-20-o-10.05.35.png\" alt=\"\" width=\"642\" height=\"506\" srcset=\"https:\/\/agro-expert.eu\/wp-content\/uploads\/2025\/10\/Zrzut-ekranu-2025-10-20-o-10.05.35.png 642w, https:\/\/agro-expert.eu\/wp-content\/uploads\/2025\/10\/Zrzut-ekranu-2025-10-20-o-10.05.35-300x236.png 300w, https:\/\/agro-expert.eu\/wp-content\/uploads\/2025\/10\/Zrzut-ekranu-2025-10-20-o-10.05.35-600x473.png 600w\" sizes=\"(max-width: 642px) 100vw, 642px\" \/><\/li>\n<\/ul>\n<h4><strong>Dost\u0119pno\u015b\u0107 poszczeg\u00f3lnych wariant\u00f3w zapraw:<\/strong><\/h4>\n<ul>\n<li>Cornguard Classic<\/li>\n<li>Cornguard + Korit<\/li>\n<\/ul>\n<p>&nbsp;<\/p>\n<p>&nbsp;<\/p>\n","protected":false},"excerpt":{"rendered":"<p>FARMALBA(K260\/Z240)\u00a0to odmiana odpowiednia na wszystkie stanowiska, o bardzo wysokim plonowaniu w kierunku ziarnowym i kiszonkowym. Cechuje si\u0119 wysokim efektem stay green, dobr\u0105 zdrowotno\u015bci\u0105 ca\u0142ych ro\u015blin i ziarna. Kluczowe cechy: uniwersalna pod wzgl\u0119dem kierunku u\u017cytkowania szerokie okno zbioru bujne ro\u015bliny o regularnym pokroju wysoka tolerancja doboru stanowiska Dost\u0119pno\u015b\u0107 poszczeg\u00f3lnych wariant\u00f3w zapraw: Cornguard Classic Cornguard + Korit &#8230; <a title=\"Kukurydza FARMALBA\" class=\"read-more\" href=\"https:\/\/agro-expert.eu\/?product=kukurydza-farmalba\" aria-label=\"Read more about Kukurydza FARMALBA\">Dowiedz si\u0119 wi\u0119cej<\/a><\/p>\n","protected":false},"featured_media":1126,"comment_status":"open","ping_status":"closed","template":"","meta":{"om_disable_all_campaigns":false,"_monsterinsights_skip_tracking":false,"_monsterinsights_sitenote_active":false,"_monsterinsights_sitenote_note":"","_monsterinsights_sitenote_category":0,"_uf_show_specific_survey":0,"_uf_disable_surveys":false},"product_brand":[],"product_cat":[23],"product_tag":[],"class_list":{"0":"post-1125","1":"product","2":"type-product","3":"status-publish","4":"has-post-thumbnail","6":"product_cat-kukurydza","8":"first","9":"instock","10":"taxable","11":"shipping-taxable","12":"purchasable","13":"product-type-simple"},"aioseo_notices":[],"jetpack_sharing_enabled":true,"_links":{"self":[{"href":"https:\/\/agro-expert.eu\/index.php?rest_route=\/wp\/v2\/product\/1125","targetHints":{"allow":["GET"]}}],"collection":[{"href":"https:\/\/agro-expert.eu\/index.php?rest_route=\/wp\/v2\/product"}],"about":[{"href":"https:\/\/agro-expert.eu\/index.php?rest_route=\/wp\/v2\/types\/product"}],"replies":[{"embeddable":true,"href":"https:\/\/agro-expert.eu\/index.php?rest_route=%2Fwp%2Fv2%2Fcomments&post=1125"}],"wp:featuredmedia":[{"embeddable":true,"href":"https:\/\/agro-expert.eu\/index.php?rest_route=\/wp\/v2\/media\/1126"}],"wp:attachment":[{"href":"https:\/\/agro-expert.eu\/index.php?rest_route=%2Fwp%2Fv2%2Fmedia&parent=1125"}],"wp:term":[{"taxonomy":"product_brand","embeddable":true,"href":"https:\/\/agro-expert.eu\/index.php?rest_route=%2Fwp%2Fv2%2Fproduct_brand&post=1125"},{"taxonomy":"product_cat","embeddable":true,"href":"https:\/\/agro-expert.eu\/index.php?rest_route=%2Fwp%2Fv2%2Fproduct_cat&post=1125"},{"taxonomy":"product_tag","embeddable":true,"href":"https:\/\/agro-expert.eu\/index.php?rest_route=%2Fwp%2Fv2%2Fproduct_tag&post=1125"}],"curies":[{"name":"wp","href":"https:\/\/api.w.org\/{rel}","templated":true}]}}