{"id":1128,"date":"2025-10-20T10:09:20","date_gmt":"2025-10-20T08:09:20","guid":{"rendered":"https:\/\/agro-expert.eu\/?post_type=product&#038;p=1128"},"modified":"2026-01-30T18:09:28","modified_gmt":"2026-01-30T17:09:28","slug":"kukurydza-farmazurla","status":"publish","type":"product","link":"https:\/\/agro-expert.eu\/?product=kukurydza-farmazurla","title":{"rendered":"Kukurydza FARMAZURLA"},"content":{"rendered":"<p><strong>FARMAZURLA (K270 \/ Z240<\/strong>) imponuje pewnym startem i wyj\u0105tkow\u0105 odporno\u015bci\u0105 na susz\u0119. Doskona\u0142a na kiszonk\u0119 i ziarno \u2013 \u0142\u0105czy wysoki plon biomasy z doskona\u0142ym efektem stay green i szybkim dosychaniem ziarna, gwarantuj\u0105c elastyczno\u015b\u0107 zbioru i \u015bwietn\u0105 jako\u015b\u0107 plonu.\u201c<\/p>\n<p><img fetchpriority=\"high\" decoding=\"async\" class=\"aligncenter wp-image-1129 size-full\" src=\"https:\/\/agro-expert.eu\/wp-content\/uploads\/2025\/10\/Zrzut-ekranu-2025-10-20-o-10.09.36.png\" alt=\"\" width=\"696\" height=\"522\" srcset=\"https:\/\/agro-expert.eu\/wp-content\/uploads\/2025\/10\/Zrzut-ekranu-2025-10-20-o-10.09.36.png 696w, https:\/\/agro-expert.eu\/wp-content\/uploads\/2025\/10\/Zrzut-ekranu-2025-10-20-o-10.09.36-300x225.png 300w, https:\/\/agro-expert.eu\/wp-content\/uploads\/2025\/10\/Zrzut-ekranu-2025-10-20-o-10.09.36-600x450.png 600w\" sizes=\"(max-width: 696px) 100vw, 696px\" \/><\/p>\n<h4><strong>Kluczowe cechy:<\/strong><\/h4>\n<ul>\n<li><span style=\"font-family: -apple-system, system-ui, BlinkMacSystemFont, 'Segoe UI', Helvetica, Arial, sans-serif, 'Apple Color Emoji', 'Segoe UI Emoji', 'Segoe UI Symbol';\">bardzo dobry wigor pocz\u0105tkowy<\/span><\/li>\n<li>wysoka tolerancja okresowych niedobor\u00f3w wody<\/li>\n<li>doskona\u0142y stay-green<\/li>\n<li>\u015bwietne dosychanie ziarna<br \/>\n<img decoding=\"async\" class=\"aligncenter wp-image-1130 size-full\" src=\"https:\/\/agro-expert.eu\/wp-content\/uploads\/2025\/10\/Zrzut-ekranu-2025-10-20-o-10.09.41.png\" alt=\"\" width=\"631\" height=\"514\" srcset=\"https:\/\/agro-expert.eu\/wp-content\/uploads\/2025\/10\/Zrzut-ekranu-2025-10-20-o-10.09.41.png 631w, https:\/\/agro-expert.eu\/wp-content\/uploads\/2025\/10\/Zrzut-ekranu-2025-10-20-o-10.09.41-300x244.png 300w, https:\/\/agro-expert.eu\/wp-content\/uploads\/2025\/10\/Zrzut-ekranu-2025-10-20-o-10.09.41-600x489.png 600w\" sizes=\"(max-width: 631px) 100vw, 631px\" \/><\/li>\n<\/ul>\n<h4><strong>Dost\u0119pno\u015b\u0107 poszczeg\u00f3lnych wariant\u00f3w zapraw:<\/strong><\/h4>\n<ul>\n<li>Cornguard Classic<\/li>\n<\/ul>\n<p>&nbsp;<\/p>\n<p>&nbsp;<\/p>\n","protected":false},"excerpt":{"rendered":"<p>FARMAZURLA (K270 \/ Z240) imponuje pewnym startem i wyj\u0105tkow\u0105 odporno\u015bci\u0105 na susz\u0119. Doskona\u0142a na kiszonk\u0119 i ziarno \u2013 \u0142\u0105czy wysoki plon biomasy z doskona\u0142ym efektem stay green i szybkim dosychaniem ziarna, gwarantuj\u0105c elastyczno\u015b\u0107 zbioru i \u015bwietn\u0105 jako\u015b\u0107 plonu.\u201c Kluczowe cechy: bardzo dobry wigor pocz\u0105tkowy wysoka tolerancja okresowych niedobor\u00f3w wody doskona\u0142y stay-green \u015bwietne dosychanie ziarna Dost\u0119pno\u015b\u0107 &#8230; <a title=\"Kukurydza FARMAZURLA\" class=\"read-more\" href=\"https:\/\/agro-expert.eu\/?product=kukurydza-farmazurla\" aria-label=\"Read more about Kukurydza FARMAZURLA\">Dowiedz si\u0119 wi\u0119cej<\/a><\/p>\n","protected":false},"featured_media":1129,"comment_status":"open","ping_status":"closed","template":"","meta":{"om_disable_all_campaigns":false,"_monsterinsights_skip_tracking":false,"_monsterinsights_sitenote_active":false,"_monsterinsights_sitenote_note":"","_monsterinsights_sitenote_category":0,"_uf_show_specific_survey":0,"_uf_disable_surveys":false},"product_brand":[],"product_cat":[23],"product_tag":[],"class_list":{"0":"post-1128","1":"product","2":"type-product","3":"status-publish","4":"has-post-thumbnail","6":"product_cat-kukurydza","8":"first","9":"instock","10":"taxable","11":"shipping-taxable","12":"purchasable","13":"product-type-simple"},"aioseo_notices":[],"jetpack_sharing_enabled":true,"_links":{"self":[{"href":"https:\/\/agro-expert.eu\/index.php?rest_route=\/wp\/v2\/product\/1128","targetHints":{"allow":["GET"]}}],"collection":[{"href":"https:\/\/agro-expert.eu\/index.php?rest_route=\/wp\/v2\/product"}],"about":[{"href":"https:\/\/agro-expert.eu\/index.php?rest_route=\/wp\/v2\/types\/product"}],"replies":[{"embeddable":true,"href":"https:\/\/agro-expert.eu\/index.php?rest_route=%2Fwp%2Fv2%2Fcomments&post=1128"}],"wp:featuredmedia":[{"embeddable":true,"href":"https:\/\/agro-expert.eu\/index.php?rest_route=\/wp\/v2\/media\/1129"}],"wp:attachment":[{"href":"https:\/\/agro-expert.eu\/index.php?rest_route=%2Fwp%2Fv2%2Fmedia&parent=1128"}],"wp:term":[{"taxonomy":"product_brand","embeddable":true,"href":"https:\/\/agro-expert.eu\/index.php?rest_route=%2Fwp%2Fv2%2Fproduct_brand&post=1128"},{"taxonomy":"product_cat","embeddable":true,"href":"https:\/\/agro-expert.eu\/index.php?rest_route=%2Fwp%2Fv2%2Fproduct_cat&post=1128"},{"taxonomy":"product_tag","embeddable":true,"href":"https:\/\/agro-expert.eu\/index.php?rest_route=%2Fwp%2Fv2%2Fproduct_tag&post=1128"}],"curies":[{"name":"wp","href":"https:\/\/api.w.org\/{rel}","templated":true}]}}