{"id":488,"date":"2024-12-03T11:16:11","date_gmt":"2024-12-03T10:16:11","guid":{"rendered":"https:\/\/agro-expert.eu\/?post_type=product&#038;p=488"},"modified":"2026-01-30T18:01:21","modified_gmt":"2026-01-30T17:01:21","slug":"kukurydza-farmarquez","status":"publish","type":"product","link":"https:\/\/agro-expert.eu\/?product=kukurydza-farmarquez","title":{"rendered":"Kukurydza FARMARQUEZ"},"content":{"rendered":"<p><strong>FARMARQUEZ<\/strong> <strong>(K 220)<\/strong> to jedna z trzech nowo\u015bci w naszej ofercie na ten sezon. Ta masywna kukurydza kiszonkowa \u015bwietnie nadaje si\u0119 tak\u017ce do produkcji biogazu. Z uwagi na bardzo dobry rozw\u00f3j pocz\u0105tkowy oraz wczesny termin dojrzewania b\u0119dzie z pewno\u015bci\u0105 stanowi\u0142a optymalne uzupe\u0142nienie oferty odmian wczesnych.<br \/>\n<img fetchpriority=\"high\" decoding=\"async\" class=\"aligncenter wp-image-489 size-large\" src=\"https:\/\/agro-expert.eu\/wp-content\/uploads\/2024\/12\/Zrzut-ekranu-2024-12-3-o-11.17.28-1024x646.png\" alt=\"\" width=\"1024\" height=\"646\" srcset=\"https:\/\/agro-expert.eu\/wp-content\/uploads\/2024\/12\/Zrzut-ekranu-2024-12-3-o-11.17.28-1024x646.png 1024w, https:\/\/agro-expert.eu\/wp-content\/uploads\/2024\/12\/Zrzut-ekranu-2024-12-3-o-11.17.28-300x189.png 300w, https:\/\/agro-expert.eu\/wp-content\/uploads\/2024\/12\/Zrzut-ekranu-2024-12-3-o-11.17.28-768x485.png 768w, https:\/\/agro-expert.eu\/wp-content\/uploads\/2024\/12\/Zrzut-ekranu-2024-12-3-o-11.17.28-1536x969.png 1536w, https:\/\/agro-expert.eu\/wp-content\/uploads\/2024\/12\/Zrzut-ekranu-2024-12-3-o-11.17.28-2048x1293.png 2048w, https:\/\/agro-expert.eu\/wp-content\/uploads\/2024\/12\/Zrzut-ekranu-2024-12-3-o-11.17.28-600x379.png 600w\" sizes=\"(max-width: 1024px) 100vw, 1024px\" \/><\/p>\n<h4><strong>Kluczowe cechy:<\/strong><\/h4>\n<ul>\n<li>Dobry rozw\u00f3j pocz\u0105tkowy<\/li>\n<li>Wczesne dojrzewanie<\/li>\n<li>Bardzo wysoki plon suchej masy<\/li>\n<li>Doskona\u0142a wydajno\u015b\u0107 biogazu<\/li>\n<\/ul>\n<p><img decoding=\"async\" class=\"aligncenter wp-image-490 size-full\" src=\"https:\/\/agro-expert.eu\/wp-content\/uploads\/2024\/12\/Zrzut-ekranu-2024-12-3-o-11.17.38.png\" alt=\"\" width=\"2346\" height=\"1392\" srcset=\"https:\/\/agro-expert.eu\/wp-content\/uploads\/2024\/12\/Zrzut-ekranu-2024-12-3-o-11.17.38.png 2346w, https:\/\/agro-expert.eu\/wp-content\/uploads\/2024\/12\/Zrzut-ekranu-2024-12-3-o-11.17.38-300x178.png 300w, https:\/\/agro-expert.eu\/wp-content\/uploads\/2024\/12\/Zrzut-ekranu-2024-12-3-o-11.17.38-1024x608.png 1024w, https:\/\/agro-expert.eu\/wp-content\/uploads\/2024\/12\/Zrzut-ekranu-2024-12-3-o-11.17.38-768x456.png 768w, https:\/\/agro-expert.eu\/wp-content\/uploads\/2024\/12\/Zrzut-ekranu-2024-12-3-o-11.17.38-1536x911.png 1536w, https:\/\/agro-expert.eu\/wp-content\/uploads\/2024\/12\/Zrzut-ekranu-2024-12-3-o-11.17.38-2048x1215.png 2048w, https:\/\/agro-expert.eu\/wp-content\/uploads\/2024\/12\/Zrzut-ekranu-2024-12-3-o-11.17.38-600x356.png 600w\" sizes=\"(max-width: 2346px) 100vw, 2346px\" \/><\/p>\n<h4><strong>Dost\u0119pno\u015b\u0107 poszczeg\u00f3lnych wariant\u00f3w zapraw:<\/strong><\/h4>\n<ul>\n<li>Cornguard Powergrow (Standard)<\/li>\n<li>Cornguard + Korit<\/li>\n<\/ul>\n<p>&nbsp;<\/p>\n","protected":false},"excerpt":{"rendered":"<p>FARMARQUEZ (K 220) to jedna z trzech nowo\u015bci w naszej ofercie na ten sezon. Ta masywna kukurydza kiszonkowa \u015bwietnie nadaje si\u0119 tak\u017ce do produkcji biogazu. Z uwagi na bardzo dobry rozw\u00f3j pocz\u0105tkowy oraz wczesny termin dojrzewania b\u0119dzie z pewno\u015bci\u0105 stanowi\u0142a optymalne uzupe\u0142nienie oferty odmian wczesnych. Kluczowe cechy: Dobry rozw\u00f3j pocz\u0105tkowy Wczesne dojrzewanie Bardzo wysoki plon &#8230; <a title=\"Kukurydza FARMARQUEZ\" class=\"read-more\" href=\"https:\/\/agro-expert.eu\/?product=kukurydza-farmarquez\" aria-label=\"Read more about Kukurydza FARMARQUEZ\">Dowiedz si\u0119 wi\u0119cej<\/a><\/p>\n","protected":false},"featured_media":489,"comment_status":"open","ping_status":"closed","template":"","meta":{"om_disable_all_campaigns":false,"_monsterinsights_skip_tracking":false,"_monsterinsights_sitenote_active":false,"_monsterinsights_sitenote_note":"","_monsterinsights_sitenote_category":0,"_uf_show_specific_survey":0,"_uf_disable_surveys":false},"product_brand":[],"product_cat":[23],"product_tag":[],"class_list":{"0":"post-488","1":"product","2":"type-product","3":"status-publish","4":"has-post-thumbnail","6":"product_cat-kukurydza","8":"first","9":"instock","10":"taxable","11":"shipping-taxable","12":"purchasable","13":"product-type-simple"},"aioseo_notices":[],"jetpack_sharing_enabled":true,"_links":{"self":[{"href":"https:\/\/agro-expert.eu\/index.php?rest_route=\/wp\/v2\/product\/488","targetHints":{"allow":["GET"]}}],"collection":[{"href":"https:\/\/agro-expert.eu\/index.php?rest_route=\/wp\/v2\/product"}],"about":[{"href":"https:\/\/agro-expert.eu\/index.php?rest_route=\/wp\/v2\/types\/product"}],"replies":[{"embeddable":true,"href":"https:\/\/agro-expert.eu\/index.php?rest_route=%2Fwp%2Fv2%2Fcomments&post=488"}],"wp:featuredmedia":[{"embeddable":true,"href":"https:\/\/agro-expert.eu\/index.php?rest_route=\/wp\/v2\/media\/489"}],"wp:attachment":[{"href":"https:\/\/agro-expert.eu\/index.php?rest_route=%2Fwp%2Fv2%2Fmedia&parent=488"}],"wp:term":[{"taxonomy":"product_brand","embeddable":true,"href":"https:\/\/agro-expert.eu\/index.php?rest_route=%2Fwp%2Fv2%2Fproduct_brand&post=488"},{"taxonomy":"product_cat","embeddable":true,"href":"https:\/\/agro-expert.eu\/index.php?rest_route=%2Fwp%2Fv2%2Fproduct_cat&post=488"},{"taxonomy":"product_tag","embeddable":true,"href":"https:\/\/agro-expert.eu\/index.php?rest_route=%2Fwp%2Fv2%2Fproduct_tag&post=488"}],"curies":[{"name":"wp","href":"https:\/\/api.w.org\/{rel}","templated":true}]}}