{"id":647,"date":"2024-12-04T10:22:52","date_gmt":"2024-12-04T09:22:52","guid":{"rendered":"https:\/\/agro-expert.eu\/?post_type=product&#038;p=647"},"modified":"2026-01-30T18:02:48","modified_gmt":"2026-01-30T17:02:48","slug":"kukurydza-farmodena","status":"publish","type":"product","link":"https:\/\/agro-expert.eu\/?product=kukurydza-farmodena","title":{"rendered":"Kukurydza FARMODENA"},"content":{"rendered":"<p><strong>FARMODENA (FAO K 220\/Z 220)<\/strong> charakteryzuje si\u0119 wysokim plonowaniem ju\u017c przy wczesnej dojrza\u0142o\u015bci technicznej. Na Kujawach, przy du\u017cych niedoborach wody, odmiana wyr\u00f3\u017cnia si\u0119 znacznie, daj\u0105c wysoki, stabilny plon kiszonki. Potencja\u0142 ziarnowy tej odmiany tak\u017ce jest wysoki, ale przy tym kierunku u\u017cytkowania zbi\u00f3r musi nast\u0105pi\u0107 wcze\u015bnie. Polecam t\u0119 odmian\u0119 jako przedplon dla zb\u00f3\u017c ozimych.<img fetchpriority=\"high\" decoding=\"async\" class=\"aligncenter wp-image-648 size-full\" src=\"https:\/\/agro-expert.eu\/wp-content\/uploads\/2024\/12\/Zrzut-ekranu-2024-12-4-o-10.24.54.png\" alt=\"\" width=\"2076\" height=\"1330\" srcset=\"https:\/\/agro-expert.eu\/wp-content\/uploads\/2024\/12\/Zrzut-ekranu-2024-12-4-o-10.24.54.png 2076w, https:\/\/agro-expert.eu\/wp-content\/uploads\/2024\/12\/Zrzut-ekranu-2024-12-4-o-10.24.54-300x192.png 300w, https:\/\/agro-expert.eu\/wp-content\/uploads\/2024\/12\/Zrzut-ekranu-2024-12-4-o-10.24.54-1024x656.png 1024w, https:\/\/agro-expert.eu\/wp-content\/uploads\/2024\/12\/Zrzut-ekranu-2024-12-4-o-10.24.54-768x492.png 768w, https:\/\/agro-expert.eu\/wp-content\/uploads\/2024\/12\/Zrzut-ekranu-2024-12-4-o-10.24.54-1536x984.png 1536w, https:\/\/agro-expert.eu\/wp-content\/uploads\/2024\/12\/Zrzut-ekranu-2024-12-4-o-10.24.54-2048x1312.png 2048w, https:\/\/agro-expert.eu\/wp-content\/uploads\/2024\/12\/Zrzut-ekranu-2024-12-4-o-10.24.54-600x384.png 600w\" sizes=\"(max-width: 2076px) 100vw, 2076px\" \/><\/p>\n<h4><strong>Kluczowe cechy:<\/strong><\/h4>\n<ul>\n<li>Doskona\u0142y wigor pocz\u0105tkowy<\/li>\n<li>Szybkie tempo przyrostu masy i kolb<\/li>\n<li>Nadzwyczajny plon energii<\/li>\n<li>\u015awietne parametry biogazowe z uwagi na wysoki plon og\u00f3lny masy<\/li>\n<li>W uprawie na ziarno zalecany wczesny zbi\u00f3r<img decoding=\"async\" class=\"aligncenter wp-image-649 size-full\" src=\"https:\/\/agro-expert.eu\/wp-content\/uploads\/2024\/12\/Zrzut-ekranu-2024-12-4-o-10.25.05.png\" alt=\"\" width=\"2262\" height=\"1400\" srcset=\"https:\/\/agro-expert.eu\/wp-content\/uploads\/2024\/12\/Zrzut-ekranu-2024-12-4-o-10.25.05.png 2262w, https:\/\/agro-expert.eu\/wp-content\/uploads\/2024\/12\/Zrzut-ekranu-2024-12-4-o-10.25.05-300x186.png 300w, https:\/\/agro-expert.eu\/wp-content\/uploads\/2024\/12\/Zrzut-ekranu-2024-12-4-o-10.25.05-1024x634.png 1024w, https:\/\/agro-expert.eu\/wp-content\/uploads\/2024\/12\/Zrzut-ekranu-2024-12-4-o-10.25.05-768x475.png 768w, https:\/\/agro-expert.eu\/wp-content\/uploads\/2024\/12\/Zrzut-ekranu-2024-12-4-o-10.25.05-1536x951.png 1536w, https:\/\/agro-expert.eu\/wp-content\/uploads\/2024\/12\/Zrzut-ekranu-2024-12-4-o-10.25.05-2048x1268.png 2048w, https:\/\/agro-expert.eu\/wp-content\/uploads\/2024\/12\/Zrzut-ekranu-2024-12-4-o-10.25.05-600x371.png 600w\" sizes=\"(max-width: 2262px) 100vw, 2262px\" \/><\/li>\n<\/ul>\n<h4><strong>Dost\u0119pno\u015b\u0107 poszczeg\u00f3lnych wariant\u00f3w zapraw:<\/strong><\/h4>\n<ul>\n<li>Cornguard Powergrow (Standard)<\/li>\n<li>Cornguard + Korit<\/li>\n<li>Cornguard, +Korit, +Force<\/li>\n<li>Big Bag Standard (Nasiona w big bagach mog\u0105 by\u0107 zamawiane tylko do 30.11.2024r.)<\/li>\n<li>Big Bag Cornguard Korit (Nasiona w big bagach mog\u0105 by\u0107 zamawiane tylko do 30.11.2024r.)<\/li>\n<\/ul>\n<p>&nbsp;<\/p>\n","protected":false},"excerpt":{"rendered":"<p>FARMODENA (FAO K 220\/Z 220) charakteryzuje si\u0119 wysokim plonowaniem ju\u017c przy wczesnej dojrza\u0142o\u015bci technicznej. Na Kujawach, przy du\u017cych niedoborach wody, odmiana wyr\u00f3\u017cnia si\u0119 znacznie, daj\u0105c wysoki, stabilny plon kiszonki. Potencja\u0142 ziarnowy tej odmiany tak\u017ce jest wysoki, ale przy tym kierunku u\u017cytkowania zbi\u00f3r musi nast\u0105pi\u0107 wcze\u015bnie. Polecam t\u0119 odmian\u0119 jako przedplon dla zb\u00f3\u017c ozimych. Kluczowe cechy: &#8230; <a title=\"Kukurydza FARMODENA\" class=\"read-more\" href=\"https:\/\/agro-expert.eu\/?product=kukurydza-farmodena\" aria-label=\"Read more about Kukurydza FARMODENA\">Dowiedz si\u0119 wi\u0119cej<\/a><\/p>\n","protected":false},"featured_media":489,"comment_status":"open","ping_status":"closed","template":"","meta":{"om_disable_all_campaigns":false,"_monsterinsights_skip_tracking":false,"_monsterinsights_sitenote_active":false,"_monsterinsights_sitenote_note":"","_monsterinsights_sitenote_category":0,"_uf_show_specific_survey":0,"_uf_disable_surveys":false},"product_brand":[],"product_cat":[23],"product_tag":[],"class_list":{"0":"post-647","1":"product","2":"type-product","3":"status-publish","4":"has-post-thumbnail","6":"product_cat-kukurydza","8":"first","9":"instock","10":"taxable","11":"shipping-taxable","12":"purchasable","13":"product-type-simple"},"aioseo_notices":[],"jetpack_sharing_enabled":true,"_links":{"self":[{"href":"https:\/\/agro-expert.eu\/index.php?rest_route=\/wp\/v2\/product\/647","targetHints":{"allow":["GET"]}}],"collection":[{"href":"https:\/\/agro-expert.eu\/index.php?rest_route=\/wp\/v2\/product"}],"about":[{"href":"https:\/\/agro-expert.eu\/index.php?rest_route=\/wp\/v2\/types\/product"}],"replies":[{"embeddable":true,"href":"https:\/\/agro-expert.eu\/index.php?rest_route=%2Fwp%2Fv2%2Fcomments&post=647"}],"wp:featuredmedia":[{"embeddable":true,"href":"https:\/\/agro-expert.eu\/index.php?rest_route=\/wp\/v2\/media\/489"}],"wp:attachment":[{"href":"https:\/\/agro-expert.eu\/index.php?rest_route=%2Fwp%2Fv2%2Fmedia&parent=647"}],"wp:term":[{"taxonomy":"product_brand","embeddable":true,"href":"https:\/\/agro-expert.eu\/index.php?rest_route=%2Fwp%2Fv2%2Fproduct_brand&post=647"},{"taxonomy":"product_cat","embeddable":true,"href":"https:\/\/agro-expert.eu\/index.php?rest_route=%2Fwp%2Fv2%2Fproduct_cat&post=647"},{"taxonomy":"product_tag","embeddable":true,"href":"https:\/\/agro-expert.eu\/index.php?rest_route=%2Fwp%2Fv2%2Fproduct_tag&post=647"}],"curies":[{"name":"wp","href":"https:\/\/api.w.org\/{rel}","templated":true}]}}