{"id":651,"date":"2024-12-04T10:50:58","date_gmt":"2024-12-04T09:50:58","guid":{"rendered":"https:\/\/agro-expert.eu\/?post_type=product&#038;p=651"},"modified":"2026-01-30T18:03:15","modified_gmt":"2026-01-30T17:03:15","slug":"kukurydza-farmactos","status":"publish","type":"product","link":"https:\/\/agro-expert.eu\/?product=kukurydza-farmactos","title":{"rendered":"Kukurydza FARMACTOS"},"content":{"rendered":"<p><strong>FARMACTOS z (K 230\/ Z 210)<\/strong> idealnie wpisuje si\u0119 w nasz asortyment w grupie \u015brednio wczesnych odmian na kiszonk\u0119 i wczesnych na ziarno. Z uwagi na charakterystyczny dla wielu odmian farmsaat \u015bwietny stay green nie sprawia \u017cadnych problem\u00f3w w aspekcie zarz\u0105dzania terminem zbioru. Jest doskona\u0142ym wyborem dla tych, kt\u00f3rzy preferuj\u0105 przesuni\u0119cie zasiew\u00f3w na maj lub zbiory w pierwszej<br \/>\ncz\u0119\u015bci kampanii \u017cniwnej i zasiewy ozimin w optymalnych terminach agrotechnicznych.<br \/>\n<img fetchpriority=\"high\" decoding=\"async\" class=\"aligncenter wp-image-652 size-full\" src=\"https:\/\/agro-expert.eu\/wp-content\/uploads\/2024\/12\/Zrzut-ekranu-2024-12-4-o-10.52.46.png\" alt=\"\" width=\"2198\" height=\"1272\" srcset=\"https:\/\/agro-expert.eu\/wp-content\/uploads\/2024\/12\/Zrzut-ekranu-2024-12-4-o-10.52.46.png 2198w, https:\/\/agro-expert.eu\/wp-content\/uploads\/2024\/12\/Zrzut-ekranu-2024-12-4-o-10.52.46-300x174.png 300w, https:\/\/agro-expert.eu\/wp-content\/uploads\/2024\/12\/Zrzut-ekranu-2024-12-4-o-10.52.46-1024x593.png 1024w, https:\/\/agro-expert.eu\/wp-content\/uploads\/2024\/12\/Zrzut-ekranu-2024-12-4-o-10.52.46-768x444.png 768w, https:\/\/agro-expert.eu\/wp-content\/uploads\/2024\/12\/Zrzut-ekranu-2024-12-4-o-10.52.46-1536x889.png 1536w, https:\/\/agro-expert.eu\/wp-content\/uploads\/2024\/12\/Zrzut-ekranu-2024-12-4-o-10.52.46-2048x1185.png 2048w, https:\/\/agro-expert.eu\/wp-content\/uploads\/2024\/12\/Zrzut-ekranu-2024-12-4-o-10.52.46-600x347.png 600w\" sizes=\"(max-width: 2198px) 100vw, 2198px\" \/><\/p>\n<h4><strong>Kluczowe cechy:<\/strong><\/h4>\n<ul>\n<li><span style=\"font-family: -apple-system, system-ui, BlinkMacSystemFont, 'Segoe UI', Helvetica, Arial, sans-serif, 'Apple Color Emoji', 'Segoe UI Emoji', 'Segoe UI Symbol';\">Doskona\u0142y stay green<\/span><\/li>\n<li><span style=\"font-family: -apple-system, system-ui, BlinkMacSystemFont, 'Segoe UI', Helvetica, Arial, sans-serif, 'Apple Color Emoji', 'Segoe UI Emoji', 'Segoe UI Symbol';\">Wysoki plon ziarn<\/span><\/li>\n<li><span style=\"font-family: -apple-system, system-ui, BlinkMacSystemFont, 'Segoe UI', Helvetica, Arial, sans-serif, 'Apple Color Emoji', 'Segoe UI Emoji', 'Segoe UI Symbol';\">Wczesne i wyr\u00f3wnane dojrzewanie<\/span><\/li>\n<li><span style=\"font-family: -apple-system, system-ui, BlinkMacSystemFont, 'Segoe UI', Helvetica, Arial, sans-serif, 'Apple Color Emoji', 'Segoe UI Emoji', 'Segoe UI Symbol';\">Du\u017ca zawarto\u015b\u0107 skrobi<\/span><img decoding=\"async\" class=\"aligncenter wp-image-653 size-full\" src=\"https:\/\/agro-expert.eu\/wp-content\/uploads\/2024\/12\/Zrzut-ekranu-2024-12-4-o-10.52.55.png\" alt=\"\" width=\"2502\" height=\"1542\" srcset=\"https:\/\/agro-expert.eu\/wp-content\/uploads\/2024\/12\/Zrzut-ekranu-2024-12-4-o-10.52.55.png 2502w, https:\/\/agro-expert.eu\/wp-content\/uploads\/2024\/12\/Zrzut-ekranu-2024-12-4-o-10.52.55-300x185.png 300w, https:\/\/agro-expert.eu\/wp-content\/uploads\/2024\/12\/Zrzut-ekranu-2024-12-4-o-10.52.55-1024x631.png 1024w, https:\/\/agro-expert.eu\/wp-content\/uploads\/2024\/12\/Zrzut-ekranu-2024-12-4-o-10.52.55-768x473.png 768w, https:\/\/agro-expert.eu\/wp-content\/uploads\/2024\/12\/Zrzut-ekranu-2024-12-4-o-10.52.55-1536x947.png 1536w, https:\/\/agro-expert.eu\/wp-content\/uploads\/2024\/12\/Zrzut-ekranu-2024-12-4-o-10.52.55-2048x1262.png 2048w, https:\/\/agro-expert.eu\/wp-content\/uploads\/2024\/12\/Zrzut-ekranu-2024-12-4-o-10.52.55-600x370.png 600w\" sizes=\"(max-width: 2502px) 100vw, 2502px\" \/><\/li>\n<\/ul>\n<h4><strong>Dost\u0119pno\u015b\u0107 poszczeg\u00f3lnych wariant\u00f3w zapraw:<\/strong><\/h4>\n<ul>\n<li>Cornguard Powergrow (Standard)<\/li>\n<li>Cornguard + Korit<\/li>\n<li>Cornguard, +Korit, +Force<\/li>\n<\/ul>\n<p>&nbsp;<\/p>\n<p>&nbsp;<\/p>\n","protected":false},"excerpt":{"rendered":"<p>FARMACTOS z (K 230\/ Z 210) idealnie wpisuje si\u0119 w nasz asortyment w grupie \u015brednio wczesnych odmian na kiszonk\u0119 i wczesnych na ziarno. Z uwagi na charakterystyczny dla wielu odmian farmsaat \u015bwietny stay green nie sprawia \u017cadnych problem\u00f3w w aspekcie zarz\u0105dzania terminem zbioru. Jest doskona\u0142ym wyborem dla tych, kt\u00f3rzy preferuj\u0105 przesuni\u0119cie zasiew\u00f3w na maj lub &#8230; <a title=\"Kukurydza FARMACTOS\" class=\"read-more\" href=\"https:\/\/agro-expert.eu\/?product=kukurydza-farmactos\" aria-label=\"Read more about Kukurydza FARMACTOS\">Dowiedz si\u0119 wi\u0119cej<\/a><\/p>\n","protected":false},"featured_media":652,"comment_status":"open","ping_status":"closed","template":"","meta":{"om_disable_all_campaigns":false,"_monsterinsights_skip_tracking":false,"_monsterinsights_sitenote_active":false,"_monsterinsights_sitenote_note":"","_monsterinsights_sitenote_category":0,"_uf_show_specific_survey":0,"_uf_disable_surveys":false},"product_brand":[],"product_cat":[23],"product_tag":[],"class_list":{"0":"post-651","1":"product","2":"type-product","3":"status-publish","4":"has-post-thumbnail","6":"product_cat-kukurydza","8":"first","9":"instock","10":"taxable","11":"shipping-taxable","12":"purchasable","13":"product-type-simple"},"aioseo_notices":[],"jetpack_sharing_enabled":true,"_links":{"self":[{"href":"https:\/\/agro-expert.eu\/index.php?rest_route=\/wp\/v2\/product\/651","targetHints":{"allow":["GET"]}}],"collection":[{"href":"https:\/\/agro-expert.eu\/index.php?rest_route=\/wp\/v2\/product"}],"about":[{"href":"https:\/\/agro-expert.eu\/index.php?rest_route=\/wp\/v2\/types\/product"}],"replies":[{"embeddable":true,"href":"https:\/\/agro-expert.eu\/index.php?rest_route=%2Fwp%2Fv2%2Fcomments&post=651"}],"wp:featuredmedia":[{"embeddable":true,"href":"https:\/\/agro-expert.eu\/index.php?rest_route=\/wp\/v2\/media\/652"}],"wp:attachment":[{"href":"https:\/\/agro-expert.eu\/index.php?rest_route=%2Fwp%2Fv2%2Fmedia&parent=651"}],"wp:term":[{"taxonomy":"product_brand","embeddable":true,"href":"https:\/\/agro-expert.eu\/index.php?rest_route=%2Fwp%2Fv2%2Fproduct_brand&post=651"},{"taxonomy":"product_cat","embeddable":true,"href":"https:\/\/agro-expert.eu\/index.php?rest_route=%2Fwp%2Fv2%2Fproduct_cat&post=651"},{"taxonomy":"product_tag","embeddable":true,"href":"https:\/\/agro-expert.eu\/index.php?rest_route=%2Fwp%2Fv2%2Fproduct_tag&post=651"}],"curies":[{"name":"wp","href":"https:\/\/api.w.org\/{rel}","templated":true}]}}