{"id":654,"date":"2024-12-04T10:55:32","date_gmt":"2024-12-04T09:55:32","guid":{"rendered":"https:\/\/agro-expert.eu\/?post_type=product&#038;p=654"},"modified":"2026-01-30T18:03:39","modified_gmt":"2026-01-30T17:03:39","slug":"kukurydza-farmfire","status":"publish","type":"product","link":"https:\/\/agro-expert.eu\/?product=kukurydza-farmfire","title":{"rendered":"Kukurydza FARMFIRE"},"content":{"rendered":"<p><strong>FARMFIRE (K 230\/Z 230)<\/strong> to wyj\u0105tkowo wysoki wigor, dobry rozw\u00f3j pocz\u0105tkowy oraz plony ziarna i kiszonki, kt\u00f3re mog\u0105 wprawi\u0107 w os\u0142upienie. W gospodarstwach Podlasia, ale i ca\u0142ego kraju, ta wszechstronna odmiana bije rekordy plonowania na glebach kl. IV \u2013 VI, przekonuj\u0105c do siebie coraz wi\u0119ksze grono klient\u00f3w.<br \/>\n<img fetchpriority=\"high\" decoding=\"async\" class=\"aligncenter wp-image-655 size-full\" src=\"https:\/\/agro-expert.eu\/wp-content\/uploads\/2024\/12\/Zrzut-ekranu-2024-12-4-o-10.57.35.png\" alt=\"\" width=\"1620\" height=\"1008\" srcset=\"https:\/\/agro-expert.eu\/wp-content\/uploads\/2024\/12\/Zrzut-ekranu-2024-12-4-o-10.57.35.png 1620w, https:\/\/agro-expert.eu\/wp-content\/uploads\/2024\/12\/Zrzut-ekranu-2024-12-4-o-10.57.35-300x187.png 300w, https:\/\/agro-expert.eu\/wp-content\/uploads\/2024\/12\/Zrzut-ekranu-2024-12-4-o-10.57.35-1024x637.png 1024w, https:\/\/agro-expert.eu\/wp-content\/uploads\/2024\/12\/Zrzut-ekranu-2024-12-4-o-10.57.35-768x478.png 768w, https:\/\/agro-expert.eu\/wp-content\/uploads\/2024\/12\/Zrzut-ekranu-2024-12-4-o-10.57.35-1536x956.png 1536w, https:\/\/agro-expert.eu\/wp-content\/uploads\/2024\/12\/Zrzut-ekranu-2024-12-4-o-10.57.35-600x373.png 600w\" sizes=\"(max-width: 1620px) 100vw, 1620px\" \/><\/p>\n<h4><strong>Kluczowe cechy:<\/strong><\/h4>\n<ul>\n<li><span style=\"font-family: -apple-system, system-ui, BlinkMacSystemFont, 'Segoe UI', Helvetica, Arial, sans-serif, 'Apple Color Emoji', 'Segoe UI Emoji', 'Segoe UI Symbol';\">Doskona\u0142y balans pomi\u0119dzy strawno\u015bci\u0105 a plonem suchej masy<\/span><\/li>\n<li><span style=\"font-family: -apple-system, system-ui, BlinkMacSystemFont, 'Segoe UI', Helvetica, Arial, sans-serif, 'Apple Color Emoji', 'Segoe UI Emoji', 'Segoe UI Symbol';\">\u015awietna na kiszonk\u0119 oraz biogaz<\/span><\/li>\n<li><span style=\"font-family: -apple-system, system-ui, BlinkMacSystemFont, 'Segoe UI', Helvetica, Arial, sans-serif, 'Apple Color Emoji', 'Segoe UI Emoji', 'Segoe UI Symbol';\">Dobre parametry ziarnowe<\/span><img decoding=\"async\" class=\"aligncenter wp-image-656 size-full\" src=\"https:\/\/agro-expert.eu\/wp-content\/uploads\/2024\/12\/Zrzut-ekranu-2024-12-4-o-10.57.42.png\" alt=\"\" width=\"2320\" height=\"1444\" srcset=\"https:\/\/agro-expert.eu\/wp-content\/uploads\/2024\/12\/Zrzut-ekranu-2024-12-4-o-10.57.42.png 2320w, https:\/\/agro-expert.eu\/wp-content\/uploads\/2024\/12\/Zrzut-ekranu-2024-12-4-o-10.57.42-300x187.png 300w, https:\/\/agro-expert.eu\/wp-content\/uploads\/2024\/12\/Zrzut-ekranu-2024-12-4-o-10.57.42-1024x637.png 1024w, https:\/\/agro-expert.eu\/wp-content\/uploads\/2024\/12\/Zrzut-ekranu-2024-12-4-o-10.57.42-768x478.png 768w, https:\/\/agro-expert.eu\/wp-content\/uploads\/2024\/12\/Zrzut-ekranu-2024-12-4-o-10.57.42-1536x956.png 1536w, https:\/\/agro-expert.eu\/wp-content\/uploads\/2024\/12\/Zrzut-ekranu-2024-12-4-o-10.57.42-2048x1275.png 2048w, https:\/\/agro-expert.eu\/wp-content\/uploads\/2024\/12\/Zrzut-ekranu-2024-12-4-o-10.57.42-600x373.png 600w\" sizes=\"(max-width: 2320px) 100vw, 2320px\" \/><\/li>\n<\/ul>\n<h4><strong>Dost\u0119pno\u015b\u0107 poszczeg\u00f3lnych wariant\u00f3w zapraw:<\/strong><\/h4>\n<ul>\n<li>Cornguard Powergrow (Standard)<\/li>\n<li>Cornguard + Korit<\/li>\n<\/ul>\n<p>&nbsp;<\/p>\n<p>&nbsp;<\/p>\n","protected":false},"excerpt":{"rendered":"<p>FARMFIRE (K 230\/Z 230) to wyj\u0105tkowo wysoki wigor, dobry rozw\u00f3j pocz\u0105tkowy oraz plony ziarna i kiszonki, kt\u00f3re mog\u0105 wprawi\u0107 w os\u0142upienie. W gospodarstwach Podlasia, ale i ca\u0142ego kraju, ta wszechstronna odmiana bije rekordy plonowania na glebach kl. IV \u2013 VI, przekonuj\u0105c do siebie coraz wi\u0119ksze grono klient\u00f3w. Kluczowe cechy: Doskona\u0142y balans pomi\u0119dzy strawno\u015bci\u0105 a plonem &#8230; <a title=\"Kukurydza FARMFIRE\" class=\"read-more\" href=\"https:\/\/agro-expert.eu\/?product=kukurydza-farmfire\" aria-label=\"Read more about Kukurydza FARMFIRE\">Dowiedz si\u0119 wi\u0119cej<\/a><\/p>\n","protected":false},"featured_media":655,"comment_status":"open","ping_status":"closed","template":"","meta":{"om_disable_all_campaigns":false,"_monsterinsights_skip_tracking":false,"_monsterinsights_sitenote_active":false,"_monsterinsights_sitenote_note":"","_monsterinsights_sitenote_category":0,"_uf_show_specific_survey":0,"_uf_disable_surveys":false},"product_brand":[],"product_cat":[23],"product_tag":[],"class_list":{"0":"post-654","1":"product","2":"type-product","3":"status-publish","4":"has-post-thumbnail","6":"product_cat-kukurydza","8":"first","9":"instock","10":"taxable","11":"shipping-taxable","12":"purchasable","13":"product-type-simple"},"aioseo_notices":[],"jetpack_sharing_enabled":true,"_links":{"self":[{"href":"https:\/\/agro-expert.eu\/index.php?rest_route=\/wp\/v2\/product\/654","targetHints":{"allow":["GET"]}}],"collection":[{"href":"https:\/\/agro-expert.eu\/index.php?rest_route=\/wp\/v2\/product"}],"about":[{"href":"https:\/\/agro-expert.eu\/index.php?rest_route=\/wp\/v2\/types\/product"}],"replies":[{"embeddable":true,"href":"https:\/\/agro-expert.eu\/index.php?rest_route=%2Fwp%2Fv2%2Fcomments&post=654"}],"wp:featuredmedia":[{"embeddable":true,"href":"https:\/\/agro-expert.eu\/index.php?rest_route=\/wp\/v2\/media\/655"}],"wp:attachment":[{"href":"https:\/\/agro-expert.eu\/index.php?rest_route=%2Fwp%2Fv2%2Fmedia&parent=654"}],"wp:term":[{"taxonomy":"product_brand","embeddable":true,"href":"https:\/\/agro-expert.eu\/index.php?rest_route=%2Fwp%2Fv2%2Fproduct_brand&post=654"},{"taxonomy":"product_cat","embeddable":true,"href":"https:\/\/agro-expert.eu\/index.php?rest_route=%2Fwp%2Fv2%2Fproduct_cat&post=654"},{"taxonomy":"product_tag","embeddable":true,"href":"https:\/\/agro-expert.eu\/index.php?rest_route=%2Fwp%2Fv2%2Fproduct_tag&post=654"}],"curies":[{"name":"wp","href":"https:\/\/api.w.org\/{rel}","templated":true}]}}