{"id":657,"date":"2024-12-04T10:59:05","date_gmt":"2024-12-04T09:59:05","guid":{"rendered":"https:\/\/agro-expert.eu\/?post_type=product&#038;p=657"},"modified":"2025-04-28T15:44:42","modified_gmt":"2025-04-28T13:44:42","slug":"kukurydza-farmurmel","status":"publish","type":"product","link":"https:\/\/agro-expert.eu\/?product=kukurydza-farmurmel","title":{"rendered":"Kukurydza FARMURMEL"},"content":{"rendered":"<p><strong>FARMURMEL (K 230\/ Z 210)<\/strong> sprawdzi\u0142 si\u0119 przez lata w r\u00f3\u017cnych regionach, nawet w trudnych warunkach. Wysoka wydajno\u015b\u0107 tej wczesnej odmiany ziarnowej staje si\u0119 widoczna, gdy ziarno po ziarnie zbiera si\u0119 w imponuj\u0105cy plon. Odmiana najlepiej sprawdzi si\u0119 na nieco lepszych, dobrze zaopatrzonych w wod\u0119 stanowiskach.<img fetchpriority=\"high\" decoding=\"async\" class=\"aligncenter wp-image-658 size-full\" src=\"https:\/\/agro-expert.eu\/wp-content\/uploads\/2024\/12\/Zrzut-ekranu-2024-12-4-o-11.01.21.png\" alt=\"\" width=\"1940\" height=\"1262\" srcset=\"https:\/\/agro-expert.eu\/wp-content\/uploads\/2024\/12\/Zrzut-ekranu-2024-12-4-o-11.01.21.png 1940w, https:\/\/agro-expert.eu\/wp-content\/uploads\/2024\/12\/Zrzut-ekranu-2024-12-4-o-11.01.21-300x195.png 300w, https:\/\/agro-expert.eu\/wp-content\/uploads\/2024\/12\/Zrzut-ekranu-2024-12-4-o-11.01.21-1024x666.png 1024w, https:\/\/agro-expert.eu\/wp-content\/uploads\/2024\/12\/Zrzut-ekranu-2024-12-4-o-11.01.21-768x500.png 768w, https:\/\/agro-expert.eu\/wp-content\/uploads\/2024\/12\/Zrzut-ekranu-2024-12-4-o-11.01.21-1536x999.png 1536w, https:\/\/agro-expert.eu\/wp-content\/uploads\/2024\/12\/Zrzut-ekranu-2024-12-4-o-11.01.21-600x390.png 600w\" sizes=\"(max-width: 1940px) 100vw, 1940px\" \/><\/p>\n<h4><strong>Kluczowe cechy:<\/strong><\/h4>\n<ul>\n<li>Dobra stabilno\u015b\u0107 ro\u015blin<\/li>\n<li>Wysoka koncentracja energii<\/li>\n<li>Doskona\u0142a strawno\u015b\u0107<img decoding=\"async\" class=\"aligncenter wp-image-659 size-full\" src=\"https:\/\/agro-expert.eu\/wp-content\/uploads\/2024\/12\/Zrzut-ekranu-2024-12-4-o-11.01.30.png\" alt=\"\" width=\"2526\" height=\"1548\" srcset=\"https:\/\/agro-expert.eu\/wp-content\/uploads\/2024\/12\/Zrzut-ekranu-2024-12-4-o-11.01.30.png 2526w, https:\/\/agro-expert.eu\/wp-content\/uploads\/2024\/12\/Zrzut-ekranu-2024-12-4-o-11.01.30-300x184.png 300w, https:\/\/agro-expert.eu\/wp-content\/uploads\/2024\/12\/Zrzut-ekranu-2024-12-4-o-11.01.30-1024x628.png 1024w, https:\/\/agro-expert.eu\/wp-content\/uploads\/2024\/12\/Zrzut-ekranu-2024-12-4-o-11.01.30-768x471.png 768w, https:\/\/agro-expert.eu\/wp-content\/uploads\/2024\/12\/Zrzut-ekranu-2024-12-4-o-11.01.30-1536x941.png 1536w, https:\/\/agro-expert.eu\/wp-content\/uploads\/2024\/12\/Zrzut-ekranu-2024-12-4-o-11.01.30-2048x1255.png 2048w, https:\/\/agro-expert.eu\/wp-content\/uploads\/2024\/12\/Zrzut-ekranu-2024-12-4-o-11.01.30-600x368.png 600w\" sizes=\"(max-width: 2526px) 100vw, 2526px\" \/><\/li>\n<\/ul>\n<h4><strong>Dost\u0119pno\u015b\u0107 poszczeg\u00f3lnych wariant\u00f3w zapraw:<\/strong><\/h4>\n<ul>\n<li>Cornguard Powergrow (Standard)<\/li>\n<li>Cornguard + Korit<\/li>\n<\/ul>\n<p>&nbsp;<\/p>\n<p>&nbsp;<\/p>\n","protected":false},"excerpt":{"rendered":"<p>FARMURMEL (K 230\/ Z 210) sprawdzi\u0142 si\u0119 przez lata w r\u00f3\u017cnych regionach, nawet w trudnych warunkach. Wysoka wydajno\u015b\u0107 tej wczesnej odmiany ziarnowej staje si\u0119 widoczna, gdy ziarno po ziarnie zbiera si\u0119 w imponuj\u0105cy plon. Odmiana najlepiej sprawdzi si\u0119 na nieco lepszych, dobrze zaopatrzonych w wod\u0119 stanowiskach. Kluczowe cechy: Dobra stabilno\u015b\u0107 ro\u015blin Wysoka koncentracja energii Doskona\u0142a &#8230; <a title=\"Kukurydza FARMURMEL\" class=\"read-more\" href=\"https:\/\/agro-expert.eu\/?product=kukurydza-farmurmel\" aria-label=\"Read more about Kukurydza FARMURMEL\">Dowiedz si\u0119 wi\u0119cej<\/a><\/p>\n","protected":false},"featured_media":658,"comment_status":"open","ping_status":"closed","template":"","meta":{"om_disable_all_campaigns":false,"_monsterinsights_skip_tracking":false,"_monsterinsights_sitenote_active":false,"_monsterinsights_sitenote_note":"","_monsterinsights_sitenote_category":0,"_uf_show_specific_survey":0,"_uf_disable_surveys":false},"product_brand":[],"product_cat":[23],"product_tag":[],"class_list":{"0":"post-657","1":"product","2":"type-product","3":"status-publish","4":"has-post-thumbnail","6":"product_cat-kukurydza","8":"first","9":"outofstock","10":"taxable","11":"shipping-taxable","12":"purchasable","13":"product-type-simple"},"aioseo_notices":[],"jetpack_sharing_enabled":true,"_links":{"self":[{"href":"https:\/\/agro-expert.eu\/index.php?rest_route=\/wp\/v2\/product\/657","targetHints":{"allow":["GET"]}}],"collection":[{"href":"https:\/\/agro-expert.eu\/index.php?rest_route=\/wp\/v2\/product"}],"about":[{"href":"https:\/\/agro-expert.eu\/index.php?rest_route=\/wp\/v2\/types\/product"}],"replies":[{"embeddable":true,"href":"https:\/\/agro-expert.eu\/index.php?rest_route=%2Fwp%2Fv2%2Fcomments&post=657"}],"wp:featuredmedia":[{"embeddable":true,"href":"https:\/\/agro-expert.eu\/index.php?rest_route=\/wp\/v2\/media\/658"}],"wp:attachment":[{"href":"https:\/\/agro-expert.eu\/index.php?rest_route=%2Fwp%2Fv2%2Fmedia&parent=657"}],"wp:term":[{"taxonomy":"product_brand","embeddable":true,"href":"https:\/\/agro-expert.eu\/index.php?rest_route=%2Fwp%2Fv2%2Fproduct_brand&post=657"},{"taxonomy":"product_cat","embeddable":true,"href":"https:\/\/agro-expert.eu\/index.php?rest_route=%2Fwp%2Fv2%2Fproduct_cat&post=657"},{"taxonomy":"product_tag","embeddable":true,"href":"https:\/\/agro-expert.eu\/index.php?rest_route=%2Fwp%2Fv2%2Fproduct_tag&post=657"}],"curies":[{"name":"wp","href":"https:\/\/api.w.org\/{rel}","templated":true}]}}