{"id":663,"date":"2024-12-04T11:11:47","date_gmt":"2024-12-04T10:11:47","guid":{"rendered":"https:\/\/agro-expert.eu\/?post_type=product&#038;p=663"},"modified":"2026-01-30T18:05:38","modified_gmt":"2026-01-30T17:05:38","slug":"kukurydza-farmirella","status":"publish","type":"product","link":"https:\/\/agro-expert.eu\/?product=kukurydza-farmirella","title":{"rendered":"Kukurydza FARMIRELLA"},"content":{"rendered":"<p><strong>FARMIRELLA (K 240\/Z 240) <\/strong>to jedna z nowo\u015bci w segmencie odmian \u015brednio wczesnych. Wykazuje nadzwyczajny potencja\u0142 plonowania zar\u00f3wno w uprawie na kiszonk\u0119, jak i na ziarno. Dodatkowo wyr\u00f3\u017cnia si\u0119 wysok\u0105 stabilno\u015bci\u0105 ro\u015blin nawet w przypadku p\u00f3\u017aniejszych zbior\u00f3w.<br \/>\n<img fetchpriority=\"high\" decoding=\"async\" class=\"aligncenter wp-image-664 size-full\" src=\"https:\/\/agro-expert.eu\/wp-content\/uploads\/2024\/12\/Zrzut-ekranu-2024-12-4-o-11.12.55.png\" alt=\"\" width=\"1610\" height=\"972\" srcset=\"https:\/\/agro-expert.eu\/wp-content\/uploads\/2024\/12\/Zrzut-ekranu-2024-12-4-o-11.12.55.png 1610w, https:\/\/agro-expert.eu\/wp-content\/uploads\/2024\/12\/Zrzut-ekranu-2024-12-4-o-11.12.55-300x181.png 300w, https:\/\/agro-expert.eu\/wp-content\/uploads\/2024\/12\/Zrzut-ekranu-2024-12-4-o-11.12.55-1024x618.png 1024w, https:\/\/agro-expert.eu\/wp-content\/uploads\/2024\/12\/Zrzut-ekranu-2024-12-4-o-11.12.55-768x464.png 768w, https:\/\/agro-expert.eu\/wp-content\/uploads\/2024\/12\/Zrzut-ekranu-2024-12-4-o-11.12.55-1536x927.png 1536w, https:\/\/agro-expert.eu\/wp-content\/uploads\/2024\/12\/Zrzut-ekranu-2024-12-4-o-11.12.55-600x362.png 600w\" sizes=\"(max-width: 1610px) 100vw, 1610px\" \/><\/p>\n<h4><strong>Kluczowe cechy:<\/strong><\/h4>\n<ul>\n<li>Bardzo dobry rozw\u00f3j pocz\u0105tkowy<\/li>\n<li>Uniwersalna pod k\u0105tem doboru stanowiska<\/li>\n<li>Wysoka odporno\u015b\u0107 na wyleganie<\/li>\n<li>Wysoka tolerancja suszy<\/li>\n<li>\u015awietne dosychanie<img decoding=\"async\" class=\"aligncenter wp-image-665 size-full\" src=\"https:\/\/agro-expert.eu\/wp-content\/uploads\/2024\/12\/Zrzut-ekranu-2024-12-4-o-11.13.02.png\" alt=\"\" width=\"2314\" height=\"1430\" srcset=\"https:\/\/agro-expert.eu\/wp-content\/uploads\/2024\/12\/Zrzut-ekranu-2024-12-4-o-11.13.02.png 2314w, https:\/\/agro-expert.eu\/wp-content\/uploads\/2024\/12\/Zrzut-ekranu-2024-12-4-o-11.13.02-300x185.png 300w, https:\/\/agro-expert.eu\/wp-content\/uploads\/2024\/12\/Zrzut-ekranu-2024-12-4-o-11.13.02-1024x633.png 1024w, https:\/\/agro-expert.eu\/wp-content\/uploads\/2024\/12\/Zrzut-ekranu-2024-12-4-o-11.13.02-768x475.png 768w, https:\/\/agro-expert.eu\/wp-content\/uploads\/2024\/12\/Zrzut-ekranu-2024-12-4-o-11.13.02-1536x949.png 1536w, https:\/\/agro-expert.eu\/wp-content\/uploads\/2024\/12\/Zrzut-ekranu-2024-12-4-o-11.13.02-2048x1266.png 2048w, https:\/\/agro-expert.eu\/wp-content\/uploads\/2024\/12\/Zrzut-ekranu-2024-12-4-o-11.13.02-600x371.png 600w\" sizes=\"(max-width: 2314px) 100vw, 2314px\" \/><\/li>\n<\/ul>\n<h4><strong>Dost\u0119pno\u015b\u0107 poszczeg\u00f3lnych wariant\u00f3w zapraw:<\/strong><\/h4>\n<ul>\n<li>Cornguard Powergrow (Standard)<\/li>\n<li>Cornguard + Korit<\/li>\n<\/ul>\n<p>&nbsp;<\/p>\n<p>&nbsp;<\/p>\n","protected":false},"excerpt":{"rendered":"<p>FARMIRELLA (K 240\/Z 240) to jedna z nowo\u015bci w segmencie odmian \u015brednio wczesnych. Wykazuje nadzwyczajny potencja\u0142 plonowania zar\u00f3wno w uprawie na kiszonk\u0119, jak i na ziarno. Dodatkowo wyr\u00f3\u017cnia si\u0119 wysok\u0105 stabilno\u015bci\u0105 ro\u015blin nawet w przypadku p\u00f3\u017aniejszych zbior\u00f3w. Kluczowe cechy: Bardzo dobry rozw\u00f3j pocz\u0105tkowy Uniwersalna pod k\u0105tem doboru stanowiska Wysoka odporno\u015b\u0107 na wyleganie Wysoka tolerancja suszy &#8230; <a title=\"Kukurydza FARMIRELLA\" class=\"read-more\" href=\"https:\/\/agro-expert.eu\/?product=kukurydza-farmirella\" aria-label=\"Read more about Kukurydza FARMIRELLA\">Dowiedz si\u0119 wi\u0119cej<\/a><\/p>\n","protected":false},"featured_media":664,"comment_status":"open","ping_status":"closed","template":"","meta":{"om_disable_all_campaigns":false,"_monsterinsights_skip_tracking":false,"_monsterinsights_sitenote_active":false,"_monsterinsights_sitenote_note":"","_monsterinsights_sitenote_category":0,"_uf_show_specific_survey":0,"_uf_disable_surveys":false},"product_brand":[],"product_cat":[23],"product_tag":[],"class_list":{"0":"post-663","1":"product","2":"type-product","3":"status-publish","4":"has-post-thumbnail","6":"product_cat-kukurydza","8":"first","9":"instock","10":"taxable","11":"shipping-taxable","12":"purchasable","13":"product-type-simple"},"aioseo_notices":[],"jetpack_sharing_enabled":true,"_links":{"self":[{"href":"https:\/\/agro-expert.eu\/index.php?rest_route=\/wp\/v2\/product\/663","targetHints":{"allow":["GET"]}}],"collection":[{"href":"https:\/\/agro-expert.eu\/index.php?rest_route=\/wp\/v2\/product"}],"about":[{"href":"https:\/\/agro-expert.eu\/index.php?rest_route=\/wp\/v2\/types\/product"}],"replies":[{"embeddable":true,"href":"https:\/\/agro-expert.eu\/index.php?rest_route=%2Fwp%2Fv2%2Fcomments&post=663"}],"wp:featuredmedia":[{"embeddable":true,"href":"https:\/\/agro-expert.eu\/index.php?rest_route=\/wp\/v2\/media\/664"}],"wp:attachment":[{"href":"https:\/\/agro-expert.eu\/index.php?rest_route=%2Fwp%2Fv2%2Fmedia&parent=663"}],"wp:term":[{"taxonomy":"product_brand","embeddable":true,"href":"https:\/\/agro-expert.eu\/index.php?rest_route=%2Fwp%2Fv2%2Fproduct_brand&post=663"},{"taxonomy":"product_cat","embeddable":true,"href":"https:\/\/agro-expert.eu\/index.php?rest_route=%2Fwp%2Fv2%2Fproduct_cat&post=663"},{"taxonomy":"product_tag","embeddable":true,"href":"https:\/\/agro-expert.eu\/index.php?rest_route=%2Fwp%2Fv2%2Fproduct_tag&post=663"}],"curies":[{"name":"wp","href":"https:\/\/api.w.org\/{rel}","templated":true}]}}