{"id":666,"date":"2024-12-04T11:14:59","date_gmt":"2024-12-04T10:14:59","guid":{"rendered":"https:\/\/agro-expert.eu\/?post_type=product&#038;p=666"},"modified":"2026-01-30T18:07:24","modified_gmt":"2026-01-30T17:07:24","slug":"kukurydza-farmedoc","status":"publish","type":"product","link":"https:\/\/agro-expert.eu\/?product=kukurydza-farmedoc","title":{"rendered":"Kukurydza FARMEDOC"},"content":{"rendered":"<p><strong>FARMEDOC (k 250\/ Z 250)<\/strong>\u00a0to jedna z najnowszych propozycji w ofercie. Odmiana \u0142\u0105czy w sobie najbardziej po\u017c\u0105dane cechy: uniwersalno\u015b\u0107 kierunku u\u017cytkowania, wysoki potencja\u0142 plonotw\u00f3rczy, dobr\u0105 tolerancj\u0119 doboru stanowiska, doskona\u0142e parametry jako\u015bciowe oraz \u015bwietn\u0105 zdrowotno\u015b\u0107.<img fetchpriority=\"high\" decoding=\"async\" class=\"aligncenter wp-image-667 size-full\" src=\"https:\/\/agro-expert.eu\/wp-content\/uploads\/2024\/12\/Zrzut-ekranu-2024-12-4-o-11.16.02.png\" alt=\"\" width=\"1840\" height=\"1146\" srcset=\"https:\/\/agro-expert.eu\/wp-content\/uploads\/2024\/12\/Zrzut-ekranu-2024-12-4-o-11.16.02.png 1840w, https:\/\/agro-expert.eu\/wp-content\/uploads\/2024\/12\/Zrzut-ekranu-2024-12-4-o-11.16.02-300x187.png 300w, https:\/\/agro-expert.eu\/wp-content\/uploads\/2024\/12\/Zrzut-ekranu-2024-12-4-o-11.16.02-1024x638.png 1024w, https:\/\/agro-expert.eu\/wp-content\/uploads\/2024\/12\/Zrzut-ekranu-2024-12-4-o-11.16.02-768x478.png 768w, https:\/\/agro-expert.eu\/wp-content\/uploads\/2024\/12\/Zrzut-ekranu-2024-12-4-o-11.16.02-1536x957.png 1536w, https:\/\/agro-expert.eu\/wp-content\/uploads\/2024\/12\/Zrzut-ekranu-2024-12-4-o-11.16.02-600x374.png 600w\" sizes=\"(max-width: 1840px) 100vw, 1840px\" \/><\/p>\n<h4><strong>Kluczowe cechy:<\/strong><\/h4>\n<ul>\n<li>Wysokie plony<\/li>\n<li>\u015awietne parametry jako\u015bciowe<\/li>\n<li>Doskona\u0142a zdrowotno\u015b\u0107<\/li>\n<li>Bardzo dobry stay-green<img decoding=\"async\" class=\"aligncenter wp-image-668 size-full\" src=\"https:\/\/agro-expert.eu\/wp-content\/uploads\/2024\/12\/Zrzut-ekranu-2024-12-4-o-11.16.09.png\" alt=\"\" width=\"2266\" height=\"1446\" srcset=\"https:\/\/agro-expert.eu\/wp-content\/uploads\/2024\/12\/Zrzut-ekranu-2024-12-4-o-11.16.09.png 2266w, https:\/\/agro-expert.eu\/wp-content\/uploads\/2024\/12\/Zrzut-ekranu-2024-12-4-o-11.16.09-300x191.png 300w, https:\/\/agro-expert.eu\/wp-content\/uploads\/2024\/12\/Zrzut-ekranu-2024-12-4-o-11.16.09-1024x653.png 1024w, https:\/\/agro-expert.eu\/wp-content\/uploads\/2024\/12\/Zrzut-ekranu-2024-12-4-o-11.16.09-768x490.png 768w, https:\/\/agro-expert.eu\/wp-content\/uploads\/2024\/12\/Zrzut-ekranu-2024-12-4-o-11.16.09-1536x980.png 1536w, https:\/\/agro-expert.eu\/wp-content\/uploads\/2024\/12\/Zrzut-ekranu-2024-12-4-o-11.16.09-2048x1307.png 2048w, https:\/\/agro-expert.eu\/wp-content\/uploads\/2024\/12\/Zrzut-ekranu-2024-12-4-o-11.16.09-600x383.png 600w\" sizes=\"(max-width: 2266px) 100vw, 2266px\" \/><\/li>\n<\/ul>\n<p>&nbsp;<\/p>\n<p>&nbsp;<\/p>\n","protected":false},"excerpt":{"rendered":"<p>FARMEDOC (k 250\/ Z 250)\u00a0to jedna z najnowszych propozycji w ofercie. Odmiana \u0142\u0105czy w sobie najbardziej po\u017c\u0105dane cechy: uniwersalno\u015b\u0107 kierunku u\u017cytkowania, wysoki potencja\u0142 plonotw\u00f3rczy, dobr\u0105 tolerancj\u0119 doboru stanowiska, doskona\u0142e parametry jako\u015bciowe oraz \u015bwietn\u0105 zdrowotno\u015b\u0107. Kluczowe cechy: Wysokie plony \u015awietne parametry jako\u015bciowe Doskona\u0142a zdrowotno\u015b\u0107 Bardzo dobry stay-green &nbsp; &nbsp;<\/p>\n","protected":false},"featured_media":667,"comment_status":"open","ping_status":"closed","template":"","meta":{"om_disable_all_campaigns":false,"_monsterinsights_skip_tracking":false,"_monsterinsights_sitenote_active":false,"_monsterinsights_sitenote_note":"","_monsterinsights_sitenote_category":0,"_uf_show_specific_survey":0,"_uf_disable_surveys":false},"product_brand":[],"product_cat":[23],"product_tag":[],"class_list":{"0":"post-666","1":"product","2":"type-product","3":"status-publish","4":"has-post-thumbnail","6":"product_cat-kukurydza","8":"first","9":"instock","10":"taxable","11":"shipping-taxable","12":"purchasable","13":"product-type-simple"},"aioseo_notices":[],"jetpack_sharing_enabled":true,"_links":{"self":[{"href":"https:\/\/agro-expert.eu\/index.php?rest_route=\/wp\/v2\/product\/666","targetHints":{"allow":["GET"]}}],"collection":[{"href":"https:\/\/agro-expert.eu\/index.php?rest_route=\/wp\/v2\/product"}],"about":[{"href":"https:\/\/agro-expert.eu\/index.php?rest_route=\/wp\/v2\/types\/product"}],"replies":[{"embeddable":true,"href":"https:\/\/agro-expert.eu\/index.php?rest_route=%2Fwp%2Fv2%2Fcomments&post=666"}],"wp:featuredmedia":[{"embeddable":true,"href":"https:\/\/agro-expert.eu\/index.php?rest_route=\/wp\/v2\/media\/667"}],"wp:attachment":[{"href":"https:\/\/agro-expert.eu\/index.php?rest_route=%2Fwp%2Fv2%2Fmedia&parent=666"}],"wp:term":[{"taxonomy":"product_brand","embeddable":true,"href":"https:\/\/agro-expert.eu\/index.php?rest_route=%2Fwp%2Fv2%2Fproduct_brand&post=666"},{"taxonomy":"product_cat","embeddable":true,"href":"https:\/\/agro-expert.eu\/index.php?rest_route=%2Fwp%2Fv2%2Fproduct_cat&post=666"},{"taxonomy":"product_tag","embeddable":true,"href":"https:\/\/agro-expert.eu\/index.php?rest_route=%2Fwp%2Fv2%2Fproduct_tag&post=666"}],"curies":[{"name":"wp","href":"https:\/\/api.w.org\/{rel}","templated":true}]}}