{"id":672,"date":"2024-12-04T11:22:29","date_gmt":"2024-12-04T10:22:29","guid":{"rendered":"https:\/\/agro-expert.eu\/?post_type=product&#038;p=672"},"modified":"2025-04-28T15:44:15","modified_gmt":"2025-04-28T13:44:15","slug":"kukurydza-farmrock-fasola-tyczna","status":"publish","type":"product","link":"https:\/\/agro-expert.eu\/?product=kukurydza-farmrock-fasola-tyczna","title":{"rendered":"Kukurydza FARMROCK + FASOLA TYCZNA"},"content":{"rendered":"<p><strong>FARMROCK (K 250\/ Z 240)<\/strong>\u00a0\u015bwietnie radzi sobie ze stresem powodowanym susz\u0105 oraz gwa\u0142townymi wahaniami temperatur w trakcie wschod\u00f3w. Doskonale toleruje tak\u017ce r\u00f3\u017cne warunki glebowe. Nie bez znaczenia jest tak\u017ce bardzo korzystny stosunek ceny do jako\u015bci.<br \/>\n<img fetchpriority=\"high\" decoding=\"async\" class=\"aligncenter wp-image-670 size-full\" src=\"https:\/\/agro-expert.eu\/wp-content\/uploads\/2024\/12\/Zrzut-ekranu-2024-12-4-o-11.20.17.png\" alt=\"\" width=\"2114\" height=\"1346\" srcset=\"https:\/\/agro-expert.eu\/wp-content\/uploads\/2024\/12\/Zrzut-ekranu-2024-12-4-o-11.20.17.png 2114w, https:\/\/agro-expert.eu\/wp-content\/uploads\/2024\/12\/Zrzut-ekranu-2024-12-4-o-11.20.17-300x191.png 300w, https:\/\/agro-expert.eu\/wp-content\/uploads\/2024\/12\/Zrzut-ekranu-2024-12-4-o-11.20.17-1024x652.png 1024w, https:\/\/agro-expert.eu\/wp-content\/uploads\/2024\/12\/Zrzut-ekranu-2024-12-4-o-11.20.17-768x489.png 768w, https:\/\/agro-expert.eu\/wp-content\/uploads\/2024\/12\/Zrzut-ekranu-2024-12-4-o-11.20.17-1536x978.png 1536w, https:\/\/agro-expert.eu\/wp-content\/uploads\/2024\/12\/Zrzut-ekranu-2024-12-4-o-11.20.17-2048x1304.png 2048w, https:\/\/agro-expert.eu\/wp-content\/uploads\/2024\/12\/Zrzut-ekranu-2024-12-4-o-11.20.17-600x382.png 600w\" sizes=\"(max-width: 2114px) 100vw, 2114px\" \/><\/p>\n<h4><strong>Kluczowe cechy:<\/strong><\/h4>\n<ul>\n<li>Niskie wymagania glebowe<\/li>\n<li>Na ziarno lub wysokoenergetyczn\u0105 kiszonk\u0119<\/li>\n<li>Dobry stay green<img decoding=\"async\" class=\"aligncenter wp-image-671 size-full\" src=\"https:\/\/agro-expert.eu\/wp-content\/uploads\/2024\/12\/Zrzut-ekranu-2024-12-4-o-11.20.25.png\" alt=\"\" width=\"2270\" height=\"1424\" srcset=\"https:\/\/agro-expert.eu\/wp-content\/uploads\/2024\/12\/Zrzut-ekranu-2024-12-4-o-11.20.25.png 2270w, https:\/\/agro-expert.eu\/wp-content\/uploads\/2024\/12\/Zrzut-ekranu-2024-12-4-o-11.20.25-300x188.png 300w, https:\/\/agro-expert.eu\/wp-content\/uploads\/2024\/12\/Zrzut-ekranu-2024-12-4-o-11.20.25-1024x642.png 1024w, https:\/\/agro-expert.eu\/wp-content\/uploads\/2024\/12\/Zrzut-ekranu-2024-12-4-o-11.20.25-768x482.png 768w, https:\/\/agro-expert.eu\/wp-content\/uploads\/2024\/12\/Zrzut-ekranu-2024-12-4-o-11.20.25-1536x964.png 1536w, https:\/\/agro-expert.eu\/wp-content\/uploads\/2024\/12\/Zrzut-ekranu-2024-12-4-o-11.20.25-2048x1285.png 2048w, https:\/\/agro-expert.eu\/wp-content\/uploads\/2024\/12\/Zrzut-ekranu-2024-12-4-o-11.20.25-600x376.png 600w\" sizes=\"(max-width: 2270px) 100vw, 2270px\" \/><\/li>\n<\/ul>\n<h4><strong>Dost\u0119pno\u015b\u0107 poszczeg\u00f3lnych wariant\u00f3w zapraw:<\/strong><\/h4>\n<ul>\n<li>Cornguard Powergrow (Standard)<\/li>\n<li>Cornguard + Korit<\/li>\n<li>Nasiona kukurydzy i fasoli tycznej pakowane w proporcji 2 : 1.<\/li>\n<\/ul>\n<p>&nbsp;<\/p>\n<p>&nbsp;<\/p>\n","protected":false},"excerpt":{"rendered":"<p>FARMROCK (K 250\/ Z 240)\u00a0\u015bwietnie radzi sobie ze stresem powodowanym susz\u0105 oraz gwa\u0142townymi wahaniami temperatur w trakcie wschod\u00f3w. Doskonale toleruje tak\u017ce r\u00f3\u017cne warunki glebowe. Nie bez znaczenia jest tak\u017ce bardzo korzystny stosunek ceny do jako\u015bci. Kluczowe cechy: Niskie wymagania glebowe Na ziarno lub wysokoenergetyczn\u0105 kiszonk\u0119 Dobry stay green Dost\u0119pno\u015b\u0107 poszczeg\u00f3lnych wariant\u00f3w zapraw: Cornguard Powergrow (Standard) &#8230; <a title=\"Kukurydza FARMROCK + FASOLA TYCZNA\" class=\"read-more\" href=\"https:\/\/agro-expert.eu\/?product=kukurydza-farmrock-fasola-tyczna\" aria-label=\"Read more about Kukurydza FARMROCK + FASOLA TYCZNA\">Dowiedz si\u0119 wi\u0119cej<\/a><\/p>\n","protected":false},"featured_media":670,"comment_status":"open","ping_status":"closed","template":"","meta":{"om_disable_all_campaigns":false,"_monsterinsights_skip_tracking":false,"_monsterinsights_sitenote_active":false,"_monsterinsights_sitenote_note":"","_monsterinsights_sitenote_category":0,"_uf_show_specific_survey":0,"_uf_disable_surveys":false},"product_brand":[],"product_cat":[23],"product_tag":[],"class_list":{"0":"post-672","1":"product","2":"type-product","3":"status-publish","4":"has-post-thumbnail","6":"product_cat-kukurydza","8":"first","9":"outofstock","10":"taxable","11":"shipping-taxable","12":"purchasable","13":"product-type-simple"},"aioseo_notices":[],"jetpack_sharing_enabled":true,"_links":{"self":[{"href":"https:\/\/agro-expert.eu\/index.php?rest_route=\/wp\/v2\/product\/672","targetHints":{"allow":["GET"]}}],"collection":[{"href":"https:\/\/agro-expert.eu\/index.php?rest_route=\/wp\/v2\/product"}],"about":[{"href":"https:\/\/agro-expert.eu\/index.php?rest_route=\/wp\/v2\/types\/product"}],"replies":[{"embeddable":true,"href":"https:\/\/agro-expert.eu\/index.php?rest_route=%2Fwp%2Fv2%2Fcomments&post=672"}],"wp:featuredmedia":[{"embeddable":true,"href":"https:\/\/agro-expert.eu\/index.php?rest_route=\/wp\/v2\/media\/670"}],"wp:attachment":[{"href":"https:\/\/agro-expert.eu\/index.php?rest_route=%2Fwp%2Fv2%2Fmedia&parent=672"}],"wp:term":[{"taxonomy":"product_brand","embeddable":true,"href":"https:\/\/agro-expert.eu\/index.php?rest_route=%2Fwp%2Fv2%2Fproduct_brand&post=672"},{"taxonomy":"product_cat","embeddable":true,"href":"https:\/\/agro-expert.eu\/index.php?rest_route=%2Fwp%2Fv2%2Fproduct_cat&post=672"},{"taxonomy":"product_tag","embeddable":true,"href":"https:\/\/agro-expert.eu\/index.php?rest_route=%2Fwp%2Fv2%2Fproduct_tag&post=672"}],"curies":[{"name":"wp","href":"https:\/\/api.w.org\/{rel}","templated":true}]}}