{"id":673,"date":"2024-12-04T11:23:51","date_gmt":"2024-12-04T10:23:51","guid":{"rendered":"https:\/\/agro-expert.eu\/?post_type=product&#038;p=673"},"modified":"2026-01-30T18:08:03","modified_gmt":"2026-01-30T17:08:03","slug":"kukurydza-farmueller","status":"publish","type":"product","link":"https:\/\/agro-expert.eu\/?product=kukurydza-farmueller","title":{"rendered":"Kukurydza FARMUELLER"},"content":{"rendered":"<p><strong>FARMUELLER (K 250\/ Z 260)<\/strong> &#8211; W ostatnich latach ro\u015bnie zapotrzebowanie na odmiany o przeznaczeniu m\u0142ynarskim. Wychodz\u0105c naprzeciw zapytaniom rolnik\u00f3w o odmiany na grys, wprowadzili\u015bmy do naszej oferty odmian\u0119 <strong>FARMUELLER<\/strong>. Jest to grupa odmian \u015bredniowczesnych.<img fetchpriority=\"high\" decoding=\"async\" class=\"aligncenter wp-image-674 size-full\" src=\"https:\/\/agro-expert.eu\/wp-content\/uploads\/2024\/12\/Zrzut-ekranu-2024-12-4-o-11.26.08.png\" alt=\"\" width=\"2244\" height=\"1432\" srcset=\"https:\/\/agro-expert.eu\/wp-content\/uploads\/2024\/12\/Zrzut-ekranu-2024-12-4-o-11.26.08.png 2244w, https:\/\/agro-expert.eu\/wp-content\/uploads\/2024\/12\/Zrzut-ekranu-2024-12-4-o-11.26.08-300x191.png 300w, https:\/\/agro-expert.eu\/wp-content\/uploads\/2024\/12\/Zrzut-ekranu-2024-12-4-o-11.26.08-1024x653.png 1024w, https:\/\/agro-expert.eu\/wp-content\/uploads\/2024\/12\/Zrzut-ekranu-2024-12-4-o-11.26.08-768x490.png 768w, https:\/\/agro-expert.eu\/wp-content\/uploads\/2024\/12\/Zrzut-ekranu-2024-12-4-o-11.26.08-1536x980.png 1536w, https:\/\/agro-expert.eu\/wp-content\/uploads\/2024\/12\/Zrzut-ekranu-2024-12-4-o-11.26.08-2048x1307.png 2048w, https:\/\/agro-expert.eu\/wp-content\/uploads\/2024\/12\/Zrzut-ekranu-2024-12-4-o-11.26.08-600x383.png 600w\" sizes=\"(max-width: 2244px) 100vw, 2244px\" \/><\/p>\n<h4><strong>Kluczowe cechy:<\/strong><\/h4>\n<ul>\n<li>Du\u017ce i kszta\u0142tne kolby<\/li>\n<li>Ziarno o wysokiej g\u0119sto\u015bci<\/li>\n<li>Wysoka stabilno\u015b\u0107 plonowania<\/li>\n<li>W\u0142a\u015bciwie wywa\u017cona zawarto\u015b\u0107 skrobi<img decoding=\"async\" class=\"aligncenter wp-image-675 size-full\" src=\"https:\/\/agro-expert.eu\/wp-content\/uploads\/2024\/12\/Zrzut-ekranu-2024-12-4-o-11.26.16.png\" alt=\"\" width=\"2624\" height=\"1672\" srcset=\"https:\/\/agro-expert.eu\/wp-content\/uploads\/2024\/12\/Zrzut-ekranu-2024-12-4-o-11.26.16.png 2624w, https:\/\/agro-expert.eu\/wp-content\/uploads\/2024\/12\/Zrzut-ekranu-2024-12-4-o-11.26.16-300x191.png 300w, https:\/\/agro-expert.eu\/wp-content\/uploads\/2024\/12\/Zrzut-ekranu-2024-12-4-o-11.26.16-1024x652.png 1024w, https:\/\/agro-expert.eu\/wp-content\/uploads\/2024\/12\/Zrzut-ekranu-2024-12-4-o-11.26.16-768x489.png 768w, https:\/\/agro-expert.eu\/wp-content\/uploads\/2024\/12\/Zrzut-ekranu-2024-12-4-o-11.26.16-1536x979.png 1536w, https:\/\/agro-expert.eu\/wp-content\/uploads\/2024\/12\/Zrzut-ekranu-2024-12-4-o-11.26.16-2048x1305.png 2048w, https:\/\/agro-expert.eu\/wp-content\/uploads\/2024\/12\/Zrzut-ekranu-2024-12-4-o-11.26.16-600x382.png 600w\" sizes=\"(max-width: 2624px) 100vw, 2624px\" \/><\/li>\n<\/ul>\n<h4><strong>Dost\u0119pno\u015b\u0107 poszczeg\u00f3lnych wariant\u00f3w zapraw:<\/strong><\/h4>\n<ul>\n<li>Cornguard Powergrow (Standard)<\/li>\n<li>Cornguard + Korit<\/li>\n<\/ul>\n<p>&nbsp;<\/p>\n<p>&nbsp;<\/p>\n","protected":false},"excerpt":{"rendered":"<p>FARMUELLER (K 250\/ Z 260) &#8211; W ostatnich latach ro\u015bnie zapotrzebowanie na odmiany o przeznaczeniu m\u0142ynarskim. Wychodz\u0105c naprzeciw zapytaniom rolnik\u00f3w o odmiany na grys, wprowadzili\u015bmy do naszej oferty odmian\u0119 FARMUELLER. Jest to grupa odmian \u015bredniowczesnych. Kluczowe cechy: Du\u017ce i kszta\u0142tne kolby Ziarno o wysokiej g\u0119sto\u015bci Wysoka stabilno\u015b\u0107 plonowania W\u0142a\u015bciwie wywa\u017cona zawarto\u015b\u0107 skrobi Dost\u0119pno\u015b\u0107 poszczeg\u00f3lnych wariant\u00f3w &#8230; <a title=\"Kukurydza FARMUELLER\" class=\"read-more\" href=\"https:\/\/agro-expert.eu\/?product=kukurydza-farmueller\" aria-label=\"Read more about Kukurydza FARMUELLER\">Dowiedz si\u0119 wi\u0119cej<\/a><\/p>\n","protected":false},"featured_media":674,"comment_status":"open","ping_status":"closed","template":"","meta":{"om_disable_all_campaigns":false,"_monsterinsights_skip_tracking":false,"_monsterinsights_sitenote_active":false,"_monsterinsights_sitenote_note":"","_monsterinsights_sitenote_category":0,"_uf_show_specific_survey":0,"_uf_disable_surveys":false},"product_brand":[],"product_cat":[23],"product_tag":[],"class_list":{"0":"post-673","1":"product","2":"type-product","3":"status-publish","4":"has-post-thumbnail","6":"product_cat-kukurydza","8":"first","9":"instock","10":"taxable","11":"shipping-taxable","12":"purchasable","13":"product-type-simple"},"aioseo_notices":[],"jetpack_sharing_enabled":true,"_links":{"self":[{"href":"https:\/\/agro-expert.eu\/index.php?rest_route=\/wp\/v2\/product\/673","targetHints":{"allow":["GET"]}}],"collection":[{"href":"https:\/\/agro-expert.eu\/index.php?rest_route=\/wp\/v2\/product"}],"about":[{"href":"https:\/\/agro-expert.eu\/index.php?rest_route=\/wp\/v2\/types\/product"}],"replies":[{"embeddable":true,"href":"https:\/\/agro-expert.eu\/index.php?rest_route=%2Fwp%2Fv2%2Fcomments&post=673"}],"wp:featuredmedia":[{"embeddable":true,"href":"https:\/\/agro-expert.eu\/index.php?rest_route=\/wp\/v2\/media\/674"}],"wp:attachment":[{"href":"https:\/\/agro-expert.eu\/index.php?rest_route=%2Fwp%2Fv2%2Fmedia&parent=673"}],"wp:term":[{"taxonomy":"product_brand","embeddable":true,"href":"https:\/\/agro-expert.eu\/index.php?rest_route=%2Fwp%2Fv2%2Fproduct_brand&post=673"},{"taxonomy":"product_cat","embeddable":true,"href":"https:\/\/agro-expert.eu\/index.php?rest_route=%2Fwp%2Fv2%2Fproduct_cat&post=673"},{"taxonomy":"product_tag","embeddable":true,"href":"https:\/\/agro-expert.eu\/index.php?rest_route=%2Fwp%2Fv2%2Fproduct_tag&post=673"}],"curies":[{"name":"wp","href":"https:\/\/api.w.org\/{rel}","templated":true}]}}