{"id":685,"date":"2024-12-04T11:38:51","date_gmt":"2024-12-04T10:38:51","guid":{"rendered":"https:\/\/agro-expert.eu\/?post_type=product&#038;p=685"},"modified":"2025-04-28T15:44:14","modified_gmt":"2025-04-28T13:44:14","slug":"kukurydza-farmoritz-fasola-tyczna","status":"publish","type":"product","link":"https:\/\/agro-expert.eu\/?product=kukurydza-farmoritz-fasola-tyczna","title":{"rendered":"Kukurydza FARMORITZ  + FASOLA TYCZNA"},"content":{"rendered":"<p><strong>FARMORITZ ( K260\/ Z 240)<\/strong>\u00a0jest odmian\u0105 odporn\u0105 na wiosenne ch\u0142ody. \u015awietnie znosi warunki stresowe i dopasowuje si\u0119 do stanowiska. Odmiana tworzy kolb\u0119 o zmiennej wielko\u015bci. Mniejsz\u0105 obsad\u0119 albo warunki stresowe potrafi zrekompensowa\u0107 d\u0142u\u017csz\u0105 kolb\u0105. Jednym s\u0142owem petarda! Nr 1 w naszej sprzeda\u017cy!<img fetchpriority=\"high\" decoding=\"async\" class=\"aligncenter wp-image-683 size-full\" src=\"https:\/\/agro-expert.eu\/wp-content\/uploads\/2024\/12\/Zrzut-ekranu-2024-12-4-o-11.36.27.png\" alt=\"\" width=\"1630\" height=\"946\" srcset=\"https:\/\/agro-expert.eu\/wp-content\/uploads\/2024\/12\/Zrzut-ekranu-2024-12-4-o-11.36.27.png 1630w, https:\/\/agro-expert.eu\/wp-content\/uploads\/2024\/12\/Zrzut-ekranu-2024-12-4-o-11.36.27-300x174.png 300w, https:\/\/agro-expert.eu\/wp-content\/uploads\/2024\/12\/Zrzut-ekranu-2024-12-4-o-11.36.27-1024x594.png 1024w, https:\/\/agro-expert.eu\/wp-content\/uploads\/2024\/12\/Zrzut-ekranu-2024-12-4-o-11.36.27-768x446.png 768w, https:\/\/agro-expert.eu\/wp-content\/uploads\/2024\/12\/Zrzut-ekranu-2024-12-4-o-11.36.27-1536x891.png 1536w, https:\/\/agro-expert.eu\/wp-content\/uploads\/2024\/12\/Zrzut-ekranu-2024-12-4-o-11.36.27-600x348.png 600w\" sizes=\"(max-width: 1630px) 100vw, 1630px\" \/><\/p>\n<h4><strong>Kluczowe cechy:<\/strong><\/h4>\n<ul>\n<li>Wysoki plon ziarna i produktywno\u015b\u0107 biogazu<\/li>\n<li>Intensywny stay green<\/li>\n<li>Doskona\u0142a tolerancja doboru stanowiska<\/li>\n<li>Szybka budowa masy li\u015bci<img decoding=\"async\" class=\"aligncenter wp-image-684 size-full\" src=\"https:\/\/agro-expert.eu\/wp-content\/uploads\/2024\/12\/Zrzut-ekranu-2024-12-4-o-11.36.36.png\" alt=\"\" width=\"2274\" height=\"1400\" srcset=\"https:\/\/agro-expert.eu\/wp-content\/uploads\/2024\/12\/Zrzut-ekranu-2024-12-4-o-11.36.36.png 2274w, https:\/\/agro-expert.eu\/wp-content\/uploads\/2024\/12\/Zrzut-ekranu-2024-12-4-o-11.36.36-300x185.png 300w, https:\/\/agro-expert.eu\/wp-content\/uploads\/2024\/12\/Zrzut-ekranu-2024-12-4-o-11.36.36-1024x630.png 1024w, https:\/\/agro-expert.eu\/wp-content\/uploads\/2024\/12\/Zrzut-ekranu-2024-12-4-o-11.36.36-768x473.png 768w, https:\/\/agro-expert.eu\/wp-content\/uploads\/2024\/12\/Zrzut-ekranu-2024-12-4-o-11.36.36-1536x946.png 1536w, https:\/\/agro-expert.eu\/wp-content\/uploads\/2024\/12\/Zrzut-ekranu-2024-12-4-o-11.36.36-2048x1261.png 2048w, https:\/\/agro-expert.eu\/wp-content\/uploads\/2024\/12\/Zrzut-ekranu-2024-12-4-o-11.36.36-600x369.png 600w\" sizes=\"(max-width: 2274px) 100vw, 2274px\" \/><\/li>\n<\/ul>\n<h4><strong>Dost\u0119pno\u015b\u0107 poszczeg\u00f3lnych wariant\u00f3w zapraw:<\/strong><\/h4>\n<ul>\n<li>Cornguard Powergrow (Standard)<\/li>\n<li>Cornguard + Korit + Force<\/li>\n<\/ul>\n<p>&nbsp;<\/p>\n<p>&nbsp;<\/p>\n","protected":false},"excerpt":{"rendered":"<p>FARMORITZ ( K260\/ Z 240)\u00a0jest odmian\u0105 odporn\u0105 na wiosenne ch\u0142ody. \u015awietnie znosi warunki stresowe i dopasowuje si\u0119 do stanowiska. Odmiana tworzy kolb\u0119 o zmiennej wielko\u015bci. Mniejsz\u0105 obsad\u0119 albo warunki stresowe potrafi zrekompensowa\u0107 d\u0142u\u017csz\u0105 kolb\u0105. Jednym s\u0142owem petarda! Nr 1 w naszej sprzeda\u017cy! Kluczowe cechy: Wysoki plon ziarna i produktywno\u015b\u0107 biogazu Intensywny stay green Doskona\u0142a tolerancja &#8230; <a title=\"Kukurydza FARMORITZ  + FASOLA TYCZNA\" class=\"read-more\" href=\"https:\/\/agro-expert.eu\/?product=kukurydza-farmoritz-fasola-tyczna\" aria-label=\"Read more about Kukurydza FARMORITZ  + FASOLA TYCZNA\">Dowiedz si\u0119 wi\u0119cej<\/a><\/p>\n","protected":false},"featured_media":683,"comment_status":"open","ping_status":"closed","template":"","meta":{"om_disable_all_campaigns":false,"_monsterinsights_skip_tracking":false,"_monsterinsights_sitenote_active":false,"_monsterinsights_sitenote_note":"","_monsterinsights_sitenote_category":0,"_uf_show_specific_survey":0,"_uf_disable_surveys":false},"product_brand":[],"product_cat":[23],"product_tag":[],"class_list":{"0":"post-685","1":"product","2":"type-product","3":"status-publish","4":"has-post-thumbnail","6":"product_cat-kukurydza","8":"first","9":"outofstock","10":"taxable","11":"shipping-taxable","12":"purchasable","13":"product-type-simple"},"aioseo_notices":[],"jetpack_sharing_enabled":true,"_links":{"self":[{"href":"https:\/\/agro-expert.eu\/index.php?rest_route=\/wp\/v2\/product\/685","targetHints":{"allow":["GET"]}}],"collection":[{"href":"https:\/\/agro-expert.eu\/index.php?rest_route=\/wp\/v2\/product"}],"about":[{"href":"https:\/\/agro-expert.eu\/index.php?rest_route=\/wp\/v2\/types\/product"}],"replies":[{"embeddable":true,"href":"https:\/\/agro-expert.eu\/index.php?rest_route=%2Fwp%2Fv2%2Fcomments&post=685"}],"wp:featuredmedia":[{"embeddable":true,"href":"https:\/\/agro-expert.eu\/index.php?rest_route=\/wp\/v2\/media\/683"}],"wp:attachment":[{"href":"https:\/\/agro-expert.eu\/index.php?rest_route=%2Fwp%2Fv2%2Fmedia&parent=685"}],"wp:term":[{"taxonomy":"product_brand","embeddable":true,"href":"https:\/\/agro-expert.eu\/index.php?rest_route=%2Fwp%2Fv2%2Fproduct_brand&post=685"},{"taxonomy":"product_cat","embeddable":true,"href":"https:\/\/agro-expert.eu\/index.php?rest_route=%2Fwp%2Fv2%2Fproduct_cat&post=685"},{"taxonomy":"product_tag","embeddable":true,"href":"https:\/\/agro-expert.eu\/index.php?rest_route=%2Fwp%2Fv2%2Fproduct_tag&post=685"}],"curies":[{"name":"wp","href":"https:\/\/api.w.org\/{rel}","templated":true}]}}