{"id":686,"date":"2024-12-04T11:39:44","date_gmt":"2024-12-04T10:39:44","guid":{"rendered":"https:\/\/agro-expert.eu\/?post_type=product&#038;p=686"},"modified":"2026-01-30T18:11:19","modified_gmt":"2026-01-30T17:11:19","slug":"kukurydza-gulliver","status":"publish","type":"product","link":"https:\/\/agro-expert.eu\/?product=kukurydza-gulliver","title":{"rendered":"Kukurydza GULLIVER"},"content":{"rendered":"<p><strong>GULLIVER (K 260\/ Z 250)<\/strong> to odmiana, kt\u00f3ra ca\u0142kiem niedawno wzbogaci\u0142a nasz\u0105 ofert\u0119 w grupie odmian \u015brednio p\u00f3\u017anych. Mo\u017ce by\u0107 z r\u00f3wnym powodzeniem uprawiana na ziarno i na kiszonk\u0119. Wyr\u00f3\u017cnikiem tej odmiany jest niezwyk\u0142a wytrzyma\u0142o\u015b\u0107, a co za tym idzie wysoka tolerancja doboru stanowiska.<br \/>\n<img fetchpriority=\"high\" decoding=\"async\" class=\"aligncenter wp-image-687 size-full\" src=\"https:\/\/agro-expert.eu\/wp-content\/uploads\/2024\/12\/Zrzut-ekranu-2024-12-4-o-11.41.04.png\" alt=\"\" width=\"1758\" height=\"1080\" srcset=\"https:\/\/agro-expert.eu\/wp-content\/uploads\/2024\/12\/Zrzut-ekranu-2024-12-4-o-11.41.04.png 1758w, https:\/\/agro-expert.eu\/wp-content\/uploads\/2024\/12\/Zrzut-ekranu-2024-12-4-o-11.41.04-300x184.png 300w, https:\/\/agro-expert.eu\/wp-content\/uploads\/2024\/12\/Zrzut-ekranu-2024-12-4-o-11.41.04-1024x629.png 1024w, https:\/\/agro-expert.eu\/wp-content\/uploads\/2024\/12\/Zrzut-ekranu-2024-12-4-o-11.41.04-768x472.png 768w, https:\/\/agro-expert.eu\/wp-content\/uploads\/2024\/12\/Zrzut-ekranu-2024-12-4-o-11.41.04-1536x944.png 1536w, https:\/\/agro-expert.eu\/wp-content\/uploads\/2024\/12\/Zrzut-ekranu-2024-12-4-o-11.41.04-600x369.png 600w\" sizes=\"(max-width: 1758px) 100vw, 1758px\" \/><\/p>\n<h4><strong>Kluczowe cechy:<\/strong><\/h4>\n<ul>\n<li>Du\u017ca tolerancja doboru stanowiska<\/li>\n<li>Dobry rozw\u00f3j pocz\u0105tkowy<\/li>\n<li>Uniwersalna pod wzgl\u0119dem kierunku uprawy<img decoding=\"async\" class=\"aligncenter wp-image-688 size-full\" src=\"https:\/\/agro-expert.eu\/wp-content\/uploads\/2024\/12\/Zrzut-ekranu-2024-12-4-o-11.41.10.png\" alt=\"\" width=\"2278\" height=\"1462\" srcset=\"https:\/\/agro-expert.eu\/wp-content\/uploads\/2024\/12\/Zrzut-ekranu-2024-12-4-o-11.41.10.png 2278w, https:\/\/agro-expert.eu\/wp-content\/uploads\/2024\/12\/Zrzut-ekranu-2024-12-4-o-11.41.10-300x193.png 300w, https:\/\/agro-expert.eu\/wp-content\/uploads\/2024\/12\/Zrzut-ekranu-2024-12-4-o-11.41.10-1024x657.png 1024w, https:\/\/agro-expert.eu\/wp-content\/uploads\/2024\/12\/Zrzut-ekranu-2024-12-4-o-11.41.10-768x493.png 768w, https:\/\/agro-expert.eu\/wp-content\/uploads\/2024\/12\/Zrzut-ekranu-2024-12-4-o-11.41.10-1536x986.png 1536w, https:\/\/agro-expert.eu\/wp-content\/uploads\/2024\/12\/Zrzut-ekranu-2024-12-4-o-11.41.10-2048x1314.png 2048w, https:\/\/agro-expert.eu\/wp-content\/uploads\/2024\/12\/Zrzut-ekranu-2024-12-4-o-11.41.10-600x385.png 600w\" sizes=\"(max-width: 2278px) 100vw, 2278px\" \/><\/li>\n<\/ul>\n<h4><strong>Dost\u0119pno\u015b\u0107 poszczeg\u00f3lnych wariant\u00f3w zapraw:<\/strong><\/h4>\n<ul>\n<li>Cornguard Powergrow (Standard)<\/li>\n<li>Cornguard + Korit + Force<\/li>\n<\/ul>\n<p>&nbsp;<\/p>\n<p>&nbsp;<\/p>\n","protected":false},"excerpt":{"rendered":"<p>GULLIVER (K 260\/ Z 250) to odmiana, kt\u00f3ra ca\u0142kiem niedawno wzbogaci\u0142a nasz\u0105 ofert\u0119 w grupie odmian \u015brednio p\u00f3\u017anych. Mo\u017ce by\u0107 z r\u00f3wnym powodzeniem uprawiana na ziarno i na kiszonk\u0119. Wyr\u00f3\u017cnikiem tej odmiany jest niezwyk\u0142a wytrzyma\u0142o\u015b\u0107, a co za tym idzie wysoka tolerancja doboru stanowiska. Kluczowe cechy: Du\u017ca tolerancja doboru stanowiska Dobry rozw\u00f3j pocz\u0105tkowy Uniwersalna pod &#8230; <a title=\"Kukurydza GULLIVER\" class=\"read-more\" href=\"https:\/\/agro-expert.eu\/?product=kukurydza-gulliver\" aria-label=\"Read more about Kukurydza GULLIVER\">Dowiedz si\u0119 wi\u0119cej<\/a><\/p>\n","protected":false},"featured_media":687,"comment_status":"open","ping_status":"closed","template":"","meta":{"om_disable_all_campaigns":false,"_monsterinsights_skip_tracking":false,"_monsterinsights_sitenote_active":false,"_monsterinsights_sitenote_note":"","_monsterinsights_sitenote_category":0,"_uf_show_specific_survey":0,"_uf_disable_surveys":false},"product_brand":[],"product_cat":[23],"product_tag":[],"class_list":{"0":"post-686","1":"product","2":"type-product","3":"status-publish","4":"has-post-thumbnail","6":"product_cat-kukurydza","8":"first","9":"instock","10":"taxable","11":"shipping-taxable","12":"purchasable","13":"product-type-simple"},"aioseo_notices":[],"jetpack_sharing_enabled":true,"_links":{"self":[{"href":"https:\/\/agro-expert.eu\/index.php?rest_route=\/wp\/v2\/product\/686","targetHints":{"allow":["GET"]}}],"collection":[{"href":"https:\/\/agro-expert.eu\/index.php?rest_route=\/wp\/v2\/product"}],"about":[{"href":"https:\/\/agro-expert.eu\/index.php?rest_route=\/wp\/v2\/types\/product"}],"replies":[{"embeddable":true,"href":"https:\/\/agro-expert.eu\/index.php?rest_route=%2Fwp%2Fv2%2Fcomments&post=686"}],"wp:featuredmedia":[{"embeddable":true,"href":"https:\/\/agro-expert.eu\/index.php?rest_route=\/wp\/v2\/media\/687"}],"wp:attachment":[{"href":"https:\/\/agro-expert.eu\/index.php?rest_route=%2Fwp%2Fv2%2Fmedia&parent=686"}],"wp:term":[{"taxonomy":"product_brand","embeddable":true,"href":"https:\/\/agro-expert.eu\/index.php?rest_route=%2Fwp%2Fv2%2Fproduct_brand&post=686"},{"taxonomy":"product_cat","embeddable":true,"href":"https:\/\/agro-expert.eu\/index.php?rest_route=%2Fwp%2Fv2%2Fproduct_cat&post=686"},{"taxonomy":"product_tag","embeddable":true,"href":"https:\/\/agro-expert.eu\/index.php?rest_route=%2Fwp%2Fv2%2Fproduct_tag&post=686"}],"curies":[{"name":"wp","href":"https:\/\/api.w.org\/{rel}","templated":true}]}}