{"id":689,"date":"2024-12-04T11:44:47","date_gmt":"2024-12-04T10:44:47","guid":{"rendered":"https:\/\/agro-expert.eu\/?post_type=product&#038;p=689"},"modified":"2026-01-30T18:10:53","modified_gmt":"2026-01-30T17:10:53","slug":"kukurydza-farmirage","status":"publish","type":"product","link":"https:\/\/agro-expert.eu\/?product=kukurydza-farmirage","title":{"rendered":"Kukurydza FARMIRAGE"},"content":{"rendered":"<p><strong>FARMIRAGE (K 260\/ Z 260) &#8211; <\/strong>Wspania\u0142y rozw\u00f3j pocz\u0105tkowy, wysoka strawno\u015b\u0107 i bogato uziarniona kolba to tylko cz\u0119\u015b\u0107 atut\u00f3w odmiany FARMIRAGE. Zaspokoi ona oczekiwania najbardziej wymagaj\u0105cych rolnik\u00f3w, kt\u00f3rzy ceni\u0105 sobie najwy\u017csz\u0105 jako\u015b\u0107 nasion oraz zebranych plon\u00f3w. Jej parametry wpisuj\u0105 si\u0119 tak\u017ce \u015bwietnie w rosn\u0105ce w moim regionie zainteresowanie odmianami uniwersalnymi.<img fetchpriority=\"high\" decoding=\"async\" class=\"aligncenter wp-image-690 size-full\" src=\"https:\/\/agro-expert.eu\/wp-content\/uploads\/2024\/12\/Zrzut-ekranu-2024-12-4-o-11.45.52.png\" alt=\"\" width=\"1542\" height=\"920\" srcset=\"https:\/\/agro-expert.eu\/wp-content\/uploads\/2024\/12\/Zrzut-ekranu-2024-12-4-o-11.45.52.png 1542w, https:\/\/agro-expert.eu\/wp-content\/uploads\/2024\/12\/Zrzut-ekranu-2024-12-4-o-11.45.52-300x179.png 300w, https:\/\/agro-expert.eu\/wp-content\/uploads\/2024\/12\/Zrzut-ekranu-2024-12-4-o-11.45.52-1024x611.png 1024w, https:\/\/agro-expert.eu\/wp-content\/uploads\/2024\/12\/Zrzut-ekranu-2024-12-4-o-11.45.52-768x458.png 768w, https:\/\/agro-expert.eu\/wp-content\/uploads\/2024\/12\/Zrzut-ekranu-2024-12-4-o-11.45.52-1536x916.png 1536w, https:\/\/agro-expert.eu\/wp-content\/uploads\/2024\/12\/Zrzut-ekranu-2024-12-4-o-11.45.52-600x358.png 600w\" sizes=\"(max-width: 1542px) 100vw, 1542px\" \/><\/p>\n<h4><strong>Kluczowe cechy:<\/strong><\/h4>\n<ul>\n<li>R\u00f3wnomierne dojrzewanie kolb i cz\u0119\u015bci zielonych<\/li>\n<li>Doskona\u0142e parametry jako\u015bciowe ziarna i kiszonki<\/li>\n<li>Najlepsze wyniki w korzystnych warunkach<br \/>\n<img decoding=\"async\" class=\"aligncenter wp-image-692 size-full\" src=\"https:\/\/agro-expert.eu\/wp-content\/uploads\/2024\/12\/Zrzut-ekranu-2024-12-4-o-11.45.59.png\" alt=\"\" width=\"2268\" height=\"1452\" srcset=\"https:\/\/agro-expert.eu\/wp-content\/uploads\/2024\/12\/Zrzut-ekranu-2024-12-4-o-11.45.59.png 2268w, https:\/\/agro-expert.eu\/wp-content\/uploads\/2024\/12\/Zrzut-ekranu-2024-12-4-o-11.45.59-300x192.png 300w, https:\/\/agro-expert.eu\/wp-content\/uploads\/2024\/12\/Zrzut-ekranu-2024-12-4-o-11.45.59-1024x656.png 1024w, https:\/\/agro-expert.eu\/wp-content\/uploads\/2024\/12\/Zrzut-ekranu-2024-12-4-o-11.45.59-768x492.png 768w, https:\/\/agro-expert.eu\/wp-content\/uploads\/2024\/12\/Zrzut-ekranu-2024-12-4-o-11.45.59-1536x983.png 1536w, https:\/\/agro-expert.eu\/wp-content\/uploads\/2024\/12\/Zrzut-ekranu-2024-12-4-o-11.45.59-2048x1311.png 2048w, https:\/\/agro-expert.eu\/wp-content\/uploads\/2024\/12\/Zrzut-ekranu-2024-12-4-o-11.45.59-600x384.png 600w\" sizes=\"(max-width: 2268px) 100vw, 2268px\" \/><\/li>\n<\/ul>\n<h4><strong>Dost\u0119pno\u015b\u0107 poszczeg\u00f3lnych wariant\u00f3w zapraw:<\/strong><\/h4>\n<ul>\n<li>Cornguard Powergrow (Standard)<\/li>\n<li>Cornguard + Korit + Force<\/li>\n<\/ul>\n<p>&nbsp;<\/p>\n<p>&nbsp;<\/p>\n","protected":false},"excerpt":{"rendered":"<p>FARMIRAGE (K 260\/ Z 260) &#8211; Wspania\u0142y rozw\u00f3j pocz\u0105tkowy, wysoka strawno\u015b\u0107 i bogato uziarniona kolba to tylko cz\u0119\u015b\u0107 atut\u00f3w odmiany FARMIRAGE. Zaspokoi ona oczekiwania najbardziej wymagaj\u0105cych rolnik\u00f3w, kt\u00f3rzy ceni\u0105 sobie najwy\u017csz\u0105 jako\u015b\u0107 nasion oraz zebranych plon\u00f3w. Jej parametry wpisuj\u0105 si\u0119 tak\u017ce \u015bwietnie w rosn\u0105ce w moim regionie zainteresowanie odmianami uniwersalnymi. Kluczowe cechy: R\u00f3wnomierne dojrzewanie kolb &#8230; <a title=\"Kukurydza FARMIRAGE\" class=\"read-more\" href=\"https:\/\/agro-expert.eu\/?product=kukurydza-farmirage\" aria-label=\"Read more about Kukurydza FARMIRAGE\">Dowiedz si\u0119 wi\u0119cej<\/a><\/p>\n","protected":false},"featured_media":691,"comment_status":"open","ping_status":"closed","template":"","meta":{"om_disable_all_campaigns":false,"_monsterinsights_skip_tracking":false,"_monsterinsights_sitenote_active":false,"_monsterinsights_sitenote_note":"","_monsterinsights_sitenote_category":0,"_uf_show_specific_survey":0,"_uf_disable_surveys":false},"product_brand":[],"product_cat":[23],"product_tag":[],"class_list":{"0":"post-689","1":"product","2":"type-product","3":"status-publish","4":"has-post-thumbnail","6":"product_cat-kukurydza","8":"first","9":"instock","10":"taxable","11":"shipping-taxable","12":"purchasable","13":"product-type-simple"},"aioseo_notices":[],"jetpack_sharing_enabled":true,"_links":{"self":[{"href":"https:\/\/agro-expert.eu\/index.php?rest_route=\/wp\/v2\/product\/689","targetHints":{"allow":["GET"]}}],"collection":[{"href":"https:\/\/agro-expert.eu\/index.php?rest_route=\/wp\/v2\/product"}],"about":[{"href":"https:\/\/agro-expert.eu\/index.php?rest_route=\/wp\/v2\/types\/product"}],"replies":[{"embeddable":true,"href":"https:\/\/agro-expert.eu\/index.php?rest_route=%2Fwp%2Fv2%2Fcomments&post=689"}],"wp:featuredmedia":[{"embeddable":true,"href":"https:\/\/agro-expert.eu\/index.php?rest_route=\/wp\/v2\/media\/691"}],"wp:attachment":[{"href":"https:\/\/agro-expert.eu\/index.php?rest_route=%2Fwp%2Fv2%2Fmedia&parent=689"}],"wp:term":[{"taxonomy":"product_brand","embeddable":true,"href":"https:\/\/agro-expert.eu\/index.php?rest_route=%2Fwp%2Fv2%2Fproduct_brand&post=689"},{"taxonomy":"product_cat","embeddable":true,"href":"https:\/\/agro-expert.eu\/index.php?rest_route=%2Fwp%2Fv2%2Fproduct_cat&post=689"},{"taxonomy":"product_tag","embeddable":true,"href":"https:\/\/agro-expert.eu\/index.php?rest_route=%2Fwp%2Fv2%2Fproduct_tag&post=689"}],"curies":[{"name":"wp","href":"https:\/\/api.w.org\/{rel}","templated":true}]}}