{"id":693,"date":"2024-12-04T11:48:24","date_gmt":"2024-12-04T10:48:24","guid":{"rendered":"https:\/\/agro-expert.eu\/?post_type=product&#038;p=693"},"modified":"2026-01-30T18:10:20","modified_gmt":"2026-01-30T17:10:20","slug":"kukurydza-farmpower","status":"publish","type":"product","link":"https:\/\/agro-expert.eu\/?product=kukurydza-farmpower","title":{"rendered":"Kukurydza FARMPOWER"},"content":{"rendered":"<p><strong>FARMPOWER (K 260\/ Z 260)<\/strong>\u00a0to odmiana, kt\u00f3ra sw\u00f3j doskona\u0142y potencja\u0142 plonotw\u00f3rczy zaprezentuje szczeg\u00f3lnie na bardziej zasobnych stanowiskach. W takich warunkach zachwyci te\u017c produktywno\u015bci\u0105 energii zar\u00f3wno z ziarna, jak i z pozosta\u0142ych cz\u0119\u015bci ro\u015bliny.<br \/>\n<img fetchpriority=\"high\" decoding=\"async\" class=\"aligncenter wp-image-694 size-full\" src=\"https:\/\/agro-expert.eu\/wp-content\/uploads\/2024\/12\/Zrzut-ekranu-2024-12-4-o-11.49.15.png\" alt=\"\" width=\"1984\" height=\"1178\" srcset=\"https:\/\/agro-expert.eu\/wp-content\/uploads\/2024\/12\/Zrzut-ekranu-2024-12-4-o-11.49.15.png 1984w, https:\/\/agro-expert.eu\/wp-content\/uploads\/2024\/12\/Zrzut-ekranu-2024-12-4-o-11.49.15-300x178.png 300w, https:\/\/agro-expert.eu\/wp-content\/uploads\/2024\/12\/Zrzut-ekranu-2024-12-4-o-11.49.15-1024x608.png 1024w, https:\/\/agro-expert.eu\/wp-content\/uploads\/2024\/12\/Zrzut-ekranu-2024-12-4-o-11.49.15-768x456.png 768w, https:\/\/agro-expert.eu\/wp-content\/uploads\/2024\/12\/Zrzut-ekranu-2024-12-4-o-11.49.15-1536x912.png 1536w, https:\/\/agro-expert.eu\/wp-content\/uploads\/2024\/12\/Zrzut-ekranu-2024-12-4-o-11.49.15-600x356.png 600w\" sizes=\"(max-width: 1984px) 100vw, 1984px\" \/><\/p>\n<h4><strong>Kluczowe cechy:<\/strong><\/h4>\n<ul>\n<li>Du\u017ca stabilno\u015b\u0107 plonowania<\/li>\n<li>\u015awietny stay green<\/li>\n<li>Ro\u015bliny o imponuj\u0105cym pokroju z szerok\u0105 blaszk\u0105 li\u015bciow\u0105<br \/>\n<img decoding=\"async\" class=\"aligncenter wp-image-695 size-full\" src=\"https:\/\/agro-expert.eu\/wp-content\/uploads\/2024\/12\/Zrzut-ekranu-2024-12-4-o-11.49.21.png\" alt=\"\" width=\"2258\" height=\"1404\" srcset=\"https:\/\/agro-expert.eu\/wp-content\/uploads\/2024\/12\/Zrzut-ekranu-2024-12-4-o-11.49.21.png 2258w, https:\/\/agro-expert.eu\/wp-content\/uploads\/2024\/12\/Zrzut-ekranu-2024-12-4-o-11.49.21-300x187.png 300w, https:\/\/agro-expert.eu\/wp-content\/uploads\/2024\/12\/Zrzut-ekranu-2024-12-4-o-11.49.21-1024x637.png 1024w, https:\/\/agro-expert.eu\/wp-content\/uploads\/2024\/12\/Zrzut-ekranu-2024-12-4-o-11.49.21-768x478.png 768w, https:\/\/agro-expert.eu\/wp-content\/uploads\/2024\/12\/Zrzut-ekranu-2024-12-4-o-11.49.21-1536x955.png 1536w, https:\/\/agro-expert.eu\/wp-content\/uploads\/2024\/12\/Zrzut-ekranu-2024-12-4-o-11.49.21-2048x1273.png 2048w, https:\/\/agro-expert.eu\/wp-content\/uploads\/2024\/12\/Zrzut-ekranu-2024-12-4-o-11.49.21-600x373.png 600w\" sizes=\"(max-width: 2258px) 100vw, 2258px\" \/><\/li>\n<\/ul>\n<h4><strong>Dost\u0119pno\u015b\u0107 poszczeg\u00f3lnych wariant\u00f3w zapraw:<\/strong><\/h4>\n<ul>\n<li>Cornguard Powergrow (Standard)<\/li>\n<li>Cornguard + Korit + Force<\/li>\n<\/ul>\n<p>&nbsp;<\/p>\n<p>&nbsp;<\/p>\n","protected":false},"excerpt":{"rendered":"<p>FARMPOWER (K 260\/ Z 260)\u00a0to odmiana, kt\u00f3ra sw\u00f3j doskona\u0142y potencja\u0142 plonotw\u00f3rczy zaprezentuje szczeg\u00f3lnie na bardziej zasobnych stanowiskach. W takich warunkach zachwyci te\u017c produktywno\u015bci\u0105 energii zar\u00f3wno z ziarna, jak i z pozosta\u0142ych cz\u0119\u015bci ro\u015bliny. Kluczowe cechy: Du\u017ca stabilno\u015b\u0107 plonowania \u015awietny stay green Ro\u015bliny o imponuj\u0105cym pokroju z szerok\u0105 blaszk\u0105 li\u015bciow\u0105 Dost\u0119pno\u015b\u0107 poszczeg\u00f3lnych wariant\u00f3w zapraw: Cornguard Powergrow &#8230; <a title=\"Kukurydza FARMPOWER\" class=\"read-more\" href=\"https:\/\/agro-expert.eu\/?product=kukurydza-farmpower\" aria-label=\"Read more about Kukurydza FARMPOWER\">Dowiedz si\u0119 wi\u0119cej<\/a><\/p>\n","protected":false},"featured_media":694,"comment_status":"open","ping_status":"closed","template":"","meta":{"om_disable_all_campaigns":false,"_monsterinsights_skip_tracking":false,"_monsterinsights_sitenote_active":false,"_monsterinsights_sitenote_note":"","_monsterinsights_sitenote_category":0,"_uf_show_specific_survey":0,"_uf_disable_surveys":false},"product_brand":[],"product_cat":[23],"product_tag":[],"class_list":{"0":"post-693","1":"product","2":"type-product","3":"status-publish","4":"has-post-thumbnail","6":"product_cat-kukurydza","8":"first","9":"instock","10":"taxable","11":"shipping-taxable","12":"purchasable","13":"product-type-simple"},"aioseo_notices":[],"jetpack_sharing_enabled":true,"_links":{"self":[{"href":"https:\/\/agro-expert.eu\/index.php?rest_route=\/wp\/v2\/product\/693","targetHints":{"allow":["GET"]}}],"collection":[{"href":"https:\/\/agro-expert.eu\/index.php?rest_route=\/wp\/v2\/product"}],"about":[{"href":"https:\/\/agro-expert.eu\/index.php?rest_route=\/wp\/v2\/types\/product"}],"replies":[{"embeddable":true,"href":"https:\/\/agro-expert.eu\/index.php?rest_route=%2Fwp%2Fv2%2Fcomments&post=693"}],"wp:featuredmedia":[{"embeddable":true,"href":"https:\/\/agro-expert.eu\/index.php?rest_route=\/wp\/v2\/media\/694"}],"wp:attachment":[{"href":"https:\/\/agro-expert.eu\/index.php?rest_route=%2Fwp%2Fv2%2Fmedia&parent=693"}],"wp:term":[{"taxonomy":"product_brand","embeddable":true,"href":"https:\/\/agro-expert.eu\/index.php?rest_route=%2Fwp%2Fv2%2Fproduct_brand&post=693"},{"taxonomy":"product_cat","embeddable":true,"href":"https:\/\/agro-expert.eu\/index.php?rest_route=%2Fwp%2Fv2%2Fproduct_cat&post=693"},{"taxonomy":"product_tag","embeddable":true,"href":"https:\/\/agro-expert.eu\/index.php?rest_route=%2Fwp%2Fv2%2Fproduct_tag&post=693"}],"curies":[{"name":"wp","href":"https:\/\/api.w.org\/{rel}","templated":true}]}}