{"id":697,"date":"2024-12-04T11:52:02","date_gmt":"2024-12-04T10:52:02","guid":{"rendered":"https:\/\/agro-expert.eu\/?post_type=product&#038;p=697"},"modified":"2026-01-30T18:09:54","modified_gmt":"2026-01-30T17:09:54","slug":"kukurydza-farmurphy","status":"publish","type":"product","link":"https:\/\/agro-expert.eu\/?product=kukurydza-farmurphy","title":{"rendered":"Kukurydza FARMURPHY"},"content":{"rendered":"<p><strong>FARMURPHY (K260\/ Z 260)<\/strong>\u00a0jest naszym \u017cywio\u0142em! To absolutny idol we wczesnym wigorze. Wschodzi niezawodnie w najci\u0119\u017cszych warunkach. Na glebach dobrych i bardzo dobrych odmiana wykazuje si\u0119 niezwyk\u0142ym potencja\u0142em plonowania i zaskakuje swoim wynikiem niejedno gospodarstwo<img fetchpriority=\"high\" decoding=\"async\" class=\"aligncenter wp-image-698 size-full\" src=\"https:\/\/agro-expert.eu\/wp-content\/uploads\/2024\/12\/Zrzut-ekranu-2024-12-4-o-11.52.40.png\" alt=\"\" width=\"1438\" height=\"882\" srcset=\"https:\/\/agro-expert.eu\/wp-content\/uploads\/2024\/12\/Zrzut-ekranu-2024-12-4-o-11.52.40.png 1438w, https:\/\/agro-expert.eu\/wp-content\/uploads\/2024\/12\/Zrzut-ekranu-2024-12-4-o-11.52.40-300x184.png 300w, https:\/\/agro-expert.eu\/wp-content\/uploads\/2024\/12\/Zrzut-ekranu-2024-12-4-o-11.52.40-1024x628.png 1024w, https:\/\/agro-expert.eu\/wp-content\/uploads\/2024\/12\/Zrzut-ekranu-2024-12-4-o-11.52.40-768x471.png 768w, https:\/\/agro-expert.eu\/wp-content\/uploads\/2024\/12\/Zrzut-ekranu-2024-12-4-o-11.52.40-600x368.png 600w\" sizes=\"(max-width: 1438px) 100vw, 1438px\" \/><\/p>\n<h4><strong>Kluczowe cechy:<\/strong><\/h4>\n<ul>\n<li>Harmonijne dojrzewanie<\/li>\n<li>Stabilne plony<\/li>\n<li>Doskona\u0142a odporno\u015b\u0107 na wyleganie<\/li>\n<li>Wykorzystanie na CCM tylko w latach z nisk\u0105 presj\u0105 fuzariozy<br \/>\n<img decoding=\"async\" class=\"aligncenter wp-image-699 size-full\" src=\"https:\/\/agro-expert.eu\/wp-content\/uploads\/2024\/12\/Zrzut-ekranu-2024-12-4-o-11.52.49.png\" alt=\"\" width=\"2950\" height=\"1854\" srcset=\"https:\/\/agro-expert.eu\/wp-content\/uploads\/2024\/12\/Zrzut-ekranu-2024-12-4-o-11.52.49.png 2950w, https:\/\/agro-expert.eu\/wp-content\/uploads\/2024\/12\/Zrzut-ekranu-2024-12-4-o-11.52.49-300x189.png 300w, https:\/\/agro-expert.eu\/wp-content\/uploads\/2024\/12\/Zrzut-ekranu-2024-12-4-o-11.52.49-1024x644.png 1024w, https:\/\/agro-expert.eu\/wp-content\/uploads\/2024\/12\/Zrzut-ekranu-2024-12-4-o-11.52.49-768x483.png 768w, https:\/\/agro-expert.eu\/wp-content\/uploads\/2024\/12\/Zrzut-ekranu-2024-12-4-o-11.52.49-1536x965.png 1536w, https:\/\/agro-expert.eu\/wp-content\/uploads\/2024\/12\/Zrzut-ekranu-2024-12-4-o-11.52.49-2048x1287.png 2048w, https:\/\/agro-expert.eu\/wp-content\/uploads\/2024\/12\/Zrzut-ekranu-2024-12-4-o-11.52.49-600x377.png 600w\" sizes=\"(max-width: 2950px) 100vw, 2950px\" \/><\/li>\n<\/ul>\n<h4><strong>Dost\u0119pno\u015b\u0107 poszczeg\u00f3lnych wariant\u00f3w zapraw:<\/strong><\/h4>\n<ul>\n<li>Cornguard Powergrow (Standard)<\/li>\n<li>Cornguard + Korit + Force<\/li>\n<\/ul>\n<p>&nbsp;<\/p>\n<p>&nbsp;<\/p>\n","protected":false},"excerpt":{"rendered":"<p>FARMURPHY (K260\/ Z 260)\u00a0jest naszym \u017cywio\u0142em! To absolutny idol we wczesnym wigorze. Wschodzi niezawodnie w najci\u0119\u017cszych warunkach. Na glebach dobrych i bardzo dobrych odmiana wykazuje si\u0119 niezwyk\u0142ym potencja\u0142em plonowania i zaskakuje swoim wynikiem niejedno gospodarstwo Kluczowe cechy: Harmonijne dojrzewanie Stabilne plony Doskona\u0142a odporno\u015b\u0107 na wyleganie Wykorzystanie na CCM tylko w latach z nisk\u0105 presj\u0105 fuzariozy &#8230; <a title=\"Kukurydza FARMURPHY\" class=\"read-more\" href=\"https:\/\/agro-expert.eu\/?product=kukurydza-farmurphy\" aria-label=\"Read more about Kukurydza FARMURPHY\">Dowiedz si\u0119 wi\u0119cej<\/a><\/p>\n","protected":false},"featured_media":698,"comment_status":"open","ping_status":"closed","template":"","meta":{"om_disable_all_campaigns":false,"_monsterinsights_skip_tracking":false,"_monsterinsights_sitenote_active":false,"_monsterinsights_sitenote_note":"","_monsterinsights_sitenote_category":0,"_uf_show_specific_survey":0,"_uf_disable_surveys":false},"product_brand":[],"product_cat":[23],"product_tag":[],"class_list":{"0":"post-697","1":"product","2":"type-product","3":"status-publish","4":"has-post-thumbnail","6":"product_cat-kukurydza","8":"first","9":"instock","10":"taxable","11":"shipping-taxable","12":"purchasable","13":"product-type-simple"},"aioseo_notices":[],"jetpack_sharing_enabled":true,"_links":{"self":[{"href":"https:\/\/agro-expert.eu\/index.php?rest_route=\/wp\/v2\/product\/697","targetHints":{"allow":["GET"]}}],"collection":[{"href":"https:\/\/agro-expert.eu\/index.php?rest_route=\/wp\/v2\/product"}],"about":[{"href":"https:\/\/agro-expert.eu\/index.php?rest_route=\/wp\/v2\/types\/product"}],"replies":[{"embeddable":true,"href":"https:\/\/agro-expert.eu\/index.php?rest_route=%2Fwp%2Fv2%2Fcomments&post=697"}],"wp:featuredmedia":[{"embeddable":true,"href":"https:\/\/agro-expert.eu\/index.php?rest_route=\/wp\/v2\/media\/698"}],"wp:attachment":[{"href":"https:\/\/agro-expert.eu\/index.php?rest_route=%2Fwp%2Fv2%2Fmedia&parent=697"}],"wp:term":[{"taxonomy":"product_brand","embeddable":true,"href":"https:\/\/agro-expert.eu\/index.php?rest_route=%2Fwp%2Fv2%2Fproduct_brand&post=697"},{"taxonomy":"product_cat","embeddable":true,"href":"https:\/\/agro-expert.eu\/index.php?rest_route=%2Fwp%2Fv2%2Fproduct_cat&post=697"},{"taxonomy":"product_tag","embeddable":true,"href":"https:\/\/agro-expert.eu\/index.php?rest_route=%2Fwp%2Fv2%2Fproduct_tag&post=697"}],"curies":[{"name":"wp","href":"https:\/\/api.w.org\/{rel}","templated":true}]}}