{"id":702,"date":"2024-12-04T12:01:25","date_gmt":"2024-12-04T11:01:25","guid":{"rendered":"https:\/\/agro-expert.eu\/?post_type=product&#038;p=702"},"modified":"2026-01-30T18:08:56","modified_gmt":"2026-01-30T17:08:56","slug":"kukurydza-farmikone","status":"publish","type":"product","link":"https:\/\/agro-expert.eu\/?product=kukurydza-farmikone","title":{"rendered":"Kukurydza FARMIKONE"},"content":{"rendered":"<p><strong>FARMIKONE (K280\/ Z 270)<\/strong> To wszechstronna odmiana, gwarantuj\u0105ca wysoki i stabilny plon ziarna oraz suchej masy i skrobi. Wyr\u00f3\u017cnia si\u0119 \u015bwietnym wigorem pocz\u0105tkowym, a mocny stay green zapewnia elastyczno\u015b\u0107 zbioru.<img fetchpriority=\"high\" decoding=\"async\" class=\"aligncenter wp-image-703 size-full\" src=\"https:\/\/agro-expert.eu\/wp-content\/uploads\/2024\/12\/Zrzut-ekranu-2024-12-4-o-12.02.13.png\" alt=\"\" width=\"1306\" height=\"740\" srcset=\"https:\/\/agro-expert.eu\/wp-content\/uploads\/2024\/12\/Zrzut-ekranu-2024-12-4-o-12.02.13.png 1306w, https:\/\/agro-expert.eu\/wp-content\/uploads\/2024\/12\/Zrzut-ekranu-2024-12-4-o-12.02.13-300x170.png 300w, https:\/\/agro-expert.eu\/wp-content\/uploads\/2024\/12\/Zrzut-ekranu-2024-12-4-o-12.02.13-1024x580.png 1024w, https:\/\/agro-expert.eu\/wp-content\/uploads\/2024\/12\/Zrzut-ekranu-2024-12-4-o-12.02.13-768x435.png 768w, https:\/\/agro-expert.eu\/wp-content\/uploads\/2024\/12\/Zrzut-ekranu-2024-12-4-o-12.02.13-600x340.png 600w\" sizes=\"(max-width: 1306px) 100vw, 1306px\" \/><\/p>\n<h4><strong>Kluczowe cechy:<\/strong><\/h4>\n<ul>\n<li>Silny i wydajny system korzeniowy<\/li>\n<li>Bogate ulistnienie<\/li>\n<li>Wysoka zdrowotno\u015b\u0107 ro\u015blin<br \/>\n<img decoding=\"async\" class=\"aligncenter wp-image-704 size-full\" src=\"https:\/\/agro-expert.eu\/wp-content\/uploads\/2024\/12\/Zrzut-ekranu-2024-12-4-o-12.02.20.png\" alt=\"\" width=\"2714\" height=\"1686\" srcset=\"https:\/\/agro-expert.eu\/wp-content\/uploads\/2024\/12\/Zrzut-ekranu-2024-12-4-o-12.02.20.png 2714w, https:\/\/agro-expert.eu\/wp-content\/uploads\/2024\/12\/Zrzut-ekranu-2024-12-4-o-12.02.20-300x186.png 300w, https:\/\/agro-expert.eu\/wp-content\/uploads\/2024\/12\/Zrzut-ekranu-2024-12-4-o-12.02.20-1024x636.png 1024w, https:\/\/agro-expert.eu\/wp-content\/uploads\/2024\/12\/Zrzut-ekranu-2024-12-4-o-12.02.20-768x477.png 768w, https:\/\/agro-expert.eu\/wp-content\/uploads\/2024\/12\/Zrzut-ekranu-2024-12-4-o-12.02.20-1536x954.png 1536w, https:\/\/agro-expert.eu\/wp-content\/uploads\/2024\/12\/Zrzut-ekranu-2024-12-4-o-12.02.20-2048x1272.png 2048w, https:\/\/agro-expert.eu\/wp-content\/uploads\/2024\/12\/Zrzut-ekranu-2024-12-4-o-12.02.20-600x373.png 600w\" sizes=\"(max-width: 2714px) 100vw, 2714px\" \/><\/li>\n<\/ul>\n<h4><strong>Dost\u0119pno\u015b\u0107 poszczeg\u00f3lnych wariant\u00f3w zapraw:<\/strong><\/h4>\n<ul>\n<li>Cornguard Powergrow (Standard)<\/li>\n<li>Cornguard + Korit<\/li>\n<\/ul>\n<p>&nbsp;<\/p>\n<p>&nbsp;<\/p>\n","protected":false},"excerpt":{"rendered":"<p>FARMIKONE (K280\/ Z 270) To wszechstronna odmiana, gwarantuj\u0105ca wysoki i stabilny plon ziarna oraz suchej masy i skrobi. Wyr\u00f3\u017cnia si\u0119 \u015bwietnym wigorem pocz\u0105tkowym, a mocny stay green zapewnia elastyczno\u015b\u0107 zbioru. Kluczowe cechy: Silny i wydajny system korzeniowy Bogate ulistnienie Wysoka zdrowotno\u015b\u0107 ro\u015blin Dost\u0119pno\u015b\u0107 poszczeg\u00f3lnych wariant\u00f3w zapraw: Cornguard Powergrow (Standard) Cornguard + Korit &nbsp; &nbsp;<\/p>\n","protected":false},"featured_media":703,"comment_status":"open","ping_status":"closed","template":"","meta":{"om_disable_all_campaigns":false,"_monsterinsights_skip_tracking":false,"_monsterinsights_sitenote_active":false,"_monsterinsights_sitenote_note":"","_monsterinsights_sitenote_category":0,"_uf_show_specific_survey":0,"_uf_disable_surveys":false},"product_brand":[],"product_cat":[23],"product_tag":[],"class_list":{"0":"post-702","1":"product","2":"type-product","3":"status-publish","4":"has-post-thumbnail","6":"product_cat-kukurydza","8":"first","9":"instock","10":"taxable","11":"shipping-taxable","12":"purchasable","13":"product-type-simple"},"aioseo_notices":[],"jetpack_sharing_enabled":true,"_links":{"self":[{"href":"https:\/\/agro-expert.eu\/index.php?rest_route=\/wp\/v2\/product\/702","targetHints":{"allow":["GET"]}}],"collection":[{"href":"https:\/\/agro-expert.eu\/index.php?rest_route=\/wp\/v2\/product"}],"about":[{"href":"https:\/\/agro-expert.eu\/index.php?rest_route=\/wp\/v2\/types\/product"}],"replies":[{"embeddable":true,"href":"https:\/\/agro-expert.eu\/index.php?rest_route=%2Fwp%2Fv2%2Fcomments&post=702"}],"wp:featuredmedia":[{"embeddable":true,"href":"https:\/\/agro-expert.eu\/index.php?rest_route=\/wp\/v2\/media\/703"}],"wp:attachment":[{"href":"https:\/\/agro-expert.eu\/index.php?rest_route=%2Fwp%2Fv2%2Fmedia&parent=702"}],"wp:term":[{"taxonomy":"product_brand","embeddable":true,"href":"https:\/\/agro-expert.eu\/index.php?rest_route=%2Fwp%2Fv2%2Fproduct_brand&post=702"},{"taxonomy":"product_cat","embeddable":true,"href":"https:\/\/agro-expert.eu\/index.php?rest_route=%2Fwp%2Fv2%2Fproduct_cat&post=702"},{"taxonomy":"product_tag","embeddable":true,"href":"https:\/\/agro-expert.eu\/index.php?rest_route=%2Fwp%2Fv2%2Fproduct_tag&post=702"}],"curies":[{"name":"wp","href":"https:\/\/api.w.org\/{rel}","templated":true}]}}