{"id":705,"date":"2024-12-04T12:04:06","date_gmt":"2024-12-04T11:04:06","guid":{"rendered":"https:\/\/agro-expert.eu\/?post_type=product&#038;p=705"},"modified":"2026-01-30T18:08:29","modified_gmt":"2026-01-30T17:08:29","slug":"kukurydza-farmpax","status":"publish","type":"product","link":"https:\/\/agro-expert.eu\/?product=kukurydza-farmpax","title":{"rendered":"Kukurydza FARMPAX"},"content":{"rendered":"<p><strong>FARMPAX(K 320\/ Z 320)<\/strong> to czysty dent z typowymi dla tego typu odmiany cechami: mocnymi ro\u015blinami o du\u017cej biomasie, okaza\u0142ymi ziarniakami o wysokiej MTZ i du\u017c\u0105 zawarto\u015bci\u0105 skrobi, ale tak\u017ce wolniejszym rozwojem pocz\u0105tkowym i p\u00f3\u017anym dojrzewaniem. Jej niew\u0105tpliw\u0105 zalet\u0105 jest uniwersalno\u015b\u0107 \u2013 sprawdzi si\u0119 jako bogate \u017ar\u00f3d\u0142o doskona\u0142ej kiszonki oraz surowiec do przetw\u00f3rstwa.<img fetchpriority=\"high\" decoding=\"async\" class=\"aligncenter wp-image-706 size-full\" src=\"https:\/\/agro-expert.eu\/wp-content\/uploads\/2024\/12\/Zrzut-ekranu-2024-12-4-o-12.04.58.png\" alt=\"\" width=\"1288\" height=\"864\" srcset=\"https:\/\/agro-expert.eu\/wp-content\/uploads\/2024\/12\/Zrzut-ekranu-2024-12-4-o-12.04.58.png 1288w, https:\/\/agro-expert.eu\/wp-content\/uploads\/2024\/12\/Zrzut-ekranu-2024-12-4-o-12.04.58-300x201.png 300w, https:\/\/agro-expert.eu\/wp-content\/uploads\/2024\/12\/Zrzut-ekranu-2024-12-4-o-12.04.58-1024x687.png 1024w, https:\/\/agro-expert.eu\/wp-content\/uploads\/2024\/12\/Zrzut-ekranu-2024-12-4-o-12.04.58-768x515.png 768w, https:\/\/agro-expert.eu\/wp-content\/uploads\/2024\/12\/Zrzut-ekranu-2024-12-4-o-12.04.58-600x402.png 600w\" sizes=\"(max-width: 1288px) 100vw, 1288px\" \/><\/p>\n<h4><strong>Kluczowe cechy:<\/strong><\/h4>\n<ul>\n<li>Ziarno typu dent<\/li>\n<li>Wybitna odporno\u015b\u0107 na wyleganie<\/li>\n<li>Wysoki plan suchej masy o du\u017cej zawarto\u015bci skrobi<img decoding=\"async\" class=\"aligncenter wp-image-707 size-full\" src=\"https:\/\/agro-expert.eu\/wp-content\/uploads\/2024\/12\/Zrzut-ekranu-2024-12-4-o-12.05.05.png\" alt=\"\" width=\"2640\" height=\"1664\" srcset=\"https:\/\/agro-expert.eu\/wp-content\/uploads\/2024\/12\/Zrzut-ekranu-2024-12-4-o-12.05.05.png 2640w, https:\/\/agro-expert.eu\/wp-content\/uploads\/2024\/12\/Zrzut-ekranu-2024-12-4-o-12.05.05-300x189.png 300w, https:\/\/agro-expert.eu\/wp-content\/uploads\/2024\/12\/Zrzut-ekranu-2024-12-4-o-12.05.05-1024x645.png 1024w, https:\/\/agro-expert.eu\/wp-content\/uploads\/2024\/12\/Zrzut-ekranu-2024-12-4-o-12.05.05-768x484.png 768w, https:\/\/agro-expert.eu\/wp-content\/uploads\/2024\/12\/Zrzut-ekranu-2024-12-4-o-12.05.05-1536x968.png 1536w, https:\/\/agro-expert.eu\/wp-content\/uploads\/2024\/12\/Zrzut-ekranu-2024-12-4-o-12.05.05-2048x1291.png 2048w, https:\/\/agro-expert.eu\/wp-content\/uploads\/2024\/12\/Zrzut-ekranu-2024-12-4-o-12.05.05-600x378.png 600w\" sizes=\"(max-width: 2640px) 100vw, 2640px\" \/><\/li>\n<\/ul>\n<h4><strong>Dost\u0119pno\u015b\u0107 poszczeg\u00f3lnych wariant\u00f3w zapraw:<\/strong><\/h4>\n<ul>\n<li>Cornguard Powergrow (Standard)<\/li>\n<li>Cornguard + Korit<\/li>\n<\/ul>\n<p>&nbsp;<\/p>\n<p>&nbsp;<\/p>\n","protected":false},"excerpt":{"rendered":"<p>FARMPAX(K 320\/ Z 320) to czysty dent z typowymi dla tego typu odmiany cechami: mocnymi ro\u015blinami o du\u017cej biomasie, okaza\u0142ymi ziarniakami o wysokiej MTZ i du\u017c\u0105 zawarto\u015bci\u0105 skrobi, ale tak\u017ce wolniejszym rozwojem pocz\u0105tkowym i p\u00f3\u017anym dojrzewaniem. Jej niew\u0105tpliw\u0105 zalet\u0105 jest uniwersalno\u015b\u0107 \u2013 sprawdzi si\u0119 jako bogate \u017ar\u00f3d\u0142o doskona\u0142ej kiszonki oraz surowiec do przetw\u00f3rstwa. Kluczowe cechy: &#8230; <a title=\"Kukurydza FARMPAX\" class=\"read-more\" href=\"https:\/\/agro-expert.eu\/?product=kukurydza-farmpax\" aria-label=\"Read more about Kukurydza FARMPAX\">Dowiedz si\u0119 wi\u0119cej<\/a><\/p>\n","protected":false},"featured_media":706,"comment_status":"open","ping_status":"closed","template":"","meta":{"om_disable_all_campaigns":false,"_monsterinsights_skip_tracking":false,"_monsterinsights_sitenote_active":false,"_monsterinsights_sitenote_note":"","_monsterinsights_sitenote_category":0,"_uf_show_specific_survey":0,"_uf_disable_surveys":false},"product_brand":[],"product_cat":[23],"product_tag":[],"class_list":{"0":"post-705","1":"product","2":"type-product","3":"status-publish","4":"has-post-thumbnail","6":"product_cat-kukurydza","8":"first","9":"instock","10":"taxable","11":"shipping-taxable","12":"purchasable","13":"product-type-simple"},"aioseo_notices":[],"jetpack_sharing_enabled":true,"_links":{"self":[{"href":"https:\/\/agro-expert.eu\/index.php?rest_route=\/wp\/v2\/product\/705","targetHints":{"allow":["GET"]}}],"collection":[{"href":"https:\/\/agro-expert.eu\/index.php?rest_route=\/wp\/v2\/product"}],"about":[{"href":"https:\/\/agro-expert.eu\/index.php?rest_route=\/wp\/v2\/types\/product"}],"replies":[{"embeddable":true,"href":"https:\/\/agro-expert.eu\/index.php?rest_route=%2Fwp%2Fv2%2Fcomments&post=705"}],"wp:featuredmedia":[{"embeddable":true,"href":"https:\/\/agro-expert.eu\/index.php?rest_route=\/wp\/v2\/media\/706"}],"wp:attachment":[{"href":"https:\/\/agro-expert.eu\/index.php?rest_route=%2Fwp%2Fv2%2Fmedia&parent=705"}],"wp:term":[{"taxonomy":"product_brand","embeddable":true,"href":"https:\/\/agro-expert.eu\/index.php?rest_route=%2Fwp%2Fv2%2Fproduct_brand&post=705"},{"taxonomy":"product_cat","embeddable":true,"href":"https:\/\/agro-expert.eu\/index.php?rest_route=%2Fwp%2Fv2%2Fproduct_cat&post=705"},{"taxonomy":"product_tag","embeddable":true,"href":"https:\/\/agro-expert.eu\/index.php?rest_route=%2Fwp%2Fv2%2Fproduct_tag&post=705"}],"curies":[{"name":"wp","href":"https:\/\/api.w.org\/{rel}","templated":true}]}}