{"id":708,"date":"2024-12-04T12:16:45","date_gmt":"2024-12-04T11:16:45","guid":{"rendered":"https:\/\/agro-expert.eu\/?post_type=product&#038;p=708"},"modified":"2026-01-30T18:13:22","modified_gmt":"2026-01-30T17:13:22","slug":"kukurydza-farmodena-eko","status":"publish","type":"product","link":"https:\/\/agro-expert.eu\/?product=kukurydza-farmodena-eko","title":{"rendered":"Kukurydza FARMODENA EKO"},"content":{"rendered":"<h4><strong>Kluczowe cechy:<\/strong><\/h4>\n<ul>\n<li>doskona\u0142y wigor pocz\u0105tkowy<\/li>\n<li>Szybkie tempo przyrostu masy i kolb<\/li>\n<li>Nadzwyczajny plon energii<\/li>\n<li>\u015awietne parametry biogazowe z uwagi na wysoki plon og\u00f3lny masy<\/li>\n<li>W uprawie na ziarno zalecany wczesny zbi\u00f3r<\/li>\n<li>Kukurydza FARMODENA dost\u0119pna jest tak\u017ce z upraw kontrolowanych ekologicznie (zgodnie z rozporz\u0105dzeniem EU w sprawie rolnictwa ekologicznego). Nr certyfikatu DE-\u00d6KO-006<img fetchpriority=\"high\" decoding=\"async\" class=\"aligncenter wp-image-709 size-full\" src=\"https:\/\/agro-expert.eu\/wp-content\/uploads\/2024\/12\/Zrzut-ekranu-2024-12-4-o-12.16.31.png\" alt=\"\" width=\"880\" height=\"1094\" srcset=\"https:\/\/agro-expert.eu\/wp-content\/uploads\/2024\/12\/Zrzut-ekranu-2024-12-4-o-12.16.31.png 880w, https:\/\/agro-expert.eu\/wp-content\/uploads\/2024\/12\/Zrzut-ekranu-2024-12-4-o-12.16.31-241x300.png 241w, https:\/\/agro-expert.eu\/wp-content\/uploads\/2024\/12\/Zrzut-ekranu-2024-12-4-o-12.16.31-824x1024.png 824w, https:\/\/agro-expert.eu\/wp-content\/uploads\/2024\/12\/Zrzut-ekranu-2024-12-4-o-12.16.31-768x955.png 768w, https:\/\/agro-expert.eu\/wp-content\/uploads\/2024\/12\/Zrzut-ekranu-2024-12-4-o-12.16.31-600x746.png 600w\" sizes=\"(max-width: 880px) 100vw, 880px\" \/><\/li>\n<\/ul>\n<h4><strong>Dost\u0119pno\u015b\u0107 poszczeg\u00f3lnych wariant\u00f3w zapraw:<\/strong><\/h4>\n<ul>\n<li>Bez zaprawy<\/li>\n<li>Cornguard Organic<\/li>\n<\/ul>\n<p>&nbsp;<\/p>\n<p>&nbsp;<\/p>\n","protected":false},"excerpt":{"rendered":"<p>Kluczowe cechy: doskona\u0142y wigor pocz\u0105tkowy Szybkie tempo przyrostu masy i kolb Nadzwyczajny plon energii \u015awietne parametry biogazowe z uwagi na wysoki plon og\u00f3lny masy W uprawie na ziarno zalecany wczesny zbi\u00f3r Kukurydza FARMODENA dost\u0119pna jest tak\u017ce z upraw kontrolowanych ekologicznie (zgodnie z rozporz\u0105dzeniem EU w sprawie rolnictwa ekologicznego). Nr certyfikatu DE-\u00d6KO-006 Dost\u0119pno\u015b\u0107 poszczeg\u00f3lnych wariant\u00f3w zapraw: &#8230; <a title=\"Kukurydza FARMODENA EKO\" class=\"read-more\" href=\"https:\/\/agro-expert.eu\/?product=kukurydza-farmodena-eko\" aria-label=\"Read more about Kukurydza FARMODENA EKO\">Dowiedz si\u0119 wi\u0119cej<\/a><\/p>\n","protected":false},"featured_media":709,"comment_status":"open","ping_status":"closed","template":"","meta":{"om_disable_all_campaigns":false,"_monsterinsights_skip_tracking":false,"_monsterinsights_sitenote_active":false,"_monsterinsights_sitenote_note":"","_monsterinsights_sitenote_category":0,"_uf_show_specific_survey":0,"_uf_disable_surveys":false},"product_brand":[],"product_cat":[23],"product_tag":[],"class_list":{"0":"post-708","1":"product","2":"type-product","3":"status-publish","4":"has-post-thumbnail","6":"product_cat-kukurydza","8":"first","9":"instock","10":"taxable","11":"shipping-taxable","12":"purchasable","13":"product-type-simple"},"aioseo_notices":[],"jetpack_sharing_enabled":true,"_links":{"self":[{"href":"https:\/\/agro-expert.eu\/index.php?rest_route=\/wp\/v2\/product\/708","targetHints":{"allow":["GET"]}}],"collection":[{"href":"https:\/\/agro-expert.eu\/index.php?rest_route=\/wp\/v2\/product"}],"about":[{"href":"https:\/\/agro-expert.eu\/index.php?rest_route=\/wp\/v2\/types\/product"}],"replies":[{"embeddable":true,"href":"https:\/\/agro-expert.eu\/index.php?rest_route=%2Fwp%2Fv2%2Fcomments&post=708"}],"wp:featuredmedia":[{"embeddable":true,"href":"https:\/\/agro-expert.eu\/index.php?rest_route=\/wp\/v2\/media\/709"}],"wp:attachment":[{"href":"https:\/\/agro-expert.eu\/index.php?rest_route=%2Fwp%2Fv2%2Fmedia&parent=708"}],"wp:term":[{"taxonomy":"product_brand","embeddable":true,"href":"https:\/\/agro-expert.eu\/index.php?rest_route=%2Fwp%2Fv2%2Fproduct_brand&post=708"},{"taxonomy":"product_cat","embeddable":true,"href":"https:\/\/agro-expert.eu\/index.php?rest_route=%2Fwp%2Fv2%2Fproduct_cat&post=708"},{"taxonomy":"product_tag","embeddable":true,"href":"https:\/\/agro-expert.eu\/index.php?rest_route=%2Fwp%2Fv2%2Fproduct_tag&post=708"}],"curies":[{"name":"wp","href":"https:\/\/api.w.org\/{rel}","templated":true}]}}