{"id":716,"date":"2024-12-05T10:28:25","date_gmt":"2024-12-05T09:28:25","guid":{"rendered":"https:\/\/agro-expert.eu\/?post_type=product&#038;p=716"},"modified":"2026-01-30T18:14:02","modified_gmt":"2026-01-30T17:14:02","slug":"kukurydza-farmfire-eko","status":"publish","type":"product","link":"https:\/\/agro-expert.eu\/?product=kukurydza-farmfire-eko","title":{"rendered":"Kukurydza FARMFIRE EKO"},"content":{"rendered":"<p><img fetchpriority=\"high\" decoding=\"async\" class=\"aligncenter wp-image-717 size-full\" src=\"https:\/\/agro-expert.eu\/wp-content\/uploads\/2024\/12\/Zrzut-ekranu-2024-12-5-o-10.28.15.png\" alt=\"\" width=\"868\" height=\"1024\" srcset=\"https:\/\/agro-expert.eu\/wp-content\/uploads\/2024\/12\/Zrzut-ekranu-2024-12-5-o-10.28.15.png 868w, https:\/\/agro-expert.eu\/wp-content\/uploads\/2024\/12\/Zrzut-ekranu-2024-12-5-o-10.28.15-254x300.png 254w, https:\/\/agro-expert.eu\/wp-content\/uploads\/2024\/12\/Zrzut-ekranu-2024-12-5-o-10.28.15-768x906.png 768w, https:\/\/agro-expert.eu\/wp-content\/uploads\/2024\/12\/Zrzut-ekranu-2024-12-5-o-10.28.15-600x708.png 600w\" sizes=\"(max-width: 868px) 100vw, 868px\" \/><\/p>\n<h4><strong>Dost\u0119pno\u015b\u0107 poszczeg\u00f3lnych wariant\u00f3w zapraw:<\/strong><\/h4>\n<ul>\n<li>Bez zaprawy<\/li>\n<\/ul>\n<p>&nbsp;<\/p>\n<p>&nbsp;<\/p>\n","protected":false},"excerpt":{"rendered":"<p>Dost\u0119pno\u015b\u0107 poszczeg\u00f3lnych wariant\u00f3w zapraw: Bez zaprawy &nbsp; &nbsp;<\/p>\n","protected":false},"featured_media":717,"comment_status":"open","ping_status":"closed","template":"","meta":{"om_disable_all_campaigns":false,"_monsterinsights_skip_tracking":false,"_monsterinsights_sitenote_active":false,"_monsterinsights_sitenote_note":"","_monsterinsights_sitenote_category":0,"_uf_show_specific_survey":0,"_uf_disable_surveys":false},"product_brand":[],"product_cat":[23],"product_tag":[],"class_list":{"0":"post-716","1":"product","2":"type-product","3":"status-publish","4":"has-post-thumbnail","6":"product_cat-kukurydza","8":"first","9":"instock","10":"taxable","11":"shipping-taxable","12":"purchasable","13":"product-type-simple"},"aioseo_notices":[],"jetpack_sharing_enabled":true,"_links":{"self":[{"href":"https:\/\/agro-expert.eu\/index.php?rest_route=\/wp\/v2\/product\/716","targetHints":{"allow":["GET"]}}],"collection":[{"href":"https:\/\/agro-expert.eu\/index.php?rest_route=\/wp\/v2\/product"}],"about":[{"href":"https:\/\/agro-expert.eu\/index.php?rest_route=\/wp\/v2\/types\/product"}],"replies":[{"embeddable":true,"href":"https:\/\/agro-expert.eu\/index.php?rest_route=%2Fwp%2Fv2%2Fcomments&post=716"}],"wp:featuredmedia":[{"embeddable":true,"href":"https:\/\/agro-expert.eu\/index.php?rest_route=\/wp\/v2\/media\/717"}],"wp:attachment":[{"href":"https:\/\/agro-expert.eu\/index.php?rest_route=%2Fwp%2Fv2%2Fmedia&parent=716"}],"wp:term":[{"taxonomy":"product_brand","embeddable":true,"href":"https:\/\/agro-expert.eu\/index.php?rest_route=%2Fwp%2Fv2%2Fproduct_brand&post=716"},{"taxonomy":"product_cat","embeddable":true,"href":"https:\/\/agro-expert.eu\/index.php?rest_route=%2Fwp%2Fv2%2Fproduct_cat&post=716"},{"taxonomy":"product_tag","embeddable":true,"href":"https:\/\/agro-expert.eu\/index.php?rest_route=%2Fwp%2Fv2%2Fproduct_tag&post=716"}],"curies":[{"name":"wp","href":"https:\/\/api.w.org\/{rel}","templated":true}]}}