{"id":739,"date":"2025-01-03T15:57:26","date_gmt":"2025-01-03T14:57:26","guid":{"rendered":"https:\/\/agro-expert.eu\/?post_type=product&#038;p=739"},"modified":"2025-04-28T15:43:41","modified_gmt":"2025-04-28T13:43:41","slug":"soja-asterix-eko","status":"publish","type":"product","link":"https:\/\/agro-expert.eu\/?product=soja-asterix-eko","title":{"rendered":"Soja ASTERIX Eko"},"content":{"rendered":"<p><strong>ASTERIX EKO<\/strong> jest now\u0105 odmian\u0105 EU, kt\u00f3ra w badaniach rozpoznawczych wyr\u00f3\u017cnia\u0142a si\u0119 wysokimi plonami o niskiej wilgotno\u015bci ziarna. To najwcze\u015bniejsza odmiana grupy 000 \u2013 prawdziwy energiczny sprinter.<img fetchpriority=\"high\" decoding=\"async\" class=\"aligncenter wp-image-740 size-full\" src=\"https:\/\/agro-expert.eu\/wp-content\/uploads\/2025\/01\/Zrzut-ekranu-2025-01-3-o-15.58.51.png\" alt=\"\" width=\"1734\" height=\"1192\" srcset=\"https:\/\/agro-expert.eu\/wp-content\/uploads\/2025\/01\/Zrzut-ekranu-2025-01-3-o-15.58.51.png 1734w, https:\/\/agro-expert.eu\/wp-content\/uploads\/2025\/01\/Zrzut-ekranu-2025-01-3-o-15.58.51-300x206.png 300w, https:\/\/agro-expert.eu\/wp-content\/uploads\/2025\/01\/Zrzut-ekranu-2025-01-3-o-15.58.51-1024x704.png 1024w, https:\/\/agro-expert.eu\/wp-content\/uploads\/2025\/01\/Zrzut-ekranu-2025-01-3-o-15.58.51-768x528.png 768w, https:\/\/agro-expert.eu\/wp-content\/uploads\/2025\/01\/Zrzut-ekranu-2025-01-3-o-15.58.51-1536x1056.png 1536w, https:\/\/agro-expert.eu\/wp-content\/uploads\/2025\/01\/Zrzut-ekranu-2025-01-3-o-15.58.51-600x412.png 600w\" sizes=\"(max-width: 1734px) 100vw, 1734px\" \/><\/p>\n<p>&nbsp;<\/p>\n<p>&nbsp;<\/p>\n<p>&nbsp;<\/p>\n","protected":false},"excerpt":{"rendered":"<p>ASTERIX EKO jest now\u0105 odmian\u0105 EU, kt\u00f3ra w badaniach rozpoznawczych wyr\u00f3\u017cnia\u0142a si\u0119 wysokimi plonami o niskiej wilgotno\u015bci ziarna. To najwcze\u015bniejsza odmiana grupy 000 \u2013 prawdziwy energiczny sprinter. &nbsp; &nbsp; &nbsp;<\/p>\n","protected":false},"featured_media":738,"comment_status":"open","ping_status":"closed","template":"","meta":{"om_disable_all_campaigns":false,"_monsterinsights_skip_tracking":false,"_monsterinsights_sitenote_active":false,"_monsterinsights_sitenote_note":"","_monsterinsights_sitenote_category":0,"_uf_show_specific_survey":0,"_uf_disable_surveys":false},"product_brand":[],"product_cat":[24],"product_tag":[25],"class_list":{"0":"post-739","1":"product","2":"type-product","3":"status-publish","4":"has-post-thumbnail","6":"product_cat-soja","7":"product_tag-soja","9":"first","10":"outofstock","11":"taxable","12":"shipping-taxable","13":"purchasable","14":"product-type-simple"},"aioseo_notices":[],"jetpack_sharing_enabled":true,"_links":{"self":[{"href":"https:\/\/agro-expert.eu\/index.php?rest_route=\/wp\/v2\/product\/739","targetHints":{"allow":["GET"]}}],"collection":[{"href":"https:\/\/agro-expert.eu\/index.php?rest_route=\/wp\/v2\/product"}],"about":[{"href":"https:\/\/agro-expert.eu\/index.php?rest_route=\/wp\/v2\/types\/product"}],"replies":[{"embeddable":true,"href":"https:\/\/agro-expert.eu\/index.php?rest_route=%2Fwp%2Fv2%2Fcomments&post=739"}],"wp:featuredmedia":[{"embeddable":true,"href":"https:\/\/agro-expert.eu\/index.php?rest_route=\/wp\/v2\/media\/738"}],"wp:attachment":[{"href":"https:\/\/agro-expert.eu\/index.php?rest_route=%2Fwp%2Fv2%2Fmedia&parent=739"}],"wp:term":[{"taxonomy":"product_brand","embeddable":true,"href":"https:\/\/agro-expert.eu\/index.php?rest_route=%2Fwp%2Fv2%2Fproduct_brand&post=739"},{"taxonomy":"product_cat","embeddable":true,"href":"https:\/\/agro-expert.eu\/index.php?rest_route=%2Fwp%2Fv2%2Fproduct_cat&post=739"},{"taxonomy":"product_tag","embeddable":true,"href":"https:\/\/agro-expert.eu\/index.php?rest_route=%2Fwp%2Fv2%2Fproduct_tag&post=739"}],"curies":[{"name":"wp","href":"https:\/\/api.w.org\/{rel}","templated":true}]}}