{"id":747,"date":"2025-01-03T16:10:16","date_gmt":"2025-01-03T15:10:16","guid":{"rendered":"https:\/\/agro-expert.eu\/?post_type=product&#038;p=747"},"modified":"2025-04-28T15:43:40","modified_gmt":"2025-04-28T13:43:40","slug":"soja-obelix-eko","status":"publish","type":"product","link":"https:\/\/agro-expert.eu\/?product=soja-obelix-eko","title":{"rendered":"Soja OBELIX Eko"},"content":{"rendered":"<p><strong>OBELIX EKO<\/strong> wprost tryska moc\u0105. Ro\u015bnie szybko i jest odporna na wyleganie. Zachwyca niezwykle dorodnymi ziarniakami, dok\u0142adnie takimi jakich oczekuje si\u0119 od odmiany o takiej nazwie.<br \/>\n<img fetchpriority=\"high\" decoding=\"async\" class=\"aligncenter wp-image-748 size-full\" src=\"https:\/\/agro-expert.eu\/wp-content\/uploads\/2025\/01\/Zrzut-ekranu-2025-01-3-o-16.10.03.png\" alt=\"\" width=\"1852\" height=\"1170\" srcset=\"https:\/\/agro-expert.eu\/wp-content\/uploads\/2025\/01\/Zrzut-ekranu-2025-01-3-o-16.10.03.png 1852w, https:\/\/agro-expert.eu\/wp-content\/uploads\/2025\/01\/Zrzut-ekranu-2025-01-3-o-16.10.03-300x190.png 300w, https:\/\/agro-expert.eu\/wp-content\/uploads\/2025\/01\/Zrzut-ekranu-2025-01-3-o-16.10.03-1024x647.png 1024w, https:\/\/agro-expert.eu\/wp-content\/uploads\/2025\/01\/Zrzut-ekranu-2025-01-3-o-16.10.03-768x485.png 768w, https:\/\/agro-expert.eu\/wp-content\/uploads\/2025\/01\/Zrzut-ekranu-2025-01-3-o-16.10.03-1536x970.png 1536w, https:\/\/agro-expert.eu\/wp-content\/uploads\/2025\/01\/Zrzut-ekranu-2025-01-3-o-16.10.03-600x379.png 600w\" sizes=\"(max-width: 1852px) 100vw, 1852px\" \/><\/p>\n<p>&nbsp;<\/p>\n<p>&nbsp;<\/p>\n<p>&nbsp;<\/p>\n","protected":false},"excerpt":{"rendered":"<p>OBELIX EKO wprost tryska moc\u0105. Ro\u015bnie szybko i jest odporna na wyleganie. Zachwyca niezwykle dorodnymi ziarniakami, dok\u0142adnie takimi jakich oczekuje si\u0119 od odmiany o takiej nazwie. &nbsp; &nbsp; &nbsp;<\/p>\n","protected":false},"featured_media":746,"comment_status":"open","ping_status":"closed","template":"","meta":{"om_disable_all_campaigns":false,"_monsterinsights_skip_tracking":false,"_monsterinsights_sitenote_active":false,"_monsterinsights_sitenote_note":"","_monsterinsights_sitenote_category":0,"_uf_show_specific_survey":0,"_uf_disable_surveys":false},"product_brand":[],"product_cat":[24],"product_tag":[25],"class_list":{"0":"post-747","1":"product","2":"type-product","3":"status-publish","4":"has-post-thumbnail","6":"product_cat-soja","7":"product_tag-soja","9":"first","10":"outofstock","11":"taxable","12":"shipping-taxable","13":"purchasable","14":"product-type-simple"},"aioseo_notices":[],"jetpack_sharing_enabled":true,"_links":{"self":[{"href":"https:\/\/agro-expert.eu\/index.php?rest_route=\/wp\/v2\/product\/747","targetHints":{"allow":["GET"]}}],"collection":[{"href":"https:\/\/agro-expert.eu\/index.php?rest_route=\/wp\/v2\/product"}],"about":[{"href":"https:\/\/agro-expert.eu\/index.php?rest_route=\/wp\/v2\/types\/product"}],"replies":[{"embeddable":true,"href":"https:\/\/agro-expert.eu\/index.php?rest_route=%2Fwp%2Fv2%2Fcomments&post=747"}],"wp:featuredmedia":[{"embeddable":true,"href":"https:\/\/agro-expert.eu\/index.php?rest_route=\/wp\/v2\/media\/746"}],"wp:attachment":[{"href":"https:\/\/agro-expert.eu\/index.php?rest_route=%2Fwp%2Fv2%2Fmedia&parent=747"}],"wp:term":[{"taxonomy":"product_brand","embeddable":true,"href":"https:\/\/agro-expert.eu\/index.php?rest_route=%2Fwp%2Fv2%2Fproduct_brand&post=747"},{"taxonomy":"product_cat","embeddable":true,"href":"https:\/\/agro-expert.eu\/index.php?rest_route=%2Fwp%2Fv2%2Fproduct_cat&post=747"},{"taxonomy":"product_tag","embeddable":true,"href":"https:\/\/agro-expert.eu\/index.php?rest_route=%2Fwp%2Fv2%2Fproduct_tag&post=747"}],"curies":[{"name":"wp","href":"https:\/\/api.w.org\/{rel}","templated":true}]}}