{"id":749,"date":"2025-01-03T16:13:24","date_gmt":"2025-01-03T15:13:24","guid":{"rendered":"https:\/\/agro-expert.eu\/?post_type=product&#038;p=749"},"modified":"2025-04-28T15:43:40","modified_gmt":"2025-04-28T13:43:40","slug":"soja-majestix","status":"publish","type":"product","link":"https:\/\/agro-expert.eu\/?product=soja-majestix","title":{"rendered":"Soja MAJESTIX"},"content":{"rendered":"<p><strong>MAJESTIX<\/strong> to najnowsza propozycja w naszej palecie nasion soi. Charakteryzuje si\u0119 bardzo wczesnym dojrzewaniem i dzi\u0119ki temu mo\u017ce by\u0107 z powodzeniem uprawiana w tych mniej korzystnych, p\u00f3\u017ano dost\u0119pnych pod zasiewy lokalizacjach.<img fetchpriority=\"high\" decoding=\"async\" class=\"aligncenter wp-image-750 size-full\" src=\"https:\/\/agro-expert.eu\/wp-content\/uploads\/2025\/01\/Zrzut-ekranu-2025-01-3-o-16.13.35.png\" alt=\"\" width=\"1584\" height=\"834\" srcset=\"https:\/\/agro-expert.eu\/wp-content\/uploads\/2025\/01\/Zrzut-ekranu-2025-01-3-o-16.13.35.png 1584w, https:\/\/agro-expert.eu\/wp-content\/uploads\/2025\/01\/Zrzut-ekranu-2025-01-3-o-16.13.35-300x158.png 300w, https:\/\/agro-expert.eu\/wp-content\/uploads\/2025\/01\/Zrzut-ekranu-2025-01-3-o-16.13.35-1024x539.png 1024w, https:\/\/agro-expert.eu\/wp-content\/uploads\/2025\/01\/Zrzut-ekranu-2025-01-3-o-16.13.35-768x404.png 768w, https:\/\/agro-expert.eu\/wp-content\/uploads\/2025\/01\/Zrzut-ekranu-2025-01-3-o-16.13.35-1536x809.png 1536w, https:\/\/agro-expert.eu\/wp-content\/uploads\/2025\/01\/Zrzut-ekranu-2025-01-3-o-16.13.35-600x316.png 600w\" sizes=\"(max-width: 1584px) 100vw, 1584px\" \/><\/p>\n<p>&nbsp;<\/p>\n<p>&nbsp;<\/p>\n<p>&nbsp;<\/p>\n","protected":false},"excerpt":{"rendered":"<p>MAJESTIX to najnowsza propozycja w naszej palecie nasion soi. Charakteryzuje si\u0119 bardzo wczesnym dojrzewaniem i dzi\u0119ki temu mo\u017ce by\u0107 z powodzeniem uprawiana w tych mniej korzystnych, p\u00f3\u017ano dost\u0119pnych pod zasiewy lokalizacjach. &nbsp; &nbsp; &nbsp;<\/p>\n","protected":false},"featured_media":737,"comment_status":"open","ping_status":"closed","template":"","meta":{"om_disable_all_campaigns":false,"_monsterinsights_skip_tracking":false,"_monsterinsights_sitenote_active":false,"_monsterinsights_sitenote_note":"","_monsterinsights_sitenote_category":0,"_uf_show_specific_survey":0,"_uf_disable_surveys":false},"product_brand":[],"product_cat":[24],"product_tag":[25],"class_list":{"0":"post-749","1":"product","2":"type-product","3":"status-publish","4":"has-post-thumbnail","6":"product_cat-soja","7":"product_tag-soja","9":"first","10":"outofstock","11":"taxable","12":"shipping-taxable","13":"purchasable","14":"product-type-simple"},"aioseo_notices":[],"jetpack_sharing_enabled":true,"_links":{"self":[{"href":"https:\/\/agro-expert.eu\/index.php?rest_route=\/wp\/v2\/product\/749","targetHints":{"allow":["GET"]}}],"collection":[{"href":"https:\/\/agro-expert.eu\/index.php?rest_route=\/wp\/v2\/product"}],"about":[{"href":"https:\/\/agro-expert.eu\/index.php?rest_route=\/wp\/v2\/types\/product"}],"replies":[{"embeddable":true,"href":"https:\/\/agro-expert.eu\/index.php?rest_route=%2Fwp%2Fv2%2Fcomments&post=749"}],"wp:featuredmedia":[{"embeddable":true,"href":"https:\/\/agro-expert.eu\/index.php?rest_route=\/wp\/v2\/media\/737"}],"wp:attachment":[{"href":"https:\/\/agro-expert.eu\/index.php?rest_route=%2Fwp%2Fv2%2Fmedia&parent=749"}],"wp:term":[{"taxonomy":"product_brand","embeddable":true,"href":"https:\/\/agro-expert.eu\/index.php?rest_route=%2Fwp%2Fv2%2Fproduct_brand&post=749"},{"taxonomy":"product_cat","embeddable":true,"href":"https:\/\/agro-expert.eu\/index.php?rest_route=%2Fwp%2Fv2%2Fproduct_cat&post=749"},{"taxonomy":"product_tag","embeddable":true,"href":"https:\/\/agro-expert.eu\/index.php?rest_route=%2Fwp%2Fv2%2Fproduct_tag&post=749"}],"curies":[{"name":"wp","href":"https:\/\/api.w.org\/{rel}","templated":true}]}}