{"id":813,"date":"2025-01-15T17:33:01","date_gmt":"2025-01-15T16:33:01","guid":{"rendered":"https:\/\/agro-expert.eu\/?post_type=product&#038;p=813"},"modified":"2025-04-28T15:42:58","modified_gmt":"2025-04-28T13:42:58","slug":"miedzyplony-mieszanka-kwitnaca-farmwinter","status":"publish","type":"product","link":"https:\/\/agro-expert.eu\/?product=miedzyplony-mieszanka-kwitnaca-farmwinter","title":{"rendered":"Mi\u0119dzyplony &#038; mieszanka kwitn\u0105ca: FARMWINTER"},"content":{"rendered":"<p><strong>FARMWINTER -mi\u0119dzyplony &amp; mieszanka kwitn\u0105ca<\/strong><\/p>\n<p><img fetchpriority=\"high\" decoding=\"async\" class=\"wp-image-767 aligncenter\" src=\"https:\/\/agro-expert.eu\/wp-content\/uploads\/2025\/01\/Zrzut-ekranu-2025-01-15-o-15.21.05.png\" alt=\"\" width=\"1191\" height=\"56\" srcset=\"https:\/\/agro-expert.eu\/wp-content\/uploads\/2025\/01\/Zrzut-ekranu-2025-01-15-o-15.21.05.png 999w, https:\/\/agro-expert.eu\/wp-content\/uploads\/2025\/01\/Zrzut-ekranu-2025-01-15-o-15.21.05-300x14.png 300w, https:\/\/agro-expert.eu\/wp-content\/uploads\/2025\/01\/Zrzut-ekranu-2025-01-15-o-15.21.05-768x36.png 768w, https:\/\/agro-expert.eu\/wp-content\/uploads\/2025\/01\/Zrzut-ekranu-2025-01-15-o-15.21.05-600x28.png 600w\" sizes=\"(max-width: 1191px) 100vw, 1191px\" \/><img decoding=\"async\" class=\"aligncenter wp-image-814 \" src=\"https:\/\/agro-expert.eu\/wp-content\/uploads\/2025\/01\/Zrzut-ekranu-2025-01-15-o-17.33.25.png\" alt=\"\" width=\"1190\" height=\"88\" srcset=\"https:\/\/agro-expert.eu\/wp-content\/uploads\/2025\/01\/Zrzut-ekranu-2025-01-15-o-17.33.25.png 1135w, https:\/\/agro-expert.eu\/wp-content\/uploads\/2025\/01\/Zrzut-ekranu-2025-01-15-o-17.33.25-300x22.png 300w, https:\/\/agro-expert.eu\/wp-content\/uploads\/2025\/01\/Zrzut-ekranu-2025-01-15-o-17.33.25-1024x76.png 1024w, https:\/\/agro-expert.eu\/wp-content\/uploads\/2025\/01\/Zrzut-ekranu-2025-01-15-o-17.33.25-768x57.png 768w, https:\/\/agro-expert.eu\/wp-content\/uploads\/2025\/01\/Zrzut-ekranu-2025-01-15-o-17.33.25-600x44.png 600w\" sizes=\"(max-width: 1190px) 100vw, 1190px\" \/><\/p>\n<p>&nbsp;<\/p>\n<p>&nbsp;<\/p>\n<p>&nbsp;<\/p>\n","protected":false},"excerpt":{"rendered":"<p>FARMWINTER -mi\u0119dzyplony &amp; mieszanka kwitn\u0105ca &nbsp; &nbsp; &nbsp;<\/p>\n","protected":false},"featured_media":808,"comment_status":"open","ping_status":"closed","template":"","meta":{"om_disable_all_campaigns":false,"_monsterinsights_skip_tracking":false,"_monsterinsights_sitenote_active":false,"_monsterinsights_sitenote_note":"","_monsterinsights_sitenote_category":0,"_uf_show_specific_survey":0,"_uf_disable_surveys":false},"product_brand":[],"product_cat":[35],"product_tag":[36,30],"class_list":{"0":"post-813","1":"product","2":"type-product","3":"status-publish","4":"has-post-thumbnail","6":"product_cat-miedzyplony","7":"product_tag-miedzyplony-mieszanka-kwitnaca","8":"product_tag-trawy","10":"first","11":"outofstock","12":"taxable","13":"shipping-taxable","14":"purchasable","15":"product-type-simple"},"aioseo_notices":[],"jetpack_sharing_enabled":true,"_links":{"self":[{"href":"https:\/\/agro-expert.eu\/index.php?rest_route=\/wp\/v2\/product\/813","targetHints":{"allow":["GET"]}}],"collection":[{"href":"https:\/\/agro-expert.eu\/index.php?rest_route=\/wp\/v2\/product"}],"about":[{"href":"https:\/\/agro-expert.eu\/index.php?rest_route=\/wp\/v2\/types\/product"}],"replies":[{"embeddable":true,"href":"https:\/\/agro-expert.eu\/index.php?rest_route=%2Fwp%2Fv2%2Fcomments&post=813"}],"wp:featuredmedia":[{"embeddable":true,"href":"https:\/\/agro-expert.eu\/index.php?rest_route=\/wp\/v2\/media\/808"}],"wp:attachment":[{"href":"https:\/\/agro-expert.eu\/index.php?rest_route=%2Fwp%2Fv2%2Fmedia&parent=813"}],"wp:term":[{"taxonomy":"product_brand","embeddable":true,"href":"https:\/\/agro-expert.eu\/index.php?rest_route=%2Fwp%2Fv2%2Fproduct_brand&post=813"},{"taxonomy":"product_cat","embeddable":true,"href":"https:\/\/agro-expert.eu\/index.php?rest_route=%2Fwp%2Fv2%2Fproduct_cat&post=813"},{"taxonomy":"product_tag","embeddable":true,"href":"https:\/\/agro-expert.eu\/index.php?rest_route=%2Fwp%2Fv2%2Fproduct_tag&post=813"}],"curies":[{"name":"wp","href":"https:\/\/api.w.org\/{rel}","templated":true}]}}