{"id":831,"date":"2025-02-05T14:46:08","date_gmt":"2025-02-05T13:46:08","guid":{"rendered":"https:\/\/agro-expert.eu\/?post_type=product&#038;p=831"},"modified":"2025-04-28T14:42:23","modified_gmt":"2025-04-28T12:42:23","slug":"nasiona-slonecznika-farm-owell","status":"publish","type":"product","link":"https:\/\/agro-expert.eu\/?product=nasiona-slonecznika-farm-owell","title":{"rendered":"Nasiona s\u0142onecznika FARM OWELL"},"content":{"rendered":"<div class=\"et_pb_module et_pb_image et_pb_image_0\"><\/div>\n<div class=\"et_pb_module et_pb_text et_pb_text_0 et_pb_text_align_left et_pb_bg_layout_light\">\n<div class=\"et_pb_text_inner\">\n<p><strong>FARM OWELL<\/strong> &#8211; To wyj\u0105tkowo wytrzyma\u0142a odmiana s\u0142onecznika. Cechuje j\u0105 nie tylko wysoka stabilno\u015b\u0107 ro\u015blin, ale tak\u017ce odporno\u015b\u0107 na kluczowe choroby, jak Phoma i zgnilizna.<\/p>\n<p><img fetchpriority=\"high\" decoding=\"async\" class=\"aligncenter wp-image-833 size-full\" src=\"https:\/\/agro-expert.eu\/wp-content\/uploads\/2025\/02\/Zrzut-ekranu-2025-02-5-o-14.43.00.png\" alt=\"\" width=\"989\" height=\"725\" srcset=\"https:\/\/agro-expert.eu\/wp-content\/uploads\/2025\/02\/Zrzut-ekranu-2025-02-5-o-14.43.00.png 989w, https:\/\/agro-expert.eu\/wp-content\/uploads\/2025\/02\/Zrzut-ekranu-2025-02-5-o-14.43.00-300x220.png 300w, https:\/\/agro-expert.eu\/wp-content\/uploads\/2025\/02\/Zrzut-ekranu-2025-02-5-o-14.43.00-768x563.png 768w, https:\/\/agro-expert.eu\/wp-content\/uploads\/2025\/02\/Zrzut-ekranu-2025-02-5-o-14.43.00-600x440.png 600w\" sizes=\"(max-width: 989px) 100vw, 989px\" \/><\/p>\n<\/div>\n<\/div>\n","protected":false},"excerpt":{"rendered":"<p>FARM OWELL &#8211; To wyj\u0105tkowo wytrzyma\u0142a odmiana s\u0142onecznika. Cechuje j\u0105 nie tylko wysoka stabilno\u015b\u0107 ro\u015blin, ale tak\u017ce odporno\u015b\u0107 na kluczowe choroby, jak Phoma i zgnilizna.<\/p>\n","protected":false},"featured_media":832,"comment_status":"open","ping_status":"closed","template":"","meta":{"om_disable_all_campaigns":false,"_monsterinsights_skip_tracking":false,"_monsterinsights_sitenote_active":false,"_monsterinsights_sitenote_note":"","_monsterinsights_sitenote_category":0,"_uf_show_specific_survey":0,"_uf_disable_surveys":false},"product_brand":[],"product_cat":[39],"product_tag":[],"class_list":{"0":"post-831","1":"product","2":"type-product","3":"status-publish","4":"has-post-thumbnail","6":"product_cat-slonecznik","8":"first","9":"outofstock","10":"taxable","11":"shipping-taxable","12":"purchasable","13":"product-type-simple"},"aioseo_notices":[],"jetpack_sharing_enabled":true,"_links":{"self":[{"href":"https:\/\/agro-expert.eu\/index.php?rest_route=\/wp\/v2\/product\/831","targetHints":{"allow":["GET"]}}],"collection":[{"href":"https:\/\/agro-expert.eu\/index.php?rest_route=\/wp\/v2\/product"}],"about":[{"href":"https:\/\/agro-expert.eu\/index.php?rest_route=\/wp\/v2\/types\/product"}],"replies":[{"embeddable":true,"href":"https:\/\/agro-expert.eu\/index.php?rest_route=%2Fwp%2Fv2%2Fcomments&post=831"}],"wp:featuredmedia":[{"embeddable":true,"href":"https:\/\/agro-expert.eu\/index.php?rest_route=\/wp\/v2\/media\/832"}],"wp:attachment":[{"href":"https:\/\/agro-expert.eu\/index.php?rest_route=%2Fwp%2Fv2%2Fmedia&parent=831"}],"wp:term":[{"taxonomy":"product_brand","embeddable":true,"href":"https:\/\/agro-expert.eu\/index.php?rest_route=%2Fwp%2Fv2%2Fproduct_brand&post=831"},{"taxonomy":"product_cat","embeddable":true,"href":"https:\/\/agro-expert.eu\/index.php?rest_route=%2Fwp%2Fv2%2Fproduct_cat&post=831"},{"taxonomy":"product_tag","embeddable":true,"href":"https:\/\/agro-expert.eu\/index.php?rest_route=%2Fwp%2Fv2%2Fproduct_tag&post=831"}],"curies":[{"name":"wp","href":"https:\/\/api.w.org\/{rel}","templated":true}]}}