{"id":853,"date":"2025-06-09T09:46:55","date_gmt":"2025-06-09T07:46:55","guid":{"rendered":"https:\/\/agro-expert.eu\/?post_type=product&#038;p=853"},"modified":"2025-07-03T15:55:08","modified_gmt":"2025-07-03T13:55:08","slug":"nanogro-aqua-5l-stymulator-wzrostu-roslin-kopia","status":"publish","type":"product","link":"https:\/\/agro-expert.eu\/?product=nanogro-aqua-5l-stymulator-wzrostu-roslin-kopia","title":{"rendered":"Nanogro aqua 5L- Stymulator wzrostu ro\u015blin"},"content":{"rendered":"<div class=\"et_pb_module et_pb_image et_pb_image_0\"><\/div>\n<div class=\"et_pb_module et_pb_text et_pb_text_0 et_pb_text_align_left et_pb_bg_layout_light\">\n<div class=\"et_pb_text_inner\">\n<h1 id=\"headline-8-47\" class=\"ct-headline oxy-nanogro\"><strong>nanogro aqua<\/strong><\/h1>\n<h2 id=\"headline-9-47\" class=\"ct-headline\">Stymulator wzrostu ro\u015blin<\/h2>\n<div id=\"text_block-10-47\" class=\"ct-text-block\">nanogro aqua to innowacyjny stymulator wzrostu ro\u015blin i korzeni, kt\u00f3ry indukuje odporno\u015b\u0107 ro\u015blin na niekorzystne warunki uprawy i stresy \u015brodowiskowe. Najnowszej generacji stymulator wzrostu nanogro aqua jest przeznaczony do oprysk\u00f3w ro\u015blin we wszystkich uprawach rolniczych, sadowniczych, warzywnych, ozdobnych i przemys\u0142owych. Jego dzia\u0142anie gwarantuje wysok\u0105 odporno\u015b\u0107 uprawy na stresy \u015brodowiskowe oraz przyczynia si\u0119 do znacz\u0105cego wzrostu plon\u00f3w. Kompleksowy wp\u0142yw nanogro aqua dzia\u0142a r\u00f3wnie\u017c wspieraj\u0105co na metabolizm ro\u015blin i pomaga w szybszej regeneracji po uszkodzeniach.<\/div>\n<p><img fetchpriority=\"high\" decoding=\"async\" class=\"aligncenter wp-image-849 size-full\" src=\"https:\/\/agro-expert.eu\/wp-content\/uploads\/2025\/06\/Zrzut-ekranu-2025-06-9-o-09.32.31.png\" alt=\"\" width=\"1464\" height=\"341\" srcset=\"https:\/\/agro-expert.eu\/wp-content\/uploads\/2025\/06\/Zrzut-ekranu-2025-06-9-o-09.32.31.png 1464w, https:\/\/agro-expert.eu\/wp-content\/uploads\/2025\/06\/Zrzut-ekranu-2025-06-9-o-09.32.31-300x70.png 300w, https:\/\/agro-expert.eu\/wp-content\/uploads\/2025\/06\/Zrzut-ekranu-2025-06-9-o-09.32.31-1024x239.png 1024w, https:\/\/agro-expert.eu\/wp-content\/uploads\/2025\/06\/Zrzut-ekranu-2025-06-9-o-09.32.31-768x179.png 768w, https:\/\/agro-expert.eu\/wp-content\/uploads\/2025\/06\/Zrzut-ekranu-2025-06-9-o-09.32.31-600x140.png 600w\" sizes=\"(max-width: 1464px) 100vw, 1464px\" \/><\/p>\n<p><strong>DZIA\u0141ANIE:<\/strong><\/p>\n<p>Stymulator wzrostu ro\u015blin i korzeni\u00a0<b>nanogro aqua<\/b>\u00a0po zastosowaniu w uprawach, szybko dostaje si\u0119 do wn\u0119trza kom\u00f3rek. Zawarte w nim siarczany metali o bardzo niskim st\u0119\u017ceniu uruchamiaj\u0105 naturalny system obronny ro\u015bliny. To w praktyce pomaga im sprawniej gromadzi\u0107 substancje od\u017cywcze, tworzy\u0107 naturalne hormony, rozwija\u0107 silniejsze korzenie i tworzy\u0107 swoiste os\u0142ony ochronne w postaci wosk\u00f3w, w\u0142osk\u00f3w czy kutykuli. Dodatkowo, dzi\u0119ki nowoczesnym kwasom humusowym pochodz\u0105cym z przetworzonej ligniny, ro\u015blina jest jeszcze bardziej umocniona i stabilna.<\/p>\n<p>Pierwsz\u0105 reakcj\u0105 ro\u015blin na zastosowanie stymulatora wzrostu ro\u015blin nanogro aqua jest zwi\u0119kszony rozw\u00f3j korzeni, zar\u00f3wno ich d\u0142ugo\u015bci, jak i tworzenie si\u0119 korzeni w\u0142o\u015bnikowych, kt\u00f3re pe\u0142ni\u0105 kluczow\u0105 rol\u0119 w pobieraniu wody i sk\u0142adnik\u00f3w od\u017cywczych. Nast\u0119pnym etapem reakcji ro\u015blin jest szybszy wzrost p\u0119d\u00f3w li\u015bci oraz intensywne kwitnienie i formowanie si\u0119 plon\u00f3w w postaci owoc\u00f3w, ziaren lub nasion.<\/p>\n<p>Pomocnicza bariera ochronna tworzona na powierzchni ro\u015bliny dzi\u0119ki kwasom humusowym zawartym w stymulatorze wzrostu ro\u015blin nanogro aqua, chroni je przed nadmiernym nas\u0142onecznieniem, zbyt du\u017c\u0105 transpiracj\u0105 oraz przed atakami chor\u00f3b i szkodnik\u00f3w. Kwasy humusowe przyczyniaj\u0105 si\u0119 tak\u017ce do lepszego przylegania preparatu, co u\u0142atwia przenikanie aktywnych substancji w g\u0142\u0105b ro\u015blin, zw\u0142aszcza wtedy, kiedy preparat\u00a0<b>nanogro aqua<\/b>\u00a0jest stosowany razem z nawozami dolistnymi lub \u015brodkami ochrony ro\u015blin. Kwasy humusowe dzia\u0142aj\u0105 stymuluj\u0105co i podobnie jak naturalne auksyny, przyspieszaj\u0105 wzrost ro\u015blin, zw\u0142aszcza w kluczowych momentach ich wzrostu. Pomagaj\u0105 r\u00f3wnie\u017c gromadzi\u0107 cenne sk\u0142adniki od\u017cywcze przekszta\u0142caj\u0105c je w plon wysokiej jako\u015bci.<\/p>\n<\/div>\n<p><strong>SK\u0141AD:\u00a0<\/strong><\/p>\n<div class=\"et_pb_text_inner\">\n<section id=\"section-50-47\" class=\" ct-section oxy-margin-bottom\">\n<div class=\"ct-section-inner-wrap\">\n<div id=\"_tabs_contents-60-47\" class=\"oxy-tabs-contents-wrapper oxy-tabs-contents\">\n<div id=\"_tab_content-64-47\" class=\"oxy-tab-content tabs-contents-2212-tab\">\n<div id=\"div_block-65-47\" class=\"ct-div-block\">\n<div id=\"_rich_text-66-47\" class=\"oxy-rich-text\">\n<p>Siarczany pierwiastk\u00f3w (N, P, K, S, Mg, Ca, Na, Fe, Cu, Zn, Mn, B, Si) w nanomolowym st\u0119\u017ceniu, kwasy humusowe najnowszej generacji pochodz\u0105ce z przerobu ligniny.<\/p>\n<\/div>\n<\/div>\n<\/div>\n<\/div>\n<\/div>\n<\/section>\n<section id=\"section-1383-47\" class=\" ct-section oxy-margin-bottom\">\n<div class=\"ct-section-inner-wrap\"><strong>Dawkowanie:\u00a0<\/strong><\/div>\n<div><img decoding=\"async\" class=\"aligncenter size-full wp-image-850\" src=\"https:\/\/agro-expert.eu\/wp-content\/uploads\/2025\/06\/Zrzut-ekranu-2025-06-9-o-09.34.43.png\" alt=\"\" width=\"1380\" height=\"345\" srcset=\"https:\/\/agro-expert.eu\/wp-content\/uploads\/2025\/06\/Zrzut-ekranu-2025-06-9-o-09.34.43.png 1380w, https:\/\/agro-expert.eu\/wp-content\/uploads\/2025\/06\/Zrzut-ekranu-2025-06-9-o-09.34.43-300x75.png 300w, https:\/\/agro-expert.eu\/wp-content\/uploads\/2025\/06\/Zrzut-ekranu-2025-06-9-o-09.34.43-1024x256.png 1024w, https:\/\/agro-expert.eu\/wp-content\/uploads\/2025\/06\/Zrzut-ekranu-2025-06-9-o-09.34.43-768x192.png 768w, https:\/\/agro-expert.eu\/wp-content\/uploads\/2025\/06\/Zrzut-ekranu-2025-06-9-o-09.34.43-600x150.png 600w\" sizes=\"(max-width: 1380px) 100vw, 1380px\" \/><\/div>\n<div><strong>DOST\u0118PNE OPAKOWANIE: 250ml oraz 5L<\/strong><\/div>\n<\/section>\n<\/div>\n<\/div>\n","protected":false},"excerpt":{"rendered":"<p>nanogro aqua Stymulator wzrostu ro\u015blin nanogro aqua to innowacyjny stymulator wzrostu ro\u015blin i korzeni, kt\u00f3ry indukuje odporno\u015b\u0107 ro\u015blin na niekorzystne warunki uprawy i stresy \u015brodowiskowe. Najnowszej generacji stymulator wzrostu nanogro aqua jest przeznaczony do oprysk\u00f3w ro\u015blin we wszystkich uprawach rolniczych, sadowniczych, warzywnych, ozdobnych i przemys\u0142owych. Jego dzia\u0142anie gwarantuje wysok\u0105 odporno\u015b\u0107 uprawy na stresy \u015brodowiskowe oraz &#8230; <a title=\"Nanogro aqua 5L- Stymulator wzrostu ro\u015blin\" class=\"read-more\" href=\"https:\/\/agro-expert.eu\/?product=nanogro-aqua-5l-stymulator-wzrostu-roslin-kopia\" aria-label=\"Read more about Nanogro aqua 5L- Stymulator wzrostu ro\u015blin\">Dowiedz si\u0119 wi\u0119cej<\/a><\/p>\n","protected":false},"featured_media":854,"comment_status":"open","ping_status":"closed","template":"","meta":{"om_disable_all_campaigns":false,"_monsterinsights_skip_tracking":false,"_monsterinsights_sitenote_active":false,"_monsterinsights_sitenote_note":"","_monsterinsights_sitenote_category":0,"_uf_show_specific_survey":0,"_uf_disable_surveys":false},"product_brand":[],"product_cat":[45,46],"product_tag":[],"class_list":{"0":"post-853","1":"product","2":"type-product","3":"status-publish","4":"has-post-thumbnail","6":"product_cat-agrarius","7":"product_cat-stymulatory-agrarius","9":"first","10":"instock","11":"taxable","12":"shipping-taxable","13":"purchasable","14":"product-type-simple"},"aioseo_notices":[],"jetpack_sharing_enabled":true,"_links":{"self":[{"href":"https:\/\/agro-expert.eu\/index.php?rest_route=\/wp\/v2\/product\/853","targetHints":{"allow":["GET"]}}],"collection":[{"href":"https:\/\/agro-expert.eu\/index.php?rest_route=\/wp\/v2\/product"}],"about":[{"href":"https:\/\/agro-expert.eu\/index.php?rest_route=\/wp\/v2\/types\/product"}],"replies":[{"embeddable":true,"href":"https:\/\/agro-expert.eu\/index.php?rest_route=%2Fwp%2Fv2%2Fcomments&post=853"}],"wp:featuredmedia":[{"embeddable":true,"href":"https:\/\/agro-expert.eu\/index.php?rest_route=\/wp\/v2\/media\/854"}],"wp:attachment":[{"href":"https:\/\/agro-expert.eu\/index.php?rest_route=%2Fwp%2Fv2%2Fmedia&parent=853"}],"wp:term":[{"taxonomy":"product_brand","embeddable":true,"href":"https:\/\/agro-expert.eu\/index.php?rest_route=%2Fwp%2Fv2%2Fproduct_brand&post=853"},{"taxonomy":"product_cat","embeddable":true,"href":"https:\/\/agro-expert.eu\/index.php?rest_route=%2Fwp%2Fv2%2Fproduct_cat&post=853"},{"taxonomy":"product_tag","embeddable":true,"href":"https:\/\/agro-expert.eu\/index.php?rest_route=%2Fwp%2Fv2%2Fproduct_tag&post=853"}],"curies":[{"name":"wp","href":"https:\/\/api.w.org\/{rel}","templated":true}]}}