{"id":879,"date":"2025-06-09T11:06:37","date_gmt":"2025-06-09T09:06:37","guid":{"rendered":"https:\/\/agro-expert.eu\/?post_type=product&#038;p=879"},"modified":"2025-07-03T15:55:08","modified_gmt":"2025-07-03T13:55:08","slug":"powercop-l-5l-ukorzeniacz-do-roslin","status":"publish","type":"product","link":"https:\/\/agro-expert.eu\/?product=powercop-l-5l-ukorzeniacz-do-roslin","title":{"rendered":"POWERCOP L- 5L (Ukorzeniacz do ro\u015blin)"},"content":{"rendered":"<div class=\"et_pb_module et_pb_image et_pb_image_0\"><\/div>\n<div class=\"et_pb_module et_pb_text et_pb_text_0 et_pb_text_align_left et_pb_bg_layout_light\">\n<div class=\"et_pb_text_inner\">\n<h1 class=\"ct-headline oxy-stymulatory\"><img fetchpriority=\"high\" decoding=\"async\" id=\"image-180-87\" class=\"ct-image\" src=\"https:\/\/agrarius.eu\/wp-content\/uploads\/2024\/02\/powercop_logo.svg\" sizes=\"(max-width: 600px) 100vw, 600px\" srcset=\"\" alt=\"POWERCOP\" width=\"1012\" height=\"119\" \/><\/h1>\n<h2 id=\"headline-9-87\" class=\"ct-headline\">Ukorzeniacz do ro\u015blin (forma p\u0142ynna)<\/h2>\n<div id=\"text_block-10-87\" class=\"ct-text-block\">POWERCOP to nowoczesny i innowacyjny naw\u00f3z organiczno-mineralny, pe\u0142ni\u0105cy funkcj\u0119 ukorzeniacza dla ro\u015blin. Jest wzbogacony naturalnymi sk\u0142adnikami z alg morskich i znacz\u0105co wp\u0142ywa na rozw\u00f3j systemu korzeniowego m\u0142odych ro\u015blin oraz poprawia struktur\u0119 gleby. Jego sk\u0142adniki maj\u0105 potencja\u0142 stymulowania wzrostu ro\u015blin, zar\u00f3wno pod wzgl\u0119dem ilo\u015bciowym, jak i jako\u015bciowym, co przek\u0142ada si\u0119 na wy\u017csz\u0105 wydajno\u015b\u0107 i zdrowotno\u015b\u0107 ro\u015blin. Wp\u0142ywa r\u00f3wnie\u017c na zwi\u0119kszenie odporno\u015bci ro\u015blin na niekorzystne czynniki \u015brodowiskowe oraz popraw\u0119 \u017cyzno\u015bci gleby. Naw\u00f3z organiczno-mineralny do ukorzeniania ro\u015blin zosta\u0142 wsparty innowacyjn\u0105 technologi\u0105 CIT, kt\u00f3ra polega na specjalnym procesie frakcjowania ekstraktu z alg i kwas\u00f3w humusowych dla lepszego wnikania i skuteczniejszego dzia\u0142ania.<\/div>\n<p><img decoding=\"async\" class=\"aligncenter wp-image-877 size-full\" src=\"https:\/\/agro-expert.eu\/wp-content\/uploads\/2025\/06\/Zrzut-ekranu-2025-06-9-o-11.03.46.png\" alt=\"\" width=\"1204\" height=\"226\" srcset=\"https:\/\/agro-expert.eu\/wp-content\/uploads\/2025\/06\/Zrzut-ekranu-2025-06-9-o-11.03.46.png 1204w, https:\/\/agro-expert.eu\/wp-content\/uploads\/2025\/06\/Zrzut-ekranu-2025-06-9-o-11.03.46-300x56.png 300w, https:\/\/agro-expert.eu\/wp-content\/uploads\/2025\/06\/Zrzut-ekranu-2025-06-9-o-11.03.46-1024x192.png 1024w, https:\/\/agro-expert.eu\/wp-content\/uploads\/2025\/06\/Zrzut-ekranu-2025-06-9-o-11.03.46-768x144.png 768w, https:\/\/agro-expert.eu\/wp-content\/uploads\/2025\/06\/Zrzut-ekranu-2025-06-9-o-11.03.46-600x113.png 600w\" sizes=\"(max-width: 1204px) 100vw, 1204px\" \/><\/p>\n<p><strong>DZIA\u0141ANIE:<\/strong><\/p>\n<p>POWERCOP to naw\u00f3z organiczno-mineralny zawieraj\u0105cy wysokoaktywne, sk\u0142adniki biologiczne pochodz\u0105ce z alg morskich\u00a0<i>Ascophyllum nodosum i\u00a0<\/i>najnowszej generacji skoncentrowane kwasy humusowe<i>.\u00a0<\/i>Produkt zawiera aminokwasy ro\u015blinne, kt\u00f3re dzia\u0142aj\u0105 regeneruj\u0105co i wspomagaj\u0105co na system korzeniowy ro\u015blin. Wysok\u0105 przyczepno\u015b\u0107 preparatu do ro\u015bliny oraz jego \u0142atw\u0105 wch\u0142anialno\u015b\u0107 zapewnia kwas alginowy, kt\u00f3ry u\u0142atwia transport substancji pokarmowych z gleby. Dodatkowo, laminaryna, b\u0119d\u0105ca polisacharydem, wspomaga naturalne mechanizmy odporno\u015bci ro\u015blin i promuje produkcj\u0119 bia\u0142ek odporno\u015bciowych, wzmacniaj\u0105c w ten spos\u00f3b \u015bciany kom\u00f3rkowe ro\u015blin.<\/p>\n<p>Naw\u00f3z opiera si\u0119 na naturalnych substancjach, takich jak betaina i glicyna, kt\u00f3re pochodz\u0105 z alg morskich \u2013 obydwa aminokwasy dzia\u0142aj\u0105 silnie antystresowo i wspieraj\u0105co w procesach zwi\u0105zanych z przemian\u0105 wody i energii w ro\u015blinach. POWERCOP stymuluje produkcj\u0119 chlorofilu, co zwi\u0119ksza efektywno\u015b\u0107 fotosyntezy, a tak\u017ce poprawia warunki glebowe, wspomagaj\u0105c jej \u017cycie biologiczne. Wszechstronno\u015b\u0107 nawozu do ukorzeniania ro\u015blin dope\u0142niaj\u0105 kwasy humusowe, kt\u00f3re w znacz\u0105cym stopniu wp\u0142ywaj\u0105 na rozw\u00f3j systemu korzeniowego i podnosz\u0105 odporno\u015b\u0107 ro\u015bliny na trudne warunki atmosferyczne takie jak susza, niskie temperatury czy infekcje chorobowe i szkodniki.<\/p>\n<p>Dzi\u0119ki innowacyjnemu podej\u015bciu opartemu na technologii CIT &#8211; \u201eCellular Intelligent Technology\u201d, POWERCOP wykorzystuje specjalnie opracowany proces frakcjonowania ekstraktu z alg, kt\u00f3ry jest \u0142\u0105czony z czystymi i aktywnymi kwasami humusowymi. Dzi\u0119ki temu preparat szybko przenika do struktur ro\u015blinnych, skutecznie wspomagaj\u0105c ich wzrost i rozw\u00f3j. Ta zaawansowana technologia umo\u017cliwia \u0142atwe i efektywne wnikanie substancji od\u017cywczych do kom\u00f3rek ro\u015bliny, co przyspiesza proces regeneracji po stresach i uszkodzeniach. Skutkuje to intensywnym wzrostem systemu korzeniowego, lepszym ukorzenieniem, transportem wody i sk\u0142adnik\u00f3w pokarmowych oraz zwi\u0119kszon\u0105 odporno\u015bci\u0105 na stresy poprzez aktywacj\u0119 naturalnych mechanizm\u00f3w obronnych ro\u015bliny (takich jak proces wzbudzania odporno\u015bci SAR). Sk\u0142adniki takie jak laminaryna, betaina, jod, mannitol, aminokwasy i huminy zawarte w POWERCOP dzia\u0142aj\u0105 synergistycznie, wspieraj\u0105c ro\u015blin\u0119 nawet w najtrudniejszych warunkach.<\/p>\n<p><strong style=\"font-size: inherit; font-family: -apple-system, system-ui, BlinkMacSystemFont, 'Segoe UI', Helvetica, Arial, sans-serif, 'Apple Color Emoji', 'Segoe UI Emoji', 'Segoe UI Symbol';\">SK\u0141AD:\u00a0<\/strong><\/p>\n<\/div>\n<div class=\"et_pb_text_inner\">\n<section id=\"section-50-47\" class=\" ct-section oxy-margin-bottom\">\n<div class=\"ct-section-inner-wrap\">\n<div id=\"_tabs_contents-60-47\" class=\"oxy-tabs-contents-wrapper oxy-tabs-contents\">\n<div id=\"_tab_content-64-47\" class=\"oxy-tab-content tabs-contents-2212-tab\">\n<div id=\"div_block-65-47\" class=\"ct-div-block\">\n<div id=\"_rich_text-66-47\" class=\"oxy-rich-text\">\n<p>Sucha masa 10% (w tym 50% ekstrakt z alg), K\u2082O min. 1% (m\/m), MgO min. 0,02% (m\/m), S min. 0,25% (m\/m), kwasy huminowe (C) min. 10 g\/l, zawarto\u015b\u0107 kwas\u00f3w fulwowych (C) min. 8 g\/l, substancje organiczne min. 40% (s.m.).<\/p>\n<\/div>\n<\/div>\n<\/div>\n<\/div>\n<\/div>\n<\/section>\n<section id=\"section-1383-47\" class=\" ct-section oxy-margin-bottom\">\n<div class=\"ct-section-inner-wrap\">\n<p><strong><strong>Dawkowanie:<\/strong><\/strong><\/p>\n<section id=\"section-51-87\" class=\" ct-section oxy-margin-bottom\">\n<div class=\"ct-section-inner-wrap\">\n<div id=\"_tabs_contents-61-87\" class=\"oxy-tabs-contents-wrapper oxy-tabs-contents\">\n<div id=\"_tab_content-68-87\" class=\"oxy-tab-content tabs-contents-2212-tab\">\n<div id=\"div_block-69-87\" class=\"ct-div-block\">\n<div id=\"_rich_text-70-87\" class=\"oxy-rich-text\">\n<p>Nawo\u017cenie dolistne 2 l\/200-300 l wody\/ha do 5 razy w sezonie wegetacyjnym. Pierwszy oprysk w pocz\u0105tkowych fazach wzrostu (faza 2-4 li\u015bci).<\/p>\n<\/div>\n<\/div>\n<\/div>\n<\/div>\n<\/div>\n<\/section>\n<section id=\"section-352-87\" class=\" ct-section oxy-margin-bottom\">\n<div class=\"ct-section-inner-wrap\"><\/div>\n<\/section>\n<\/div>\n<\/section>\n<\/div>\n<\/div>\n","protected":false},"excerpt":{"rendered":"<p>Ukorzeniacz do ro\u015blin (forma p\u0142ynna) POWERCOP to nowoczesny i innowacyjny naw\u00f3z organiczno-mineralny, pe\u0142ni\u0105cy funkcj\u0119 ukorzeniacza dla ro\u015blin. Jest wzbogacony naturalnymi sk\u0142adnikami z alg morskich i znacz\u0105co wp\u0142ywa na rozw\u00f3j systemu korzeniowego m\u0142odych ro\u015blin oraz poprawia struktur\u0119 gleby. Jego sk\u0142adniki maj\u0105 potencja\u0142 stymulowania wzrostu ro\u015blin, zar\u00f3wno pod wzgl\u0119dem ilo\u015bciowym, jak i jako\u015bciowym, co przek\u0142ada si\u0119 na &#8230; <a title=\"POWERCOP L- 5L (Ukorzeniacz do ro\u015blin)\" class=\"read-more\" href=\"https:\/\/agro-expert.eu\/?product=powercop-l-5l-ukorzeniacz-do-roslin\" aria-label=\"Read more about POWERCOP L- 5L (Ukorzeniacz do ro\u015blin)\">Dowiedz si\u0119 wi\u0119cej<\/a><\/p>\n","protected":false},"featured_media":880,"comment_status":"open","ping_status":"closed","template":"","meta":{"om_disable_all_campaigns":false,"_monsterinsights_skip_tracking":false,"_monsterinsights_sitenote_active":false,"_monsterinsights_sitenote_note":"","_monsterinsights_sitenote_category":0,"_uf_show_specific_survey":0,"_uf_disable_surveys":false},"product_brand":[],"product_cat":[45,46],"product_tag":[],"class_list":{"0":"post-879","1":"product","2":"type-product","3":"status-publish","4":"has-post-thumbnail","6":"product_cat-agrarius","7":"product_cat-stymulatory-agrarius","9":"first","10":"instock","11":"taxable","12":"shipping-taxable","13":"purchasable","14":"product-type-simple"},"aioseo_notices":[],"jetpack_sharing_enabled":true,"_links":{"self":[{"href":"https:\/\/agro-expert.eu\/index.php?rest_route=\/wp\/v2\/product\/879","targetHints":{"allow":["GET"]}}],"collection":[{"href":"https:\/\/agro-expert.eu\/index.php?rest_route=\/wp\/v2\/product"}],"about":[{"href":"https:\/\/agro-expert.eu\/index.php?rest_route=\/wp\/v2\/types\/product"}],"replies":[{"embeddable":true,"href":"https:\/\/agro-expert.eu\/index.php?rest_route=%2Fwp%2Fv2%2Fcomments&post=879"}],"wp:featuredmedia":[{"embeddable":true,"href":"https:\/\/agro-expert.eu\/index.php?rest_route=\/wp\/v2\/media\/880"}],"wp:attachment":[{"href":"https:\/\/agro-expert.eu\/index.php?rest_route=%2Fwp%2Fv2%2Fmedia&parent=879"}],"wp:term":[{"taxonomy":"product_brand","embeddable":true,"href":"https:\/\/agro-expert.eu\/index.php?rest_route=%2Fwp%2Fv2%2Fproduct_brand&post=879"},{"taxonomy":"product_cat","embeddable":true,"href":"https:\/\/agro-expert.eu\/index.php?rest_route=%2Fwp%2Fv2%2Fproduct_cat&post=879"},{"taxonomy":"product_tag","embeddable":true,"href":"https:\/\/agro-expert.eu\/index.php?rest_route=%2Fwp%2Fv2%2Fproduct_tag&post=879"}],"curies":[{"name":"wp","href":"https:\/\/api.w.org\/{rel}","templated":true}]}}