{"id":887,"date":"2025-06-09T11:50:32","date_gmt":"2025-06-09T09:50:32","guid":{"rendered":"https:\/\/agro-expert.eu\/?post_type=product&#038;p=887"},"modified":"2025-07-03T15:54:10","modified_gmt":"2025-07-03T13:54:10","slug":"soler-flower-1l-nawoz-do-kwiatow","status":"publish","type":"product","link":"https:\/\/agro-expert.eu\/?product=soler-flower-1l-nawoz-do-kwiatow","title":{"rendered":"SOLER FLOWER &#8211; 1L (Naw\u00f3z do kwiat\u00f3w)"},"content":{"rendered":"<div class=\"et_pb_module et_pb_image et_pb_image_0\"><\/div>\n<div class=\"et_pb_module et_pb_text et_pb_text_0 et_pb_text_align_left et_pb_bg_layout_light\">\n<div class=\"et_pb_text_inner\">\n<h1 id=\"headline-8-85\" class=\"ct-headline oxy-nawozy\"><strong>SOLER Flower<\/strong><\/h1>\n<h2 id=\"headline-9-85\" class=\"ct-headline\">Naw\u00f3z do kwiat\u00f3w<\/h2>\n<div id=\"text_block-10-85\" class=\"ct-text-block\">SOLER Flower to nowoczesny naw\u00f3z mikroelementowy w postaci \u017celu, przeznaczony do dokarmiania ro\u015blin ozdobnych, takich jak kwiaty, byliny, krzewy i drzewa. Ten preparat wyr\u00f3\u017cnia si\u0119 szybkim dostarczaniem niezb\u0119dnych sk\u0142adnik\u00f3w od\u017cywczych w proporcjach dostosowanych do konkretnych potrzeb ro\u015blin. Dzi\u0119ki swojej wysokiej koncentracji mikroelement\u00f3w, naw\u00f3z do kwiat\u00f3w SOLER Flower zapewnia optymalny wzrost, obfite i d\u0142ugotrwa\u0142e kwitnienie ro\u015blin ozdobnych. W sk\u0142adzie nawozu SOLER Flower zastosowano innowacyjne formu\u0142y QM6\u2122 oraz SILEVEL\u2122, kt\u00f3re wspieraj\u0105 efektywne pobieranie sk\u0142adnik\u00f3w pokarmowych przez ro\u015bliny, zapewniaj\u0105c stabilne i silne ich dzia\u0142anie.<\/div>\n<p><img fetchpriority=\"high\" decoding=\"async\" class=\"aligncenter wp-image-888 size-full\" src=\"https:\/\/agro-expert.eu\/wp-content\/uploads\/2025\/06\/Zrzut-ekranu-2025-06-9-o-11.52.34.png\" alt=\"\" width=\"1185\" height=\"293\" srcset=\"https:\/\/agro-expert.eu\/wp-content\/uploads\/2025\/06\/Zrzut-ekranu-2025-06-9-o-11.52.34.png 1185w, https:\/\/agro-expert.eu\/wp-content\/uploads\/2025\/06\/Zrzut-ekranu-2025-06-9-o-11.52.34-300x74.png 300w, https:\/\/agro-expert.eu\/wp-content\/uploads\/2025\/06\/Zrzut-ekranu-2025-06-9-o-11.52.34-1024x253.png 1024w, https:\/\/agro-expert.eu\/wp-content\/uploads\/2025\/06\/Zrzut-ekranu-2025-06-9-o-11.52.34-768x190.png 768w, https:\/\/agro-expert.eu\/wp-content\/uploads\/2025\/06\/Zrzut-ekranu-2025-06-9-o-11.52.34-600x148.png 600w\" sizes=\"(max-width: 1185px) 100vw, 1185px\" \/><\/p>\n<p><strong>DZIA\u0141ANIE:<\/strong><\/p>\n<p>W przypadku ro\u015blin ozdobnych takich jak kwiaty, byliny, oraz krzewy i drzewa ogrodowe mikroelementy maj\u0105 du\u017ce znaczenie, a ich niedob\u00f3r mo\u017ce prowadzi\u0107 do w\u0105tpliwej jako\u015bci ro\u015blin, kt\u00f3re automatycznie nie b\u0119d\u0105 wygl\u0105da\u0142y zdrowo. Mangan (Mn) bierze udzia\u0142 w procesie fotosyntezy oraz tworzenie chlorofilu. Jego wysoka zawarto\u015b\u0107 w nawozie do kwiat\u00f3w SOLER Flower stymuluje i reguluje wzrost oraz pobieranie z gleby fosforu i \u017celaza \u2013 jednego z najwa\u017cniejszego sk\u0142adnika, kt\u00f3ry ma wp\u0142yw na wybarwienie li\u015bci i kwiat\u00f3w, czyli walor ozdobny. Mied\u017a (Cu) zwi\u0119ksza odporno\u015b\u0107 ro\u015blin na susz\u0119 i choroby bakteryjne oraz pomaga w rozwoju i budowie tkanek. Cynk (Zn) ma zwi\u0105zek z metabolizmem azotu co ma znacz\u0105cy wp\u0142yw na wzrost i rozw\u00f3j kwiat\u00f3w i ro\u015blin ozdobnych. Bor (B) pobudza procesy kwitnienia, owocowania i zawi\u0105zywania nasion i owoc\u00f3w. Opr\u00f3cz tego ma za zadanie stymulowa\u0107 rozw\u00f3j system\u00f3w korzeniowych w ro\u015blinach ozdobnych. Zawarto\u015b\u0107 znacz\u0105cej ilo\u015bci siarki (12%) dodatkowo przyczynia si\u0119 do wzmacniania odporno\u015bci ro\u015blin na r\u00f3\u017cne czynniki, takie jak mr\u00f3z, susza i choroby, co przek\u0142ada si\u0119 na zdrowy wygl\u0105d kwiatostan\u00f3w i og\u00f3ln\u0105 zdrowotno\u015b\u0107 ro\u015blin ozdobnych.<\/p>\n<p>Dzi\u0119ki technologii SILEVEL\u2122, hydro\u017cele oparte na krzemie tworz\u0105 specjalne przestrzenie, gdzie zatrzymywane s\u0105 sk\u0142adniki od\u017cywcze. Kiedy naw\u00f3z do kwiat\u00f3w SOLER Flower styka si\u0119 z ro\u015blin\u0105, sk\u0142adniki od\u017cywcze s\u0105 stopniowo uwalniane, co przed\u0142u\u017ca ich dzia\u0142anie. Naw\u00f3z ten ma tak\u017ce w\u0142a\u015bciwo\u015bci higroskopijne, co oznacza, \u017ce jest odporny na wysychanie i \u0142atwo absorbuje wilgo\u0107, co umo\u017cliwia mu skuteczne dzia\u0142anie nawet podczas opad\u00f3w deszczu, zapewniaj\u0105c ro\u015blinom d\u0142ugotrwa\u0142e od\u017cywienie.<\/p>\n<p>Ponadto, produkt zosta\u0142 ulepszony poprzez dodanie mechanizmu stymuluj\u0105cego QM6\u2122, kt\u00f3ry pobudza naturalne mechanizmy obronne ro\u015bliny. Dzi\u0119ki temu systemowi, ro\u015blina jest lepiej przygotowana do gromadzenia wody i sk\u0142adnik\u00f3w od\u017cywczych z nawozu SOLER Flower do ro\u015blin ozdobnych.<\/p>\n<p>Naw\u00f3z SOLER Flower do kwiat\u00f3w i innych ro\u015blin ozdobnych wyr\u00f3\u017cnia si\u0119 bezpiecze\u0144stwem, gdy\u017c nie zawiera chlork\u00f3w. Sk\u0142adniki zawarte w produkcie maj\u0105 w\u0142a\u015bciwo\u015bci dezynfekuj\u0105ce dla u\u017cywanych opryskiwaczy oraz pe\u0142ni\u0105 funkcj\u0119 fungicyd\u00f3w dla ro\u015blin, co pomaga kontrolowa\u0107 rozw\u00f3j chorobotw\u00f3rczych patogen\u00f3w. Dzi\u0119ki swojej \u017celowej konsystencji, SOLER Flower mo\u017cna przechowywa\u0107 d\u0142ugoterminowo, nie trac\u0105c przy tym skuteczno\u015bci i jako\u015bci. Naw\u00f3z ten \u0142atwo si\u0119 mieszaj\u0105 i przelewaj\u0105, co czyni go wygodnym i praktycznym w u\u017cytkowaniu.<\/p>\n<p><strong style=\"font-size: inherit; font-family: -apple-system, system-ui, BlinkMacSystemFont, 'Segoe UI', Helvetica, Arial, sans-serif, 'Apple Color Emoji', 'Segoe UI Emoji', 'Segoe UI Symbol';\">SK\u0141AD:\u00a0<\/strong><\/p>\n<\/div>\n<div class=\"et_pb_text_inner\">\n<section id=\"section-50-47\" class=\" ct-section oxy-margin-bottom\">\n<div class=\"ct-section-inner-wrap\">\n<div id=\"_tabs_contents-60-47\" class=\"oxy-tabs-contents-wrapper oxy-tabs-contents\">\n<div id=\"_tab_content-64-47\" class=\"oxy-tab-content tabs-contents-2212-tab\">\n<div id=\"div_block-65-47\" class=\"ct-div-block\">\n<div id=\"_rich_text-66-47\" class=\"oxy-rich-text\">\n<section id=\"section-51-85\" class=\" ct-section oxy-margin-bottom\">\n<div class=\"ct-section-inner-wrap\">\n<div id=\"_tabs_contents-61-85\" class=\"oxy-tabs-contents-wrapper oxy-tabs-contents\">\n<div id=\"_tab_content-65-85\" class=\"oxy-tab-content tabs-contents-2212-tab\">\n<div id=\"div_block-66-85\" class=\"ct-div-block\">\n<div id=\"_rich_text-67-85\" class=\"oxy-rich-text\">\n<p>Bor (B) \u2013 1,00% (w\/w), Mied\u017a (Cu) \u2013 2,00% (w\/w), Mangan (Mn) \u2013 4,00% (w\/w), Molibden (Mo) \u2013 0,02% (w\/w), Cynk (Zn) \u2013 3,00% (w\/w), Siarka (SO3) \u2013 12,30% (w\/w).<\/p>\n<\/div>\n<\/div>\n<\/div>\n<\/div>\n<\/div>\n<\/section>\n<section id=\"section-112-85\" class=\" ct-section oxy-margin-bottom-last\">\n<div class=\"ct-section-inner-wrap\"><\/div>\n<\/section>\n<\/div>\n<\/div>\n<\/div>\n<\/div>\n<\/div>\n<\/section>\n<section id=\"section-1383-47\" class=\" ct-section oxy-margin-bottom\">\n<div class=\"ct-section-inner-wrap\">\n<p><strong><strong>Dawkowanie:<\/strong><\/strong><\/p>\n<section id=\"section-51-87\" class=\" ct-section oxy-margin-bottom\">\n<div class=\"ct-section-inner-wrap\">\n<div id=\"_tabs_contents-61-87\" class=\"oxy-tabs-contents-wrapper oxy-tabs-contents\">\n<div id=\"_tab_content-68-87\" class=\"oxy-tab-content tabs-contents-2212-tab\">\n<div id=\"div_block-69-87\" class=\"ct-div-block\">\n<div id=\"_rich_text-70-87\" class=\"oxy-rich-text\">\n<section id=\"section-51-85\" class=\" ct-section oxy-margin-bottom\">\n<div class=\"ct-section-inner-wrap\">\n<div id=\"_tabs_contents-61-85\" class=\"oxy-tabs-contents-wrapper oxy-tabs-contents\">\n<div id=\"_tab_content-68-85\" class=\"oxy-tab-content tabs-contents-2212-tab\">\n<div id=\"div_block-69-85\" class=\"ct-div-block\">\n<div id=\"_rich_text-70-85\" class=\"oxy-rich-text\">\n<p>1 l\/300-600 l wody\/ha; 2-4 zabiegi w sezonie.<\/p>\n<\/div>\n<\/div>\n<\/div>\n<\/div>\n<\/div>\n<\/section>\n<section id=\"section-112-85\" class=\" ct-section oxy-margin-bottom-last\">\n<div class=\"ct-section-inner-wrap\"><\/div>\n<\/section>\n<\/div>\n<\/div>\n<\/div>\n<\/div>\n<\/div>\n<\/section>\n<section id=\"section-352-87\" class=\" ct-section oxy-margin-bottom\">\n<div class=\"ct-section-inner-wrap\"><\/div>\n<\/section>\n<\/div>\n<\/section>\n<\/div>\n<\/div>\n","protected":false},"excerpt":{"rendered":"<p>SOLER Flower Naw\u00f3z do kwiat\u00f3w SOLER Flower to nowoczesny naw\u00f3z mikroelementowy w postaci \u017celu, przeznaczony do dokarmiania ro\u015blin ozdobnych, takich jak kwiaty, byliny, krzewy i drzewa. Ten preparat wyr\u00f3\u017cnia si\u0119 szybkim dostarczaniem niezb\u0119dnych sk\u0142adnik\u00f3w od\u017cywczych w proporcjach dostosowanych do konkretnych potrzeb ro\u015blin. Dzi\u0119ki swojej wysokiej koncentracji mikroelement\u00f3w, naw\u00f3z do kwiat\u00f3w SOLER Flower zapewnia optymalny wzrost, &#8230; <a title=\"SOLER FLOWER &#8211; 1L (Naw\u00f3z do kwiat\u00f3w)\" class=\"read-more\" href=\"https:\/\/agro-expert.eu\/?product=soler-flower-1l-nawoz-do-kwiatow\" aria-label=\"Read more about SOLER FLOWER &#8211; 1L (Naw\u00f3z do kwiat\u00f3w)\">Dowiedz si\u0119 wi\u0119cej<\/a><\/p>\n","protected":false},"featured_media":889,"comment_status":"open","ping_status":"closed","template":"","meta":{"om_disable_all_campaigns":false,"_monsterinsights_skip_tracking":false,"_monsterinsights_sitenote_active":false,"_monsterinsights_sitenote_note":"","_monsterinsights_sitenote_category":0,"_uf_show_specific_survey":0,"_uf_disable_surveys":false},"product_brand":[],"product_cat":[45,49],"product_tag":[],"class_list":{"0":"post-887","1":"product","2":"type-product","3":"status-publish","4":"has-post-thumbnail","6":"product_cat-agrarius","7":"product_cat-nawozy-agrarius","9":"first","10":"instock","11":"taxable","12":"shipping-taxable","13":"purchasable","14":"product-type-simple"},"aioseo_notices":[],"jetpack_sharing_enabled":true,"_links":{"self":[{"href":"https:\/\/agro-expert.eu\/index.php?rest_route=\/wp\/v2\/product\/887","targetHints":{"allow":["GET"]}}],"collection":[{"href":"https:\/\/agro-expert.eu\/index.php?rest_route=\/wp\/v2\/product"}],"about":[{"href":"https:\/\/agro-expert.eu\/index.php?rest_route=\/wp\/v2\/types\/product"}],"replies":[{"embeddable":true,"href":"https:\/\/agro-expert.eu\/index.php?rest_route=%2Fwp%2Fv2%2Fcomments&post=887"}],"wp:featuredmedia":[{"embeddable":true,"href":"https:\/\/agro-expert.eu\/index.php?rest_route=\/wp\/v2\/media\/889"}],"wp:attachment":[{"href":"https:\/\/agro-expert.eu\/index.php?rest_route=%2Fwp%2Fv2%2Fmedia&parent=887"}],"wp:term":[{"taxonomy":"product_brand","embeddable":true,"href":"https:\/\/agro-expert.eu\/index.php?rest_route=%2Fwp%2Fv2%2Fproduct_brand&post=887"},{"taxonomy":"product_cat","embeddable":true,"href":"https:\/\/agro-expert.eu\/index.php?rest_route=%2Fwp%2Fv2%2Fproduct_cat&post=887"},{"taxonomy":"product_tag","embeddable":true,"href":"https:\/\/agro-expert.eu\/index.php?rest_route=%2Fwp%2Fv2%2Fproduct_tag&post=887"}],"curies":[{"name":"wp","href":"https:\/\/api.w.org\/{rel}","templated":true}]}}