{"id":899,"date":"2025-06-09T14:09:24","date_gmt":"2025-06-09T12:09:24","guid":{"rendered":"https:\/\/agro-expert.eu\/?post_type=product&#038;p=899"},"modified":"2025-07-03T15:54:10","modified_gmt":"2025-07-03T13:54:10","slug":"soler-red-1l-nawoz-do-pomidorow","status":"publish","type":"product","link":"https:\/\/agro-expert.eu\/?product=soler-red-1l-nawoz-do-pomidorow","title":{"rendered":"SOLER  Red &#8211; 1L (Naw\u00f3z do pomidor\u00f3w)"},"content":{"rendered":"<div class=\"et_pb_module et_pb_image et_pb_image_0\"><\/div>\n<div class=\"et_pb_module et_pb_text et_pb_text_0 et_pb_text_align_left et_pb_bg_layout_light\">\n<div class=\"et_pb_text_inner\">\n<h1 id=\"headline-8-83\" class=\"ct-headline oxy-nawozy\"><strong>SOLER\u00a0 Red<\/strong><\/h1>\n<h2 id=\"headline-9-77\" class=\"ct-headline\">Naw\u00f3z do pomidor\u00f3w<\/h2>\n<div id=\"text_block-10-77\" class=\"ct-text-block\">Naw\u00f3z mikroelementowy SOLER Red, w postaci \u017celowej, zosta\u0142 specjalnie stworzony do dolistnego nawo\u017cenia pomidor\u00f3w, papryki oraz warzyw dyniowatych. Ten innowacyjny produkt zawiera wysok\u0105 zawarto\u015b\u0107 siarki i miedzi systemicznej, kt\u00f3re korzystnie wp\u0142ywaj\u0105 na upraw\u0119 tych warzyw, dzia\u0142aj\u0105c wzmacniaj\u0105co, prozdrowotnie, oczyszczaj\u0105co i stymuluj\u0105co. Siarka oraz \u0142atwo przyswajalna mied\u017a systemiczna wzmacniaj\u0105 odporno\u015b\u0107 ro\u015blin na infekcje grzybowe i bakteryjne, a zaawansowane technologie, takie jak SILEVEL\u2122 i QM6\u2122, zastosowane przy opracowywaniu produktu, zwi\u0119kszaj\u0105 jego efektywno\u015b\u0107.<\/div>\n<p><img fetchpriority=\"high\" decoding=\"async\" class=\"aligncenter wp-image-893 size-full\" src=\"https:\/\/agro-expert.eu\/wp-content\/uploads\/2025\/06\/Zrzut-ekranu-2025-06-9-o-14.01.47.png\" alt=\"\" width=\"1175\" height=\"297\" srcset=\"https:\/\/agro-expert.eu\/wp-content\/uploads\/2025\/06\/Zrzut-ekranu-2025-06-9-o-14.01.47.png 1175w, https:\/\/agro-expert.eu\/wp-content\/uploads\/2025\/06\/Zrzut-ekranu-2025-06-9-o-14.01.47-300x76.png 300w, https:\/\/agro-expert.eu\/wp-content\/uploads\/2025\/06\/Zrzut-ekranu-2025-06-9-o-14.01.47-1024x259.png 1024w, https:\/\/agro-expert.eu\/wp-content\/uploads\/2025\/06\/Zrzut-ekranu-2025-06-9-o-14.01.47-768x194.png 768w, https:\/\/agro-expert.eu\/wp-content\/uploads\/2025\/06\/Zrzut-ekranu-2025-06-9-o-14.01.47-600x152.png 600w\" sizes=\"(max-width: 1175px) 100vw, 1175px\" \/><\/p>\n<p><strong>DZIA\u0141ANIE:<\/strong><\/p>\n<p>Zasilenie ro\u015blin dolistnym wielosk\u0142adnikowym\u00a0<b>nawozem do pomidor\u00f3w SOLER Red\u00a0<\/b>zwi\u0119kszaj\u0105cym dost\u0119pno\u015b\u0107 sk\u0142adnik\u00f3w mineralnych pozytywnie wp\u0142ywa na kondycj\u0119 uprawy i sprzyja obfitemu plonowaniu. Preparat ma bezpieczny sk\u0142ad i mo\u017ce by\u0107 stosowany nawet w uprawach integrowanych.<\/p>\n<p><b>Naw\u00f3z do pomidor\u00f3w SOLER Red<\/b>\u00a0zosta\u0142 skomponowany w taki spos\u00f3b, by odpowiada\u0107 potrzebom pokarmowym pomidor\u00f3w, papryki i ro\u015blin dyniowatych poprzez szybkie udost\u0119pnianie im niezb\u0119dnych sk\u0142adnik\u00f3w mineralnych.<\/p>\n<p>Pomidory, papryka i warzywa z rodziny dyniowatych potrzebuj\u0105 do prawid\u0142owego wzrostu przede wszystkim wysokiej temperatury, zar\u00f3wno podczas kie\u0142kowania, jak i wzrostu czy plonowania. Pod upraw\u0119 trzeba przeznaczy\u0107 \u017cyzn\u0105 gleb\u0119 o du\u017cej zawarto\u015bci pr\u00f3chnicy i odpowiednim poziomie nawodnienia. Wiele stanowisk nie spe\u0142nia nawet minimalnych wymog\u00f3w uprawowych dla ro\u015blin dyniowatych i wymaga dodatkowego nawo\u017cenia nie tylko nawozami naturalnymi takimi jak obornik, ale te\u017c specjalnymi mikroelementowymi nawozami dolistnymi.<\/p>\n<p>Pomidory, papryka maj\u0105 szczeg\u00f3lne wymagania pokarmowe, a do wyprodukowania 1 kg tych owoc\u00f3w potrzeba du\u017cych ilo\u015bci minera\u0142\u00f3w i witamin. Pomidor i papryka wykazuj\u0105 najwi\u0119ksze zapotrzebowanie na sk\u0142adniki pokarmowe w trakcie wzrostu wegetatywnego oraz w momencie zawi\u0105zywania owoc\u00f3w.<\/p>\n<p>W procesie produkcji<b>\u00a0nawozu do pomidor\u00f3w SOLER Red<\/b>\u00a0zastosowano technologi\u0119 SILEVELTM, dzi\u0119ki kt\u00f3rej preparat ma posta\u0107 hydro\u017celu bazuj\u0105cego na krzemie, a sk\u0142adniki nawozowe s\u0105 w nim zamkni\u0119te w swego rodzaju kieszeniach \u2013 mi\u0119dzy pakietowych przestrzeniach, z kt\u00f3rych mog\u0105 si\u0119 powoli i systematycznie uwalnia\u0107. Dzi\u0119ki specjalnemu pakietowaniu sk\u0142adniki mineralne zawarte w\u00a0<b>nawozie do pomidor\u00f3w<\/b>\u00a0s\u0105 szybko i wydajnie uwalniane w kontakcie z ro\u015blinami.<\/p>\n<p>Naw\u00f3z do papryki, pomidor\u00f3w i warzyw dyniowatych SOLER Red cechuje si\u0119 wysok\u0105 higroskopijno\u015bci\u0105, \u0142atwo p\u0119cznieje i jest odporny na zmywanie przez deszcz. Preparat dzi\u0119ki du\u017cej zawarto\u015bci systemicznej siarki i miedzi dzia\u0142a prozdrowotnie na ro\u015bliny \u2013 stymuluje je do wzrostu, wzmacnia i dezynfekuje upraw\u0119. Sk\u0142adniki mineralne zawarte w tej wielosk\u0142adnikowej od\u017cywce wspomagaj\u0105 odporno\u015b\u0107 ro\u015blin na choroby grzybowe i niekorzystne warunki uprawy.<\/p>\n<p>Preparat\u00a0<b>SOLER Red<\/b>\u00a0wzbogacono o stymuluj\u0105cy mechanizm QM6TM, kt\u00f3ry pobudza ro\u015bliny do wytwarzania odruch\u00f3w obronnych, przede wszystkim poprzez poprawienie ich zdolno\u015bci do gromadzenia wody oraz sk\u0142adnik\u00f3w od\u017cywczych zawartych w nawozie. Efektem zastosowania\u00a0<b>nawozu do pomidor\u00f3w<\/b>, warzyw dyniowatych i papryki jest zwi\u0119kszenie plonu i poprawa jego jako\u015bci.<\/p>\n<p><strong style=\"font-size: inherit; font-family: -apple-system, system-ui, BlinkMacSystemFont, 'Segoe UI', Helvetica, Arial, sans-serif, 'Apple Color Emoji', 'Segoe UI Emoji', 'Segoe UI Symbol';\">SK\u0141AD:\u00a0<\/strong><\/p>\n<\/div>\n<div class=\"et_pb_text_inner\">\n<section id=\"section-50-47\" class=\" ct-section oxy-margin-bottom\">\n<div class=\"ct-section-inner-wrap\">\n<div id=\"_tabs_contents-60-47\" class=\"oxy-tabs-contents-wrapper oxy-tabs-contents\">\n<div id=\"_tab_content-64-47\" class=\"oxy-tab-content tabs-contents-2212-tab\">\n<div id=\"div_block-65-47\" class=\"ct-div-block\">\n<div id=\"_rich_text-66-47\" class=\"oxy-rich-text\">\n<section id=\"section-51-85\" class=\" ct-section oxy-margin-bottom\">\n<div class=\"ct-section-inner-wrap\">\n<div id=\"_tabs_contents-61-85\" class=\"oxy-tabs-contents-wrapper oxy-tabs-contents\">\n<div id=\"_tab_content-65-85\" class=\"oxy-tab-content tabs-contents-2212-tab\">\n<div id=\"div_block-66-85\" class=\"ct-div-block\">\n<div id=\"_rich_text-67-85\" class=\"oxy-rich-text\">\n<section id=\"section-51-83\" class=\" ct-section oxy-margin-bottom\">\n<div class=\"ct-section-inner-wrap\">\n<div id=\"_tabs_contents-61-83\" class=\"oxy-tabs-contents-wrapper oxy-tabs-contents\">\n<div id=\"_tab_content-65-83\" class=\"oxy-tab-content tabs-contents-2212-tab\">\n<div id=\"div_block-66-83\" class=\"ct-div-block\">\n<div id=\"_rich_text-67-83\" class=\"oxy-rich-text\">\n<section id=\"section-49-77\" class=\" ct-section oxy-margin-bottom\">\n<div class=\"ct-section-inner-wrap\">\n<div id=\"_tabs_contents-59-77\" class=\"oxy-tabs-contents-wrapper oxy-tabs-contents\">\n<div id=\"_tab_content-63-77\" class=\"oxy-tab-content tabs-contents-2212-tab\">\n<div id=\"div_block-64-77\" class=\"ct-div-block\">\n<div id=\"_rich_text-65-77\" class=\"oxy-rich-text\">\n<p>Bor (B) &#8211; 1,00% w\/w, Mied\u017a (Cu) \u2013 2,00% w\/w, Mangan (Mn) \u2013 4,00% w\/w, Molibden (Mo) \u2013 0,02% w\/w, Cynk (Zn) \u2013 3,00% w\/w, Siarka (SO3) \u2013 12,30% w\/w<\/p>\n<\/div>\n<\/div>\n<\/div>\n<\/div>\n<\/div>\n<\/section>\n<section id=\"section-71-77\" class=\" ct-section oxy-margin-bottom\">\n<div class=\"ct-section-inner-wrap\"><\/div>\n<\/section>\n<\/div>\n<\/div>\n<\/div>\n<\/div>\n<\/div>\n<\/section>\n<section id=\"section-112-83\" class=\" ct-section oxy-margin-bottom-last\">\n<div class=\"ct-section-inner-wrap\"><\/div>\n<\/section>\n<\/div>\n<\/div>\n<\/div>\n<\/div>\n<\/div>\n<\/section>\n<section id=\"section-112-85\" class=\" ct-section oxy-margin-bottom-last\">\n<div class=\"ct-section-inner-wrap\"><\/div>\n<\/section>\n<\/div>\n<\/div>\n<\/div>\n<\/div>\n<\/div>\n<\/section>\n<section id=\"section-1383-47\" class=\" ct-section oxy-margin-bottom\">\n<div class=\"ct-section-inner-wrap\">\n<p><strong><strong>Dawkowanie:<\/strong><\/strong><\/p>\n<section id=\"section-49-77\" class=\" ct-section oxy-margin-bottom\">\n<div class=\"ct-section-inner-wrap\">\n<div id=\"_tabs_contents-59-77\" class=\"oxy-tabs-contents-wrapper oxy-tabs-contents\">\n<div id=\"_tab_content-66-77\" class=\"oxy-tab-content tabs-contents-2212-tab\">\n<div id=\"div_block-67-77\" class=\"ct-div-block\">\n<div id=\"_rich_text-68-77\" class=\"oxy-rich-text\">\n<p>1 l\/300-600 l wody\/ha; 2-4 zabiegi w sezonie.<\/p>\n<\/div>\n<\/div>\n<\/div>\n<\/div>\n<\/div>\n<\/section>\n<section id=\"section-71-77\" class=\" ct-section oxy-margin-bottom\">\n<div class=\"ct-section-inner-wrap\"><\/div>\n<\/section>\n<section id=\"section-352-87\" class=\" ct-section oxy-margin-bottom\">\n<div class=\"ct-section-inner-wrap\"><\/div>\n<\/section>\n<\/div>\n<\/section>\n<\/div>\n<\/div>\n","protected":false},"excerpt":{"rendered":"<p>SOLER\u00a0 Red Naw\u00f3z do pomidor\u00f3w Naw\u00f3z mikroelementowy SOLER Red, w postaci \u017celowej, zosta\u0142 specjalnie stworzony do dolistnego nawo\u017cenia pomidor\u00f3w, papryki oraz warzyw dyniowatych. Ten innowacyjny produkt zawiera wysok\u0105 zawarto\u015b\u0107 siarki i miedzi systemicznej, kt\u00f3re korzystnie wp\u0142ywaj\u0105 na upraw\u0119 tych warzyw, dzia\u0142aj\u0105c wzmacniaj\u0105co, prozdrowotnie, oczyszczaj\u0105co i stymuluj\u0105co. Siarka oraz \u0142atwo przyswajalna mied\u017a systemiczna wzmacniaj\u0105 odporno\u015b\u0107 ro\u015blin &#8230; <a title=\"SOLER  Red &#8211; 1L (Naw\u00f3z do pomidor\u00f3w)\" class=\"read-more\" href=\"https:\/\/agro-expert.eu\/?product=soler-red-1l-nawoz-do-pomidorow\" aria-label=\"Read more about SOLER  Red &#8211; 1L (Naw\u00f3z do pomidor\u00f3w)\">Dowiedz si\u0119 wi\u0119cej<\/a><\/p>\n","protected":false},"featured_media":900,"comment_status":"open","ping_status":"closed","template":"","meta":{"om_disable_all_campaigns":false,"_monsterinsights_skip_tracking":false,"_monsterinsights_sitenote_active":false,"_monsterinsights_sitenote_note":"","_monsterinsights_sitenote_category":0,"_uf_show_specific_survey":0,"_uf_disable_surveys":false},"product_brand":[],"product_cat":[45,49],"product_tag":[],"class_list":{"0":"post-899","1":"product","2":"type-product","3":"status-publish","4":"has-post-thumbnail","6":"product_cat-agrarius","7":"product_cat-nawozy-agrarius","9":"first","10":"instock","11":"taxable","12":"shipping-taxable","13":"purchasable","14":"product-type-simple"},"aioseo_notices":[],"jetpack_sharing_enabled":true,"_links":{"self":[{"href":"https:\/\/agro-expert.eu\/index.php?rest_route=\/wp\/v2\/product\/899","targetHints":{"allow":["GET"]}}],"collection":[{"href":"https:\/\/agro-expert.eu\/index.php?rest_route=\/wp\/v2\/product"}],"about":[{"href":"https:\/\/agro-expert.eu\/index.php?rest_route=\/wp\/v2\/types\/product"}],"replies":[{"embeddable":true,"href":"https:\/\/agro-expert.eu\/index.php?rest_route=%2Fwp%2Fv2%2Fcomments&post=899"}],"wp:featuredmedia":[{"embeddable":true,"href":"https:\/\/agro-expert.eu\/index.php?rest_route=\/wp\/v2\/media\/900"}],"wp:attachment":[{"href":"https:\/\/agro-expert.eu\/index.php?rest_route=%2Fwp%2Fv2%2Fmedia&parent=899"}],"wp:term":[{"taxonomy":"product_brand","embeddable":true,"href":"https:\/\/agro-expert.eu\/index.php?rest_route=%2Fwp%2Fv2%2Fproduct_brand&post=899"},{"taxonomy":"product_cat","embeddable":true,"href":"https:\/\/agro-expert.eu\/index.php?rest_route=%2Fwp%2Fv2%2Fproduct_cat&post=899"},{"taxonomy":"product_tag","embeddable":true,"href":"https:\/\/agro-expert.eu\/index.php?rest_route=%2Fwp%2Fv2%2Fproduct_tag&post=899"}],"curies":[{"name":"wp","href":"https:\/\/api.w.org\/{rel}","templated":true}]}}