{"id":906,"date":"2025-06-09T14:17:35","date_gmt":"2025-06-09T12:17:35","guid":{"rendered":"https:\/\/agro-expert.eu\/?post_type=product&#038;p=906"},"modified":"2025-07-03T15:54:10","modified_gmt":"2025-07-03T13:54:10","slug":"soler-green-5l-nawoz-na-warzywa-lisciowe","status":"publish","type":"product","link":"https:\/\/agro-expert.eu\/?product=soler-green-5l-nawoz-na-warzywa-lisciowe","title":{"rendered":"SOLER  Green &#8211; 5L (Naw\u00f3z na warzywa li\u015bciowe)"},"content":{"rendered":"<div class=\"et_pb_module et_pb_image et_pb_image_0\"><\/div>\n<div class=\"et_pb_module et_pb_text et_pb_text_0 et_pb_text_align_left et_pb_bg_layout_light\">\n<div class=\"et_pb_text_inner\">\n<h1 id=\"headline-8-79\" class=\"ct-headline oxy-nawozy\"><strong>SOLER Green<\/strong><\/h1>\n<h2 id=\"headline-9-79\" class=\"ct-headline\">Naw\u00f3z na warzywa li\u015bciowe<\/h2>\n<div id=\"text_block-10-79\" class=\"ct-text-block\">\u017belowy naw\u00f3z mikroelementowy, stworzony specjalnie z my\u015bl\u0105 o warzywach li\u015bciowych takich jak: szpinak, rukola, sa\u0142ata, cykoria jarmu\u017c, kapusta i inne kapustowate, stanowi nowoczesny i skuteczny produkt, cechuj\u0105cy si\u0119 wysok\u0105 zawarto\u015bci\u0105 mikrosk\u0142adnik\u00f3w m.in. miedzi systemicznej i wa\u017cnego dla ro\u015blin makroelementu; siarki. Mikroelementy zawarte w nawozie SOLER Green zapewniaj\u0105 szeroko poj\u0119te wzmacnianie warzyw li\u015bciowych: sprzyjaj\u0105 ich zdrowemu wzrostowi, odpowiedniej kondycji fitosanitarnej oraz stymuluj\u0105 rozw\u00f3j i plonowanie. Siarka i \u0142atwo przyswajalna posta\u0107 miedzi systemicznej wzmacniaj\u0105 odporno\u015b\u0107 ro\u015blin na infekcje ze strony patogen\u00f3w grzybowych i bakterii chorobotw\u00f3rczych. Na popraw\u0119 kondycji i odporno\u015bci warzyw li\u015bciowych wp\u0142ywa r\u00f3wnie\u017c krzem, kt\u00f3ry tworzy warstw\u0119 \u017celow\u0105 na li\u015bciu u\u0142atwiaj\u0105c wnikanie sk\u0142adnik\u00f3w nawozu jak r\u00f3wnie\u017c poprawia ich odporno\u015b\u0107 na ataki chor\u00f3b i szkodnik\u00f3w. Zaawansowane technologie, takie jak SILEVEL\u2122 i QM6\u2122, u\u017cyte przy opracowywaniu produktu, gwarantuj\u0105 jego skuteczno\u015b\u0107.<\/div>\n<p><img fetchpriority=\"high\" decoding=\"async\" class=\"aligncenter wp-image-904 size-full\" src=\"https:\/\/agro-expert.eu\/wp-content\/uploads\/2025\/06\/Zrzut-ekranu-2025-06-9-o-14.16.01.png\" alt=\"\" width=\"1120\" height=\"298\" srcset=\"https:\/\/agro-expert.eu\/wp-content\/uploads\/2025\/06\/Zrzut-ekranu-2025-06-9-o-14.16.01.png 1120w, https:\/\/agro-expert.eu\/wp-content\/uploads\/2025\/06\/Zrzut-ekranu-2025-06-9-o-14.16.01-300x80.png 300w, https:\/\/agro-expert.eu\/wp-content\/uploads\/2025\/06\/Zrzut-ekranu-2025-06-9-o-14.16.01-1024x272.png 1024w, https:\/\/agro-expert.eu\/wp-content\/uploads\/2025\/06\/Zrzut-ekranu-2025-06-9-o-14.16.01-768x204.png 768w, https:\/\/agro-expert.eu\/wp-content\/uploads\/2025\/06\/Zrzut-ekranu-2025-06-9-o-14.16.01-600x160.png 600w\" sizes=\"(max-width: 1120px) 100vw, 1120px\" \/><\/p>\n<p><strong>DZIA\u0141ANIE:<\/strong><\/p>\n<p>Warzywa li\u015bciowe nie wymagaj\u0105 du\u017cej temperatury do wzrostu i ca\u0142kiem zno\u015bnie znosz\u0105 spadki temperatur. Bardzo istotne dla tych ro\u015blin jest s\u0142o\u0144ce, gdy\u017c s\u0105 warzywami \u201ednia d\u0142ugiego\u201d i musz\u0105 wytwarza\u0107 spor\u0105 mas\u0119 zielonych li\u015bci. Bardzo wa\u017cne s\u0105 r\u00f3wnie\u017c mikrosk\u0142adniki, kt\u00f3re odpowiadaj\u0105 za r\u00f3\u017cne aspekty wegetacji tych warzyw. Cynk (Zn) wp\u0142ywa na wzrost i rozw\u00f3j ro\u015blin oraz bierze udzia\u0142 w procesie syntezy chlorofilu i witamin. Bor (B) zwi\u0119ksza plony i wp\u0142ywa na jako\u015b\u0107 uprawy \u2013 niedostatek tego sk\u0142adnika wyst\u0119puje najcz\u0119\u015bciej po d\u0142u\u017cszym okresie suszy. Mied\u017a (Cu) z kolei odpowiada za rozw\u00f3j i budow\u0119 tkanek oraz proces fotosyntezy. Mangan (Mn) aktywuje wiele enzym\u00f3w oraz stymuluje pobieranie sk\u0142adnik\u00f3w pokarmowych przez warzywa li\u015bciowe. Molibden (Mo) pe\u0142ni wa\u017cn\u0105 rol\u0119 w metabolizmie azotu, a Siarka (S) pe\u0142ni funkcj\u0119 budulcow\u0105 oraz zwi\u0119ksza odporno\u015b\u0107 na stresy biotyczne i abiotyczne. Wszystkie te mikroelementy zosta\u0142y skomponowane w odpowiednich ilo\u015bciach i zamkni\u0119te w nawozie do warzyw li\u015bciowych SOLER Green.<\/p>\n<p>Dzi\u0119ki technologii SILEVEL\u2122, hydro\u017cele oparte na krzemie tworz\u0105 specjalne struktury, kt\u00f3re dzia\u0142aj\u0105 jak \u201ekieszenie\u201d, czyli przestrzenie miedzypakietowe, w kt\u00f3rych gromadzone s\u0105 sk\u0142adniki od\u017cywcze nawozu SOLER Green. Sk\u0142adniki od\u017cywcze preparatu s\u0105 stopniowo uwalniane, co pozwala na ich efektywne wykorzystanie przez d\u0142u\u017cszy czas. SOLER Green posiada w\u0142a\u015bciwo\u015bci higroskopijne, co oznacza, \u017ce jest odporny na wysychanie i \u0142atwo absorbuje wilgo\u0107 \u2013 dzi\u0119ki temu ten d\u0142u\u017cej utrzymuje si\u0119 na ro\u015blinie nawet w czasie opad\u00f3w.<\/p>\n<p>Naw\u00f3z przeznaczony do warzyw li\u015bciowych zawiera znaczn\u0105 ilo\u015b\u0107 miedzi systemicznej i siarki, kt\u00f3re dzia\u0142aj\u0105 wzmacniaj\u0105co, oczyszczaj\u0105co i stymuluj\u0105co na ro\u015bliny, poprawiaj\u0105c ich stan zdrowotny. Siarka oraz mied\u017a systemiczna, \u0142atwo przyswajalna przez ro\u015bliny, wzmacniaj\u0105 ich odporno\u015b\u0107 na choroby grzybowe.<\/p>\n<p>Dodatkowo preparat zosta\u0142 wzbogacony o mechanizm stymuluj\u0105cy QM6\u2122, kt\u00f3ry aktywuje w ro\u015blinach procesy obronne, zwi\u0119kszaj\u0105c ich zdolno\u015b\u0107 do zatrzymywania wody i substancji od\u017cywczych pochodz\u0105cych z nawozu SOLER Green dla warzyw li\u015bciowych. W rezultacie ten kompleksowy proces korzystnie wp\u0142ywa na uzyskanie wysokiego, wysokiej jako\u015bci plonu.<\/p>\n<p><strong style=\"font-size: inherit; font-family: -apple-system, system-ui, BlinkMacSystemFont, 'Segoe UI', Helvetica, Arial, sans-serif, 'Apple Color Emoji', 'Segoe UI Emoji', 'Segoe UI Symbol';\">SK\u0141AD:\u00a0<\/strong><\/p>\n<\/div>\n<div class=\"et_pb_text_inner\">\n<section id=\"section-50-47\" class=\" ct-section oxy-margin-bottom\">\n<div class=\"ct-section-inner-wrap\">\n<div id=\"_tabs_contents-60-47\" class=\"oxy-tabs-contents-wrapper oxy-tabs-contents\">\n<div id=\"_tab_content-64-47\" class=\"oxy-tab-content tabs-contents-2212-tab\">\n<div id=\"div_block-65-47\" class=\"ct-div-block\">\n<div id=\"_rich_text-66-47\" class=\"oxy-rich-text\">\n<section id=\"section-51-85\" class=\" ct-section oxy-margin-bottom\">\n<div class=\"ct-section-inner-wrap\">\n<div id=\"_tabs_contents-61-85\" class=\"oxy-tabs-contents-wrapper oxy-tabs-contents\">\n<div id=\"_tab_content-65-85\" class=\"oxy-tab-content tabs-contents-2212-tab\">\n<div id=\"div_block-66-85\" class=\"ct-div-block\">\n<div id=\"_rich_text-67-85\" class=\"oxy-rich-text\">\n<section id=\"section-51-83\" class=\" ct-section oxy-margin-bottom\">\n<div class=\"ct-section-inner-wrap\">\n<div id=\"_tabs_contents-61-83\" class=\"oxy-tabs-contents-wrapper oxy-tabs-contents\">\n<div id=\"_tab_content-65-83\" class=\"oxy-tab-content tabs-contents-2212-tab\">\n<div id=\"div_block-66-83\" class=\"ct-div-block\">\n<div id=\"_rich_text-67-83\" class=\"oxy-rich-text\">\n<section id=\"section-49-77\" class=\" ct-section oxy-margin-bottom\">\n<div class=\"ct-section-inner-wrap\">\n<div id=\"_tabs_contents-59-77\" class=\"oxy-tabs-contents-wrapper oxy-tabs-contents\">\n<div id=\"_tab_content-63-77\" class=\"oxy-tab-content tabs-contents-2212-tab\">\n<div id=\"div_block-64-77\" class=\"ct-div-block\">\n<div id=\"_rich_text-65-77\" class=\"oxy-rich-text\">\n<section id=\"section-51-79\" class=\" ct-section oxy-margin-bottom\">\n<div class=\"ct-section-inner-wrap\">\n<div id=\"_tabs_contents-61-79\" class=\"oxy-tabs-contents-wrapper oxy-tabs-contents\">\n<div id=\"_tab_content-65-79\" class=\"oxy-tab-content tabs-contents-2212-tab\">\n<div id=\"div_block-66-79\" class=\"ct-div-block\">\n<div id=\"_rich_text-67-79\" class=\"oxy-rich-text\">\n<p>Bor (B) \u2013 1,00% (w\/w), Mied\u017a (Cu) \u2013 1,50% (w\/w), Mangan (Mn) \u2013 4,00% (w\/w), Molibden (Mo) \u2013 0,02% (w\/w), Cynk (Zn) \u2013 3,50% (w\/w), Siarka (SO3) \u2013 12,30% (w\/w).<\/p>\n<\/div>\n<\/div>\n<\/div>\n<\/div>\n<\/div>\n<\/section>\n<section id=\"section-120-79\" class=\" ct-section oxy-margin-bottom\">\n<div class=\"ct-section-inner-wrap\"><\/div>\n<\/section>\n<\/div>\n<\/div>\n<\/div>\n<\/div>\n<\/div>\n<\/section>\n<section id=\"section-71-77\" class=\" ct-section oxy-margin-bottom\">\n<div class=\"ct-section-inner-wrap\"><\/div>\n<\/section>\n<\/div>\n<\/div>\n<\/div>\n<\/div>\n<\/div>\n<\/section>\n<section id=\"section-112-83\" class=\" ct-section oxy-margin-bottom-last\">\n<div class=\"ct-section-inner-wrap\"><\/div>\n<\/section>\n<\/div>\n<\/div>\n<\/div>\n<\/div>\n<\/div>\n<\/section>\n<section id=\"section-112-85\" class=\" ct-section oxy-margin-bottom-last\">\n<div class=\"ct-section-inner-wrap\"><\/div>\n<\/section>\n<\/div>\n<\/div>\n<\/div>\n<\/div>\n<\/div>\n<\/section>\n<section id=\"section-1383-47\" class=\" ct-section oxy-margin-bottom\">\n<div class=\"ct-section-inner-wrap\">\n<p><strong><strong>Dawkowanie:<\/strong><\/strong><\/p>\n<section id=\"section-49-77\" class=\" ct-section oxy-margin-bottom\">\n<div class=\"ct-section-inner-wrap\">\n<div id=\"_tabs_contents-59-77\" class=\"oxy-tabs-contents-wrapper oxy-tabs-contents\">\n<div id=\"_tab_content-66-77\" class=\"oxy-tab-content tabs-contents-2212-tab\">\n<div id=\"div_block-67-77\" class=\"ct-div-block\">\n<div id=\"_rich_text-68-77\" class=\"oxy-rich-text\">\n<section id=\"section-51-79\" class=\" ct-section oxy-margin-bottom\">\n<div class=\"ct-section-inner-wrap\">\n<div id=\"_tabs_contents-61-79\" class=\"oxy-tabs-contents-wrapper oxy-tabs-contents\">\n<div id=\"_tab_content-68-79\" class=\"oxy-tab-content tabs-contents-2212-tab\">\n<div id=\"div_block-69-79\" class=\"ct-div-block\">\n<div id=\"_rich_text-70-79\" class=\"oxy-rich-text\">\n<p>1 l\/300-600 l wody\/ha; 2-4 zabiegi w sezonie.<\/p>\n<\/div>\n<\/div>\n<\/div>\n<\/div>\n<\/div>\n<\/section>\n<section id=\"section-120-79\" class=\" ct-section oxy-margin-bottom\">\n<div class=\"ct-section-inner-wrap\"><\/div>\n<\/section>\n<\/div>\n<\/div>\n<\/div>\n<\/div>\n<\/div>\n<\/section>\n<section id=\"section-71-77\" class=\" ct-section oxy-margin-bottom\">\n<div class=\"ct-section-inner-wrap\"><\/div>\n<\/section>\n<section id=\"section-352-87\" class=\" ct-section oxy-margin-bottom\">\n<div class=\"ct-section-inner-wrap\"><\/div>\n<\/section>\n<\/div>\n<\/section>\n<\/div>\n<\/div>\n","protected":false},"excerpt":{"rendered":"<p>SOLER Green Naw\u00f3z na warzywa li\u015bciowe \u017belowy naw\u00f3z mikroelementowy, stworzony specjalnie z my\u015bl\u0105 o warzywach li\u015bciowych takich jak: szpinak, rukola, sa\u0142ata, cykoria jarmu\u017c, kapusta i inne kapustowate, stanowi nowoczesny i skuteczny produkt, cechuj\u0105cy si\u0119 wysok\u0105 zawarto\u015bci\u0105 mikrosk\u0142adnik\u00f3w m.in. miedzi systemicznej i wa\u017cnego dla ro\u015blin makroelementu; siarki. Mikroelementy zawarte w nawozie SOLER Green zapewniaj\u0105 szeroko poj\u0119te &#8230; <a title=\"SOLER  Green &#8211; 5L (Naw\u00f3z na warzywa li\u015bciowe)\" class=\"read-more\" href=\"https:\/\/agro-expert.eu\/?product=soler-green-5l-nawoz-na-warzywa-lisciowe\" aria-label=\"Read more about SOLER  Green &#8211; 5L (Naw\u00f3z na warzywa li\u015bciowe)\">Dowiedz si\u0119 wi\u0119cej<\/a><\/p>\n","protected":false},"featured_media":907,"comment_status":"open","ping_status":"closed","template":"","meta":{"om_disable_all_campaigns":false,"_monsterinsights_skip_tracking":false,"_monsterinsights_sitenote_active":false,"_monsterinsights_sitenote_note":"","_monsterinsights_sitenote_category":0,"_uf_show_specific_survey":0,"_uf_disable_surveys":false},"product_brand":[],"product_cat":[45,49],"product_tag":[],"class_list":{"0":"post-906","1":"product","2":"type-product","3":"status-publish","4":"has-post-thumbnail","6":"product_cat-agrarius","7":"product_cat-nawozy-agrarius","9":"first","10":"instock","11":"taxable","12":"shipping-taxable","13":"purchasable","14":"product-type-simple"},"aioseo_notices":[],"jetpack_sharing_enabled":true,"_links":{"self":[{"href":"https:\/\/agro-expert.eu\/index.php?rest_route=\/wp\/v2\/product\/906","targetHints":{"allow":["GET"]}}],"collection":[{"href":"https:\/\/agro-expert.eu\/index.php?rest_route=\/wp\/v2\/product"}],"about":[{"href":"https:\/\/agro-expert.eu\/index.php?rest_route=\/wp\/v2\/types\/product"}],"replies":[{"embeddable":true,"href":"https:\/\/agro-expert.eu\/index.php?rest_route=%2Fwp%2Fv2%2Fcomments&post=906"}],"wp:featuredmedia":[{"embeddable":true,"href":"https:\/\/agro-expert.eu\/index.php?rest_route=\/wp\/v2\/media\/907"}],"wp:attachment":[{"href":"https:\/\/agro-expert.eu\/index.php?rest_route=%2Fwp%2Fv2%2Fmedia&parent=906"}],"wp:term":[{"taxonomy":"product_brand","embeddable":true,"href":"https:\/\/agro-expert.eu\/index.php?rest_route=%2Fwp%2Fv2%2Fproduct_brand&post=906"},{"taxonomy":"product_cat","embeddable":true,"href":"https:\/\/agro-expert.eu\/index.php?rest_route=%2Fwp%2Fv2%2Fproduct_cat&post=906"},{"taxonomy":"product_tag","embeddable":true,"href":"https:\/\/agro-expert.eu\/index.php?rest_route=%2Fwp%2Fv2%2Fproduct_tag&post=906"}],"curies":[{"name":"wp","href":"https:\/\/api.w.org\/{rel}","templated":true}]}}