{"id":919,"date":"2025-06-09T14:39:53","date_gmt":"2025-06-09T12:39:53","guid":{"rendered":"https:\/\/agro-expert.eu\/?post_type=product&#038;p=919"},"modified":"2025-07-03T15:54:10","modified_gmt":"2025-07-03T13:54:10","slug":"soler-b-20l-nawoz-do-burakow-cukrowych","status":"publish","type":"product","link":"https:\/\/agro-expert.eu\/?product=soler-b-20l-nawoz-do-burakow-cukrowych","title":{"rendered":"SOLER  B- 20L (Naw\u00f3z do burak\u00f3w cukrowych)"},"content":{"rendered":"<div class=\"et_pb_module et_pb_image et_pb_image_0\"><\/div>\n<div class=\"et_pb_module et_pb_text et_pb_text_0 et_pb_text_align_left et_pb_bg_layout_light\">\n<div class=\"et_pb_text_inner\">\n<h1 id=\"headline-8-69\" class=\"ct-headline oxy-nawozy\"><strong>SOLER B<\/strong><\/h1>\n<h2 id=\"headline-9-69\" class=\"ct-headline\">Naw\u00f3z do burak\u00f3w cukrowych<\/h2>\n<div id=\"text_block-10-69\" class=\"ct-text-block\">Preparat SOLER B to innowacyjny naw\u00f3z dolistny w postaci zawiesiny, kt\u00f3ry zosta\u0142 specjalnie opracowany dla uprawy burak\u00f3w cukrowych. Bogaty w mikroelementy, mied\u017a systemiczn\u0105, siark\u0119 i krzem, korzystnie wp\u0142ywa na zdrowie ro\u015blin i zapewnia odpowiednie od\u017cywienie burak\u00f3w cukrowych, stymuluj\u0105c ich wzrost i zwi\u0119kszaj\u0105c plon. Dzi\u0119ki zastosowaniu zaawansowanych technologii SILEVEL\u2122 i QM6\u2122, SOLER B umo\u017cliwia skuteczne wch\u0142anianie sk\u0142adnik\u00f3w od\u017cywczych oraz aktywuje mechanizmy obronne ro\u015blin w kluczowych momentach cyklu uprawy.<\/div>\n<p><img fetchpriority=\"high\" decoding=\"async\" class=\"aligncenter wp-image-914 size-full\" src=\"https:\/\/agro-expert.eu\/wp-content\/uploads\/2025\/06\/Zrzut-ekranu-2025-06-9-o-14.36.02.png\" alt=\"\" width=\"1193\" height=\"328\" srcset=\"https:\/\/agro-expert.eu\/wp-content\/uploads\/2025\/06\/Zrzut-ekranu-2025-06-9-o-14.36.02.png 1193w, https:\/\/agro-expert.eu\/wp-content\/uploads\/2025\/06\/Zrzut-ekranu-2025-06-9-o-14.36.02-300x82.png 300w, https:\/\/agro-expert.eu\/wp-content\/uploads\/2025\/06\/Zrzut-ekranu-2025-06-9-o-14.36.02-1024x282.png 1024w, https:\/\/agro-expert.eu\/wp-content\/uploads\/2025\/06\/Zrzut-ekranu-2025-06-9-o-14.36.02-768x211.png 768w, https:\/\/agro-expert.eu\/wp-content\/uploads\/2025\/06\/Zrzut-ekranu-2025-06-9-o-14.36.02-600x165.png 600w\" sizes=\"(max-width: 1193px) 100vw, 1193px\" \/><\/p>\n<p><strong>DZIA\u0141ANIE:<\/strong><\/p>\n<p>SOLER B zosta\u0142 skomponowany specjalnie z my\u015bl\u0105 o uprawie burak\u00f3w. Burak cukrowy do prawid\u0142owego wzrostu i plonowania potrzebuje \u017cyznej gleby bogatej w sk\u0142adniki pokarmowe, w tym mikroelementy takie jak mied\u017a i siarka. Nawo\u017cenie gleby obornikiem jest jednym z warunk\u00f3w udanej uprawy, ale cz\u0119sto nie wystarcza, \u017ceby zapewni\u0107 burakom odpowiednio du\u017co sk\u0142adnik\u00f3w nawozowych niezb\u0119dnych w ca\u0142ym cyklu wzrostu. W wi\u0119kszo\u015bci przypadk\u00f3w gleba musi zosta\u0107 dodatkowo zasilona nawozem mikroelementowym zawieraj\u0105cym odpowiednio du\u017c\u0105 ilo\u015b\u0107 siarki i miedzi.\u00a0<b>Naw\u00f3z do burak\u00f3w cukrowych<\/b>\u00a0doskonale sprawdza si\u0119 w takim zastosowaniu, gdy\u017c sk\u0142ad preparatu zosta\u0142 opracowany specjalnie z my\u015bl\u0105 o wymogach tego rodzaju uprawy.<\/p>\n<p>Dolistny\u00a0<b>naw\u00f3z do burak\u00f3w cukrowych<\/b>\u00a0SOLER B wydajnie zasila ro\u015bliny i gwarantuje im du\u017c\u0105 d\u0142ug\u0105 dost\u0119pno\u015b\u0107 niezb\u0119dnych mikrosk\u0142adnik\u00f3w. Ten higroskopijny preparat \u0142atwo p\u0119cznieje, a jednocze\u015bnie trudno wysycha i wolno zmywa si\u0119 z ro\u015blin, dzi\u0119ki czemu zachowuje swoj\u0105 skuteczno\u015b\u0107 nawet w przypadku suszy czy wyst\u0105pienia opad\u00f3w deszczu. Naw\u00f3z SOLER B na bazie krzemu powsta\u0142 przy wykorzystaniu technologii SILEVELTM, kt\u00f3ra zamyka sk\u0142adniki nawozowe w swoistych przestrzeniach pakietowych oraz umo\u017cliwia ich d\u0142ugotrwa\u0142e i r\u00f3wnomierne uwalnianie do ro\u015bliny.<\/p>\n<p><b>Naw\u00f3z do burak\u00f3w cukrowych<\/b>\u00a0SOLER B zawiera wysok\u0105 dawk\u0119 miedzi systemicznej oraz doskonale przyswajalnej siarki. Te sk\u0142adniki wykazuj\u0105 og\u00f3lne dzia\u0142anie prozdrowotne w stosunku do ro\u015blin: wzmacniaj\u0105 je, stymuluj\u0105 do wzrostu i dezynfekuj\u0105 upraw\u0119. Dostarczenie w\u0142a\u015bciwych dawek siarki i miedzi w zauwa\u017calny spos\u00f3b poprawia odporno\u015b\u0107 ro\u015blin na choroby grzybowe, nawet gdy ich presja jest w danym terminie i miejscu bardzo du\u017ca.<\/p>\n<p>Dolistny naw\u00f3z SOLER B zosta\u0142 wzbogacony o stymuluj\u0105cy mechanizm QM6TM, kt\u00f3ry pobudza ro\u015blin\u0119 do wytwarzania odruch\u00f3w obronnych, m.in. do zwi\u0119kszonego gromadzenia wody i sk\u0142adnik\u00f3w pokarmowych, dzi\u0119ki czemu ro\u015blina mo\u017ce jeszcze skuteczniej wykorzysta\u0107 sk\u0142adniki mineralne zawarte w preparacie.<\/p>\n<p>Jedn\u0105 z najwi\u0119kszych zalet\u00a0<b>nawozu do burak\u00f3w cukrowych\u00a0<\/b>SOLER B jest bezpiecze\u0144stwo jego stosowania. Ten bezchlorkowy preparat zawiera sk\u0142adniki o dzia\u0142aniu dezynfekuj\u0105cym na opryskiwacz i wykazuje w\u0142a\u015bciwo\u015bci fungicydowe, dzi\u0119ki czemu pozwala ogranicza\u0107 populacj\u0119 chorobotw\u00f3rczych patogen\u00f3w nie tylko w trakcie samego zabiegu nawo\u017cenia, ale te\u017c w ca\u0142ym cyklu \u017cycia ro\u015bliny. Od\u017cywka \u0142atwo si\u0119 dozuje i dobrze miesza, a sporz\u0105dzenie cieczy u\u017cytkowej jest szybkie i wygodne.<\/p>\n<p><strong style=\"font-size: inherit; font-family: -apple-system, system-ui, BlinkMacSystemFont, 'Segoe UI', Helvetica, Arial, sans-serif, 'Apple Color Emoji', 'Segoe UI Emoji', 'Segoe UI Symbol';\">SK\u0141AD:\u00a0<\/strong><\/p>\n<\/div>\n<div class=\"et_pb_text_inner\">\n<section id=\"section-50-47\" class=\" ct-section oxy-margin-bottom\">\n<div class=\"ct-section-inner-wrap\">\n<div id=\"_tabs_contents-60-47\" class=\"oxy-tabs-contents-wrapper oxy-tabs-contents\">\n<div id=\"_tab_content-64-47\" class=\"oxy-tab-content tabs-contents-2212-tab\">\n<div id=\"div_block-65-47\" class=\"ct-div-block\">\n<div id=\"_rich_text-66-47\" class=\"oxy-rich-text\">\n<section id=\"section-51-85\" class=\" ct-section oxy-margin-bottom\">\n<div class=\"ct-section-inner-wrap\">\n<div id=\"_tabs_contents-61-85\" class=\"oxy-tabs-contents-wrapper oxy-tabs-contents\">\n<div id=\"_tab_content-65-85\" class=\"oxy-tab-content tabs-contents-2212-tab\">\n<div id=\"div_block-66-85\" class=\"ct-div-block\">\n<div id=\"_rich_text-67-85\" class=\"oxy-rich-text\">\n<section id=\"section-51-83\" class=\" ct-section oxy-margin-bottom\">\n<div class=\"ct-section-inner-wrap\">\n<div id=\"_tabs_contents-61-83\" class=\"oxy-tabs-contents-wrapper oxy-tabs-contents\">\n<div id=\"_tab_content-65-83\" class=\"oxy-tab-content tabs-contents-2212-tab\">\n<div id=\"div_block-66-83\" class=\"ct-div-block\">\n<div id=\"_rich_text-67-83\" class=\"oxy-rich-text\">\n<section id=\"section-49-77\" class=\" ct-section oxy-margin-bottom\">\n<div class=\"ct-section-inner-wrap\">\n<div id=\"_tabs_contents-59-77\" class=\"oxy-tabs-contents-wrapper oxy-tabs-contents\">\n<div id=\"_tab_content-63-77\" class=\"oxy-tab-content tabs-contents-2212-tab\">\n<div id=\"div_block-64-77\" class=\"ct-div-block\">\n<div id=\"_rich_text-65-77\" class=\"oxy-rich-text\">\n<section id=\"section-51-79\" class=\" ct-section oxy-margin-bottom\">\n<div class=\"ct-section-inner-wrap\">\n<div id=\"_tabs_contents-61-79\" class=\"oxy-tabs-contents-wrapper oxy-tabs-contents\">\n<div id=\"_tab_content-65-79\" class=\"oxy-tab-content tabs-contents-2212-tab\">\n<div id=\"div_block-66-79\" class=\"ct-div-block\">\n<div id=\"_rich_text-67-79\" class=\"oxy-rich-text\">\n<section id=\"section-51-81\" class=\" ct-section oxy-margin-bottom\">\n<div class=\"ct-section-inner-wrap\">\n<div id=\"_tabs_contents-61-81\" class=\"oxy-tabs-contents-wrapper oxy-tabs-contents\">\n<div id=\"_tab_content-65-81\" class=\"oxy-tab-content tabs-contents-2212-tab\">\n<div id=\"div_block-66-81\" class=\"ct-div-block\">\n<div id=\"_rich_text-67-81\" class=\"oxy-rich-text\">\n<section id=\"section-49-69\" class=\" ct-section oxy-margin-bottom\">\n<div class=\"ct-section-inner-wrap\">\n<div id=\"_tabs_contents-59-69\" class=\"oxy-tabs-contents-wrapper oxy-tabs-contents\">\n<div id=\"_tab_content-63-69\" class=\"oxy-tab-content tabs-contents-2212-tab\">\n<div id=\"div_block-64-69\" class=\"ct-div-block\">\n<div id=\"_rich_text-65-69\" class=\"oxy-rich-text\">\n<p>Bor (B) &#8211; 1,00% , Mied\u017a (Cu) &#8211; 2,00%, Mangan (Mn) &#8211; 4,00%, Molibden (Mo) \u2013 0,02%, Cynk (Zn) \u2013 3,00%, Siarka (SO3) \u2013 12,30%.<\/p>\n<\/div>\n<\/div>\n<\/div>\n<\/div>\n<\/div>\n<\/section>\n<section id=\"section-118-69\" class=\" ct-section oxy-margin-bottom\">\n<div class=\"ct-section-inner-wrap\"><\/div>\n<\/section>\n<\/div>\n<\/div>\n<\/div>\n<\/div>\n<\/div>\n<\/section>\n<section id=\"section-112-81\" class=\" ct-section oxy-margin-bottom-last\">\n<div class=\"ct-section-inner-wrap\"><\/div>\n<\/section>\n<\/div>\n<\/div>\n<\/div>\n<\/div>\n<\/div>\n<\/section>\n<\/div>\n<\/div>\n<\/div>\n<\/div>\n<\/div>\n<\/section>\n<\/div>\n<\/div>\n<\/div>\n<\/div>\n<\/div>\n<\/section>\n<\/div>\n<\/div>\n<\/div>\n<\/div>\n<\/div>\n<\/section>\n<section id=\"section-112-85\" class=\" ct-section oxy-margin-bottom-last\">\n<div class=\"ct-section-inner-wrap\"><\/div>\n<\/section>\n<\/div>\n<\/div>\n<\/div>\n<\/div>\n<\/div>\n<\/section>\n<section id=\"section-1383-47\" class=\" ct-section oxy-margin-bottom\">\n<div class=\"ct-section-inner-wrap\">\n<p><strong><strong>Dawkowanie:<\/strong><\/strong><\/p>\n<section id=\"section-49-77\" class=\" ct-section oxy-margin-bottom\">\n<div class=\"ct-section-inner-wrap\">\n<div id=\"_tabs_contents-59-77\" class=\"oxy-tabs-contents-wrapper oxy-tabs-contents\">\n<div id=\"_tab_content-66-77\" class=\"oxy-tab-content tabs-contents-2212-tab\">\n<div id=\"div_block-67-77\" class=\"ct-div-block\">\n<div id=\"_rich_text-68-77\" class=\"oxy-rich-text\">\n<section id=\"section-51-79\" class=\" ct-section oxy-margin-bottom\">\n<div class=\"ct-section-inner-wrap\">\n<div id=\"_tabs_contents-61-79\" class=\"oxy-tabs-contents-wrapper oxy-tabs-contents\">\n<div id=\"_tab_content-68-79\" class=\"oxy-tab-content tabs-contents-2212-tab\">\n<div id=\"div_block-69-79\" class=\"ct-div-block\">\n<div id=\"_rich_text-70-79\" class=\"oxy-rich-text\">\n<section id=\"section-51-81\" class=\" ct-section oxy-margin-bottom\">\n<div class=\"ct-section-inner-wrap\">\n<div id=\"_tabs_contents-61-81\" class=\"oxy-tabs-contents-wrapper oxy-tabs-contents\">\n<div id=\"_tab_content-68-81\" class=\"oxy-tab-content tabs-contents-2212-tab\">\n<div id=\"div_block-69-81\" class=\"ct-div-block\">\n<div id=\"_rich_text-70-81\" class=\"oxy-rich-text\"><\/div>\n<\/div>\n<\/div>\n<\/div>\n<\/div>\n<\/section>\n<section id=\"section-112-81\" class=\" ct-section oxy-margin-bottom-last\">\n<div class=\"ct-section-inner-wrap\">\n<p><img decoding=\"async\" class=\"aligncenter size-full wp-image-915\" src=\"https:\/\/agro-expert.eu\/wp-content\/uploads\/2025\/06\/Zrzut-ekranu-2025-06-9-o-14.36.15.png\" alt=\"\" width=\"1107\" height=\"158\" srcset=\"https:\/\/agro-expert.eu\/wp-content\/uploads\/2025\/06\/Zrzut-ekranu-2025-06-9-o-14.36.15.png 1107w, https:\/\/agro-expert.eu\/wp-content\/uploads\/2025\/06\/Zrzut-ekranu-2025-06-9-o-14.36.15-300x43.png 300w, https:\/\/agro-expert.eu\/wp-content\/uploads\/2025\/06\/Zrzut-ekranu-2025-06-9-o-14.36.15-1024x146.png 1024w, https:\/\/agro-expert.eu\/wp-content\/uploads\/2025\/06\/Zrzut-ekranu-2025-06-9-o-14.36.15-768x110.png 768w, https:\/\/agro-expert.eu\/wp-content\/uploads\/2025\/06\/Zrzut-ekranu-2025-06-9-o-14.36.15-600x86.png 600w\" sizes=\"(max-width: 1107px) 100vw, 1107px\" \/><\/p>\n<h4 id=\"headline-119-69\" class=\"ct-headline\"><strong>Dodatkowe informacje:<\/strong><\/h4>\n<div id=\"text_block-140-69\" class=\"ct-text-block\">Naw\u00f3z do burak\u00f3w cukrowych SOLER B ma d\u0142ugi termin przydatno\u015bci do u\u017cycia i nawet po wielomiesi\u0119cznym przechowywaniu nie traci swoich warto\u015bci u\u017cytkowych. Dost\u0119pno\u015b\u0107 opakowa\u0144 o r\u00f3\u017cnej pojemno\u015bci umo\u017cliwia zaopatrzenie si\u0119 w potrzebn\u0105 ilo\u015b\u0107 preparatu na dany sezon i optymalizacj\u0119 koszt\u00f3w nawo\u017cenia.<\/div>\n<\/div>\n<\/section>\n<\/div>\n<\/div>\n<\/div>\n<\/div>\n<\/div>\n<\/section>\n<section id=\"section-120-79\" class=\" ct-section oxy-margin-bottom\">\n<div class=\"ct-section-inner-wrap\"><\/div>\n<\/section>\n<\/div>\n<\/div>\n<\/div>\n<\/div>\n<\/div>\n<\/section>\n<section id=\"section-71-77\" class=\" ct-section oxy-margin-bottom\">\n<div class=\"ct-section-inner-wrap\"><\/div>\n<\/section>\n<section id=\"section-352-87\" class=\" ct-section oxy-margin-bottom\">\n<div class=\"ct-section-inner-wrap\"><\/div>\n<\/section>\n<\/div>\n<\/section>\n<\/div>\n<\/div>\n","protected":false},"excerpt":{"rendered":"<p>SOLER B Naw\u00f3z do burak\u00f3w cukrowych Preparat SOLER B to innowacyjny naw\u00f3z dolistny w postaci zawiesiny, kt\u00f3ry zosta\u0142 specjalnie opracowany dla uprawy burak\u00f3w cukrowych. Bogaty w mikroelementy, mied\u017a systemiczn\u0105, siark\u0119 i krzem, korzystnie wp\u0142ywa na zdrowie ro\u015blin i zapewnia odpowiednie od\u017cywienie burak\u00f3w cukrowych, stymuluj\u0105c ich wzrost i zwi\u0119kszaj\u0105c plon. Dzi\u0119ki zastosowaniu zaawansowanych technologii SILEVEL\u2122 i &#8230; <a title=\"SOLER  B- 20L (Naw\u00f3z do burak\u00f3w cukrowych)\" class=\"read-more\" href=\"https:\/\/agro-expert.eu\/?product=soler-b-20l-nawoz-do-burakow-cukrowych\" aria-label=\"Read more about SOLER  B- 20L (Naw\u00f3z do burak\u00f3w cukrowych)\">Dowiedz si\u0119 wi\u0119cej<\/a><\/p>\n","protected":false},"featured_media":920,"comment_status":"open","ping_status":"closed","template":"","meta":{"om_disable_all_campaigns":false,"_monsterinsights_skip_tracking":false,"_monsterinsights_sitenote_active":false,"_monsterinsights_sitenote_note":"","_monsterinsights_sitenote_category":0,"_uf_show_specific_survey":0,"_uf_disable_surveys":false},"product_brand":[],"product_cat":[45,49],"product_tag":[],"class_list":{"0":"post-919","1":"product","2":"type-product","3":"status-publish","4":"has-post-thumbnail","6":"product_cat-agrarius","7":"product_cat-nawozy-agrarius","9":"first","10":"instock","11":"taxable","12":"shipping-taxable","13":"purchasable","14":"product-type-simple"},"aioseo_notices":[],"jetpack_sharing_enabled":true,"_links":{"self":[{"href":"https:\/\/agro-expert.eu\/index.php?rest_route=\/wp\/v2\/product\/919","targetHints":{"allow":["GET"]}}],"collection":[{"href":"https:\/\/agro-expert.eu\/index.php?rest_route=\/wp\/v2\/product"}],"about":[{"href":"https:\/\/agro-expert.eu\/index.php?rest_route=\/wp\/v2\/types\/product"}],"replies":[{"embeddable":true,"href":"https:\/\/agro-expert.eu\/index.php?rest_route=%2Fwp%2Fv2%2Fcomments&post=919"}],"wp:featuredmedia":[{"embeddable":true,"href":"https:\/\/agro-expert.eu\/index.php?rest_route=\/wp\/v2\/media\/920"}],"wp:attachment":[{"href":"https:\/\/agro-expert.eu\/index.php?rest_route=%2Fwp%2Fv2%2Fmedia&parent=919"}],"wp:term":[{"taxonomy":"product_brand","embeddable":true,"href":"https:\/\/agro-expert.eu\/index.php?rest_route=%2Fwp%2Fv2%2Fproduct_brand&post=919"},{"taxonomy":"product_cat","embeddable":true,"href":"https:\/\/agro-expert.eu\/index.php?rest_route=%2Fwp%2Fv2%2Fproduct_cat&post=919"},{"taxonomy":"product_tag","embeddable":true,"href":"https:\/\/agro-expert.eu\/index.php?rest_route=%2Fwp%2Fv2%2Fproduct_tag&post=919"}],"curies":[{"name":"wp","href":"https:\/\/api.w.org\/{rel}","templated":true}]}}